{"id":1178,"date":"2015-10-17T23:44:07","date_gmt":"2015-10-17T20:44:07","guid":{"rendered":"http:\/\/insanveinsan.org\/?page_id=1178"},"modified":"2019-01-30T13:50:29","modified_gmt":"2019-01-30T11:50:29","slug":"sayi-6-guz-2015","status":"publish","type":"page","link":"https:\/\/www.insanveinsan.org\/en\/sayi-6-guz-2015\/","title":{"rendered":"Issue 6, Fall 2015"},"content":{"rendered":"<p><\/p>\n<table bgcolor=\"transparent\">\n<tbody>\n<tr>\n<td style=\"border-bottom: 1px dashed gray;\"><span style=\"color: default; font: 15px Trajan pro,arial,sans-serift;\">Say\u0131 6, G\u00fcz 2015<\/span><\/td>\n<td style=\"text-align: right; border-bottom: 1px dashed gray; margin-top: -4%; margin-bottom: -0.8%;\">ISSN:\u00a02148-7537<\/td>\n<\/tr>\n<\/tbody>\n<\/table>\n<table bgcolor=\"transparent\">\n<tbody>\n<tr>\n<td width=\"85%\"><span style=\"color: default; font: 15px Trajan pro,arial,sans-serift;\">Makaleler<br \/>\nArticles<\/span><\/td>\n<td width=\"15%\"><\/td>\n<\/tr>\n<tr>\n<td bgcolor=\"transparent\" width=\"85%\"><span style=\"color: default; font: 17px Trajan pro,arial,sans-serift;\">\u00c7a\u011fda\u015f Emrah \u00c7a\u011fl\u0131yan<\/span><br \/>\n<a title=\"Varolu\u015fa Ait Bir Ger\u00e7ekli\u011fin Betimleyicisi Olarak \u201cSa\u00e7ma\u201d ve Amerikan Sinemas\u0131nda \u0130fade Bi\u00e7imleri\" href=\"http:\/\/insanveinsan.org\/varolusa-ait-bir-gercekligin-betimleyicisi-olarak-sacma-ve-amerikan-sinemasinda-ifade-bicimleri\/\"><span style=\"text-decoration: none; font: italic 17px minion pro,arial,sans-serif;\">Varolu\u015fa Ait Bir Ger\u00e7ekli\u011fin Betimleyicisi Olarak \u201cSa\u00e7ma\u201d ve Amerikan Sinemas\u0131nda \u0130fade Bi\u00e7imleri<\/span><\/a><br \/>\n<a title=\"\u201cAbsurd\u201d as a Describer of a Reality Belonging to Existence and Its Expression in American Cinema\" href=\"http:\/\/insanveinsan.org\/en\/varolusa-ait-bir-gercekligin-betimleyicisi-olarak-sacma-ve-amerikan-sinemasinda-ifade-bicimleri\/\"> <span style=\"text-decoration: none; font-variant: normal; font-weight: normal; font-stretch: normal; font-size: 17px; line-height: normal; font-family: 'minion pro', arial, sans-serif;\">\u201cAbsurd\u201d as a Describer of a Reality Belonging to Existence and Its Expression in American Cinema<\/span><\/a><\/td>\n<td style=\"text-align: right; vertical-align: middle;\" bgcolor=\"transparent\"><a title=\"Varolu\u015fa Ait Bir Ger\u00e7ekli\u011fin Betimleyicisi Olarak \u201cSa\u00e7ma\u201d ve Amerikan Sinemas\u0131nda \u0130fade Bi\u00e7imleri\" href=\"http:\/\/insanveinsan.org\/en\/varolusa-ait-bir-gercekligin-betimleyicisi-olarak-sacma-ve-amerikan-sinemasinda-ifade-bicimleri\/\"><span style=\"color: default; font: 38px Trajan pro,arial,sans-serift;\">5<\/span><\/a><\/td>\n<\/tr>\n<tr>\n<td bgcolor=\"transparent\" width=\"85%\"><span style=\"color: default; font: 17px Trajan pro,arial,sans-serift;\">T\u00fcrkan Erbay Dalk\u0131l\u0131\u00e7 \/ Tu\u011fba Karan<\/span><br \/>\n<a title=\"Ba\u011f\u0131ms\u0131z De\u011fi\u015fkenin Pareto Da\u011f\u0131l\u0131m\u0131na Sahip Olmas\u0131 Durumunda \u00dcyelik Fonksiyonunun Dayal\u0131 Parametre Tahmini\" href=\"http:\/\/insanveinsan.org\/bagimsiz-degiskenin-pareto-dagilimina-sahip-olmasi-durumunda-uyelik-fonksiyonunun-dayali-parametre-tahmini\"><span style=\"text-decoration: none; font: italic 17px minion pro,arial,sans-serif;\">Ba\u011f\u0131ms\u0131z De\u011fi\u015fkenin Pareto Da\u011f\u0131l\u0131m\u0131na Sahip Olmas\u0131 Durumunda \u00dcyelik Fonksiyonunun Dayal\u0131 Parametre Tahmini<\/span><\/a><br \/>\n<a title=\"Parameter Estimation Based on Membership Function When an Independent Variable Has Pareto Distribution\" href=\"http:\/\/insanveinsan.org\/en\/bagimsiz-degiskenin-pareto-dagilimina-sahip-olmasi-durumunda-uyelik-fonksiyonunun-dayali-parametre-tahmini\"> <span style=\"text-decoration: none; font-variant: normal; font-weight: normal; font-stretch: normal; font-size: 17px; line-height: normal; font-family: 'minion pro', arial, sans-serif;\">Parameter Estimation Based on Membership Function When an Independent Variable Has Pareto Distribution<\/span><\/a><\/td>\n<td style=\"text-align: right; vertical-align: middle;\" bgcolor=\"transparent\"><a title=\"Ba\u011f\u0131ms\u0131z De\u011fi\u015fkenin Pareto Da\u011f\u0131l\u0131m\u0131na Sahip Olmas\u0131 Durumunda \u00dcyelik Fonksiyonunun Dayal\u0131 Parametre Tahmini\" href=\"http:\/\/insanveinsan.org\/en\/bagimsiz-degiskenin-pareto-dagilimina-sahip-olmasi-durumunda-uyelik-fonksiyonunun-dayali-parametre-tahmini\"><span style=\"color: default; font: 38px Trajan pro,arial,sans-serift;\">27<\/span><\/a><\/td>\n<\/tr>\n<tr>\n<td bgcolor=\"transparent\" width=\"85%\"><span style=\"color: default; font: 17px Trajan pro,arial,sans-serift;\">Bora Erdem<\/span><br \/>\n<a title=\"T\u00fcrkiye\u2019de Yeni Medya D\u00fczeninin Olu\u015fumunda Tasarruf Mevduat\u0131 Sigorta Fonu\u2019nun Rol\u00fc\" href=\"http:\/\/insanveinsan.org\/turkiyede-yeni-medya-duzeninin-olusumunda-tasarruf-mevduati-sigorta-fonunun-rolu\/\"><span style=\"text-decoration: none; font: italic 17px minion pro,arial,sans-serif;\">T\u00fcrkiye\u2019de Yeni Medya D\u00fczeninin Olu\u015fumunda Tasarruf Mevduat\u0131 Sigorta Fonu\u2019nun Rol\u00fc<\/span><\/a><br \/>\n<a title=\"The Role of Savings Deposit Insurance Fund in the Formation of New Media Order in Turkey\" href=\"http:\/\/insanveinsan.org\/en\/turkiyede-yeni-medya-duzeninin-olusumunda-tasarruf-mevduati-sigorta-fonunun-rolu\/\"> <span style=\"text-decoration: none; font-variant: normal; font-weight: normal; font-stretch: normal; font-size: 17px; line-height: normal; font-family: 'minion pro', arial, sans-serif;\">The Role of Savings Deposit Insurance Fund in the Formation of New Media Order in Turkey<\/span><\/a><\/td>\n<td style=\"text-align: right; vertical-align: middle;\" bgcolor=\"transparent\"><a title=\"T\u00fcrkiye\u2019de Yeni Medya D\u00fczeninin Olu\u015fumunda Tasarruf Mevduat\u0131 Sigorta Fonu\u2019nun Rol\u00fc\" href=\"http:\/\/insanveinsan.org\/en\/turkiyede-yeni-medya-duzeninin-olusumunda-tasarruf-mevduati-sigorta-fonunun-rolu\/\"><span style=\"color: default; font: 38px Trajan pro,arial,sans-serift;\">37<\/span><\/a><\/td>\n<\/tr>\n<tr>\n<td bgcolor=\"transparent\" width=\"85%\"><span style=\"color: default; font: 17px Trajan pro,arial,sans-serift;\">A. Ziya Sand\u0131kc\u0131o\u011flu<\/span><br \/>\n<a title=\"Yaz\u0131l\u0131 Bas\u0131nda K\u00f6\u015fe Yazar\u0131 Egemenli\u011finin Muhabirlik Prati\u011fine Etkileri\" href=\"http:\/\/insanveinsan.org\/yazili-basinda-kose-yazari-egemenliginin-muhabirlik-pratigine-etkileri\/\"><span style=\"text-decoration: none; font: italic 17px minion pro,arial,sans-serif;\">Yaz\u0131l\u0131 Bas\u0131nda K\u00f6\u015fe Yazar\u0131 Egemenli\u011finin Muhabirlik Prati\u011fine Etkileri<\/span><\/a><br \/>\n<a title=\"The Effects of Dominancy of Columnist on the Practice of Correspondent in Printed Media\" href=\"http:\/\/insanveinsan.org\/en\/yazili-basinda-kose-yazari-egemenliginin-muhabirlik-pratigine-etkileri\/\"> <span style=\"text-decoration: none; font-variant: normal; font-weight: normal; font-stretch: normal; font-size: 17px; line-height: normal; font-family: 'minion pro', arial, sans-serif;\">The Effects of Dominancy of Columnist on the Practice of Correspondent in Printed Media<\/span><\/a><\/td>\n<td style=\"text-align: right; vertical-align: middle;\" bgcolor=\"transparent\"><a title=\"Yaz\u0131l\u0131 Bas\u0131nda K\u00f6\u015fe Yazar\u0131 Egemenli\u011finin Muhabirlik Prati\u011fine Etkileri\" href=\"http:\/\/insanveinsan.org\/en\/yazili-basinda-kose-yazari-egemenliginin-muhabirlik-pratigine-etkileri\/\"><span style=\"color: default; font: 38px Trajan pro,arial,sans-serift;\">55<\/span><\/a><\/td>\n<\/tr>\n<tr>\n<td bgcolor=\"transparent\" width=\"85%\"><span style=\"color: default; font: 15px Trajan pro,arial,sans-serift;\">\u0130nsan Haklar\u0131 Kitapl\u0131\u011f\u0131<br \/>\nHuman Rights Library<\/span><\/td>\n<td style=\"text-align: center; vertical-align: middle;\" bgcolor=\"transparent\"><\/td>\n<\/tr>\n<tr>\n<td bgcolor=\"transparent\" width=\"85%\"><a title=\"M\u00fcltecilerin Hukuki Durumuna Dair S\u00f6zle\u015fme\" href=\"http:\/\/insanveinsan.org\/multecilerin-hukuki-durumuna-dair-sozlesme\"><span style=\"text-decoration: none; font: italic 17px minion pro,arial,sans-serif;\">M\u00fcltecilerin Hukuki Durumuna Dair S\u00f6zle\u015fme<\/span><\/a><\/td>\n<td style=\"text-align: right; vertical-align: middle;\" bgcolor=\"transparent\"><a title=\"M\u00fcltecilerin Hukuki Durumuna Dair S\u00f6zle\u015fme\" href=\"http:\/\/insanveinsan.org\/multecilerin-hukuki-durumuna-dair-sozlesme\"><span style=\"color: default; font: 38px Trajan pro,arial,sans-serift;\">80<\/span><\/a><\/td>\n<\/tr>\n<tr>\n<td bgcolor=\"transparent\" width=\"85%\"><a title=\"Convention Relating to the Status of Refugees\" href=\"http:\/\/insanveinsan.org\/en\/convention-relating-to-the-status-of-refugees\"><span style=\"text-decoration: none; font: italic 17px minion pro,arial,sans-serif;\">Convention Relating to the Status of Refugees<\/span><\/a><\/td>\n<td style=\"text-align: right; vertical-align: middle;\" bgcolor=\"transparent\"><a title=\"Convention Relating to the Status of Refugees\" href=\"http:\/\/insanveinsan.org\/en\/convention-relating-to-the-status-of-refugees\"><span style=\"color: default; font: 38px Trajan pro,arial,sans-serift;\">96<\/span><\/a><\/td>\n<\/tr>\n<\/tbody>\n<\/table>\n<table bgcolor=\"transparent\">\n<tbody>\n<tr>\n<td style=\"border-bottom: 1px dashed gray;\"><\/td>\n<\/tr>\n<\/tbody>\n<\/table>\n<p><img loading=\"lazy\" decoding=\"async\" class=\"alignnone wp-image-119 size-full\" src=\"..\/wp-content\/uploads\/pdf-e1407190133528.png\" alt=\"\" width=\"50\" height=\"50\" \/><br \/>\n<span style=\"text-decoration: none; font-variant: normal; font-weight: normal; font-stretch: normal; font-size: 15px; line-height: normal; font-family: 'minion pro', arial, sans-serif;\">Year 2, Issue 6, Fall 2015<br \/>\nTam metin \/ Full text<\/span><\/p>\n<p><span style=\"text-decoration: none; font-variant: normal; font-weight: normal; font-stretch: normal; font-size: 15px; line-height: normal; font-family: 'minion pro', arial, sans-serif;\"><a rel=\"license\" href=\"http:\/\/creativecommons.org\/licenses\/by-nc\/4.0\/\"><img decoding=\"async\" alt=\"Creative Commons License\" style=\"border-width:0\" src=\"https:\/\/i.creativecommons.org\/l\/by-nc\/4.0\/80x15.png\" \/><\/a><br \/>This work is licensed under a <a rel=\"license\" href=\"http:\/\/creativecommons.org\/licenses\/by-nc\/4.0\/\">Creative Commons Attribution-NonCommercial 4.0 International License<\/a>.<\/span><\/p>\n<div style=\"width: 240px;\">\n <span style=\"text-decoration: none; font-variant: normal; font-weight: normal; font-stretch: normal; font-size: 15px; line-height: normal; font-family: 'minion pro', arial, sans-serif;\"><\/p>\n<div style=\"float: left; width: 20px;\"><i class=\"fa fa-eye\" aria-hidden=\"true\"><\/i><\/span><\/div>\n<p> <span style=\"text-decoration: none; font-variant: normal; font-weight: normal; font-stretch: normal; font-size: 15px; line-height: normal; font-family: 'minion pro', arial, sans-serif;\"><\/p>\n<div style=\"float: left; width: 50px;\">[post-views]<\/div>\n<p><\/span><\/p>\n<div style=\"float: left; width: 20px;\"><i class=\"fa fa-download\" aria-hidden=\"true\"><\/i><\/div>\n<div style=\"float: left; width: 150px;\"><span style=\"text-decoration: none; font-variant: normal; font-weight: normal; font-stretch: normal; font-size: 15px; line-height: normal; font-family: 'minion pro', arial, sans-serif;\"><div class=\"sdm_download_count\"><span class=\"sdm_count_number\">1042<\/span><span class=\"sdm_count_string\"> Downloads<\/span><\/div><\/span><\/div>\n<p> <br style=\"clear: left;\" \/>\n<\/div>\n<div class=\"sdm_download_button_box_default\"><div class=\"sdm_download_link\"><a href=\"https:\/\/www.insanveinsan.org\/?sdm_process_download=1&download_id=2054\" class=\"sdm_download grey\" title=\"Issue 6Say\u0131 6\" target=&quot;_blank&quot;>Download Now!<\/a><\/div><\/div>\n<table bgcolor=\"transparent\">\n<tbody>\n<tr>\n<td style=\"border-bottom: 1px dashed gray;\"><\/td>\n<\/tr>\n<\/tbody>\n<\/table>\n<p><\/p>","protected":false},"excerpt":{"rendered":"<p>Say\u0131 6, G\u00fcz 2015 ISSN:\u00a02148-7537 Makaleler Articles \u00c7a\u011fda\u015f Emrah \u00c7a\u011fl\u0131yan Varolu\u015fa Ait Bir Ger\u00e7ekli\u011fin Betimleyicisi Olarak \u201cSa\u00e7ma\u201d ve Amerikan Sinemas\u0131nda \u0130fade Bi\u00e7imleri \u201cAbsurd\u201d as a Describer of a Reality Belonging to Existence and Its Expression in American Cinema 5 T\u00fcrkan Erbay Dalk\u0131l\u0131\u00e7 \/ Tu\u011fba Karan Ba\u011f\u0131ms\u0131z De\u011fi\u015fkenin Pareto Da\u011f\u0131l\u0131m\u0131na Sahip Olmas\u0131 Durumunda \u00dcyelik Fonksiyonunun Dayal\u0131 &hellip; <a href=\"https:\/\/www.insanveinsan.org\/en\/sayi-6-guz-2015\/\" class=\"more-link\">Continue reading <span class=\"screen-reader-text\">Issue 6, Fall 2015<\/span><\/a><\/p>\n","protected":false},"author":2,"featured_media":0,"parent":0,"menu_order":0,"comment_status":"closed","ping_status":"closed","template":"","meta":{"footnotes":""},"class_list":["post-1178","page","type-page","status-publish","hentry"],"_links":{"self":[{"href":"https:\/\/www.insanveinsan.org\/en\/wp-json\/wp\/v2\/pages\/1178","targetHints":{"allow":["GET"]}}],"collection":[{"href":"https:\/\/www.insanveinsan.org\/en\/wp-json\/wp\/v2\/pages"}],"about":[{"href":"https:\/\/www.insanveinsan.org\/en\/wp-json\/wp\/v2\/types\/page"}],"author":[{"embeddable":true,"href":"https:\/\/www.insanveinsan.org\/en\/wp-json\/wp\/v2\/users\/2"}],"replies":[{"embeddable":true,"href":"https:\/\/www.insanveinsan.org\/en\/wp-json\/wp\/v2\/comments?post=1178"}],"version-history":[{"count":0,"href":"https:\/\/www.insanveinsan.org\/en\/wp-json\/wp\/v2\/pages\/1178\/revisions"}],"wp:attachment":[{"href":"https:\/\/www.insanveinsan.org\/en\/wp-json\/wp\/v2\/media?parent=1178"}],"curies":[{"name":"wp","href":"https:\/\/api.w.org\/{rel}","templated":true}]}}