{"id":128,"date":"2014-08-04T20:17:37","date_gmt":"2014-08-04T17:17:37","guid":{"rendered":"http:\/\/insanveinsan.org\/?page_id=128"},"modified":"2025-12-31T18:43:25","modified_gmt":"2025-12-31T15:43:25","slug":"yayin-kosullari","status":"publish","type":"page","link":"https:\/\/www.insanveinsan.org\/en\/yayin-kosullari\/","title":{"rendered":"Writing Rules (Author Guidelines)"},"content":{"rendered":"<p><\/p>\n<table bgcolor=\"transparent\">\n<tbody>\n<tr>\n<td style=\"border-bottom: 1px dashed gray;\"><span style=\"color: default; font: 15px Trajan pro,arial,sans-serift;\">Yay\u0131n Ko\u015fullar\u0131<\/span><\/td>\n<td style=\"text-align: right; border-bottom: 1px dashed gray; margin-top: -4%; margin-bottom: -0.8%;\">ISSN:\u00a02148-7537<\/td>\n<\/tr>\n<\/tbody>\n<\/table>\n<p>1. <em>The journal of \u0130nsan ve insan<\/em> is published thematically. Each issue focuses on a specific topic. Studies to be sent to the journal must be original and related to the subject of the issue to be published, and must not have been previously published elsewhere or sent for publication.<\/p>\n<p>2. Master&#8217;s level studies and studies produced from master&#8217;s theses are not accepted to the Journal of \u0130nsan ve \u0130nsan, even if there is a single author, or a double author with the name of the advisor.<\/p>\n<p>3. Papers presented at academic meetings, symposiums or congresses, or studies produced from these papers are not accepted to the Journal of \u0130nsan ve \u0130nsan.<\/p>\n<p>4. It is assumed that the papers sent to the journal were prepared according to the Journal&#8217;s &#8220;<a href=\"https:\/\/insanveinsan.org\/etik-ilkeler-ve-yayin-politikasi\">Ethical Principles and Publication Policy<\/a>&#8221; and subjected to a final control and are ready to be published. Therefore, those papers which violate &#8220;<a href=\"https:\/\/insanveinsan.org\/etik-ilkeler-ve-yayin-politikasi\">Ethical Principles and Publication Policy<\/a>&#8221; or suffer from grammatical errors are not evaluated.<\/p>\n<p>5. Papers must be in Word (Microsoft Office 98 and above versions) format.<\/p>\n<p>6. The papers should not exceed 7,000 words including abstract, footnotes and references.<\/p>\n<p>7. We do not prefer to use visual elements such as tables, graphics, pictures, figures and diagrams in the manuscripts to be sent to the Journal of \u0130nsan ve \u0130nsan. Nevertheless, if such items are used in the works, the total number of all visual elements such as Table, Graphic, Picture, Figure or Scheme should not exceed 3 in an article. Tables should not exceed 35 lines as text or table lines. If pictures, graphs, figures or tables are used in the paper, they must also be sent separately as picture or excel files.<\/p>\n<p>8. The papers sent to the journal can be in Turkish or English.<\/p>\n<p>9. The name(s) of the author or authors should be written sequentially under the title of the article. No academic title is specified when writing the author&#8217;s name(s). The title of the author or authors is indicated with an (*) sign under the names. After the title of author, the name of the institution (University, faculty, department or other) where the author works is indicated. Then the Institution&#8217;s post address and author&#8217;s corporate e-mail address are written. ORCID number is given on a separate line. No title other than the academic title is used. The title of the author(s) and institution information in this section should be written in English, whether the submitted work is in Turkish or English.<\/p>\n<p>10. The communication information of the author(s) (name, title, institution, open address, phone numbers for easy access, electronic mail addresses, and ORCID ID) must be sent to the editors along with the paper.<\/p>\n<p>11. The papers must include Turkish and English abstracts, each between 120-150 words, and 5 keywords. The title of the study, both in Turkish and English, the abstract, and the keywords are to be on the first page. In Turkish articles, the Turkish title comes first and the English title comes after. There is a Turkish abstract followed by an English abstract. In English articles, the English title comes first.<\/p>\n<p>12. APA footnote-bibliography reference system should be preferred in the papers sent to the journal <a href=\"https:\/\/apastyle.apa.org\/instructional-aids\/reference-examples.pdf\" target=\"_blank\" rel=\"noopener noreferrer\"><b>(Guide for citations and references<\/b><\/a>). In order to get an idea in terms of footnote and bibliography articles in our last issue and rules for writers at the end of the journal can be viewed.<\/p>\n<p>13. The papers reviewed by the editors are sent to the Editorial Board for evaluation. The Editorial Board decides to return the paper or send it to at least two anonymous referees, according to the principle of double-blinded peer-review. Studies that are decided to be included in the referee process are sent to at least two anonymous referees in accordance with the double-blind refereeing policy. In line with the reports of the referees, the Editorial Board decides whether to publish the article, to request a correction within the framework of the report from the referees or not to publish it. The author is informed of the decision as soon as possible via the Dergipark e-mail system. The completed or corrected manuscript can be sent back to the referee by the Editorial Board. The Editorial Board ultimately decides whether the manuscripts whose evaluation process is completed will be published in the Journal.<\/p>\n<p>14. Studies must be uploaded through the Dergipark system. Along with the manuscript, &#8220;<a href=\"https:\/\/insanveinsan.org\/form\/Etik-sorumluluk-beyan-ve-telif-hakki-formu.pdf\"><b>Ethical Responsibility Statement and Copyright Form<\/b><\/a>&#8221; should be filled and uploaded to the system.<\/p>\n<p>15. <strong>Papers requiring ethics committee permission:<\/strong> Any research carried out with qualitative or quantitative approaches that require data collection from participants using survey, interview, focus group work, observation, experiment, interview techniques,<br \/>\n\u2013 Use of humans and animals (including material \/ data) for experimental or other scientific purposes,<br \/>\n\u2013 Clinical researches on humans,<br \/>\n\u2013 Researches on animals,<br \/>\n\u2013 Retrospective studies in accordance with the law of protection of personal data,<\/p>\n<p>Also;<\/p>\n<p>\u2013 In the case reports, it is stated that the \u201cinformed consent form\u201d was taken,<br \/>\n\u2013 Obtaining and specifying the permission of the owners for the use of scales, surveys and photographs of others,<br \/>\n\u2013 Stating that the copyright regulations are complied with for the ideas and works of art used<\/p>\n<p>Ethics committee report or permit documents must be submitted for the researches with the above mentioned qualifications.<\/p>\n<p>16. <strong>Policy of screening for plagiarism:<\/strong> Papers submitted to the Journal will be screened for plagiarism through the tools like iThenticate, Turnitin or Plagiarisma (Plagiarism Checker) tool. Similarity rate in research articles must not exceed twenty percent. The papers that are detected to be not original or prepared according to academic ethics are subjected by the editors and rejected immediately.<\/p>\n<p>17. Examining the following conditions and forms before submitting a manuscript may be beneficial for the healthy functioning of the process.<\/p>\n<p>&#8211;\u00a0<a href=\"https:\/\/dergipark.org.tr\/en\/pub\/insanveinsan\/policy\">Ethical Principles and Publication Policy<\/a><\/p>\n<p>&#8211; <a href=\"https:\/\/insanveinsan.org\/form\/insan-ve-insan-dergisi-kagit-ve-yazim-duzeni.pdf\">Paper and writing rules to be followed in the articles to be sent to the journal<\/a><\/p>\n<p>&#8211;\u00a0<a href=\"https:\/\/apastyle.apa.org\/instructional-aids\/reference-examples.pdf\" target=\"_blank\" rel=\"noopener noreferrer\">APA writing guideline<\/a><\/p>\n<p>&#8211;\u00a0<a href=\"https:\/\/insanveinsan.org\/form\/Etik-sorumluluk-beyan-ve-telif-hakki-formu.pdf\">Ethical Responsibility Statement and Copyright Form<\/a><br \/>\n(Download the form to your computer, fill it out and save it using the &#8220;save as&#8221; option. Send it through the system after checking).<\/p>\n<p>&#8211; <a href=\"https:\/\/insanveinsan.org\/form\/makale-degerlendirme-formu.pdf\">Article Review Form<\/a><br \/>\n(Browsing the evaluation criteria can be helpful and informative for authors.)<\/p>\n<p><b>18. Paper and Writing Order to be Followed in Articles to be Submitted to the Journal of \u0130nsan ve \u0130nsan<\/b><\/p>\n<p><b>A4 Paper layout<\/b><br \/>\nPaper margins: Left: 3,5 cm Right: 3,5 cm Top: 2,5 cm Bottom: 2,5 cm<\/p>\n<p><b>In-text<\/b><br \/>\nFont type: Times New Roman<br \/>\nFont size: 12 pt<br \/>\nAlignment: Justified<br \/>\nParagraph position: Left: 0 pt Right: 0 pt Special: None<br \/>\nParagraph spacing: Before: 8 pt After: 0 pt<br \/>\nLine spacing: Single<\/p>\n<p><b>Paragraph position in quotated paragraphs:<\/b>\u00a0Left: 30 pt Right: 0 pt Special: None<\/p>\n<p><b>Titles and sub-titles<\/b><br \/>\nFont format: Bold<br \/>\nOnly First Letters in Titles should be Uppercase. (Conjunctions such as \u201cand\u201d, \u201cor\u201d, \u201cwith\u201d or prepositions such should be written in lowercase).<br \/>\nFont type: Times New Roman<br \/>\nFont size: 12 pt<br \/>\nParagraph position: Left: 0 pt Right: 0 pt Special: None<br \/>\nParagraph spacing: Before: 10 pt After: 0 pt<br \/>\nLine spacing: Single<\/p>\n<p><b>No title numbering<\/b><br \/>\nStudies should include appropriate subtitles in addition to the Abstract, Introduction, Conclusion, and Bibliography. No numbering should be used for the Abstract, Introduction, Title and Subheadings, Conclusion and Bibliography. In the title and subheadings, the first letters of the words should be uppercase, the conjunctions should be lowercase and all should be bold.<b><br \/>\n<\/b><br \/>\n<b>Footnotes<\/b><br \/>\nFont type: Times New Roman<br \/>\nAlignment: Justified<br \/>\nParagraph position: Left: 0 pt Right: 0 pt Special: None<br \/>\nParagraph spacing: Before: 0 pt After: 0 pt<br \/>\nLine spacing: Single<br \/>\nFont size: 9 pt<\/p>\n<p><b>References<\/b><br \/>\nFont type: Times New Roman<br \/>\nFont size: 12 pt<br \/>\nAlignment: Justified<br \/>\nParagraph position: Left: 0 pt Right: 0 pt special: Hanging indent (by: 0,7 cm)<br \/>\nParagraph spacing: Before: 2 pt After: 0 pt<br \/>\nLine spacing: Single<\/p>\n<p><b>Table, Figure, Graph, Picture Captions<\/b><br \/>\nFont type: Times New Roman, Italic<br \/>\nOnly First Letters in Captions should be Uppercase. (Conjunctions such as \u201cand\u201d, \u201cor\u201d, \u201cwith\u201d or prepositions such should be written in lowercase).<br \/>\nParagraph spacing: Left: 0 pt Right: 0 pt Special: None<br \/>\nTable, Figure and Graphic captions should be above the table, figure, or graphics, and Picture captions should be below the pictures.<br \/>\nTables or Charts should be numbered as follows.<\/p>\n<p><strong>Table 1<\/strong><br \/>\n<i>Table Caption<\/i><br \/>\n<strong>Figure 1<\/strong><br \/>\n<i>Figure Caption<\/i><\/p>\n<p><b>Table contents<\/b><br \/>\nTables (rows, columns and cells) should be prepared in a way that does not cause confusion and data loss during editing. Tables should not exceed 35 lines as text or table lines. In this context, the tables used in the articles should be sent in an Excel file apart from the Word document.<\/p>\n<p><b>Note<\/b>: Tables should not be formatted in terms of color and shape, and should give the content simply. Also, tables should never be in image format.<\/p>\n<p><b>Figures or graphics<\/b><br \/>\nFigures or graphics must be sent as an Excel file, in addition to a Word file.<\/p>\n<p><b>Pictures<\/b><br \/>\nItems in image format should have high resolution; image elements must be sent as an image file in addition to the Word file.<\/p>\n<p><b>Other matters related to writing and citations<\/b><br \/>\nWhen citing works such as books, journals and encyclopedias, they should not be in quotation marks or written in bold. Works such as books should be italicized according to general citation rules.<\/p>\n<p>\u2022 Articles should be prepared in accordance with the &#8220;<a href=\"https:\/\/dergipark.org.tr\/en\/pub\/insanveinsan\/policy\">Ethical Principles and Publication Policy<\/a>&#8221; and &#8220;<a href=\"https:\/\/dergipark.org.tr\/en\/pub\/insanveinsan\/writing-rules\">Writing Rules<\/a>&#8220;.<br \/>\n\u2022\u00a0APA footnote and bibliography system should be used for footnotes and references. See. (<a href=\"https:\/\/apastyle.apa.org\/instructional-aids\/reference-examples.pdf\" target=\"_blank\" rel=\"noopener noreferrer\">Footnote and bibliography writing guideline<\/a>).<\/p>\n<table bgcolor=\"transparent\">\n<tbody>\n<tr>\n<td style=\"border-bottom: 1px dashed gray;\"><\/td>\n<\/tr>\n<\/tbody>\n<\/table>\n<p><a title=\"Paper Specifications and Writing Rules\" href=\"https:\/\/insanveinsan.org\/form\/insan-ve-insan-dergisi-kagit-ve-yazim-duzeni.pdf\" target=\"_blank\" rel=\"noopener noreferrer\"><img loading=\"lazy\" decoding=\"async\" class=\"alignnone wp-image-119 size-full\" src=\"https:\/\/insanveinsan.org\/wp-content\/uploads\/pdf-e1407190133528.png\" alt=\"\" width=\"50\" height=\"50\" \/><\/a><br \/>\n<a title=\"Paper Specifications and Rules for Writers\" href=\"https:\/\/insanveinsan.org\/form\/insan-ve-insan-dergisi-kagit-ve-yazim-duzeni.pdf\" target=\"_blank\" rel=\"noopener noreferrer\">Paper Specifications and Writing Rules<br \/>\n<\/a><\/p>\n<table bgcolor=\"transparent\">\n<tbody>\n<tr>\n<td style=\"border-bottom: 1px dashed gray;\"><\/td>\n<\/tr>\n<\/tbody>\n<\/table>\n<p><a title=\"See for footnotes-bibliography citation examples\" href=\"https:\/\/apastyle.apa.org\/instructional-aids\/reference-examples.pdf\" target=\"_blank\" rel=\"noopener noreferrer\"><img loading=\"lazy\" decoding=\"async\" class=\"alignnone wp-image-119 size-full\" src=\"https:\/\/insanveinsan.org\/wp-content\/uploads\/pdf-e1407190133528.png\" alt=\"\" width=\"50\" height=\"50\" \/><\/a><br \/>\n<a title=\"See for footnotes-bibliography citation examples\" href=\"https:\/\/apastyle.apa.org\/instructional-aids\/reference-examples.pdf\" target=\"_blank\" rel=\"noopener noreferrer\">Guide for citations and references<br \/>\n<\/a>(See for footnotes-bibliography citation examples.)<\/p>\n<table bgcolor=\"transparent\">\n<tbody>\n<tr>\n<td style=\"border-bottom: 1px dashed gray;\"><\/td>\n<\/tr>\n<\/tbody>\n<\/table>\n<p><a title=\"Ethical Responsibility Statement and Copyright Form\" href=\"https:\/\/insanveinsan.org\/form\/Etik-sorumluluk-beyan-ve-telif-hakki-formu.pdf\" target=\"_blank\" rel=\"noopener noreferrer\"><img loading=\"lazy\" decoding=\"async\" class=\"alignnone wp-image-119 size-full\" src=\"https:\/\/insanveinsan.org\/wp-content\/uploads\/pdf-e1407190133528.png\" alt=\"Etik sorumluluk beyan\u0131 formu\" width=\"50\" height=\"50\" \/><\/a><br \/>\n<a title=\"Ethical Responsibility Statement and Copyright Form\" href=\"https:\/\/insanveinsan.org\/form\/Etik-sorumluluk-beyan-ve-telif-hakki-formu.pdf\" target=\"_blank\" rel=\"noopener noreferrer\">Ethical Responsibility Statement and Copyright Form<\/a><br \/>\n(Fill this form after downloading it to your computer. After saving and final checks, upload it to the system with the article.)<\/p>\n<table bgcolor=\"transparent\">\n<tbody>\n<tr>\n<td style=\"border-bottom: 1px dashed gray;\"><\/td>\n<\/tr>\n<\/tbody>\n<\/table>\n<p><a href=\"https:\/\/insanveinsan.org\/form\/makale-degerlendirme-formu.pdf\"><img loading=\"lazy\" decoding=\"async\" class=\"alignnone wp-image-119 size-full\" src=\"https:\/\/insanveinsan.org\/wp-content\/uploads\/pdf-e1407190133528.png\" alt=\"Article Evaluation Form for Referees\" width=\"50\" height=\"50\" \/><\/a><br \/>\n<a title=\"Manuscript evaluation form for Referees\" href=\"https:\/\/insanveinsan.org\/form\/makale-degerlendirme-formu.pdf\" target=\"_blank\" rel=\"noopener noreferrer\">Manuscript evaluation form for Referees<\/a><br \/>\n(Having a look at the evaluation criteria can be useful and informative for the authors.)<\/p>\n<table bgcolor=\"transparent\">\n<tbody>\n<tr>\n<td style=\"border-bottom: 1px dashed gray;\"><\/td>\n<\/tr>\n<\/tbody>\n<\/table>\n<p><\/p>","protected":false},"excerpt":{"rendered":"<p>Yay\u0131n Ko\u015fullar\u0131 ISSN:\u00a02148-7537 1. The journal of \u0130nsan ve insan is published thematically. Each issue focuses on a specific topic. Studies to be sent to the journal must be original and related to the subject of the issue to be published, and must not have been previously published elsewhere or sent for publication. 2. Master&#8217;s &hellip; <a href=\"https:\/\/www.insanveinsan.org\/en\/yayin-kosullari\/\" class=\"more-link\">Continue reading <span class=\"screen-reader-text\">Writing Rules (Author Guidelines)<\/span><\/a><\/p>\n","protected":false},"author":1,"featured_media":0,"parent":0,"menu_order":0,"comment_status":"closed","ping_status":"closed","template":"","meta":{"footnotes":""},"class_list":["post-128","page","type-page","status-publish","hentry"],"_links":{"self":[{"href":"https:\/\/www.insanveinsan.org\/en\/wp-json\/wp\/v2\/pages\/128","targetHints":{"allow":["GET"]}}],"collection":[{"href":"https:\/\/www.insanveinsan.org\/en\/wp-json\/wp\/v2\/pages"}],"about":[{"href":"https:\/\/www.insanveinsan.org\/en\/wp-json\/wp\/v2\/types\/page"}],"author":[{"embeddable":true,"href":"https:\/\/www.insanveinsan.org\/en\/wp-json\/wp\/v2\/users\/1"}],"replies":[{"embeddable":true,"href":"https:\/\/www.insanveinsan.org\/en\/wp-json\/wp\/v2\/comments?post=128"}],"version-history":[{"count":74,"href":"https:\/\/www.insanveinsan.org\/en\/wp-json\/wp\/v2\/pages\/128\/revisions"}],"predecessor-version":[{"id":5254,"href":"https:\/\/www.insanveinsan.org\/en\/wp-json\/wp\/v2\/pages\/128\/revisions\/5254"}],"wp:attachment":[{"href":"https:\/\/www.insanveinsan.org\/en\/wp-json\/wp\/v2\/media?parent=128"}],"curies":[{"name":"wp","href":"https:\/\/api.w.org\/{rel}","templated":true}]}}