{"id":1386,"date":"2016-01-07T13:47:15","date_gmt":"2016-01-07T11:47:15","guid":{"rendered":"http:\/\/insanveinsan.org\/?page_id=1386"},"modified":"2019-01-30T13:50:52","modified_gmt":"2019-01-30T11:50:52","slug":"sayi-7-kis-2016","status":"publish","type":"page","link":"https:\/\/www.insanveinsan.org\/en\/sayi-7-kis-2016\/","title":{"rendered":"Issue 7, Winter 2016"},"content":{"rendered":"<p><\/p>\n<table bgcolor=\"transparent\">\n<tbody>\n<tr>\n<td style=\"border-bottom: 1px dashed gray;\"><span style=\"color: default; font: 15px Trajan pro,arial,sans-serift;\">Say\u0131 7, K\u0131\u015f 2016<\/span><\/td>\n<td style=\"text-align: right; border-bottom: 1px dashed gray; margin-top: -4%; margin-bottom: -0.8%;\">ISSN: 2148-7537<\/td>\n<\/tr>\n<\/tbody>\n<\/table>\n<table bgcolor=\"transparent\">\n<tbody>\n<tr>\n<td width=\"85%\"><span style=\"color: default; font: 15px Trajan pro,arial,sans-serift;\">Makaleler<br \/>\nArticles<\/span><\/td>\n<td width=\"15%\"><\/td>\n<\/tr>\n<tr>\n<td width=\"85%\"><span style=\"color: default; font: 17px Trajan pro,arial,sans-serift;\">P\u0131nar Bayram<\/span><\/p>\n<p><a title=\"Kentteki Yabanc\u0131lar\u0131n Sosyal Medya Arac\u0131l\u0131\u011f\u0131yla Bir Araya Geli\u015fi: \u201cMu\u011fla \u0130tiraf\u201d adl\u0131 Facebook Sayfas\u0131 \u00dczerine Bir \u00d6rnek Olay Analizi\" href=\"http:\/\/insanveinsan.org\/kentteki-yabancilarin-sosyal-medya-araciligiyla-bir-araya-gelisi-mugla-itiraf-adli-facebook-sayfasi-uzerine-bir-ornek-olay-analizi\/\"><span style=\"text-decoration: none; font: italic 17px minion pro,arial,sans-serif;\">Kentteki Yabanc\u0131lar\u0131n Sosyal Medya Arac\u0131l\u0131\u011f\u0131yla Bir Araya Geli\u015fi: \u201cMu\u011fla \u0130tiraf\u201d adl\u0131 Facebook Sayfas\u0131 \u00dczerine Bir \u00d6rnek Olay Analizi<\/span><\/a><\/p>\n<p><a title=\"Strangers in the City Coming Together through Social Media: A Case Study Analysis on \u201cMu\u011fla Confession\u201d Facebook Page\" href=\"http:\/\/insanveinsan.org\/en\/kentteki-yabancilarin-sosyal-medya-araciligiyla-bir-araya-gelisi-mugla-itiraf-adli-facebook-sayfasi-uzerine-bir-ornek-olay-analizi\/\"> <span style=\"text-decoration: none; font-variant: normal; font-weight: normal; font-stretch: normal; font-size: 17px; line-height: normal; font-family: 'minion pro', arial, sans-serif;\">Strangers in the City Coming Together through Social Media: A Case Study Analysis on \u201cMu\u011fla Confession\u201d Facebook Page<\/span><\/a><\/td>\n<td style=\"text-align: right; vertical-align: middle;\" bgcolor=\"transparent\"><a title=\"Strangers in the City Coming Together through Social Media: A Case Study Analysis on \u201cMu\u011fla Confession\u201d Facebook Page\" href=\"http:\/\/insanveinsan.org\/en\/kentteki-yabancilarin-sosyal-medya-araciligiyla-bir-araya-gelisi-mugla-itiraf-adli-facebook-sayfasi-uzerine-bir-ornek-olay-analizi\/\"><span style=\"color: default; font: 38px Trajan pro,arial,sans-serift;\">5<\/span><\/a><\/td>\n<\/tr>\n<tr>\n<td bgcolor=\"transparent\" width=\"85%\"><span style=\"color: default; font: 17px Trajan pro,arial,sans-serift;\">Bu\u015fra Erimli<\/span><\/p>\n<p><a title=\"Bas\u0131n ve Bas\u0131n D\u0131\u015f\u0131 Kurulu\u015flar\u0131n G\u00f6r\u00fc\u015f ve Ele\u015ftirileri I\u015f\u0131\u011f\u0131nda Yeni Bas\u0131n Kanunu\" href=\"http:\/\/insanveinsan.org\/basin-ve-basin-disi-kuruluslarin-gorus-ve-elestirileri-isiginda-yeni-basin-kanunu\"><span style=\"text-decoration: none; font: italic 17px minion pro,arial,sans-serif;\">Bas\u0131n ve Bas\u0131n D\u0131\u015f\u0131 Kurulu\u015flar\u0131n G\u00f6r\u00fc\u015f ve Ele\u015ftirileri I\u015f\u0131\u011f\u0131nda Yeni Bas\u0131n Kanunu<\/span><\/a><\/p>\n<p><a title=\"An Evaluation of Recent Press Law in the Light of the Views and Criticisms of the Press and Other Professional Organizations\" href=\"http:\/\/insanveinsan.org\/en\/basin-ve-basin-disi-kuruluslarin-gorus-ve-elestirileri-isiginda-yeni-basin-kanunu\"> <span style=\"text-decoration: none; font-variant: normal; font-weight: normal; font-stretch: normal; font-size: 17px; line-height: normal; font-family: 'minion pro', arial, sans-serif;\">An Evaluation of Recent Press Law in the Light of the Views and Criticisms of the Press and Other Professional Organizations<\/span><\/a><\/td>\n<td style=\"text-align: right; vertical-align: middle;\" bgcolor=\"transparent\"><a title=\"An Evaluation of Recent Press Law in the Light of the Views and Criticisms of the Press and Other Professional Organizations\" href=\"http:\/\/insanveinsan.org\/en\/basin-ve-basin-disi-kuruluslarin-gorus-ve-elestirileri-isiginda-yeni-basin-kanunu\"><span style=\"color: default; font: 38px Trajan pro,arial,sans-serift;\">24<\/span><\/a><\/td>\n<\/tr>\n<tr>\n<td bgcolor=\"transparent\" width=\"85%\"><span style=\"color: default; font: 17px Trajan pro,arial,sans-serift;\">Mehmet K\u00f6k \/ Arzu \u00c7ak\u0131c\u0131<\/span><\/p>\n<p><a title=\"Fabrika \u00c7al\u0131\u015fanlar\u0131n\u0131n \u0130\u015f Memnuniyetini Etkileyen Etmenler\" href=\"http:\/\/insanveinsan.org\/fabrika-calisanlarinin-is-memnuniyetini-etkileyen-etmenler\/\"><span style=\"text-decoration: none; font: italic 17px minion pro,arial,sans-serif;\">Fabrika \u00c7al\u0131\u015fanlar\u0131n\u0131n \u0130\u015f Memnuniyetini Etkileyen Etmenler<\/span><\/a><\/p>\n<p><a title=\"Factors Affecting Job Satisfaction of Factory Workers\" href=\"http:\/\/insanveinsan.org\/en\/fabrika-calisanlarinin-is-memnuniyetini-etkileyen-etmenler\/\"> <span style=\"text-decoration: none; font-variant: normal; font-weight: normal; font-stretch: normal; font-size: 17px; line-height: normal; font-family: 'minion pro', arial, sans-serif;\">Factors Affecting Job Satisfaction of Factory Workers<\/span><\/a><\/td>\n<td style=\"text-align: right; vertical-align: middle;\" bgcolor=\"transparent\"><a title=\"Factors Affecting Job Satisfaction of Factory Workers\" href=\"http:\/\/insanveinsan.org\/en\/fabrika-calisanlarinin-is-memnuniyetini-etkileyen-etmenler\/\"><span style=\"color: default; font: 38px Trajan pro,arial,sans-serift;\">40<\/span><\/a><\/td>\n<\/tr>\n<tr>\n<td bgcolor=\"transparent\" width=\"85%\"><span style=\"color: default; font: 17px Trajan pro,arial,sans-serift;\">Cengiz Sunay<\/span><\/p>\n<p><a title=\"Cumhuriyet Tarihi \u00dczerine K\u0131sa Bir D\u00f6nemlendirme Denemesi\" href=\"http:\/\/insanveinsan.org\/cumhuriyet-tarihi-uzerine-kisa-bir-donemlendirme-denemesi\/\"><span style=\"text-decoration: none; font: italic 17px minion pro,arial,sans-serif;\">Cumhuriyet Tarihi \u00dczerine K\u0131sa Bir D\u00f6nemlendirme Denemesi<\/span><\/a><\/p>\n<p><a title=\"A Short Essay on Periodization of History of Republic\" href=\"http:\/\/insanveinsan.org\/en\/cumhuriyet-tarihi-uzerine-kisa-bir-donemlendirme-denemesi\/\"> <span style=\"text-decoration: none; font-variant: normal; font-weight: normal; font-stretch: normal; font-size: 17px; line-height: normal; font-family: 'minion pro', arial, sans-serif;\">A Short Essay on Periodization of History of Republic<\/span><\/a><\/td>\n<td style=\"text-align: right; vertical-align: middle;\" bgcolor=\"transparent\"><a title=\"A Short Essay on Periodization of History of Republic\" href=\"http:\/\/insanveinsan.org\/en\/cumhuriyet-tarihi-uzerine-kisa-bir-donemlendirme-denemesi\/\"><span style=\"color: default; font: 38px Trajan pro,arial,sans-serift;\">64<\/span><\/a><\/td>\n<\/tr>\n<tr>\n<td bgcolor=\"transparent\" width=\"85%\"><span style=\"color: default; font: 15px Trajan pro,arial,sans-serift;\">\u0130nsan Haklar\u0131 Kitapl\u0131\u011f\u0131<\/span><\/p>\n<p>Human Rights Library<\/td>\n<td style=\"text-align: center; vertical-align: middle;\" bgcolor=\"transparent\"><\/td>\n<\/tr>\n<tr>\n<td bgcolor=\"transparent\" width=\"85%\"><a title=\"Kad\u0131nlara Kar\u015f\u0131 Her T\u00fcrl\u00fc Ayr\u0131mc\u0131l\u0131\u011f\u0131n \u00d6nlenmesi S\u00f6zle\u015fmesi\" href=\"http:\/\/insanveinsan.org\/kadinlara-karsi-her-turlu-ayrimciligin-onlenmesi-sozlesmesi\"><span style=\"text-decoration: none; font: italic 17px minion pro,arial,sans-serif;\">Kad\u0131nlara Kar\u015f\u0131 Her T\u00fcrl\u00fc Ayr\u0131mc\u0131l\u0131\u011f\u0131n \u00d6nlenmesi S\u00f6zle\u015fmesi<\/span><\/a><\/td>\n<td style=\"text-align: right; vertical-align: middle;\" bgcolor=\"transparent\"><a title=\"Kad\u0131nlara Kar\u015f\u0131 Her T\u00fcrl\u00fc Ayr\u0131mc\u0131l\u0131\u011f\u0131n \u00d6nlenmesi S\u00f6zle\u015fmesi\" href=\"http:\/\/insanveinsan.org\/en\/kadinlara-karsi-her-turlu-ayrimciligin-onlenmesi-sozlesmesi\"><span style=\"color: default; font: 38px Trajan pro,arial,sans-serift;\">99<\/span><\/a><\/td>\n<\/tr>\n<tr>\n<td bgcolor=\"transparent\" width=\"85%\"><a title=\"Convention on the Elimination of All Forms of Discrimination against Women\" href=\"http:\/\/insanveinsan.org\/en\/convention-on-the-elimination-of-all-forms-of-discrimination-against-women\"><span style=\"text-decoration: none; font: italic 17px minion pro,arial,sans-serif;\">Convention on the Elimination of All Forms of Discrimination against Women<\/span><\/a><\/td>\n<td style=\"text-align: right; vertical-align: middle;\" bgcolor=\"transparent\"><a title=\"Convention on the Elimination of All Forms of Discrimination against Women\" href=\"http:\/\/insanveinsan.org\/en\/convention-on-the-elimination-of-all-forms-of-discrimination-against-women\"><span style=\"color: default; font: 38px Trajan pro,arial,sans-serift;\">111<\/span><\/a><\/td>\n<\/tr>\n<\/tbody>\n<\/table>\n<table bgcolor=\"transparent\">\n<tbody>\n<tr>\n<td style=\"border-bottom: 1px dashed gray;\"><\/td>\n<\/tr>\n<\/tbody>\n<\/table>\n<p><img loading=\"lazy\" decoding=\"async\" class=\"alignnone wp-image-119 size-full\" src=\"..\/wp-content\/uploads\/pdf-e1407190133528.png\" alt=\"\" width=\"50\" height=\"50\" \/><br \/>\n<span style=\"text-decoration: none; font-variant: normal; font-weight: normal; font-stretch: normal; font-size: 15px; line-height: normal; font-family: 'minion pro', arial, sans-serif;\">Year 3, Issue 7, Winter 2016<br \/>\nTam metin \/ Full text<\/span><\/p>\n<p><span style=\"text-decoration: none; font-variant: normal; font-weight: normal; font-stretch: normal; font-size: 15px; line-height: normal; font-family: 'minion pro', arial, sans-serif;\"><a rel=\"license\" href=\"http:\/\/creativecommons.org\/licenses\/by-nc\/4.0\/\"><img decoding=\"async\" alt=\"Creative Commons License\" style=\"border-width:0\" src=\"https:\/\/i.creativecommons.org\/l\/by-nc\/4.0\/80x15.png\" \/><\/a><br \/>This work is licensed under a <a rel=\"license\" href=\"http:\/\/creativecommons.org\/licenses\/by-nc\/4.0\/\">Creative Commons Attribution-NonCommercial 4.0 International License<\/a>.<\/span><\/p>\n<div style=\"width: 240px;\">\n <span style=\"text-decoration: none; font-variant: normal; font-weight: normal; font-stretch: normal; font-size: 15px; line-height: normal; font-family: 'minion pro', arial, sans-serif;\"><\/p>\n<div style=\"float: left; width: 20px;\"><i class=\"fa fa-eye\" aria-hidden=\"true\"><\/i><\/span><\/div>\n<p> <span style=\"text-decoration: none; font-variant: normal; font-weight: normal; font-stretch: normal; font-size: 15px; line-height: normal; font-family: 'minion pro', arial, sans-serif;\"><\/p>\n<div style=\"float: left; width: 50px;\">[post-views]<\/div>\n<p><\/span><\/p>\n<div style=\"float: left; width: 20px;\"><i class=\"fa fa-download\" aria-hidden=\"true\"><\/i><\/div>\n<div style=\"float: left; width: 150px;\"><span style=\"text-decoration: none; font-variant: normal; font-weight: normal; font-stretch: normal; font-size: 15px; line-height: normal; font-family: 'minion pro', arial, sans-serif;\"><div class=\"sdm_download_count\"><span class=\"sdm_count_number\">947<\/span><span class=\"sdm_count_string\"> Downloads<\/span><\/div><\/span><\/div>\n<p> <br style=\"clear: left;\" \/>\n<\/div>\n<div class=\"sdm_download_button_box_default\"><div class=\"sdm_download_link\"><a href=\"https:\/\/www.insanveinsan.org\/?sdm_process_download=1&download_id=2055\" class=\"sdm_download grey\" title=\"Issue 7Say\u0131 7\" target=&quot;_blank&quot;>Download Now!<\/a><\/div><\/div>\n<table bgcolor=\"transparent\">\n<tbody>\n<tr>\n<td style=\"border-bottom: 1px dashed gray;\"><\/td>\n<\/tr>\n<\/tbody>\n<\/table>\n<p><\/p>","protected":false},"excerpt":{"rendered":"<p>Say\u0131 7, K\u0131\u015f 2016 ISSN: 2148-7537 Makaleler Articles P\u0131nar Bayram Kentteki Yabanc\u0131lar\u0131n Sosyal Medya Arac\u0131l\u0131\u011f\u0131yla Bir Araya Geli\u015fi: \u201cMu\u011fla \u0130tiraf\u201d adl\u0131 Facebook Sayfas\u0131 \u00dczerine Bir \u00d6rnek Olay Analizi Strangers in the City Coming Together through Social Media: A Case Study Analysis on \u201cMu\u011fla Confession\u201d Facebook Page 5 Bu\u015fra Erimli Bas\u0131n ve Bas\u0131n D\u0131\u015f\u0131 Kurulu\u015flar\u0131n G\u00f6r\u00fc\u015f &hellip; <a href=\"https:\/\/www.insanveinsan.org\/en\/sayi-7-kis-2016\/\" class=\"more-link\">Continue reading <span class=\"screen-reader-text\">Issue 7, Winter 2016<\/span><\/a><\/p>\n","protected":false},"author":2,"featured_media":0,"parent":0,"menu_order":0,"comment_status":"closed","ping_status":"closed","template":"","meta":{"footnotes":""},"class_list":["post-1386","page","type-page","status-publish","hentry"],"_links":{"self":[{"href":"https:\/\/www.insanveinsan.org\/en\/wp-json\/wp\/v2\/pages\/1386","targetHints":{"allow":["GET"]}}],"collection":[{"href":"https:\/\/www.insanveinsan.org\/en\/wp-json\/wp\/v2\/pages"}],"about":[{"href":"https:\/\/www.insanveinsan.org\/en\/wp-json\/wp\/v2\/types\/page"}],"author":[{"embeddable":true,"href":"https:\/\/www.insanveinsan.org\/en\/wp-json\/wp\/v2\/users\/2"}],"replies":[{"embeddable":true,"href":"https:\/\/www.insanveinsan.org\/en\/wp-json\/wp\/v2\/comments?post=1386"}],"version-history":[{"count":0,"href":"https:\/\/www.insanveinsan.org\/en\/wp-json\/wp\/v2\/pages\/1386\/revisions"}],"wp:attachment":[{"href":"https:\/\/www.insanveinsan.org\/en\/wp-json\/wp\/v2\/media?parent=1386"}],"curies":[{"name":"wp","href":"https:\/\/api.w.org\/{rel}","templated":true}]}}