{"id":15,"date":"2014-07-29T04:00:42","date_gmt":"2014-07-29T01:00:42","guid":{"rendered":"http:\/\/insanveinsan.org\/?page_id=15"},"modified":"2024-08-12T12:25:45","modified_gmt":"2024-08-12T09:25:45","slug":"iletisim","status":"publish","type":"page","link":"https:\/\/www.insanveinsan.org\/en\/iletisim\/","title":{"rendered":"Journal Contacts"},"content":{"rendered":"<p><\/p>\n<table bgcolor=\"transparent\">\n<tbody>\n<tr>\n<td style=\"border-bottom: 1px dashed gray;\"><span style=\"color: default; font: 15px Trajan pro,arial,sans-serift;\">\u0130leti\u015fim Bilgileri<\/span><\/td>\n<td style=\"text-align: right; border-bottom: 1px dashed gray; margin-top: -4%; margin-bottom: -0.8%;\">ISSN:&nbsp;2148-7537<\/td>\n<\/tr>\n<\/tbody>\n<\/table>\n<p><strong>Primary Contact<\/strong><\/p>\n<p>\u0130nsan ve \u0130nsan Dergisi<br \/>\n<span style=\"color: #ff6600;\">E-posta: editor@insanveinsan.org<\/span><br \/>\nOkur Yazar Derne\u011fi<br \/>\nAdres: Adnan Menderes Bulvar\u0131 Emlak Konutlar\u0131 C1 Blok No: 82\/4 Karag\u00fcmr\u00fck 34091 Fatih, \u0130stanbul, T\u00fcrkiye<br \/>\n\u0130nternet Adresi : www.okuryazar.org.tr<\/p>\n<p><strong>Technical Contact<\/strong><\/p>\n<p>Ebubekir Ayan<br \/>\nKocaeli \u00dcniversitesi<br \/>\nbekir.ayan@kocaeli.edu.tr<\/p>\n<p><strong>Editor<\/strong><\/p>\n<p>Alparslan Erimli<br \/>\nGiresun \u00dcniversitesi<br \/>\nalparslanerimli@hotmail.com<\/p>\n<p><strong>Editor<\/strong><\/p>\n<p>Bu\u015fra Erimli<br \/>\nAtat\u00fcrk \u00dcniversitesi<br \/>\nbusraerimli@atauni.edu.tr<\/p>","protected":false},"excerpt":{"rendered":"<p>\u0130leti\u015fim Bilgileri ISSN:&nbsp;2148-7537 Primary Contact \u0130nsan ve \u0130nsan Dergisi E-posta: editor@insanveinsan.org Okur Yazar Derne\u011fi Adres: Adnan Menderes Bulvar\u0131 Emlak Konutlar\u0131 C1 Blok No: 82\/4 Karag\u00fcmr\u00fck 34091 Fatih, \u0130stanbul, T\u00fcrkiye \u0130nternet Adresi : www.okuryazar.org.tr Technical Contact Ebubekir Ayan Kocaeli \u00dcniversitesi bekir.ayan@kocaeli.edu.tr Editor Alparslan Erimli Giresun \u00dcniversitesi alparslanerimli@hotmail.com Editor Bu\u015fra Erimli Atat\u00fcrk \u00dcniversitesi busraerimli@atauni.edu.tr<\/p>\n","protected":false},"author":1,"featured_media":0,"parent":0,"menu_order":0,"comment_status":"closed","ping_status":"closed","template":"","meta":{"footnotes":""},"class_list":["post-15","page","type-page","status-publish","hentry"],"_links":{"self":[{"href":"https:\/\/www.insanveinsan.org\/en\/wp-json\/wp\/v2\/pages\/15","targetHints":{"allow":["GET"]}}],"collection":[{"href":"https:\/\/www.insanveinsan.org\/en\/wp-json\/wp\/v2\/pages"}],"about":[{"href":"https:\/\/www.insanveinsan.org\/en\/wp-json\/wp\/v2\/types\/page"}],"author":[{"embeddable":true,"href":"https:\/\/www.insanveinsan.org\/en\/wp-json\/wp\/v2\/users\/1"}],"replies":[{"embeddable":true,"href":"https:\/\/www.insanveinsan.org\/en\/wp-json\/wp\/v2\/comments?post=15"}],"version-history":[{"count":8,"href":"https:\/\/www.insanveinsan.org\/en\/wp-json\/wp\/v2\/pages\/15\/revisions"}],"predecessor-version":[{"id":5512,"href":"https:\/\/www.insanveinsan.org\/en\/wp-json\/wp\/v2\/pages\/15\/revisions\/5512"}],"wp:attachment":[{"href":"https:\/\/www.insanveinsan.org\/en\/wp-json\/wp\/v2\/media?parent=15"}],"curies":[{"name":"wp","href":"https:\/\/api.w.org\/{rel}","templated":true}]}}