{"id":1580,"date":"2016-04-12T16:18:46","date_gmt":"2016-04-12T13:18:46","guid":{"rendered":"http:\/\/insanveinsan.org\/?page_id=1580"},"modified":"2019-01-30T13:51:17","modified_gmt":"2019-01-30T11:51:17","slug":"sayi-8-bahar-2016","status":"publish","type":"page","link":"https:\/\/www.insanveinsan.org\/en\/sayi-8-bahar-2016\/","title":{"rendered":"Issue 8, Spring 2016"},"content":{"rendered":"<p><\/p>\n<table bgcolor=\"transparent\">\n<tbody>\n<tr>\n<td style=\"border-bottom: 1px dashed gray;\"><span style=\"color: default; font: 15px Trajan pro,arial,sans-serift;\">Y\u0131l 3, Say\u0131 8, Bahar 2016<\/span><\/td>\n<td style=\"text-align: right; border-bottom: 1px dashed gray; margin-top: -4%; margin-bottom: -0.8%;\">ISSN: 2148-7537<\/td>\n<\/tr>\n<\/tbody>\n<\/table>\n<table bgcolor=\"transparent\">\n<tbody>\n<tr>\n<td width=\"85%\"><span style=\"color: default; font: 15px Trajan pro,arial,sans-serift;\">Makaleler<br \/>\nArticles<\/span><\/td>\n<td width=\"15%\"><\/td>\n<\/tr>\n<tr>\n<td width=\"85%\"><span style=\"color: default; font: 17px Trajan pro,arial,sans-serift;\"> \u00d6zlem Haskan Avc\u0131 \/ Muharrem Ko\u00e7 \/ \u00d6znur Bayar <\/span><\/p>\n<p><a title=\"Z\u00fclf\u00fc Livaneli\u2019nin Mutluluk Roman\u0131 Karakterlerinin Toplumsal Cinsiyet Ba\u011flam\u0131nda \u0130ncelenmesi\" href=\"http:\/\/insanveinsan.org\/zulfu-livanelinin-mutluluk-romani-karakterlerinin-toplumsal-cinsiyet-baglaminda-incelenmesi\/\"><span style=\"text-decoration: none; font: italic 17px minion pro,arial,sans-serif;\">Z\u00fclf\u00fc Livaneli\u2019nin Mutluluk Roman\u0131 Karakterlerinin Toplumsal Cinsiyet Ba\u011flam\u0131nda \u0130ncelenmesi<\/span><\/a><\/p>\n<p><a title=\"Analysis of the Fictitious Characters of Z\u00fclf\u00fc Livaneli\u2019s Novel \"Bliss\" in Terms of Gender\" href=\"http:\/\/insanveinsan.org\/en\/zulfu-livanelinin-mutluluk-romani-karakterlerinin-toplumsal-cinsiyet-baglaminda-incelenmesi\/\"> <span style=\"text-decoration: none; font-variant: normal; font-weight: normal; font-stretch: normal; font-size: 17px; line-height: normal; font-family: 'minion pro', arial, sans-serif;\">Analysis of the Fictitious Characters of Z\u00fclf\u00fc Livaneli\u2019s Novel &#8220;Bliss&#8221; in Terms of Gender<\/span><\/a><\/td>\n<td style=\"text-align: right; vertical-align: middle;\" bgcolor=\"transparent\"><a title=\"Analysis of the Fictitious Characters of Z\u00fclf\u00fc Livaneli\u2019s Novel \"Bliss\" in Terms of Gender\" href=\"http:\/\/insanveinsan.org\/en\/zulfu-livanelinin-mutluluk-romani-karakterlerinin-toplumsal-cinsiyet-baglaminda-incelenmesi\/\"><span style=\"color: default; font: 38px Trajan pro,arial,sans-serift;\">5<\/span><\/a><\/td>\n<\/tr>\n<tr>\n<td bgcolor=\"transparent\" width=\"85%\"><span style=\"color: default; font: 17px Trajan pro,arial,sans-serift;\"> Harun K\u0131r\u0131lmaz \/ Fatma Aypar\u00e7as\u0131 <\/span><\/p>\n<p><a title=\"Modernizm ve Postmodernizm S\u00fcre\u00e7lerinin T\u00fcketim K\u00fclt\u00fcr\u00fcne Yans\u0131malar\u0131\" href=\"http:\/\/insanveinsan.org\/modernizm-ve-postmodernizm-sureclerinin-tuketim-kulturune-yansimalari\"><span style=\"text-decoration: none; font: italic 17px minion pro,arial,sans-serif;\">Modernizm ve Postmodernizm S\u00fcre\u00e7lerinin T\u00fcketim K\u00fclt\u00fcr\u00fcne Yans\u0131malar\u0131<\/span><\/a><\/p>\n<p><a title=\"Reflection of Modernism and Postmodernism Processes on Consumption Culture\" href=\"http:\/\/insanveinsan.org\/en\/modernizm-ve-postmodernizm-sureclerinin-tuketim-kulturune-yansimalari\"> <span style=\"text-decoration: none; font-variant: normal; font-weight: normal; font-stretch: normal; font-size: 17px; line-height: normal; font-family: 'minion pro', arial, sans-serif;\">Reflection of Modernism and Postmodernism Processes on Consumption Culture<\/span><\/a><\/td>\n<td style=\"text-align: right; vertical-align: middle;\" bgcolor=\"transparent\"><a title=\"Reflection of Modernism and Postmodernism Processes on Consumption Culture\" href=\"http:\/\/insanveinsan.org\/en\/modernizm-ve-postmodernizm-sureclerinin-tuketim-kulturune-yansimalari\"><span style=\"color: default; font: 38px Trajan pro,arial,sans-serift;\">32<\/span><\/a><\/td>\n<\/tr>\n<tr>\n<td bgcolor=\"transparent\" width=\"85%\"><span style=\"color: default; font: 17px Trajan pro,arial,sans-serift;\">Serenay Varol<\/span><\/p>\n<p><a title=\"T\u00fcketici Fiyat Endeksinin Uyarlamal\u0131 A\u011fa Dayal\u0131 Bulan\u0131k \u00c7\u0131kar\u0131m Sistemi ile Kestirimi\" href=\"http:\/\/insanveinsan.org\/tuketici-fiyat-endeksinin-uyarlamali-aga-dayali-bulanik-cikarim-sistemi-ile-kestirimi\/\"><span style=\"text-decoration: none; font: italic 17px minion pro,arial,sans-serif;\">T\u00fcketici Fiyat Endeksinin Uyarlamal\u0131 A\u011fa Dayal\u0131 Bulan\u0131k \u00c7\u0131kar\u0131m Sistemi ile Kestirimi<\/span><\/a><\/p>\n<p><a title=\"Consumer Price Index Forecast with Adaptive Neuro Fuzzy Inference System\" href=\"http:\/\/insanveinsan.org\/en\/tuketici-fiyat-endeksinin-uyarlamali-aga-dayali-bulanik-cikarim-sistemi-ile-kestirimi\/\"> <span style=\"text-decoration: none; font-variant: normal; font-weight: normal; font-stretch: normal; font-size: 17px; line-height: normal; font-family: 'minion pro', arial, sans-serif;\">Consumer Price Index Forecast with Adaptive Neuro Fuzzy Inference System<\/span><\/a><\/td>\n<td style=\"text-align: right; vertical-align: middle;\" bgcolor=\"transparent\"><a title=\"Consumer Price Index Forecast with Adaptive Neuro Fuzzy Inference System\" href=\"http:\/\/insanveinsan.org\/en\/tuketici-fiyat-endeksinin-uyarlamali-aga-dayali-bulanik-cikarim-sistemi-ile-kestirimi\/\"><span style=\"color: default; font: 38px Trajan pro,arial,sans-serift;\">59<\/span><\/a><\/td>\n<\/tr>\n<tr>\n<td bgcolor=\"transparent\" width=\"85%\"><span style=\"color: default; font: 15px Trajan pro,arial,sans-serift;\">\u0130nsan Haklar\u0131 Kitapl\u0131\u011f\u0131<\/span><\/p>\n<p>Human Rights Library<\/td>\n<td style=\"text-align: center; vertical-align: middle;\" bgcolor=\"transparent\"><\/td>\n<\/tr>\n<tr>\n<td bgcolor=\"transparent\" width=\"85%\"><a title=\"Avrupa Konseyi \u00c7ocuklar\u0131n Cinsel S\u00f6m\u00fcr\u00fc ve \u0130stismara Kar\u015f\u0131 Korunmas\u0131 S\u00f6zle\u015fmesi\" href=\"http:\/\/insanveinsan.org\/avrupa-konseyi-cocuklarin-cinsel-somuru-ve-istismara-karsi-korunmasi-sozlesmesi\"><span style=\"text-decoration: none; font: italic 17px minion pro,arial,sans-serif;\">Avrupa Konseyi \u00c7ocuklar\u0131n Cinsel S\u00f6m\u00fcr\u00fc ve \u0130stismara Kar\u015f\u0131 Korunmas\u0131 S\u00f6zle\u015fmesi<\/span><\/a><\/td>\n<td style=\"text-align: right; vertical-align: middle;\" bgcolor=\"transparent\"><a title=\"Avrupa Konseyi \u00c7ocuklar\u0131n Cinsel S\u00f6m\u00fcr\u00fc ve \u0130stismara Kar\u015f\u0131 Korunmas\u0131 S\u00f6zle\u015fmesi\" href=\"http:\/\/insanveinsan.org\/en\/avrupa-konseyi-cocuklarin-cinsel-somuru-ve-istismara-karsi-korunmasi-sozlesmesi\"><span style=\"color: default; font: 38px Trajan pro,arial,sans-serift;\">72<\/span><\/a><\/td>\n<\/tr>\n<tr>\n<td bgcolor=\"transparent\" width=\"85%\"><a title=\"Council of Europe Convention on the Protection of Children against Sexual Exploitation and Sexual Abuse\" href=\"http:\/\/insanveinsan.org\/en\/council-of-europe-convention-on-the-protection-of-children-against-sexual-exploitation-and-sexual-abuse\"><span style=\"text-decoration: none; font: italic 17px minion pro,arial,sans-serif;\">Council of Europe Convention on the Protection of Children against Sexual Exploitation and Sexual Abuse<\/span><\/a><\/td>\n<td style=\"text-align: right; vertical-align: middle;\" bgcolor=\"transparent\"><a title=\"Council of Europe Convention on the Protection of Children against Sexual Exploitation and Sexual Abuse\" href=\"http:\/\/insanveinsan.org\/en\/council-of-europe-convention-on-the-protection-of-children-against-sexual-exploitation-and-sexual-abuse\"><span style=\"color: default; font: 38px Trajan pro,arial,sans-serift;\">93<\/span><\/a><\/td>\n<\/tr>\n<\/tbody>\n<\/table>\n<table bgcolor=\"transparent\">\n<tbody>\n<tr>\n<td style=\"border-bottom: 1px dashed gray;\"><\/td>\n<\/tr>\n<\/tbody>\n<\/table>\n<p><img loading=\"lazy\" decoding=\"async\" class=\"alignnone wp-image-119 size-full\" src=\"..\/wp-content\/uploads\/pdf-e1407190133528.png\" alt=\"\" width=\"50\" height=\"50\" \/><br \/>\n<span style=\"text-decoration: none; font-variant: normal; font-weight: normal; font-stretch: normal; font-size: 15px; line-height: normal; font-family: 'minion pro', arial, sans-serif;\">Year 3, Issue 8, Spring 2016<br \/>\nTam metin \/ Full text<\/span><\/p>\n<p><span style=\"text-decoration: none; font-variant: normal; font-weight: normal; font-stretch: normal; font-size: 15px; line-height: normal; font-family: 'minion pro', arial, sans-serif;\"><a rel=\"license\" href=\"http:\/\/creativecommons.org\/licenses\/by-nc\/4.0\/\"><img decoding=\"async\" alt=\"Creative Commons License\" style=\"border-width:0\" src=\"https:\/\/i.creativecommons.org\/l\/by-nc\/4.0\/80x15.png\" \/><\/a><br \/>This work is licensed under a <a rel=\"license\" href=\"http:\/\/creativecommons.org\/licenses\/by-nc\/4.0\/\">Creative Commons Attribution-NonCommercial 4.0 International License<\/a>.<\/span><\/p>\n<div style=\"width: 240px;\">\n <span style=\"text-decoration: none; font-variant: normal; font-weight: normal; font-stretch: normal; font-size: 15px; line-height: normal; font-family: 'minion pro', arial, sans-serif;\"><\/p>\n<div style=\"float: left; width: 20px;\"><i class=\"fa fa-eye\" aria-hidden=\"true\"><\/i><\/span><\/div>\n<p> <span style=\"text-decoration: none; font-variant: normal; font-weight: normal; font-stretch: normal; font-size: 15px; line-height: normal; font-family: 'minion pro', arial, sans-serif;\"><\/p>\n<div style=\"float: left; width: 50px;\">[post-views]<\/div>\n<p><\/span><\/p>\n<div style=\"float: left; width: 20px;\"><i class=\"fa fa-download\" aria-hidden=\"true\"><\/i><\/div>\n<div style=\"float: left; width: 150px;\"><span style=\"text-decoration: none; font-variant: normal; font-weight: normal; font-stretch: normal; font-size: 15px; line-height: normal; font-family: 'minion pro', arial, sans-serif;\"><div class=\"sdm_download_count\"><span class=\"sdm_count_number\">931<\/span><span class=\"sdm_count_string\"> Downloads<\/span><\/div><\/span><\/div>\n<p> <br style=\"clear: left;\" \/>\n<\/div>\n<div class=\"sdm_download_button_box_default\"><div class=\"sdm_download_link\"><a href=\"https:\/\/www.insanveinsan.org\/?sdm_process_download=1&download_id=2056\" class=\"sdm_download grey\" title=\"Issue 8Say\u0131 8\" target=&quot;_blank&quot;>Download Now!<\/a><\/div><\/div>\n<table bgcolor=\"transparent\">\n<tbody>\n<tr>\n<td style=\"border-bottom: 1px dashed gray;\"><\/td>\n<\/tr>\n<\/tbody>\n<\/table>\n<p><\/p>","protected":false},"excerpt":{"rendered":"<p>Y\u0131l 3, Say\u0131 8, Bahar 2016 ISSN: 2148-7537 Makaleler Articles \u00d6zlem Haskan Avc\u0131 \/ Muharrem Ko\u00e7 \/ \u00d6znur Bayar Z\u00fclf\u00fc Livaneli\u2019nin Mutluluk Roman\u0131 Karakterlerinin Toplumsal Cinsiyet Ba\u011flam\u0131nda \u0130ncelenmesi Analysis of the Fictitious Characters of Z\u00fclf\u00fc Livaneli\u2019s Novel &#8220;Bliss&#8221; in Terms of Gender 5 Harun K\u0131r\u0131lmaz \/ Fatma Aypar\u00e7as\u0131 Modernizm ve Postmodernizm S\u00fcre\u00e7lerinin T\u00fcketim K\u00fclt\u00fcr\u00fcne Yans\u0131malar\u0131 &hellip; <a href=\"https:\/\/www.insanveinsan.org\/en\/sayi-8-bahar-2016\/\" class=\"more-link\">Continue reading <span class=\"screen-reader-text\">Issue 8, Spring 2016<\/span><\/a><\/p>\n","protected":false},"author":2,"featured_media":0,"parent":0,"menu_order":0,"comment_status":"closed","ping_status":"closed","template":"","meta":{"footnotes":""},"class_list":["post-1580","page","type-page","status-publish","hentry"],"_links":{"self":[{"href":"https:\/\/www.insanveinsan.org\/en\/wp-json\/wp\/v2\/pages\/1580","targetHints":{"allow":["GET"]}}],"collection":[{"href":"https:\/\/www.insanveinsan.org\/en\/wp-json\/wp\/v2\/pages"}],"about":[{"href":"https:\/\/www.insanveinsan.org\/en\/wp-json\/wp\/v2\/types\/page"}],"author":[{"embeddable":true,"href":"https:\/\/www.insanveinsan.org\/en\/wp-json\/wp\/v2\/users\/2"}],"replies":[{"embeddable":true,"href":"https:\/\/www.insanveinsan.org\/en\/wp-json\/wp\/v2\/comments?post=1580"}],"version-history":[{"count":0,"href":"https:\/\/www.insanveinsan.org\/en\/wp-json\/wp\/v2\/pages\/1580\/revisions"}],"wp:attachment":[{"href":"https:\/\/www.insanveinsan.org\/en\/wp-json\/wp\/v2\/media?parent=1580"}],"curies":[{"name":"wp","href":"https:\/\/api.w.org\/{rel}","templated":true}]}}