{"id":1696,"date":"2016-10-18T16:49:12","date_gmt":"2016-10-18T13:49:12","guid":{"rendered":"http:\/\/insanveinsan.org\/?page_id=1696"},"modified":"2019-01-30T13:48:15","modified_gmt":"2019-01-30T11:48:15","slug":"sayi-10-guz-2016","status":"publish","type":"page","link":"https:\/\/www.insanveinsan.org\/en\/sayi-10-guz-2016\/","title":{"rendered":"Issue 10, Fall 2016"},"content":{"rendered":"<p><\/p>\n<table bgcolor=\"transparent\">\n<tbody>\n<tr>\n<td style=\"border-bottom: 1px dashed gray;\"><span style=\"color: default; font: 15px Trajan pro,arial,sans-serift;\">Y\u0131l 3, Say\u0131 10, G\u00fcz 2016<\/span><\/td>\n<td style=\"text-align: right; border-bottom: 1px dashed gray; margin-top: -4%; margin-bottom: -0.8%;\">ISSN: 2148-7537<\/td>\n<\/tr>\n<\/tbody>\n<\/table>\n<table bgcolor=\"transparent\">\n<tbody>\n<tr>\n<td width=\"85%\"><span style=\"color: default; font: 15px Trajan pro,arial,sans-serift;\">Makaleler<br \/>\nArticles<\/span><\/td>\n<td width=\"15%\"><\/td>\n<\/tr>\n<tr>\n<td width=\"85%\"><span style=\"color: default; font: 17px Trajan pro,arial,sans-serift;\"> Salih Akkanat <\/span><\/p>\n<p><a title=\"Post-Siyasal Ele\u015ftiri A\u00e7\u0131s\u0131ndan Liberalizm, Siyasal Alan\u0131n S\u0131n\u0131rlar\u0131 ve \u015eiddet\" href=\"http:\/\/insanveinsan.org\/post-siyasal-elestiri-acisindan-liberalizm-siyasal-alanin-sinirlari-ve-siddet\/\"><span style=\"text-decoration: none; font: italic 17px minion pro,arial,sans-serif;\">Post-Siyasal Ele\u015ftiri A\u00e7\u0131s\u0131ndan Liberalizm, Siyasal Alan\u0131n S\u0131n\u0131rlar\u0131 ve \u015eiddet<\/span><\/a><\/p>\n<p><a title=\"Liberalism, the Limits of Political Sphere and Violence in Post-Political Critiques\" href=\"http:\/\/insanveinsan.org\/en\/post-siyasal-elestiri-acisindan-liberalizm-siyasal-alanin-sinirlari-ve-siddet\/\"> <span style=\"text-decoration: none; font-variant: normal; font-weight: normal; font-stretch: normal; font-size: 17px; line-height: normal; font-family: 'minion pro', arial, sans-serif;\">Liberalism, the Limits of Political Sphere and Violence in Post-Political Critiques<\/span><\/a><\/td>\n<td style=\"text-align: right; vertical-align: middle;\" bgcolor=\"transparent\"><a title=\"Liberalism, the Limits of Political Sphere and Violence in Post-Political Critiques\" href=\"http:\/\/insanveinsan.org\/en\/post-siyasal-elestiri-acisindan-liberalizm-siyasal-alanin-sinirlari-ve-siddet\/\"><span style=\"color: default; font: 38px Trajan pro,arial,sans-serift;\">5<\/span><\/a><\/td>\n<\/tr>\n<tr>\n<td bgcolor=\"transparent\" width=\"85%\"><span style=\"color: default; font: 17px Trajan pro,arial,sans-serift;\"> \u0130rfan Pa\u00e7ac\u0131 <\/span><\/p>\n<p><a title=\"Bir Siyaset ve Hukuk Eti\u011fi Sorunu Olarak 1982 Anayasas\u0131n\u0131n \u2018\u0130ktidar Prangas\u0131\u2019\" href=\"http:\/\/insanveinsan.org\/bir-siyaset-ve-hukuk-etigi-sorunu-olarak-1982-anayasasinin-iktidar-prangasi\"><span style=\"text-decoration: none; font: italic 17px minion pro,arial,sans-serif;\">Bir Siyaset ve Hukuk Eti\u011fi Sorunu Olarak 1982 Anayasas\u0131n\u0131n \u2018\u0130ktidar Prangas\u0131\u2019<\/span><\/a><\/p>\n<p><a title=\"\u2018Shackles of Power\u2019 in the Constitution of 1982 as an Ethical Issue of Politics and Law\" href=\"http:\/\/insanveinsan.org\/en\/bir-siyaset-ve-hukuk-etigi-sorunu-olarak-1982-anayasasinin-iktidar-prangasi\"> <span style=\"text-decoration: none; font-variant: normal; font-weight: normal; font-stretch: normal; font-size: 17px; line-height: normal; font-family: 'minion pro', arial, sans-serif;\">\u2018Shackles of Power\u2019 in the Constitution of 1982 as an Ethical Issue of Politics and Law<\/span><\/a><\/td>\n<td style=\"text-align: right; vertical-align: middle;\" bgcolor=\"transparent\"><a title=\"\u2018Shackles of Power\u2019 in the Constitution of 1982 as an Ethical Issue of Politics and Law\" href=\"http:\/\/insanveinsan.org\/en\/bir-siyaset-ve-hukuk-etigi-sorunu-olarak-1982-anayasasinin-iktidar-prangasi\"><span style=\"color: default; font: 38px Trajan pro,arial,sans-serift;\">20<\/span><\/a><\/td>\n<\/tr>\n<tr>\n<td bgcolor=\"transparent\" width=\"85%\"><span style=\"color: default; font: 17px Trajan pro,arial,sans-serift;\">Olkan Senemo\u011flu<\/span><\/p>\n<p><a title=\"Antik Yunan Siyasal D\u00fc\u015f\u00fcn\u00fc\u015f\u00fcnde \u0130nsan Do\u011fas\u0131 ve Toplum Anlay\u0131\u015f\u0131: Platon ve Aristoteles\" href=\"http:\/\/insanveinsan.org\/antik-yunan-siyasal-dusunusunde-insan-dogasi-ve-toplum-anlayisi-platon-ve-aristoteles\/\"><span style=\"text-decoration: none; font: italic 17px minion pro,arial,sans-serif;\">Antik Yunan Siyasal D\u00fc\u015f\u00fcn\u00fc\u015f\u00fcnde \u0130nsan Do\u011fas\u0131 ve Toplum Anlay\u0131\u015f\u0131: Platon ve Aristoteles<\/span><\/a><\/p>\n<p><a title=\"Human Nature and the Notion of Society in Ancient Greek Political Thought: Plato and Aristotle\" href=\"http:\/\/insanveinsan.org\/en\/antik-yunan-siyasal-dusunusunde-insan-dogasi-ve-toplum-anlayisi-platon-ve-aristoteles\/\"> <span style=\"text-decoration: none; font-variant: normal; font-weight: normal; font-stretch: normal; font-size: 17px; line-height: normal; font-family: 'minion pro', arial, sans-serif;\">Human Nature and the Notion of Society in Ancient Greek Political Thought: Plato and Aristotle<\/span><\/a><\/td>\n<td style=\"text-align: right; vertical-align: middle;\" bgcolor=\"transparent\"><a title=\"Human Nature and the Notion of Society in Ancient Greek Political Thought: Plato and Aristotle\" href=\"http:\/\/insanveinsan.org\/en\/antik-yunan-siyasal-dusunusunde-insan-dogasi-ve-toplum-anlayisi-platon-ve-aristoteles\/\"><span style=\"color: default; font: 38px Trajan pro,arial,sans-serift;\">42<\/span><\/a><\/td>\n<\/tr>\n<tr>\n<td bgcolor=\"transparent\" width=\"85%\"><span style=\"color: default; font: 17px Trajan pro,arial,sans-serift;\">Se\u00e7kin Sevim<\/span><\/p>\n<p><a title=\"Muhsin Ertu\u011frul: T\u00fcrk Sinemas\u0131n\u0131n Kurucusu mu Yoksa G\u00fcnah Ke\u00e7isi mi?\" href=\"http:\/\/insanveinsan.org\/muhsin-ertugrul-turk-sinemasinin-kurucusu-mu-yoksa-gunah-kecisi-mi\/\"><span style=\"text-decoration: none; font: italic 17px minion pro,arial,sans-serif;\">Muhsin Ertu\u011frul: T\u00fcrk Sinemas\u0131n\u0131n Kurucusu mu Yoksa G\u00fcnah Ke\u00e7isi mi?<\/span><\/a><\/p>\n<p><a title=\"Muhsin Ertu\u011frul: The Founder or the Scapegoat of Turkish Cinema?\" href=\"http:\/\/insanveinsan.org\/en\/muhsin-ertugrul-turk-sinemasinin-kurucusu-mu-yoksa-gunah-kecisi-mi\/\"> <span style=\"text-decoration: none; font-variant: normal; font-weight: normal; font-stretch: normal; font-size: 17px; line-height: normal; font-family: 'minion pro', arial, sans-serif;\">Muhsin Ertu\u011frul: The Founder or the Scapegoat of Turkish Cinema?<\/span><\/a><\/td>\n<td style=\"text-align: right; vertical-align: middle;\" bgcolor=\"transparent\"><a title=\"Muhsin Ertu\u011frul: The Founder or the Scapegoat of Turkish Cinema?\" href=\"http:\/\/insanveinsan.org\/en\/muhsin-ertugrul-turk-sinemasinin-kurucusu-mu-yoksa-gunah-kecisi-mi\/\"><span style=\"color: default; font: 38px Trajan pro,arial,sans-serift;\">64<\/span><\/a><\/td>\n<\/tr>\n<\/tbody>\n<\/table>\n<table bgcolor=\"transparent\">\n<tbody>\n<tr>\n<td style=\"border-bottom: 1px dashed gray;\"><\/td>\n<\/tr>\n<\/tbody>\n<\/table>\n<p><img loading=\"lazy\" decoding=\"async\" class=\"alignnone wp-image-119 size-full\" src=\"..\/wp-content\/uploads\/pdf-e1407190133528.png\" alt=\"\" width=\"50\" height=\"50\" \/><br \/>\n<span style=\"text-decoration: none; font-variant: normal; font-weight: normal; font-stretch: normal; font-size: 15px; line-height: normal; font-family: 'minion pro', arial, sans-serif;\">Year 3, Issue 10, Fall 2016<br \/>\nTam metin \/ Full text<\/span><\/p>\n<p><span style=\"text-decoration: none; font-variant: normal; font-weight: normal; font-stretch: normal; font-size: 15px; line-height: normal; font-family: 'minion pro', arial, sans-serif;\"><a rel=\"license\" href=\"http:\/\/creativecommons.org\/licenses\/by-nc\/4.0\/\"><img decoding=\"async\" alt=\"Creative Commons License\" style=\"border-width:0\" src=\"https:\/\/i.creativecommons.org\/l\/by-nc\/4.0\/80x15.png\" \/><\/a><br \/>This work is licensed under a <a rel=\"license\" href=\"http:\/\/creativecommons.org\/licenses\/by-nc\/4.0\/\">Creative Commons Attribution-NonCommercial 4.0 International License<\/a>.<\/span><\/p>\n<div style=\"width: 240px;\">\n <span style=\"text-decoration: none; font-variant: normal; font-weight: normal; font-stretch: normal; font-size: 15px; line-height: normal; font-family: 'minion pro', arial, sans-serif;\"><\/p>\n<div style=\"float: left; width: 20px;\"><i class=\"fa fa-eye\" aria-hidden=\"true\"><\/i><\/span><\/div>\n<p> <span style=\"text-decoration: none; font-variant: normal; font-weight: normal; font-stretch: normal; font-size: 15px; line-height: normal; font-family: 'minion pro', arial, sans-serif;\"><\/p>\n<div style=\"float: left; width: 50px;\">[post-views]<\/div>\n<p><\/span><\/p>\n<div style=\"float: left; width: 20px;\"><i class=\"fa fa-download\" aria-hidden=\"true\"><\/i><\/div>\n<div style=\"float: left; width: 150px;\"><span style=\"text-decoration: none; font-variant: normal; font-weight: normal; font-stretch: normal; font-size: 15px; line-height: normal; font-family: 'minion pro', arial, sans-serif;\"><div class=\"sdm_download_count\"><span class=\"sdm_count_number\">946<\/span><span class=\"sdm_count_string\"> Downloads<\/span><\/div><\/span><\/div>\n<p> <br style=\"clear: left;\" \/>\n<\/div>\n<div class=\"sdm_download_button_box_default\"><div class=\"sdm_download_link\"><a href=\"https:\/\/www.insanveinsan.org\/?sdm_process_download=1&download_id=2058\" class=\"sdm_download grey\" title=\"Issue 10Say\u0131 10\" target=&quot;_blank&quot;>Download Now!<\/a><\/div><\/div>\n<table bgcolor=\"transparent\">\n<tbody>\n<tr>\n<td style=\"border-bottom: 1px dashed gray;\"><\/td>\n<\/tr>\n<\/tbody>\n<\/table>\n<p><\/p>","protected":false},"excerpt":{"rendered":"<p>Y\u0131l 3, Say\u0131 10, G\u00fcz 2016 ISSN: 2148-7537 Makaleler Articles Salih Akkanat Post-Siyasal Ele\u015ftiri A\u00e7\u0131s\u0131ndan Liberalizm, Siyasal Alan\u0131n S\u0131n\u0131rlar\u0131 ve \u015eiddet Liberalism, the Limits of Political Sphere and Violence in Post-Political Critiques 5 \u0130rfan Pa\u00e7ac\u0131 Bir Siyaset ve Hukuk Eti\u011fi Sorunu Olarak 1982 Anayasas\u0131n\u0131n \u2018\u0130ktidar Prangas\u0131\u2019 \u2018Shackles of Power\u2019 in the Constitution of 1982 as &hellip; <a href=\"https:\/\/www.insanveinsan.org\/en\/sayi-10-guz-2016\/\" class=\"more-link\">Continue reading <span class=\"screen-reader-text\">Issue 10, Fall 2016<\/span><\/a><\/p>\n","protected":false},"author":2,"featured_media":0,"parent":0,"menu_order":0,"comment_status":"closed","ping_status":"closed","template":"","meta":{"footnotes":""},"class_list":["post-1696","page","type-page","status-publish","hentry"],"_links":{"self":[{"href":"https:\/\/www.insanveinsan.org\/en\/wp-json\/wp\/v2\/pages\/1696","targetHints":{"allow":["GET"]}}],"collection":[{"href":"https:\/\/www.insanveinsan.org\/en\/wp-json\/wp\/v2\/pages"}],"about":[{"href":"https:\/\/www.insanveinsan.org\/en\/wp-json\/wp\/v2\/types\/page"}],"author":[{"embeddable":true,"href":"https:\/\/www.insanveinsan.org\/en\/wp-json\/wp\/v2\/users\/2"}],"replies":[{"embeddable":true,"href":"https:\/\/www.insanveinsan.org\/en\/wp-json\/wp\/v2\/comments?post=1696"}],"version-history":[{"count":0,"href":"https:\/\/www.insanveinsan.org\/en\/wp-json\/wp\/v2\/pages\/1696\/revisions"}],"wp:attachment":[{"href":"https:\/\/www.insanveinsan.org\/en\/wp-json\/wp\/v2\/media?parent=1696"}],"curies":[{"name":"wp","href":"https:\/\/api.w.org\/{rel}","templated":true}]}}