{"id":1748,"date":"2016-10-23T23:06:37","date_gmt":"2016-10-23T20:06:37","guid":{"rendered":"http:\/\/insanveinsan.org\/?page_id=1748"},"modified":"2021-09-09T00:17:55","modified_gmt":"2021-09-08T21:17:55","slug":"gozat-ara","status":"publish","type":"page","link":"https:\/\/www.insanveinsan.org\/en\/gozat-ara\/","title":{"rendered":"Browse \/ Search"},"content":{"rendered":"<table bgcolor=\"transparent\">\n<tbody>\n<tr>\n<td style=\"border-bottom: 1px dashed gray;\"><span style=\"color: default; font: 15px Trajan pro,arial,sans-serift;\"><\/span><\/td>\n<\/tr>\n<\/tbody>\n<\/table>\n<form role=\"search\" method=\"get\" class=\"search-form\" action=\"https:\/\/insanveinsan.org\/\">\n<label><br \/>\n<span class=\"screen-reader-text\">Arama:<\/span><br \/>\n<input type=\"search\" class=\"search-field\" placeholder=\"Ara \u2026\" value=\"\" name=\"s\"><br \/>\n<\/label><br \/>\n<input type=\"submit\" class=\"search-submit\" value=\"Ara\"><br \/>\n<\/form>\n<table bgcolor=\"transparent\">\n<tbody>\n<tr>\n<td style=\"border-bottom: 1px dashed gray;\"><span style=\"color: default; font: 15px Trajan pro,arial,sans-serift;\"><\/span><\/td>\n<\/tr>\n<\/tbody>\n<\/table>\n<h3 class=\"widget-title\">Ar\u015fivler<\/h3>\n<p><label class=\"screen-reader-text\" for=\"cat\">Ar\u015fivler<\/label><select name=\"cat\" id=\"cat\" class=\"postform\"><option value=\"-1\">Kategori Se\u00e7in<\/option><option class=\"level-0\" value=\"1\">Say\u0131 1, Yaz 2014<\/option><option class=\"level-0\" value=\"18\">Say\u0131 10, G\u00fcz 2016<\/option><option class=\"level-0\" value=\"6\">Say\u0131 2, G\u00fcz 2014<\/option><option class=\"level-0\" value=\"8\">Say\u0131 3, K\u0131\u015f 2015<\/option><option class=\"level-0\" value=\"10\">Say\u0131 4, Bahar 2015<\/option><option class=\"level-0\" value=\"13\">Say\u0131 5, Yaz 2015<\/option><option class=\"level-0\" value=\"14\">Say\u0131 6, G\u00fcz 2015<\/option><option class=\"level-0\" value=\"15\">Say\u0131 7, K\u0131\u015f 2016<\/option><option class=\"level-0\" value=\"16\">Say\u0131 8, Bahar 2016<\/option><option class=\"level-0\" value=\"17\">Say\u0131 9, Yaz 2016<\/option><\/select><br \/>\n<script type=\"text\/javascript\"><br \/>\n\/* <![CDATA[ *\/\n(function() {\nvar dropdown = document.getElementById( \"cat\" );\nfunction onCatChange() {\nif ( dropdown.options[ dropdown.selectedIndex ].value > 0 ) {<br \/>\nlocation.href = \"https:\/\/insanveinsan.org\/?cat=\" + dropdown.options[ dropdown.selectedIndex ].value;<br \/>\n}<br \/>\n}<br \/>\ndropdown.onchange = onCatChange;<br \/>\n})();<br \/>\n\/* ]]> *\/<br \/>\n<\/script><\/p>\n<table bgcolor=\"transparent\">\n<tbody>\n<tr>\n<td style=\"border-bottom: 1px dashed gray;\"><span style=\"color: default; font: 15px Trajan pro,arial,sans-serift;\"><\/span><\/td>\n<\/tr>\n<\/tbody>\n<\/table>\n","protected":false},"excerpt":{"rendered":"<p>Arama: Ar\u015fivler Ar\u015fivlerKategori Se\u00e7inSay\u0131 1, Yaz 2014Say\u0131 10, G\u00fcz 2016Say\u0131 2, G\u00fcz 2014Say\u0131 3, K\u0131\u015f 2015Say\u0131 4, Bahar 2015Say\u0131 5, Yaz 2015Say\u0131 6, G\u00fcz 2015Say\u0131 7, K\u0131\u015f 2016Say\u0131 8, Bahar 2016Say\u0131 9, Yaz 2016<\/p>\n","protected":false},"author":2,"featured_media":0,"parent":0,"menu_order":0,"comment_status":"closed","ping_status":"closed","template":"","meta":{"footnotes":""},"class_list":["post-1748","page","type-page","status-publish","hentry"],"_links":{"self":[{"href":"https:\/\/www.insanveinsan.org\/en\/wp-json\/wp\/v2\/pages\/1748","targetHints":{"allow":["GET"]}}],"collection":[{"href":"https:\/\/www.insanveinsan.org\/en\/wp-json\/wp\/v2\/pages"}],"about":[{"href":"https:\/\/www.insanveinsan.org\/en\/wp-json\/wp\/v2\/types\/page"}],"author":[{"embeddable":true,"href":"https:\/\/www.insanveinsan.org\/en\/wp-json\/wp\/v2\/users\/2"}],"replies":[{"embeddable":true,"href":"https:\/\/www.insanveinsan.org\/en\/wp-json\/wp\/v2\/comments?post=1748"}],"version-history":[{"count":1,"href":"https:\/\/www.insanveinsan.org\/en\/wp-json\/wp\/v2\/pages\/1748\/revisions"}],"predecessor-version":[{"id":4847,"href":"https:\/\/www.insanveinsan.org\/en\/wp-json\/wp\/v2\/pages\/1748\/revisions\/4847"}],"wp:attachment":[{"href":"https:\/\/www.insanveinsan.org\/en\/wp-json\/wp\/v2\/media?parent=1748"}],"curies":[{"name":"wp","href":"https:\/\/api.w.org\/{rel}","templated":true}]}}