{"id":2,"date":"2014-07-28T23:39:26","date_gmt":"2014-07-28T23:39:26","guid":{"rendered":"http:\/\/insanveinsan.org\/?page_id=2"},"modified":"2025-11-01T15:35:53","modified_gmt":"2025-11-01T12:35:53","slug":"hakkinda","status":"publish","type":"page","link":"https:\/\/www.insanveinsan.org\/en\/hakkinda\/","title":{"rendered":"About Us"},"content":{"rendered":"<p><\/p>\n<table bgcolor=\"transparent\">\n<tbody>\n<tr>\n<td style=\"border-bottom: 1px dashed gray;\"><span style=\"color: default; font: 15px Trajan pro,arial,sans-serift;\">Hakk\u0131nda<\/span><\/td>\n<td style=\"text-align: right; border-bottom: 1px dashed gray; margin-top: -4%; margin-bottom: -0.8%;\">ISSN:\u00a02148-7537<\/td>\n<\/tr>\n<\/tbody>\n<\/table>\n<p>\u0130nsan ve \u0130nsan Journal of Science, Culture, Art and Thought is an open access double blinded peer reviewed international journal which is published biannually. The issues are published in January and July.<\/p>\n<p>As a multidisciplinary and thematical journal, it includes original articles in the fields of Social Sciences and Arts and Humanities. In order for an article to be included in the evaluation process, it must be directly related to the theme of the issue, and meet the scientific criteria and quality standards of the journal, <a href=\"https:\/\/www.insanveinsan.org\/en\/etik-ilkeler-ve-yayin-politikasi\/\">Ethical Principles<\/a> and <a href=\"https:\/\/www.insanveinsan.org\/en\/yayin-kosullari\/\">Writing Rules<\/a>. The receipt of the articles into the double-blinded referee process depends on the preliminary evaluation of the editorial board.<\/p>\n<p>The journal is free, and has no article processing charges (APCs) and no article submission charges.<\/p>\n<p>No action is taken on the articles between the start and end dates of article submission. The pre-evaluation process starts after the submission deadline.<\/p>\n<p>Studies are not taken into consideration except for the dates specified for manuscript submission.<\/p>\n<p>According to quality policy of the journal, communication regarding article submission and all subsequent processes is carried out through the Dergipark system. There is no communication via phone or e-mail.<\/p>\n<p>The manuscripts should be prepared in accordance with the \u201c<a href=\"https:\/\/www.insanveinsan.org\/en\/yayin-kosullari\/\">Writing Rules<\/a>\u201d, and the &#8220;<a href=\"https:\/\/www.insanveinsan.org\/en\/etik-ilkeler-ve-yayin-politikasi\/\">Ethical Principles and Publication Policy<\/a>&#8220;.<\/p>\n<table bgcolor=\"transparent\">\n<tbody>\n<tr>\n<td style=\"border-bottom: 1px dashed gray;\"><\/td>\n<\/tr>\n<\/tbody>\n<\/table>\n<p>\u0130nsan ve \u0130nsan\u00a0Journal of Science, Culture, Art and Thought<br \/>\nISSN :\u00a0<span style=\"color: #000000;\">2148-7537<\/span><br \/>\nElectronic publication address: \u00a0<a title=\"www.insanveinsan.org\" href=\"https:\/\/www.insanveinsan.org\/\">www.insanveinsan.org<\/a><br \/>\nE-mail: editor@insanveinsan.org<\/p>\n<p>Publisher<br \/>\n<a title=\"Okur Yazar Derne\u011fi \/ Literacy Associaton\" href=\"http:\/\/okuryazar.org.tr\/\">Okur Yazar Derne\u011fi \/ Literacy Associaton<\/a><br \/>\nAddress: Adnan Menderes Bulvar\u0131 Emlak Konutlar\u0131 C1 Blok No: 82\/4 Karag\u00fcmr\u00fck 34091 Fatih, \u0130stanbul, Turkey<br \/>\nWebsite address: \u00a0<a title=\"www.okuryazar.org.tr\" href=\"https:\/\/www.okuryazar.org.tr\/\">www.okuryazar.org.tr<\/a><br \/>\nE-mail: info@okuryazar.org.tr<\/p>\n<p>Publishing Director<br \/>\nProf. Dr. H. Emre Ba\u011fce<\/p>\n<p>Editor-in-Chief<br \/>\nDr. Bu\u015fra Erimli<\/p>\n<table bgcolor=\"transparent\">\n<tbody>\n<tr>\n<td style=\"border-bottom: 1px dashed gray;\"><\/td>\n<\/tr>\n<\/tbody>\n<\/table>\n<p><\/p>","protected":false},"excerpt":{"rendered":"<p>Hakk\u0131nda ISSN:\u00a02148-7537 \u0130nsan ve \u0130nsan Journal of Science, Culture, Art and Thought is an open access double blinded peer reviewed international journal which is published biannually. The issues are published in January and July. As a multidisciplinary and thematical journal, it includes original articles in the fields of Social Sciences and Arts and Humanities. In &hellip; <a href=\"https:\/\/www.insanveinsan.org\/en\/hakkinda\/\" class=\"more-link\">Continue reading <span class=\"screen-reader-text\">About Us<\/span><\/a><\/p>\n","protected":false},"author":1,"featured_media":0,"parent":0,"menu_order":0,"comment_status":"closed","ping_status":"open","template":"","meta":{"footnotes":""},"class_list":["post-2","page","type-page","status-publish","hentry"],"_links":{"self":[{"href":"https:\/\/www.insanveinsan.org\/en\/wp-json\/wp\/v2\/pages\/2","targetHints":{"allow":["GET"]}}],"collection":[{"href":"https:\/\/www.insanveinsan.org\/en\/wp-json\/wp\/v2\/pages"}],"about":[{"href":"https:\/\/www.insanveinsan.org\/en\/wp-json\/wp\/v2\/types\/page"}],"author":[{"embeddable":true,"href":"https:\/\/www.insanveinsan.org\/en\/wp-json\/wp\/v2\/users\/1"}],"replies":[{"embeddable":true,"href":"https:\/\/www.insanveinsan.org\/en\/wp-json\/wp\/v2\/comments?post=2"}],"version-history":[{"count":18,"href":"https:\/\/www.insanveinsan.org\/en\/wp-json\/wp\/v2\/pages\/2\/revisions"}],"predecessor-version":[{"id":5673,"href":"https:\/\/www.insanveinsan.org\/en\/wp-json\/wp\/v2\/pages\/2\/revisions\/5673"}],"wp:attachment":[{"href":"https:\/\/www.insanveinsan.org\/en\/wp-json\/wp\/v2\/media?parent=2"}],"curies":[{"name":"wp","href":"https:\/\/api.w.org\/{rel}","templated":true}]}}