{"id":2284,"date":"2017-01-15T02:01:12","date_gmt":"2017-01-15T00:01:12","guid":{"rendered":"http:\/\/insanveinsan.org\/?page_id=2284"},"modified":"2022-08-19T12:38:38","modified_gmt":"2022-08-19T09:38:38","slug":"sayi-11-kis-2017","status":"publish","type":"page","link":"https:\/\/www.insanveinsan.org\/en\/sayi-11-kis-2017\/","title":{"rendered":"Issue 11, Winter 2017"},"content":{"rendered":"<p><\/p>\n<table bgcolor=\"transparent\">\n<tbody>\n<tr>\n<td style=\"border-bottom: 1px dashed gray;\"><span style=\"color: default; font: 15px Trajan pro,arial,sans-serift;\">Y\u0131l 4, Say\u0131 11, K\u0131\u015f 2017<\/span><\/td>\n<td style=\"text-align: right; border-bottom: 1px dashed gray; margin-top: -4%; margin-bottom: -0.8%;\">ISSN: 2148-7537<\/td>\n<\/tr>\n<\/tbody>\n<\/table>\n<table bgcolor=\"transparent\">\n<tbody>\n<tr>\n<td width=\"85%\"><span style=\"color: default; font: 15px Trajan pro,arial,sans-serift;\">Makaleler<br \/>\nArticles<\/span><\/td>\n<td width=\"15%\"><\/td>\n<\/tr>\n<tr>\n<td width=\"85%\"><span style=\"color: default; font: 15px arial,sans-serift;\"> H. Emre Ba\u011fce <\/span><\/p>\n<p><a title=\"Parlamenter ve Ba\u015fkanl\u0131k Sistemiyle Y\u00f6netilen \u00dclkelerde Gelir Da\u011f\u0131l\u0131m\u0131 E\u015fitsizli\u011fi ve Yoksulluk\" href=\"http:\/\/insanveinsan.org\/parlamenter-ve-baskanlik-sistemiyle-yonetilen-ulkelerde-gelir-dagilimi-esitsizligi-ve-yoksulluk\/\"><span style=\"text-decoration: none; font: italic 17px minion pro,arial,sans-serif;\">Parlamenter ve Ba\u015fkanl\u0131k Sistemiyle Y\u00f6netilen \u00dclkelerde Gelir Da\u011f\u0131l\u0131m\u0131 E\u015fitsizli\u011fi ve Yoksulluk<\/span><\/a><\/p>\n<p><a title=\"Inequality of Income Distribution and Poverty in Countries Governed by Parliamentary and Presidential Systems\" href=\"http:\/\/insanveinsan.org\/en\/parlamenter-ve-baskanlik-sistemiyle-yonetilen-ulkelerde-gelir-dagilimi-esitsizligi-ve-yoksulluk\/\"> <span style=\"text-decoration: none; font-variant: normal; font-weight: normal; font-stretch: normal; font-size: 17px; line-height: normal; font-family: 'minion pro', arial, sans-serif;\">Inequality of Income Distribution and Poverty in Countries Governed by Parliamentary and Presidential Systems<\/span><\/a><\/td>\n<td style=\"text-align: right; vertical-align: middle;\" bgcolor=\"transparent\"><a title=\"Inequality of Income Distribution and Poverty in Countries Governed by Parliamentary and Presidential Systems\" href=\"http:\/\/insanveinsan.org\/en\/parlamenter-ve-baskanlik-sistemiyle-yonetilen-ulkelerde-gelir-dagilimi-esitsizligi-ve-yoksulluk\/\"><span style=\"color: default; font: 38px Trajan pro,arial,sans-serift;\">5<\/span><\/a><\/td>\n<\/tr>\n<tr>\n<td bgcolor=\"transparent\" width=\"85%\"><span style=\"color: default; font: 17px Trajan pro,arial,sans-serift;\"> Mustafa Can G\u00fcripek <\/span><\/p>\n<p><a title=\"XVI. Y\u00fczy\u0131l\u2019da Osmanl\u0131 \u0130mparatorlu\u011fu\u2019nda ve \u0130ngiltere\u2019de Vergi Toplama Us\u00fblleri\" href=\"http:\/\/insanveinsan.org\/xvi-yuzyilda-osmanli-imparatorlugunda-ve-ingilterede-vergi-toplama-usulleri\"><span style=\"text-decoration: none; font: italic 17px minion pro,arial,sans-serif;\">XVI. Y\u00fczy\u0131l\u2019da Osmanl\u0131 \u0130mparatorlu\u011fu\u2019nda ve \u0130ngiltere\u2019de Vergi Toplama Us\u00fblleri<\/span><\/a><\/p>\n<p><a title=\"Tax Collection Methods in the Ottoman Empire and England in XVIth Century\" href=\"http:\/\/insanveinsan.org\/en\/xvi-yuzyilda-osmanli-imparatorlugunda-ve-ingilterede-vergi-toplama-usulleri\"> <span style=\"text-decoration: none; font-variant: normal; font-weight: normal; font-stretch: normal; font-size: 17px; line-height: normal; font-family: 'minion pro', arial, sans-serif;\">Tax Collection Methods in the Ottoman Empire and England in XVIth Century<\/span><\/a><\/td>\n<td style=\"text-align: right; vertical-align: middle;\" bgcolor=\"transparent\"><a title=\"Tax Collection Methods in the Ottoman Empire and England in XVIth Century\" href=\"http:\/\/insanveinsan.org\/en\/xvi-yuzyilda-osmanli-imparatorlugunda-ve-ingilterede-vergi-toplama-usulleri\"><span style=\"color: default; font: 38px Trajan pro,arial,sans-serift;\">40<\/span><\/a><\/td>\n<\/tr>\n<tr>\n<td bgcolor=\"transparent\" width=\"85%\"><span style=\"color: default; font: 17px Trajan pro,arial,sans-serift;\">Ceylan Lorto\u011flu<\/span><\/p>\n<p><a title=\"Suriyeli M\u00fcltecilerin \u201cMisafir\u201d Olma Haline Misafirperverlik Hukuku ve Eti\u011fi A\u00e7\u0131s\u0131ndan Bak\u0131\u015f\" href=\"http:\/\/insanveinsan.org\/suriyeli-multecilerin-misafir-olma-haline-misafirperverlik-hukuku-ve-etigi-acisindan-bakis\/\"><span style=\"text-decoration: none; font: italic 17px minion pro,arial,sans-serif;\">Suriyeli M\u00fcltecilerin \u201cMisafir\u201d Olma Haline Misafirperverlik Hukuku ve Eti\u011fi A\u00e7\u0131s\u0131ndan Bak\u0131\u015f<\/span><\/a><\/p>\n<p><a title=\"The View of Syrian Refugees as a \u201cGuest\u201d in terms of Hospitality Law and Ethics\" href=\"http:\/\/insanveinsan.org\/en\/suriyeli-multecilerin-misafir-olma-haline-misafirperverlik-hukuku-ve-etigi-acisindan-bakis\/\"> <span style=\"text-decoration: none; font-variant: normal; font-weight: normal; font-stretch: normal; font-size: 17px; line-height: normal; font-family: 'minion pro', arial, sans-serif;\">The View of Syrian Refugees as a \u201cGuest\u201d in terms of Hospitality Law and Ethics<\/span><\/a><\/td>\n<td style=\"text-align: right; vertical-align: middle;\" bgcolor=\"transparent\"><a title=\"The View of Syrian Refugees as a \u201cGuest\u201d in terms of Hospitality Law and Ethics\" href=\"http:\/\/insanveinsan.org\/en\/suriyeli-multecilerin-misafir-olma-haline-misafirperverlik-hukuku-ve-etigi-acisindan-bakis\/\"><span style=\"color: default; font: 38px Trajan pro,arial,sans-serift;\">54<\/span><\/a><\/td>\n<\/tr>\n<tr>\n<td bgcolor=\"transparent\" width=\"85%\"><span style=\"color: default; font: 17px Trajan pro,arial,sans-serift;\">Do\u011fa Ba\u015far Sar\u0131ipek<\/span><\/p>\n<p><a title=\"\u201cHak Temelli\u201d Sosyal Politikadan \u201cHay\u0131rseverlik Temelli\u201d Sosyal Politikaya Ge\u00e7i\u015fte Sivil Toplum \u00d6rg\u00fctlerinin Rol\u00fc\" href=\"http:\/\/insanveinsan.org\/hak-temelli-sosyal-politikadan-hayirseverlik-temelli-sosyal-politikaya-geciste-sivil-toplum-orgutlerinin-rolu\/\"><span style=\"text-decoration: none; font: italic 17px minion pro,arial,sans-serif;\">\u201cHak Temelli\u201d Sosyal Politikadan \u201cHay\u0131rseverlik Temelli\u201d Sosyal Politikaya Ge\u00e7i\u015fte Sivil Toplum \u00d6rg\u00fctlerinin Rol\u00fc<\/span><\/a><\/p>\n<p><a title=\"Roles of NGOs in the Transition from \u201cRights-Based\u201d Social Policy to \u201cCharity-Based\u201d Social Policy\" href=\"http:\/\/insanveinsan.org\/en\/hak-temelli-sosyal-politikadan-hayirseverlik-temelli-sosyal-politikaya-geciste-sivil-toplum-orgutlerinin-rolu\/\"> <span style=\"text-decoration: none; font-variant: normal; font-weight: normal; font-stretch: normal; font-size: 17px; line-height: normal; font-family: 'minion pro', arial, sans-serif;\">Roles of NGOs in the Transition from \u201cRights-Based\u201d Social Policy to \u201cCharity-Based\u201d Social Policy<\/span><\/a><\/td>\n<td style=\"text-align: right; vertical-align: middle;\" bgcolor=\"transparent\"><a title=\"Roles of NGOs in the Transition from \u201cRights-Based\u201d Social Policy to \u201cCharity-Based\u201d Social Policy\" href=\"http:\/\/insanveinsan.org\/en\/hak-temelli-sosyal-politikadan-hayirseverlik-temelli-sosyal-politikaya-geciste-sivil-toplum-orgutlerinin-rolu\/\"><span style=\"color: default; font: 38px Trajan pro,arial,sans-serift;\">81<\/span><\/a><\/td>\n<\/tr>\n<\/tbody>\n<\/table>\n<table bgcolor=\"transparent\">\n<tbody>\n<tr>\n<td style=\"border-bottom: 1px dashed gray;\"><\/td>\n<\/tr>\n<\/tbody>\n<\/table>\n<p><img loading=\"lazy\" decoding=\"async\" class=\"alignnone wp-image-119 size-full\" src=\"..\/wp-content\/uploads\/pdf-e1407190133528.png\" alt=\"\" width=\"50\" height=\"50\" \/><br \/>\n<span style=\"text-decoration: none; font-variant: normal; font-weight: normal; font-stretch: normal; font-size: 15px; line-height: normal; font-family: 'minion pro', arial, sans-serif;\">Year 4, Issue 11, Winter 2017<br \/>\nTam metin \/ Full text<\/span><\/p>\n<p><span style=\"text-decoration: none; font-variant: normal; font-weight: normal; font-stretch: normal; font-size: 15px; line-height: normal; font-family: 'minion pro', arial, sans-serif;\"><a rel=\"license\" href=\"http:\/\/creativecommons.org\/licenses\/by-nc\/4.0\/\"><img decoding=\"async\" alt=\"Creative Commons License\" style=\"border-width:0\" src=\"https:\/\/i.creativecommons.org\/l\/by-nc\/4.0\/80x15.png\" \/><\/a><br \/>This work is licensed under a <a rel=\"license\" href=\"http:\/\/creativecommons.org\/licenses\/by-nc\/4.0\/\">Creative Commons Attribution-NonCommercial 4.0 International License<\/a>.<\/span><\/p>\n<div style=\"width: 240px;\">\n <span style=\"text-decoration: none; font-variant: normal; font-weight: normal; font-stretch: normal; font-size: 15px; line-height: normal; font-family: 'minion pro', arial, sans-serif;\"><\/p>\n<div style=\"float: left; width: 20px;\"><i class=\"fa fa-eye\" aria-hidden=\"true\"><\/i><\/span><\/div>\n<p> <span style=\"text-decoration: none; font-variant: normal; font-weight: normal; font-stretch: normal; font-size: 15px; line-height: normal; font-family: 'minion pro', arial, sans-serif;\"><\/p>\n<div style=\"float: left; width: 50px;\">[post-views]<\/div>\n<p><\/span><\/p>\n<div style=\"float: left; width: 20px;\"><i class=\"fa fa-download\" aria-hidden=\"true\"><\/i><\/div>\n<div style=\"float: left; width: 150px;\"><span style=\"text-decoration: none; font-variant: normal; font-weight: normal; font-stretch: normal; font-size: 15px; line-height: normal; font-family: 'minion pro', arial, sans-serif;\"><div class=\"sdm_download_count\"><span class=\"sdm_count_number\">647<\/span><span class=\"sdm_count_string\"> Downloads<\/span><\/div><\/span><\/div>\n<p> <br style=\"clear: left;\" \/>\n<\/div>\n<div class=\"sdm_download_button_box_default\"><div class=\"sdm_download_link\"><a href=\"https:\/\/www.insanveinsan.org\/?sdm_process_download=1&download_id=2267\" class=\"sdm_download grey\" title=\"Issue 11Say\u0131 11\" target=&quot;_blank&quot;>Download Now!<\/a><\/div><\/div>\n<table bgcolor=\"transparent\">\n<tbody>\n<tr>\n<td style=\"border-bottom: 1px dashed gray;\"><\/td>\n<\/tr>\n<\/tbody>\n<\/table>\n<p><\/p>","protected":false},"excerpt":{"rendered":"<p>Y\u0131l 4, Say\u0131 11, K\u0131\u015f 2017 ISSN: 2148-7537 Makaleler Articles H. Emre Ba\u011fce Parlamenter ve Ba\u015fkanl\u0131k Sistemiyle Y\u00f6netilen \u00dclkelerde Gelir Da\u011f\u0131l\u0131m\u0131 E\u015fitsizli\u011fi ve Yoksulluk Inequality of Income Distribution and Poverty in Countries Governed by Parliamentary and Presidential Systems 5 Mustafa Can G\u00fcripek XVI. Y\u00fczy\u0131l\u2019da Osmanl\u0131 \u0130mparatorlu\u011fu\u2019nda ve \u0130ngiltere\u2019de Vergi Toplama Us\u00fblleri Tax Collection Methods in &hellip; <a href=\"https:\/\/www.insanveinsan.org\/en\/sayi-11-kis-2017\/\" class=\"more-link\">Continue reading <span class=\"screen-reader-text\">Issue 11, Winter 2017<\/span><\/a><\/p>\n","protected":false},"author":2,"featured_media":0,"parent":0,"menu_order":0,"comment_status":"closed","ping_status":"closed","template":"","meta":{"footnotes":""},"class_list":["post-2284","page","type-page","status-publish","hentry"],"_links":{"self":[{"href":"https:\/\/www.insanveinsan.org\/en\/wp-json\/wp\/v2\/pages\/2284","targetHints":{"allow":["GET"]}}],"collection":[{"href":"https:\/\/www.insanveinsan.org\/en\/wp-json\/wp\/v2\/pages"}],"about":[{"href":"https:\/\/www.insanveinsan.org\/en\/wp-json\/wp\/v2\/types\/page"}],"author":[{"embeddable":true,"href":"https:\/\/www.insanveinsan.org\/en\/wp-json\/wp\/v2\/users\/2"}],"replies":[{"embeddable":true,"href":"https:\/\/www.insanveinsan.org\/en\/wp-json\/wp\/v2\/comments?post=2284"}],"version-history":[{"count":1,"href":"https:\/\/www.insanveinsan.org\/en\/wp-json\/wp\/v2\/pages\/2284\/revisions"}],"predecessor-version":[{"id":5130,"href":"https:\/\/www.insanveinsan.org\/en\/wp-json\/wp\/v2\/pages\/2284\/revisions\/5130"}],"wp:attachment":[{"href":"https:\/\/www.insanveinsan.org\/en\/wp-json\/wp\/v2\/media?parent=2284"}],"curies":[{"name":"wp","href":"https:\/\/api.w.org\/{rel}","templated":true}]}}