{"id":2326,"date":"2017-04-20T02:14:15","date_gmt":"2017-04-19T23:14:15","guid":{"rendered":"http:\/\/insanveinsan.org\/?page_id=2326"},"modified":"2019-01-30T13:53:39","modified_gmt":"2019-01-30T11:53:39","slug":"sayi-12-bahar-2017","status":"publish","type":"page","link":"https:\/\/www.insanveinsan.org\/en\/sayi-12-bahar-2017\/","title":{"rendered":"Issue 12, Spring 2017"},"content":{"rendered":"<p><\/p>\n<table bgcolor=\"transparent\">\n<tbody>\n<tr>\n<td style=\"border-bottom: 1px dashed gray;\"><span style=\"color: default; font: 15px Trajan pro,arial,sans-serift;\">Y\u0131l 4, Say\u0131 12, Bahar 2017<\/span><\/td>\n<td style=\"text-align: right; border-bottom: 1px dashed gray; margin-top: -4%; margin-bottom: -0.8%;\">ISSN: 2148-7537<\/td>\n<\/tr>\n<\/tbody>\n<\/table>\n<table bgcolor=\"transparent\">\n<tbody>\n<tr>\n<td width=\"85%\"><span style=\"color: default; font: 15px Trajan pro,arial,sans-serift;\">Makaleler<br \/>\nArticles<\/span><\/td>\n<td width=\"15%\"><\/td>\n<\/tr>\n<tr>\n<td width=\"85%\"><span style=\"color: default; font: 17px Trajan pro,arial,sans-serift;\"> Sevcan Ba\u015fbo\u011fa <\/span><\/p>\n<p><a title=\"Annelik Sanat\u0131: Erken Cumhuriyet D\u00f6nemi \u00c7ocuk Dergilerinde \u00c7ocu\u011fun Bedensel Kurgusu\" href=\"http:\/\/insanveinsan.org\/annelik-sanati-erken-cumhuriyet-donemi-cocuk-dergilerinde-cocugun-bedensel-kurgusu\/\"><span style=\"text-decoration: none; font: italic 17px minion pro,arial,sans-serif;\">Annelik Sanat\u0131: Erken Cumhuriyet D\u00f6nemi \u00c7ocuk Dergilerinde \u00c7ocu\u011fun Bedensel Kurgusu<\/span><\/a><\/p>\n<p><a title=\"The Art of Motherhood: Children\u2019s Bodily Construction in Children\u2019s Periodicals Duruing the Early Republic\" href=\"http:\/\/insanveinsan.org\/en\/annelik-sanati-erken-cumhuriyet-donemi-cocuk-dergilerinde-cocugun-bedensel-kurgusu\/\"> <span style=\"text-decoration: none; font-variant: normal; font-weight: normal; font-stretch: normal; font-size: 17px; line-height: normal; font-family: 'minion pro', arial, sans-serif;\">The Art of Motherhood: Children\u2019s Bodily Construction in Children\u2019s Periodicals Duruing the Early Republic<\/span><\/a><\/td>\n<td style=\"text-align: right; vertical-align: middle;\" bgcolor=\"transparent\"><a title=\"The Art of Motherhood: Children\u2019s Bodily Construction in Children\u2019s Periodicals Duruing the Early Republic\" href=\"http:\/\/insanveinsan.org\/en\/annelik-sanati-erken-cumhuriyet-donemi-cocuk-dergilerinde-cocugun-bedensel-kurgusu\/\"><span style=\"color: default; font: 38px Trajan pro,arial,sans-serift;\">6<\/span><\/a><\/td>\n<\/tr>\n<tr>\n<td bgcolor=\"transparent\" width=\"85%\"><span style=\"color: default; font: 17px Trajan pro,arial,sans-serift;\"> Ezgi Keskin Gaga <\/span><\/p>\n<p><a title=\"Sosyal Medyada Kitle \u00c7eviri \u00dczerine Bir Ara\u015ft\u0131rma\" href=\"http:\/\/insanveinsan.org\/sosyal-medyada-kitle-ceviri-uzerine-bir-arastirma\"><span style=\"text-decoration: none; font: italic 17px minion pro,arial,sans-serif;\">Sosyal Medyada Kitle \u00c7eviri \u00dczerine Bir Ara\u015ft\u0131rma<\/span><\/a><\/p>\n<p><a title=\"A Study on Crowdsourcing Translation in Social Media\" href=\"http:\/\/insanveinsan.org\/en\/sosyal-medyada-kitle-ceviri-uzerine-bir-arastirma\"> <span style=\"text-decoration: none; font-variant: normal; font-weight: normal; font-stretch: normal; font-size: 17px; line-height: normal; font-family: 'minion pro', arial, sans-serif;\">A Study on Crowdsourcing Translation in Social Media<\/span><\/a><\/td>\n<td style=\"text-align: right; vertical-align: middle;\" bgcolor=\"transparent\"><a title=\"A Study on Crowdsourcing Translation in Social Media\" href=\"http:\/\/insanveinsan.org\/en\/sosyal-medyada-kitle-ceviri-uzerine-bir-arastirma\"><span style=\"color: default; font: 38px Trajan pro,arial,sans-serift;\">31<\/span><\/a><\/td>\n<\/tr>\n<tr>\n<td bgcolor=\"transparent\" width=\"85%\"><span style=\"color: default; font: 17px Trajan pro,arial,sans-serift;\">Do\u011fa Ba\u015far Sar\u0131ipek<\/span><\/p>\n<p><a title=\"\u201c\u0130htiya\u00e7\u201d Kavram\u0131 Ekseninde Sosyal Koruma: Temel \u0130htiya\u00e7lar Yakla\u015f\u0131m\u0131\" href=\"http:\/\/insanveinsan.org\/ihtiyac-kavrami-ekseninde-sosyal-koruma-temel-ihtiyaclar-yaklasimi\/\"><span style=\"text-decoration: none; font: italic 17px minion pro,arial,sans-serif;\">\u201c\u0130htiya\u00e7\u201d Kavram\u0131 Ekseninde Sosyal Koruma: Temel \u0130htiya\u00e7lar Yakla\u015f\u0131m\u0131<\/span><\/a><\/p>\n<p><a title=\"Social Protection on the Base of \u201cNeeds\u201d: Basic Needs Approach\" href=\"http:\/\/insanveinsan.org\/en\/ihtiyac-kavrami-ekseninde-sosyal-koruma-temel-ihtiyaclar-yaklasimi\/\"> <span style=\"text-decoration: none; font-variant: normal; font-weight: normal; font-stretch: normal; font-size: 17px; line-height: normal; font-family: 'minion pro', arial, sans-serif;\">Social Protection on the Base of \u201cNeeds\u201d: Basic Needs Approach<\/span><\/a><\/td>\n<td style=\"text-align: right; vertical-align: middle;\" bgcolor=\"transparent\"><a title=\"Social Protection on the Base of \u201cNeeds\u201d: Basic Needs Approach\" href=\"http:\/\/insanveinsan.org\/en\/ihtiyac-kavrami-ekseninde-sosyal-koruma-temel-ihtiyaclar-yaklasimi\/\"><span style=\"color: default; font: 38px Trajan pro,arial,sans-serift;\">43<\/span><\/a><\/td>\n<\/tr>\n<tr>\n<td bgcolor=\"transparent\" width=\"85%\"><span style=\"color: default; font: 17px Trajan pro,arial,sans-serift;\">Olkan Senemo\u011flu<\/span><\/p>\n<p><a title=\"T\u00fcketim, T\u00fcketim Toplumu ve T\u00fcketim K\u00fclt\u00fcr\u00fc: Kar\u015f\u0131la\u015ft\u0131rmal\u0131 Bir Analiz\" href=\"http:\/\/insanveinsan.org\/tuketim-tuketim-toplumu-ve-tuketim-kulturu-karsilastirmali-bir-analiz\/\"><span style=\"text-decoration: none; font: italic 17px minion pro,arial,sans-serif;\">T\u00fcketim, T\u00fcketim Toplumu ve T\u00fcketim K\u00fclt\u00fcr\u00fc: Kar\u015f\u0131la\u015ft\u0131rmal\u0131 Bir Analiz<\/span><\/a><\/p>\n<p><a title=\"Consumption, Consumption Society and Consumption Culture: A Comparative Analysis\" href=\"http:\/\/insanveinsan.org\/en\/tuketim-tuketim-toplumu-ve-tuketim-kulturu-karsilastirmali-bir-analiz\/\"> <span style=\"text-decoration: none; font-variant: normal; font-weight: normal; font-stretch: normal; font-size: 17px; line-height: normal; font-family: 'minion pro', arial, sans-serif;\">Consumption, Consumption Society and Consumption Culture: A Comparative Analysis<\/span><\/a><\/td>\n<td style=\"text-align: right; vertical-align: middle;\" bgcolor=\"transparent\"><a title=\"Consumption, Consumption Society and Consumption Culture: A Comparative Analysis\" href=\"http:\/\/insanveinsan.org\/en\/tuketim-tuketim-toplumu-ve-tuketim-kulturu-karsilastirmali-bir-analiz\/\"><span style=\"color: default; font: 38px Trajan pro,arial,sans-serift;\">66<\/span><\/a><\/td>\n<\/tr>\n<\/tbody>\n<\/table>\n<table bgcolor=\"transparent\">\n<tbody>\n<tr>\n<td style=\"border-bottom: 1px dashed gray;\"><\/td>\n<\/tr>\n<\/tbody>\n<\/table>\n<p><img loading=\"lazy\" decoding=\"async\" class=\"alignnone wp-image-119 size-full\" src=\"..\/wp-content\/uploads\/pdf-e1407190133528.png\" alt=\"\" width=\"50\" height=\"50\" \/><br \/>\n<span style=\"text-decoration: none; font-variant: normal; font-weight: normal; font-stretch: normal; font-size: 15px; line-height: normal; font-family: 'minion pro', arial, sans-serif;\">Year 4, Issue 12, Spring 2017<br \/>\nTam metin \/ Full text<\/span><\/p>\n<p><span style=\"text-decoration: none; font-variant: normal; font-weight: normal; font-stretch: normal; font-size: 15px; line-height: normal; font-family: 'minion pro', arial, sans-serif;\"><a rel=\"license\" href=\"http:\/\/creativecommons.org\/licenses\/by-nc\/4.0\/\"><img decoding=\"async\" alt=\"Creative Commons License\" style=\"border-width:0\" src=\"https:\/\/i.creativecommons.org\/l\/by-nc\/4.0\/80x15.png\" \/><\/a><br \/>This work is licensed under a <a rel=\"license\" href=\"http:\/\/creativecommons.org\/licenses\/by-nc\/4.0\/\">Creative Commons Attribution-NonCommercial 4.0 International License<\/a>.<\/span><\/p>\n<div style=\"width: 240px;\">\n <span style=\"text-decoration: none; font-variant: normal; font-weight: normal; font-stretch: normal; font-size: 15px; line-height: normal; font-family: 'minion pro', arial, sans-serif;\"><\/p>\n<div style=\"float: left; width: 20px;\"><i class=\"fa fa-eye\" aria-hidden=\"true\"><\/i><\/span><\/div>\n<p> <span style=\"text-decoration: none; font-variant: normal; font-weight: normal; font-stretch: normal; font-size: 15px; line-height: normal; font-family: 'minion pro', arial, sans-serif;\"><\/p>\n<div style=\"float: left; width: 50px;\">[post-views]<\/div>\n<p><\/span><\/p>\n<div style=\"float: left; width: 20px;\"><i class=\"fa fa-download\" aria-hidden=\"true\"><\/i><\/div>\n<div style=\"float: left; width: 150px;\"><span style=\"text-decoration: none; font-variant: normal; font-weight: normal; font-stretch: normal; font-size: 15px; line-height: normal; font-family: 'minion pro', arial, sans-serif;\"><div class=\"sdm_download_count\"><span class=\"sdm_count_number\">338<\/span><span class=\"sdm_count_string\"> Downloads<\/span><\/div><\/span><\/div>\n<p> <br style=\"clear: left;\" \/>\n<\/div>\n<div class=\"sdm_download_button_box_default\"><div class=\"sdm_download_link\"><a href=\"https:\/\/www.insanveinsan.org\/?sdm_process_download=1&download_id=2325\" class=\"sdm_download grey\" title=\"12\" target=&quot;_blank&quot;>Download Now!<\/a><\/div><\/div>\n<table bgcolor=\"transparent\">\n<tbody>\n<tr>\n<td style=\"border-bottom: 1px dashed gray;\"><\/td>\n<\/tr>\n<\/tbody>\n<\/table>\n<p><\/p>","protected":false},"excerpt":{"rendered":"<p>Y\u0131l 4, Say\u0131 12, Bahar 2017 ISSN: 2148-7537 Makaleler Articles Sevcan Ba\u015fbo\u011fa Annelik Sanat\u0131: Erken Cumhuriyet D\u00f6nemi \u00c7ocuk Dergilerinde \u00c7ocu\u011fun Bedensel Kurgusu The Art of Motherhood: Children\u2019s Bodily Construction in Children\u2019s Periodicals Duruing the Early Republic 6 Ezgi Keskin Gaga Sosyal Medyada Kitle \u00c7eviri \u00dczerine Bir Ara\u015ft\u0131rma A Study on Crowdsourcing Translation in Social Media &hellip; <a href=\"https:\/\/www.insanveinsan.org\/en\/sayi-12-bahar-2017\/\" class=\"more-link\">Continue reading <span class=\"screen-reader-text\">Issue 12, Spring 2017<\/span><\/a><\/p>\n","protected":false},"author":2,"featured_media":0,"parent":0,"menu_order":0,"comment_status":"closed","ping_status":"closed","template":"","meta":{"footnotes":""},"class_list":["post-2326","page","type-page","status-publish","hentry"],"_links":{"self":[{"href":"https:\/\/www.insanveinsan.org\/en\/wp-json\/wp\/v2\/pages\/2326","targetHints":{"allow":["GET"]}}],"collection":[{"href":"https:\/\/www.insanveinsan.org\/en\/wp-json\/wp\/v2\/pages"}],"about":[{"href":"https:\/\/www.insanveinsan.org\/en\/wp-json\/wp\/v2\/types\/page"}],"author":[{"embeddable":true,"href":"https:\/\/www.insanveinsan.org\/en\/wp-json\/wp\/v2\/users\/2"}],"replies":[{"embeddable":true,"href":"https:\/\/www.insanveinsan.org\/en\/wp-json\/wp\/v2\/comments?post=2326"}],"version-history":[{"count":0,"href":"https:\/\/www.insanveinsan.org\/en\/wp-json\/wp\/v2\/pages\/2326\/revisions"}],"wp:attachment":[{"href":"https:\/\/www.insanveinsan.org\/en\/wp-json\/wp\/v2\/media?parent=2326"}],"curies":[{"name":"wp","href":"https:\/\/api.w.org\/{rel}","templated":true}]}}