{"id":2420,"date":"2017-07-15T03:44:10","date_gmt":"2017-07-15T00:44:10","guid":{"rendered":"http:\/\/insanveinsan.org\/?page_id=2420"},"modified":"2019-11-24T22:26:08","modified_gmt":"2019-11-24T19:26:08","slug":"sayi-13-yaz-2017","status":"publish","type":"page","link":"https:\/\/www.insanveinsan.org\/en\/sayi-13-yaz-2017\/","title":{"rendered":"Issue 13, Summer 2017"},"content":{"rendered":"<p><\/p>\n<table bgcolor=\"transparent\">\n<tbody>\n<tr>\n<td style=\"border-bottom: 1px dashed gray;\"><span style=\"color: default; font: 15px Trajan pro,arial,sans-serift;\">Y\u0131l 4, Say\u0131 13, Yaz 2017<\/span><\/td>\n<td style=\"text-align: right; border-bottom: 1px dashed gray; margin-top: -4%; margin-bottom: -0.8%;\">ISSN: 2148-7537<\/td>\n<\/tr>\n<\/tbody>\n<\/table>\n<table bgcolor=\"transparent\">\n<tbody>\n<tr>\n<td width=\"85%\"><span style=\"color: default; font: 15px Trajan pro,arial,sans-serift;\">Makaleler<br \/>\nArticles<\/span><\/td>\n<td width=\"15%\"><\/td>\n<\/tr>\n<tr>\n<td width=\"85%\"><span style=\"color: default; font: 17px Trajan pro,arial,sans-serift;\"> Sena Co\u015fkun <\/span><br \/>\n<a title=\"Avrupa Birli\u011fi\u2019nin G\u00f6rsel-\u0130\u015fitsel Politikas\u0131 Ba\u011flam\u0131nda Almanya, Fransa, \u0130ngiltere ve \u0130talya\u2019daki Radyo ve Televizyon Yay\u0131n Hizmetlerinin Denetimi\" href=\"http:\/\/insanveinsan.org\/avrupa-birliginin-gorsel-isitsel-politikasi-baglaminda-almanya-fransa-ingiltere-ve-italyadaki-radyo-ve-televizyon-yayin-hizmetlerinin-denetimi\/\"><span style=\"text-decoration: none; font: italic 17px minion pro,arial,sans-serif;\">Avrupa Birli\u011fi\u2019nin G\u00f6rsel-\u0130\u015fitsel Politikas\u0131 Ba\u011flam\u0131nda Almanya, Fransa, \u0130ngiltere ve \u0130talya\u2019daki Radyo ve Televizyon Yay\u0131n Hizmetlerinin Denetimi<\/span><\/a><br \/>\n<a title=\"Supervision of Radio and Television Broadcasting Services in Germany, France, England and Italy in the Context of Audiovisual Policy of the European Union\" href=\"http:\/\/insanveinsan.org\/en\/avrupa-birliginin-gorsel-isitsel-politikasi-baglaminda-almanya-fransa-ingiltere-ve-italyadaki-radyo-ve-televizyon-yayin-hizmetlerinin-denetimi\/\"> <span style=\"text-decoration: none; font-variant: normal; font-weight: normal; font-stretch: normal; font-size: 17px; line-height: normal; font-family: 'minion pro', arial, sans-serif;\">Supervision of Radio and Television Broadcasting Services in Germany, France, England and Italy in the Context of Audiovisual Policy of the European Union<\/span><\/a><\/td>\n<td style=\"text-align: right; vertical-align: middle;\" bgcolor=\"transparent\"><a title=\"Supervision of Radio and Television Broadcasting Services in Germany, France, England and Italy in the Context of Audiovisual Policy of the European Union\" href=\"http:\/\/insanveinsan.org\/en\/avrupa-birliginin-gorsel-isitsel-politikasi-baglaminda-almanya-fransa-ingiltere-ve-italyadaki-radyo-ve-televizyon-yayin-hizmetlerinin-denetimi\/\"><span style=\"color: default; font: 38px Trajan pro,arial,sans-serift;\">199<\/span><\/a><\/td>\n<\/tr>\n<tr>\n<td bgcolor=\"transparent\" width=\"85%\"><span style=\"color: default; font: 17px Trajan pro,arial,sans-serift;\"> Adem \u00c7elik \/ Aykut Aykutalp <\/span><br \/>\n<a title=\"Bios Politikos\u2019tan Homo Economicus\u2019a: Kar\u015f\u0131la\u015ft\u0131rmal\u0131 Bir Perspektifle Antik ve Modern D\u00f6nemde \u0130nsan, Ekonomi ve Siyaset \u0130li\u015fkisi\" href=\"http:\/\/insanveinsan.org\/bios-politikostan-homo-economicusa-karsilastirmali-bir-perspektifle-antik-ve-modern-donemde-insan-ekonomi-ve-siyaset-iliskisi\"><span style=\"text-decoration: none; font: italic 17px minion pro,arial,sans-serif;\">Bios Politikos\u2019tan Homo Economicus\u2019a: Kar\u015f\u0131la\u015ft\u0131rmal\u0131 Bir Perspektifle Antik ve Modern D\u00f6nemde \u0130nsan, Ekonomi ve Siyaset \u0130li\u015fkisi<\/span><\/a><br \/>\n<a title=\"From Bios Politikos to Homo Economicus: The Relationship Between Human, Economy and Politics in the Ancient and Modern Periods with a Comparative Perspective\" href=\"http:\/\/insanveinsan.org\/en\/bios-politikostan-homo-economicusa-karsilastirmali-bir-perspektifle-antik-ve-modern-donemde-insan-ekonomi-ve-siyaset-iliskisi\"> <span style=\"text-decoration: none; font-variant: normal; font-weight: normal; font-stretch: normal; font-size: 17px; line-height: normal; font-family: 'minion pro', arial, sans-serif;\">From Bios Politikos to Homo Economicus: The Relationship Between Human, Economy and Politics in the Ancient and Modern Periods with a Comparative Perspective<\/span><\/a><\/td>\n<td style=\"text-align: right; vertical-align: middle;\" bgcolor=\"transparent\"><a title=\"From Bios Politikos to Homo Economicus: The Relationship Between Human, Economy and Politics in the Ancient and Modern Periods with a Comparative Perspective\" href=\"http:\/\/insanveinsan.org\/en\/bios-politikostan-homo-economicusa-karsilastirmali-bir-perspektifle-antik-ve-modern-donemde-insan-ekonomi-ve-siyaset-iliskisi\"><span style=\"color: default; font: 38px Trajan pro,arial,sans-serift;\">223<\/span><\/a><\/td>\n<\/tr>\n<tr>\n<td bgcolor=\"transparent\" width=\"85%\"><span style=\"color: default; font: 17px Trajan pro,arial,sans-serift;\">Serta\u00e7 Timur Demir<\/span><br \/>\n<a title=\"Modern K\u00fclt\u00fcrde Kentten Ka\u00e7man\u0131n ve Uzaklara Gitmenin Sosyolojisi\" href=\"http:\/\/insanveinsan.org\/modern-kulturde-kentten-kacmanin-ve-uzaklara-gitmenin-sosyolojisi\/\"><span style=\"text-decoration: none; font: italic 17px minion pro,arial,sans-serif;\">Modern K\u00fclt\u00fcrde Kentten Ka\u00e7man\u0131n ve Uzaklara Gitmenin Sosyolojisi<\/span><\/a><br \/>\n<a title=\"The Sociology of Escaping from the City and Going far away in the Modern Culture\" href=\"http:\/\/insanveinsan.org\/en\/modern-kulturde-kentten-kacmanin-ve-uzaklara-gitmenin-sosyolojisi\/\"> <span style=\"text-decoration: none; font-variant: normal; font-weight: normal; font-stretch: normal; font-size: 17px; line-height: normal; font-family: 'minion pro', arial, sans-serif;\">The Sociology of Escaping from the City and Going far away in the Modern Culture<\/span><\/a><\/td>\n<td style=\"text-align: right; vertical-align: middle;\" bgcolor=\"transparent\"><a title=\"The Sociology of Escaping from the City and Going far away in the Modern Culture\" href=\"http:\/\/insanveinsan.org\/en\/modern-kulturde-kentten-kacmanin-ve-uzaklara-gitmenin-sosyolojisi\/\"><span style=\"color: default; font: 38px Trajan pro,arial,sans-serift;\">242<\/span><\/a><\/td>\n<\/tr>\n<tr>\n<td bgcolor=\"transparent\" width=\"85%\"><span style=\"color: default; font: 17px Trajan pro,arial,sans-serift;\">Feyza Turgay<\/span><br \/>\n<a title=\"1960-1963 D\u00f6nemi \u0130\u015f\u00e7i Eylemlerine A\u015fa\u011f\u0131dan Bakmak\" href=\"http:\/\/insanveinsan.org\/1960-1963-donemi-isci-eylemlerine-asagidan-bakmak\/\"><span style=\"text-decoration: none; font: italic 17px minion pro,arial,sans-serif;\">1960-1963 D\u00f6nemi \u0130\u015f\u00e7i Eylemlerine A\u015fa\u011f\u0131dan Bakmak<\/span><\/a><br \/>\n<a title=\"View of Labour Movements of 1960-63 Period from Below\" href=\"http:\/\/insanveinsan.org\/en\/1960-1963-donemi-isci-eylemlerine-asagidan-bakmak\/\"> <span style=\"text-decoration: none; font-variant: normal; font-weight: normal; font-stretch: normal; font-size: 17px; line-height: normal; font-family: 'minion pro', arial, sans-serif;\">View of Labour Movements of 1960-63 Period from Below<\/span><\/a><\/td>\n<td style=\"text-align: right; vertical-align: middle;\" bgcolor=\"transparent\"><a title=\"View of Labour Movements of 1960-63 Period from Below\" href=\"http:\/\/insanveinsan.org\/en\/1960-1963-donemi-isci-eylemlerine-asagidan-bakmak\/\"><span style=\"color: default; font: 38px Trajan pro,arial,sans-serift;\">253<\/span><\/a><\/td>\n<\/tr>\n<\/tbody>\n<\/table>\n<table bgcolor=\"transparent\">\n<tbody>\n<tr>\n<td style=\"border-bottom: 1px dashed gray;\"><\/td>\n<\/tr>\n<\/tbody>\n<\/table>\n<p><img loading=\"lazy\" decoding=\"async\" class=\"alignnone wp-image-119 size-full\" src=\"..\/wp-content\/uploads\/pdf-e1407190133528.png\" alt=\"\" width=\"50\" height=\"50\"><br \/>\n<span style=\"text-decoration: none; font-variant: normal; font-weight: normal; font-stretch: normal; font-size: 15px; line-height: normal; font-family: 'minion pro', arial, sans-serif;\">Year 4, Issue 13, Summer 2017<br \/>\nTam metin \/ Full text<\/span><\/p>\n<div style=\"width: 240px;\">\n<span style=\"text-decoration: none; font-variant: normal; font-weight: normal; font-stretch: normal; font-size: 15px; line-height: normal; font-family: 'minion pro', arial, sans-serif;\"><\/p>\n<div style=\"float: left; width: 20px;\"><img decoding=\"async\" style=\"border-width:0\" src=\"..\/wp-content\/uploads\/izleme-icon.png\"><\/div>\n<p><span style=\"text-decoration: none; font-variant: normal; font-weight: normal; font-stretch: normal; font-size: 15px; line-height: normal; font-family: 'minion pro', arial, sans-serif;\"><\/span><\/p>\n<div style=\"float: left; width: 50px;\">[post-views]<\/div>\n<div style=\"float: left; width: 20px;\"><img decoding=\"async\" style=\"border-width:0\" src=\"..\/wp-content\/uploads\/indirme-icon.png\"><\/div>\n<div style=\"float: left; width: 150px;\"><span style=\"text-decoration: none; font-variant: normal; font-weight: normal; font-stretch: normal; font-size: 15px; line-height: normal; font-family: 'minion pro', arial, sans-serif;\"><div class=\"sdm_download_count\"><span class=\"sdm_count_number\">475<\/span><span class=\"sdm_count_string\"> Downloads<\/span><\/div><\/span><\/div>\n<p><br style=\"clear: left;\"><\/p>\n<p><\/span><\/div>\n<div class=\"sdm_download_button_box_default\"><div class=\"sdm_download_link\"><a href=\"https:\/\/www.insanveinsan.org\/?sdm_process_download=1&download_id=2419\" class=\"sdm_download grey\" title=\"13\" target=&quot;_blank&quot;>Download Now!<\/a><\/div><\/div>\n<table bgcolor=\"transparent\">\n<tbody>\n<tr>\n<td style=\"border-bottom: 1px dashed gray;\"><\/td>\n<\/tr>\n<\/tbody>\n<\/table>\n<p><span style=\"text-decoration: none; font-variant: normal; font-weight: normal; font-stretch: normal; font-size: 15px; line-height: normal; font-family: 'minion pro', arial, sans-serif;\"><a rel=\"license\" href=\"https:\/\/creativecommons.org\/licenses\/by-nc\/4.0\/\"><img decoding=\"async\" alt=\"Creative Commons License\" style=\"border-width:0\" src=\"https:\/\/i.creativecommons.org\/l\/by-nc\/4.0\/80x15.png\"><\/a><br \/>\nThis work is licensed under a <a rel=\"license\" href=\"https:\/\/creativecommons.org\/licenses\/by-nc\/4.0\/\">Creative Commons Attribution-NonCommercial 4.0 International License<\/a>.<\/span><br \/>\n<\/p>","protected":false},"excerpt":{"rendered":"<p>Y\u0131l 4, Say\u0131 13, Yaz 2017 ISSN: 2148-7537 Makaleler Articles Sena Co\u015fkun Avrupa Birli\u011fi\u2019nin G\u00f6rsel-\u0130\u015fitsel Politikas\u0131 Ba\u011flam\u0131nda Almanya, Fransa, \u0130ngiltere ve \u0130talya\u2019daki Radyo ve Televizyon Yay\u0131n Hizmetlerinin Denetimi Supervision of Radio and Television Broadcasting Services in Germany, France, England and Italy in the Context of Audiovisual Policy of the European Union 199 Adem \u00c7elik \/ &hellip; <a href=\"https:\/\/www.insanveinsan.org\/en\/sayi-13-yaz-2017\/\" class=\"more-link\">Continue reading <span class=\"screen-reader-text\">Issue 13, Summer 2017<\/span><\/a><\/p>\n","protected":false},"author":2,"featured_media":0,"parent":0,"menu_order":0,"comment_status":"closed","ping_status":"closed","template":"","meta":{"footnotes":""},"class_list":["post-2420","page","type-page","status-publish","hentry"],"_links":{"self":[{"href":"https:\/\/www.insanveinsan.org\/en\/wp-json\/wp\/v2\/pages\/2420","targetHints":{"allow":["GET"]}}],"collection":[{"href":"https:\/\/www.insanveinsan.org\/en\/wp-json\/wp\/v2\/pages"}],"about":[{"href":"https:\/\/www.insanveinsan.org\/en\/wp-json\/wp\/v2\/types\/page"}],"author":[{"embeddable":true,"href":"https:\/\/www.insanveinsan.org\/en\/wp-json\/wp\/v2\/users\/2"}],"replies":[{"embeddable":true,"href":"https:\/\/www.insanveinsan.org\/en\/wp-json\/wp\/v2\/comments?post=2420"}],"version-history":[{"count":0,"href":"https:\/\/www.insanveinsan.org\/en\/wp-json\/wp\/v2\/pages\/2420\/revisions"}],"wp:attachment":[{"href":"https:\/\/www.insanveinsan.org\/en\/wp-json\/wp\/v2\/media?parent=2420"}],"curies":[{"name":"wp","href":"https:\/\/api.w.org\/{rel}","templated":true}]}}