{"id":2487,"date":"2017-10-19T14:10:07","date_gmt":"2017-10-19T11:10:07","guid":{"rendered":"http:\/\/insanveinsan.org\/?page_id=2487"},"modified":"2019-11-24T16:28:36","modified_gmt":"2019-11-24T13:28:36","slug":"sayi-14-guz-2017","status":"publish","type":"page","link":"https:\/\/www.insanveinsan.org\/en\/sayi-14-guz-2017\/","title":{"rendered":"Issue 14, Fall 2017"},"content":{"rendered":"<p><\/p>\n<table bgcolor=\"transparent\">\n<tbody>\n<tr>\n<td style=\"border-bottom: 1px dashed gray;\"><span style=\"color: default; font: 15px Trajan pro,arial,sans-serift;\">Y\u0131l 4, Say\u0131 14, G\u00fcz 2017<\/span><\/td>\n<td style=\"text-align: right; border-bottom: 1px dashed gray; margin-top: -4%; margin-bottom: -0.8%;\">ISSN: 2148-7537<\/td>\n<\/tr>\n<\/tbody>\n<\/table>\n<table bgcolor=\"transparent\">\n<tbody>\n<tr>\n<td width=\"85%\"><span style=\"color: default; font: 15px Trajan pro,arial,sans-serift;\">Makaleler<br \/>\nArticles<\/span><\/td>\n<td width=\"15%\"><\/td>\n<\/tr>\n<tr>\n<td width=\"85%\"><span style=\"color: default; font: 17px Trajan pro,arial,sans-serift;\"> Ezgi \u00c7ak\u0131r <\/span><br \/>\n<a title=\"16 Nisan Referandum S\u00fcrecinde Ba\u015fkanl\u0131k Sistemi Tart\u0131\u015fmalar\u0131n\u0131n T\u00fcrk Bas\u0131n\u0131na Yans\u0131malar\u0131\" href=\"..\/16-nisan-referandum-surecinde-baskanlik-sistemi-tartismalarinin-turk-basinina-yansimalari\/\"><span style=\"text-decoration: none; font: italic 17px minion pro,arial,sans-serif;\">16 Nisan Referandum S\u00fcrecinde Ba\u015fkanl\u0131k Sistemi Tart\u0131\u015fmalar\u0131n\u0131n T\u00fcrk Bas\u0131n\u0131na Yans\u0131malar\u0131<\/span><\/a><br \/>\n<a title=\"Reflection of the Presidential System Discussions During April 16 Referendum in Turkish Press\" href=\"..\/en\/16-nisan-referandum-surecinde-baskanlik-sistemi-tartismalarinin-turk-basinina-yansimalari\/\"> <span style=\"text-decoration: none; font-variant: normal; font-weight: normal; font-stretch: normal; font-size: 17px; line-height: normal; font-family: 'minion pro', arial, sans-serif;\">Reflection of the Presidential System Discussions During April 16 Referendum in Turkish Press<\/span><\/a><\/td>\n<td style=\"text-align: right; vertical-align: middle;\" bgcolor=\"transparent\"><a title=\"Reflection of the Presidential System Discussions During April 16 Referendum in Turkish Press\" href=\"..\/en\/16-nisan-referandum-surecinde-baskanlik-sistemi-tartismalarinin-turk-basinina-yansimalari\/\"><span style=\"color: default; font: 38px Trajan pro,arial,sans-serift;\">273<\/span><\/a><\/td>\n<\/tr>\n<tr>\n<td bgcolor=\"transparent\" width=\"85%\"><span style=\"color: default; font: 17px Trajan pro,arial,sans-serift;\"> S\u00fcleyman D\u00f6nmez \/ Mehmet Ali \u00c7elik <\/span><br \/>\n<a title=\"Tek Tarafl\u0131 Birliktelik (Kommensalizm), Kar\u015f\u0131l\u0131kl\u0131 Fayda Birlikteli\u011fi (Mutualizm) ve Asalakl\u0131k (Parazitizm) \u00dc\u00e7geninde \u0130nsan-Do\u011fa \u0130li\u015fkileri\" href=\"..\/tek-tarafli-birliktelik-kommensalizm-karsilikli-fayda-birlikteligi-mutualizm-ve-asalaklik-parazitizm-ucgeninde-insan-doga-iliskileri\"><span style=\"text-decoration: none; font: italic 17px minion pro,arial,sans-serif;\">Tek Tarafl\u0131 Birliktelik (Kommensalizm), Kar\u015f\u0131l\u0131kl\u0131 Fayda Birlikteli\u011fi (Mutualizm) ve Asalakl\u0131k (Parazitizm) \u00dc\u00e7geninde \u0130nsan-Do\u011fa \u0130li\u015fkileri<\/span><\/a><br \/>\n<a title=\"Human-Nature Relationships within the Triangle of Commensalism, Mutualism and Parasitism\" href=\"..\/en\/tek-tarafli-birliktelik-kommensalizm-karsilikli-fayda-birlikteligi-mutualizm-ve-asalaklik-parazitizm-ucgeninde-insan-doga-iliskileri\"> <span style=\"text-decoration: none; font-variant: normal; font-weight: normal; font-stretch: normal; font-size: 17px; line-height: normal; font-family: 'minion pro', arial, sans-serif;\">Human-Nature Relationships within the Triangle of Commensalism, Mutualism and Parasitism<\/span><\/a><\/td>\n<td style=\"text-align: right; vertical-align: middle;\" bgcolor=\"transparent\"><a title=\"Human-Nature Relationships within the Triangle of Commensalism, Mutualism and Parasitism\" href=\"..\/en\/tek-tarafli-birliktelik-kommensalizm-karsilikli-fayda-birlikteligi-mutualizm-ve-asalaklik-parazitizm-ucgeninde-insan-doga-iliskileri\"><span style=\"color: default; font: 38px Trajan pro,arial,sans-serift;\">301<\/span><\/a><\/td>\n<\/tr>\n<tr>\n<td bgcolor=\"transparent\" width=\"85%\"><span style=\"color: default; font: 17px Trajan pro,arial,sans-serift;\">Yasemin K\u0131l\u0131n\u00e7arslan<\/span><br \/>\n<a title=\"Geleneksel Japon Kabuki Dans Tiyatrosunun Ayk\u0131r\u0131 Bedenleri \u201cOnnagatalar\u201d\" href=\"..\/geleneksel-japon-kabuki-dans-tiyatrosunun-aykiri-bedenleri-onnagatalar\/\"><span style=\"text-decoration: none; font: italic 17px minion pro,arial,sans-serif;\">Geleneksel Japon Kabuki Dans Tiyatrosunun Ayk\u0131r\u0131 Bedenleri \u201cOnnagatalar\u201d<\/span><\/a><br \/>\n<a title=\"Traversal Bodies of Traditional Japanese Kabuki Dance Theatre \u201cOnnagatas\u201d\" href=\"..\/en\/geleneksel-japon-kabuki-dans-tiyatrosunun-aykiri-bedenleri-onnagatalar\/\"> <span style=\"text-decoration: none; font-variant: normal; font-weight: normal; font-stretch: normal; font-size: 17px; line-height: normal; font-family: 'minion pro', arial, sans-serif;\">Traversal Bodies of Traditional Japanese Kabuki Dance Theatre \u201cOnnagatas\u201d<\/span><\/a><\/td>\n<td style=\"text-align: right; vertical-align: middle;\" bgcolor=\"transparent\"><a title=\"Traversal Bodies of Traditional Japanese Kabuki Dance Theatre \u201cOnnagatas\u201d\" href=\"..\/en\/geleneksel-japon-kabuki-dans-tiyatrosunun-aykiri-bedenleri-onnagatalar\/\"><span style=\"color: default; font: 38px Trajan pro,arial,sans-serift;\">314<\/span><\/a><\/td>\n<\/tr>\n<tr>\n<td bgcolor=\"transparent\" width=\"85%\"><span style=\"color: default; font: 17px Trajan pro,arial,sans-serift;\">Selfiye \u00d6zkan<\/span><br \/>\n<a title=\"Siyasal Reklamlarda K\u00fclt\u00fcrel Unsurlar\u0131n \u0130\u015flenmesi: AK Parti 2017 Referandum Reklam Filmi \u00dczerine G\u00f6stergebilimsel Bir \u00c7\u00f6z\u00fcmleme\" href=\"..\/siyasal-reklamlarda-kulturel-unsurlarin-islenmesi-aK-parti-2017-referandum-reklam-filmi-uzerine-gostergebilimsel-bir-cozumleme\/\"><span style=\"text-decoration: none; font: italic 17px minion pro,arial,sans-serif;\">Siyasal Reklamlarda K\u00fclt\u00fcrel Unsurlar\u0131n \u0130\u015flenmesi: AK Parti 2017 Referandum Reklam Filmi \u00dczerine G\u00f6stergebilimsel Bir \u00c7\u00f6z\u00fcmleme<\/span><\/a><br \/>\n<a title=\"Processing Cultural Elements in Political Advertisements: A Semiological Analysis on the AK Party 2017 Referendum Film\" href=\"..\/en\/siyasal-reklamlarda-kulturel-unsurlarin-islenmesi-aK-parti-2017-referandum-reklam-filmi-uzerine-gostergebilimsel-bir-cozumleme\/\"> <span style=\"text-decoration: none; font-variant: normal; font-weight: normal; font-stretch: normal; font-size: 17px; line-height: normal; font-family: 'minion pro', arial, sans-serif;\">Processing Cultural Elements in Political Advertisements: A Semiological Analysis on the AK Party 2017 Referendum Film<\/span><\/a><\/td>\n<td style=\"text-align: right; vertical-align: middle;\" bgcolor=\"transparent\"><a title=\"Processing Cultural Elements in Political Advertisements: A Semiological Analysis on the AK Party 2017 Referendum Film\" href=\"..\/en\/siyasal-reklamlarda-kulturel-unsurlarin-islenmesi-aK-parti-2017-referandum-reklam-filmi-uzerine-gostergebilimsel-bir-cozumleme\/\"><span style=\"color: default; font: 38px Trajan pro,arial,sans-serift;\">335<\/span><\/a><\/td>\n<\/tr>\n<\/tbody>\n<\/table>\n<table bgcolor=\"transparent\">\n<tbody>\n<tr>\n<td style=\"border-bottom: 1px dashed gray;\"><\/td>\n<\/tr>\n<\/tbody>\n<\/table>\n<p><img loading=\"lazy\" decoding=\"async\" class=\"alignnone wp-image-119 size-full\" src=\"..\/wp-content\/uploads\/pdf-e1407190133528.png\" alt=\"\" width=\"50\" height=\"50\"><br \/>\n<span style=\"text-decoration: none; font-variant: normal; font-weight: normal; font-stretch: normal; font-size: 15px; line-height: normal; font-family: 'minion pro', arial, sans-serif;\">Year 4, Issue 14, Fall 2017<br \/>\nTam metin \/ Full text<\/span><\/p>\n<div style=\"width: 240px;\">\n<span style=\"text-decoration: none; font-variant: normal; font-weight: normal; font-stretch: normal; font-size: 15px; line-height: normal; font-family: 'minion pro', arial, sans-serif;\"><\/p>\n<div style=\"float: left; width: 20px;\"><img decoding=\"async\" style=\"border-width:0\" src=\"..\/wp-content\/uploads\/izleme-icon.png\"><\/div>\n<p><span style=\"text-decoration: none; font-variant: normal; font-weight: normal; font-stretch: normal; font-size: 15px; line-height: normal; font-family: 'minion pro', arial, sans-serif;\"><\/span><\/p>\n<div style=\"float: left; width: 50px;\">[post-views]<\/div>\n<div style=\"float: left; width: 20px;\"><img decoding=\"async\" style=\"border-width:0\" src=\"..\/wp-content\/uploads\/indirme-icon.png\"><\/div>\n<div style=\"float: left; width: 150px;\"><span style=\"text-decoration: none; font-variant: normal; font-weight: normal; font-stretch: normal; font-size: 15px; line-height: normal; font-family: 'minion pro', arial, sans-serif;\"><div class=\"sdm_download_count\"><span class=\"sdm_count_number\">382<\/span><span class=\"sdm_count_string\"> Downloads<\/span><\/div><\/span><\/div>\n<p><br style=\"clear: left;\"><\/p>\n<p><\/span><\/div>\n<div class=\"sdm_download_button_box_default\"><div class=\"sdm_download_link\"><a href=\"https:\/\/www.insanveinsan.org\/?sdm_process_download=1&download_id=2486\" class=\"sdm_download grey\" title=\"14\" target=&quot;_blank&quot;>Download Now!<\/a><\/div><\/div>\n<table bgcolor=\"transparent\">\n<tbody>\n<tr>\n<td style=\"border-bottom: 1px dashed gray;\"><\/td>\n<\/tr>\n<\/tbody>\n<\/table>\n<p><span style=\"text-decoration: none; font-variant: normal; font-weight: normal; font-stretch: normal; font-size: 15px; line-height: normal; font-family: 'minion pro', arial, sans-serif;\"><a rel=\"license\" href=\"https:\/\/creativecommons.org\/licenses\/by-nc\/4.0\/\"><img decoding=\"async\" alt=\"Creative Commons License\" style=\"border-width:0\" src=\"https:\/\/i.creativecommons.org\/l\/by-nc\/4.0\/80x15.png\"><\/a><br \/>\nThis work is licensed under a <a rel=\"license\" href=\"https:\/\/creativecommons.org\/licenses\/by-nc\/4.0\/\">Creative Commons Attribution-NonCommercial 4.0 International License<\/a>.<\/span><br \/>\n<\/p>","protected":false},"excerpt":{"rendered":"<p>Y\u0131l 4, Say\u0131 14, G\u00fcz 2017 ISSN: 2148-7537 Makaleler Articles Ezgi \u00c7ak\u0131r 16 Nisan Referandum S\u00fcrecinde Ba\u015fkanl\u0131k Sistemi Tart\u0131\u015fmalar\u0131n\u0131n T\u00fcrk Bas\u0131n\u0131na Yans\u0131malar\u0131 Reflection of the Presidential System Discussions During April 16 Referendum in Turkish Press 273 S\u00fcleyman D\u00f6nmez \/ Mehmet Ali \u00c7elik Tek Tarafl\u0131 Birliktelik (Kommensalizm), Kar\u015f\u0131l\u0131kl\u0131 Fayda Birlikteli\u011fi (Mutualizm) ve Asalakl\u0131k (Parazitizm) \u00dc\u00e7geninde \u0130nsan-Do\u011fa &hellip; <a href=\"https:\/\/www.insanveinsan.org\/en\/sayi-14-guz-2017\/\" class=\"more-link\">Continue reading <span class=\"screen-reader-text\">Issue 14, Fall 2017<\/span><\/a><\/p>\n","protected":false},"author":2,"featured_media":0,"parent":0,"menu_order":0,"comment_status":"closed","ping_status":"closed","template":"","meta":{"footnotes":""},"class_list":["post-2487","page","type-page","status-publish","hentry"],"_links":{"self":[{"href":"https:\/\/www.insanveinsan.org\/en\/wp-json\/wp\/v2\/pages\/2487","targetHints":{"allow":["GET"]}}],"collection":[{"href":"https:\/\/www.insanveinsan.org\/en\/wp-json\/wp\/v2\/pages"}],"about":[{"href":"https:\/\/www.insanveinsan.org\/en\/wp-json\/wp\/v2\/types\/page"}],"author":[{"embeddable":true,"href":"https:\/\/www.insanveinsan.org\/en\/wp-json\/wp\/v2\/users\/2"}],"replies":[{"embeddable":true,"href":"https:\/\/www.insanveinsan.org\/en\/wp-json\/wp\/v2\/comments?post=2487"}],"version-history":[{"count":0,"href":"https:\/\/www.insanveinsan.org\/en\/wp-json\/wp\/v2\/pages\/2487\/revisions"}],"wp:attachment":[{"href":"https:\/\/www.insanveinsan.org\/en\/wp-json\/wp\/v2\/media?parent=2487"}],"curies":[{"name":"wp","href":"https:\/\/api.w.org\/{rel}","templated":true}]}}