{"id":2650,"date":"2018-01-29T22:08:22","date_gmt":"2018-01-29T20:08:22","guid":{"rendered":"http:\/\/insanveinsan.org\/?page_id=2650"},"modified":"2019-11-24T16:08:27","modified_gmt":"2019-11-24T13:08:27","slug":"sayi-15-kis-2018","status":"publish","type":"page","link":"https:\/\/www.insanveinsan.org\/en\/sayi-15-kis-2018\/","title":{"rendered":"Issue 15, Winter 2018"},"content":{"rendered":"<p><\/p>\n<table bgcolor=\"transparent\">\n<tbody>\n<tr>\n<td style=\"border-bottom: 1px dashed gray;\"><span style=\"color: default; font: 15px Trajan pro,arial,sans-serift;\">Y\u0131l 5, Say\u0131 15, K\u0131\u015f 2018<\/span><\/td>\n<td style=\"text-align: right; border-bottom: 1px dashed gray; margin-top: -4%; margin-bottom: -0.8%;\">ISSN: 2148-7537<\/td>\n<\/tr>\n<\/tbody>\n<\/table>\n<table bgcolor=\"transparent\">\n<tbody>\n<tr>\n<td width=\"85%\"><span style=\"color: default; font: 15px Trajan pro,arial,sans-serift;\">Makaleler<br \/>\nArticles<\/span><\/td>\n<td width=\"15%\"><\/td>\n<\/tr>\n<tr>\n<td width=\"85%\"><span style=\"color: default; font: 17px Trajan pro,arial,sans-serift;\"> Mahmut Akbolat \/ Sad\u0131k Senai \/ \u00d6zg\u00fcn \u00dcnal <\/span><br \/>\n<a title=\"Hizmet Kalite Alg\u0131s\u0131n\u0131n Performansa Etkisi: Kocaeli G\u00f6lc\u00fck Tersanesinde Bir Uygulama\" href=\"http:\/\/insanveinsan.org\/hizmet-kalite-algisinin-performansa-etkisi-kocaeli-golcuk-tersanesinde-bir-uygulama\/\"><span style=\"text-decoration: none; font: italic 17px minion pro,arial,sans-serif;\">Hizmet Kalite Alg\u0131s\u0131n\u0131n Performansa Etkisi: Kocaeli G\u00f6lc\u00fck Tersanesinde Bir Uygulama<\/span><\/a><br \/>\n<a title=\"The Impact of Service Quality Perception on Performance: An Application in Kocaeli Golcuk Shipyard\" href=\"http:\/\/insanveinsan.org\/en\/hizmet-kalite-algisinin-performansa-etkisi-kocaeli-golcuk-tersanesinde-bir-uygulama\/\"> <span style=\"text-decoration: none; font-variant: normal; font-weight: normal; font-stretch: normal; font-size: 17px; line-height: normal; font-family: 'minion pro', arial, sans-serif;\">The Impact of Service Quality Perception on Performance: An Application in Kocaeli Golcuk Shipyard<\/span><\/a><\/td>\n<td style=\"text-align: right; vertical-align: middle;\" bgcolor=\"transparent\"><a title=\"The Impact of Service Quality Perception on Performance: An Application in Kocaeli Golcuk Shipyard\" href=\"http:\/\/insanveinsan.org\/en\/hizmet-kalite-algisinin-performansa-etkisi-kocaeli-golcuk-tersanesinde-bir-uygulama\/\"><span style=\"color: default; font: 38px Trajan pro,arial,sans-serift;\">7<\/span><\/a><\/td>\n<\/tr>\n<tr>\n<td bgcolor=\"transparent\" width=\"85%\"><span style=\"color: default; font: 17px Trajan pro,arial,sans-serift;\"> Harun K\u0131r\u0131lmaz \/ Yonca Y\u0131ld\u0131r\u0131m <\/span><br \/>\n<a title=\"Sa\u011fl\u0131k Haberlerine Y\u00f6nelik Yeti\u015fkin Tutumlar\u0131n\u0131n Ara\u015ft\u0131r\u0131lmas\u0131\" href=\"http:\/\/insanveinsan.org\/saglik-haberlerine-yonelik-yetiskin-tutumlarinin-arastirilmasi\"><span style=\"text-decoration: none; font: italic 17px minion pro,arial,sans-serif;\">Sa\u011fl\u0131k Haberlerine Y\u00f6nelik Yeti\u015fkin Tutumlar\u0131n\u0131n Ara\u015ft\u0131r\u0131lmas\u0131<\/span><\/a><br \/>\n<a title=\"Investigation of Adult Attitudes Towards Health News\" href=\"http:\/\/insanveinsan.org\/en\/saglik-haberlerine-yonelik-yetiskin-tutumlarinin-arastirilmasi\"> <span style=\"text-decoration: none; font-variant: normal; font-weight: normal; font-stretch: normal; font-size: 17px; line-height: normal; font-family: 'minion pro', arial, sans-serif;\">Investigation of Adult Attitudes Towards Health News<\/span><\/a><\/td>\n<td style=\"text-align: right; vertical-align: middle;\" bgcolor=\"transparent\"><a title=\"Investigation of Adult Attitudes Towards Health News\" href=\"http:\/\/insanveinsan.org\/en\/saglik-haberlerine-yonelik-yetiskin-tutumlarinin-arastirilmasi\"><span style=\"color: default; font: 38px Trajan pro,arial,sans-serift;\">21<\/span><\/a><\/td>\n<\/tr>\n<tr>\n<td bgcolor=\"transparent\" width=\"85%\"><span style=\"color: default; font: 17px Trajan pro,arial,sans-serift;\">Sevda K\u00f6se<\/span><br \/>\n<a title=\"ILO:Grev Hakk\u0131na \u0130li\u015fkin Kriz\" href=\"http:\/\/insanveinsan.org\/ilo-grev-hakkina-iliskin-kriz\/\"><span style=\"text-decoration: none; font: italic 17px minion pro,arial,sans-serif;\">ILO:Grev Hakk\u0131na \u0130li\u015fkin Kriz<\/span><\/a><br \/>\n<a title=\"ILO: Crisis in Terms of Right to Strike\" href=\"http:\/\/insanveinsan.org\/en\/ilo-grev-hakkina-iliskin-kriz\/\"> <span style=\"text-decoration: none; font-variant: normal; font-weight: normal; font-stretch: normal; font-size: 17px; line-height: normal; font-family: 'minion pro', arial, sans-serif;\">ILO: Crisis in Terms of Right to Strike<\/span><\/a><\/td>\n<td style=\"text-align: right; vertical-align: middle;\" bgcolor=\"transparent\"><a title=\"ILO: Crisis in Terms of Right to Strike\" href=\"http:\/\/insanveinsan.org\/en\/ilo-grev-hakkina-iliskin-kriz\/\"><span style=\"color: default; font: 38px Trajan pro,arial,sans-serift;\">46<\/span><\/a><\/td>\n<\/tr>\n<tr>\n<td bgcolor=\"transparent\" width=\"85%\"><span style=\"color: default; font: 17px Trajan pro,arial,sans-serift;\">Esra Sahtiyanc\u0131 \u00d6ztarhan<\/span><br \/>\n<a title=\"Vejetaryen Olmay\u0131 Se\u00e7mek\" href=\"http:\/\/insanveinsan.org\/vejetaryen-olmayi-secmek\/\"><span style=\"text-decoration: none; font: italic 17px minion pro,arial,sans-serif;\">Vejetaryen Olmay\u0131 Se\u00e7mek<\/span><\/a><br \/>\n<a title=\"Choosing to be Vegetarian\" href=\"http:\/\/insanveinsan.org\/en\/vejetaryen-olmayi-secmek\/\"> <span style=\"text-decoration: none; font-variant: normal; font-weight: normal; font-stretch: normal; font-size: 17px; line-height: normal; font-family: 'minion pro', arial, sans-serif;\">Choosing to be Vegetarian<\/span><\/a><\/td>\n<td style=\"text-align: right; vertical-align: middle;\" bgcolor=\"transparent\"><a title=\"Choosing to be Vegetarian\" href=\"http:\/\/insanveinsan.org\/en\/vejetaryen-olmayi-secmek\/\"><span style=\"color: default; font: 38px Trajan pro,arial,sans-serift;\">64<\/span><\/a><\/td>\n<\/tr>\n<\/tbody>\n<\/table>\n<table bgcolor=\"transparent\">\n<tbody>\n<tr>\n<td style=\"border-bottom: 1px dashed gray;\"><\/td>\n<\/tr>\n<\/tbody>\n<\/table>\n<p><img loading=\"lazy\" decoding=\"async\" class=\"alignnone wp-image-119 size-full\" src=\"..\/wp-content\/uploads\/pdf-e1407190133528.png\" alt=\"\" width=\"50\" height=\"50\"><br \/>\n<span style=\"text-decoration: none; font-variant: normal; font-weight: normal; font-stretch: normal; font-size: 15px; line-height: normal; font-family: 'minion pro', arial, sans-serif;\">Year 5, Issue 15, Winter 2018<br \/>\nTam metin \/ Full text<\/span><\/p>\n<div style=\"width: 240px;\">\n<span style=\"text-decoration: none; font-variant: normal; font-weight: normal; font-stretch: normal; font-size: 15px; line-height: normal; font-family: 'minion pro', arial, sans-serif;\"><\/p>\n<div style=\"float: left; width: 20px;\"><img decoding=\"async\" style=\"border-width:0\" src=\"..\/wp-content\/uploads\/izleme-icon.png\"><\/div>\n<p><span style=\"text-decoration: none; font-variant: normal; font-weight: normal; font-stretch: normal; font-size: 15px; line-height: normal; font-family: 'minion pro', arial, sans-serif;\"><\/span><\/p>\n<div style=\"float: left; width: 50px;\">[post-views]<\/div>\n<div style=\"float: left; width: 20px;\"><img decoding=\"async\" style=\"border-width:0\" src=\"..\/wp-content\/uploads\/indirme-icon.png\"><\/div>\n<div style=\"float: left; width: 150px;\"><span style=\"text-decoration: none; font-variant: normal; font-weight: normal; font-stretch: normal; font-size: 15px; line-height: normal; font-family: 'minion pro', arial, sans-serif;\"><div class=\"sdm_download_count\"><span class=\"sdm_count_number\">314<\/span><span class=\"sdm_count_string\"> Downloads<\/span><\/div><\/span><\/div>\n<p><br style=\"clear: left;\"><\/p>\n<p><\/span><\/div>\n<div class=\"sdm_download_button_box_default\"><div class=\"sdm_download_link\"><a href=\"https:\/\/www.insanveinsan.org\/?sdm_process_download=1&download_id=2648\" class=\"sdm_download grey\" title=\"15\" target=&quot;_blank&quot;>Download Now!<\/a><\/div><\/div>\n<table bgcolor=\"transparent\">\n<tbody>\n<tr>\n<td style=\"border-bottom: 1px dashed gray;\"><\/td>\n<\/tr>\n<\/tbody>\n<\/table>\n<p><span style=\"text-decoration: none; font-variant: normal; font-weight: normal; font-stretch: normal; font-size: 15px; line-height: normal; font-family: 'minion pro', arial, sans-serif;\"><a rel=\"license\" href=\"https:\/\/creativecommons.org\/licenses\/by-nc\/4.0\/\"><img decoding=\"async\" alt=\"Creative Commons License\" style=\"border-width:0\" src=\"https:\/\/i.creativecommons.org\/l\/by-nc\/4.0\/80x15.png\"><\/a><br \/>\nThis work is licensed under a <a rel=\"license\" href=\"https:\/\/creativecommons.org\/licenses\/by-nc\/4.0\/\">Creative Commons Attribution-NonCommercial 4.0 International License<\/a>.<\/span><br \/>\n<\/p>","protected":false},"excerpt":{"rendered":"<p>Y\u0131l 5, Say\u0131 15, K\u0131\u015f 2018 ISSN: 2148-7537 Makaleler Articles Mahmut Akbolat \/ Sad\u0131k Senai \/ \u00d6zg\u00fcn \u00dcnal Hizmet Kalite Alg\u0131s\u0131n\u0131n Performansa Etkisi: Kocaeli G\u00f6lc\u00fck Tersanesinde Bir Uygulama The Impact of Service Quality Perception on Performance: An Application in Kocaeli Golcuk Shipyard 7 Harun K\u0131r\u0131lmaz \/ Yonca Y\u0131ld\u0131r\u0131m Sa\u011fl\u0131k Haberlerine Y\u00f6nelik Yeti\u015fkin Tutumlar\u0131n\u0131n Ara\u015ft\u0131r\u0131lmas\u0131 Investigation &hellip; <a href=\"https:\/\/www.insanveinsan.org\/en\/sayi-15-kis-2018\/\" class=\"more-link\">Continue reading <span class=\"screen-reader-text\">Issue 15, Winter 2018<\/span><\/a><\/p>\n","protected":false},"author":2,"featured_media":0,"parent":0,"menu_order":0,"comment_status":"closed","ping_status":"closed","template":"","meta":{"footnotes":""},"class_list":["post-2650","page","type-page","status-publish","hentry"],"_links":{"self":[{"href":"https:\/\/www.insanveinsan.org\/en\/wp-json\/wp\/v2\/pages\/2650","targetHints":{"allow":["GET"]}}],"collection":[{"href":"https:\/\/www.insanveinsan.org\/en\/wp-json\/wp\/v2\/pages"}],"about":[{"href":"https:\/\/www.insanveinsan.org\/en\/wp-json\/wp\/v2\/types\/page"}],"author":[{"embeddable":true,"href":"https:\/\/www.insanveinsan.org\/en\/wp-json\/wp\/v2\/users\/2"}],"replies":[{"embeddable":true,"href":"https:\/\/www.insanveinsan.org\/en\/wp-json\/wp\/v2\/comments?post=2650"}],"version-history":[{"count":0,"href":"https:\/\/www.insanveinsan.org\/en\/wp-json\/wp\/v2\/pages\/2650\/revisions"}],"wp:attachment":[{"href":"https:\/\/www.insanveinsan.org\/en\/wp-json\/wp\/v2\/media?parent=2650"}],"curies":[{"name":"wp","href":"https:\/\/api.w.org\/{rel}","templated":true}]}}