{"id":272,"date":"2014-08-10T12:13:24","date_gmt":"2014-08-10T09:13:24","guid":{"rendered":"http:\/\/insanveinsan.org\/?page_id=272"},"modified":"2023-05-12T18:55:21","modified_gmt":"2023-05-12T15:55:21","slug":"makale-cagrisi","status":"publish","type":"page","link":"https:\/\/www.insanveinsan.org\/en\/makale-cagrisi\/","title":{"rendered":"Call for Papers"},"content":{"rendered":"<p><\/p>\n<table bgcolor=\"transparent\">\n<tbody>\n<tr>\n<td style=\"border-bottom: 1px dashed gray;\"><span style=\"color: default; font: 15px Trajan pro,arial,sans-serift;\">Makale \u00c7a\u011fr\u0131s\u0131<\/span><\/td>\n<td style=\"text-align: right; border-bottom: 1px dashed gray; margin-top: -4%; margin-bottom: -0.8%;\">ISSN:\u00a02148-7537<\/td>\n<\/tr>\n<\/tbody>\n<\/table>\n<ul>\n<li style=\"list-style-type: none;\">\n<ul>\n<li style=\"list-style-type: none;\">\n<ul>\n<li>The Journal of \u0130nsan ve \u0130nsan publishes thematic issues.<\/li>\n<li>Papers directly related to the topic of the issues are included in the review process, according to the results of the editorial evaluation.<\/li>\n<li>The Journal welcomes academic studies with a unique, human-related viewpoint in the field of social sciences and humanities, which are directly related to the topic of the each issue.<\/li>\n<li>Click for detailed information about the topics of the forthcoming issues: <strong><span style=\"color: #3366ff;\">#<\/span><\/strong> <span style=\"color: #3a7ca6;\"><a style=\"color: #3a7ca6;\" title=\" Topics of the forthcoming issues\" href=\"https:\/\/insanveinsan.org\/en\/gelecek-sayilar\/\">Topics of the forthcoming issues<\/a><\/span>.<\/li>\n<\/ul>\n<ul>\n<li>Use the Dergipark system to submit an article: <strong><span style=\"color: #3366ff;\">#<\/span><\/strong>\u00a0<span style=\"color: #3a7ca6;\"><a style=\"color: #3a7ca6;\" title=\"Submit article manuscript via Dergipark\" href=\"https:\/\/dergipark.org.tr\/tr\/pub\/insanveinsan\" target=\"_blank\" rel=\"noopener noreferrer\">Submit article manuscript via Dergipark<\/a><\/span>.<\/li>\n<li>Articles that will be submitted to the journal must comply with<br \/>\n<strong><span style=\"color: #3366ff;\">#<\/span><\/strong> the <span style=\"color: #3a7ca6;\"><a style=\"color: #3a7ca6;\" title=\"Ethical Principles and Publication Policy\" href=\"http:\/\/insanveinsan.org\/en\/etik-ilkeler-ve-yayin-politikasi\/\">Ethical Principles and Publication Policy<\/a><\/span>,<br \/>\n<strong><span style=\"color: #3366ff;\">#<\/span><\/strong> <span style=\"color: #3a7ca6;\"><a style=\"color: #3a7ca6;\" title=\"Writing Rules (Author Guidelines)\" href=\"http:\/\/insanveinsan.org\/en\/yayin-kosullari\/\">Writing Rules (Author Guidelines)<\/a><\/span>.<br \/>\n<strong><span style=\"color: #3366ff;\">#<\/span><\/strong> <span style=\"color: #3a7ca6;\"><a style=\"color: #3a7ca6;\" title=\"APA Footnote-Bibliography Reference System\" href=\"https:\/\/apastyle.apa.org\/instructional-aids\/reference-examples.pdf\">APA Footnote-Bibliography Reference System<\/a><\/span> should be preferred in the papers sent to the journal.<\/li>\n<\/ul>\n<p>&nbsp;<\/p>\n<p>The Journal of \u0130nsan ve \u0130nsan<\/p>\n<p>2014, 2015, 2016 &#8230; 2021 2022 \u2190 2023 \u2192 2024, 2025, 2027, 2028<br \/>\n&nbsp;<\/p>\n<p>&nbsp;<\/p>\n<table bgcolor=\"transparent\">\n<tbody>\n<tr>\n<td style=\"border-bottom: 1px dashed gray;\"><\/td>\n<\/tr>\n<\/tbody>\n<\/table>\n<\/li>\n<\/ul>\n<\/li>\n<\/ul>\n<p><\/p>","protected":false},"excerpt":{"rendered":"<p>Makale \u00c7a\u011fr\u0131s\u0131 ISSN:\u00a02148-7537 The Journal of \u0130nsan ve \u0130nsan publishes thematic issues. Papers directly related to the topic of the issues are included in the review process, according to the results of the editorial evaluation. The Journal welcomes academic studies with a unique, human-related viewpoint in the field of social sciences and humanities, which are &hellip; <a href=\"https:\/\/www.insanveinsan.org\/en\/makale-cagrisi\/\" class=\"more-link\">Continue reading <span class=\"screen-reader-text\">Call for Papers<\/span><\/a><\/p>\n","protected":false},"author":1,"featured_media":0,"parent":0,"menu_order":0,"comment_status":"closed","ping_status":"closed","template":"","meta":{"footnotes":""},"class_list":["post-272","page","type-page","status-publish","hentry"],"_links":{"self":[{"href":"https:\/\/www.insanveinsan.org\/en\/wp-json\/wp\/v2\/pages\/272","targetHints":{"allow":["GET"]}}],"collection":[{"href":"https:\/\/www.insanveinsan.org\/en\/wp-json\/wp\/v2\/pages"}],"about":[{"href":"https:\/\/www.insanveinsan.org\/en\/wp-json\/wp\/v2\/types\/page"}],"author":[{"embeddable":true,"href":"https:\/\/www.insanveinsan.org\/en\/wp-json\/wp\/v2\/users\/1"}],"replies":[{"embeddable":true,"href":"https:\/\/www.insanveinsan.org\/en\/wp-json\/wp\/v2\/comments?post=272"}],"version-history":[{"count":34,"href":"https:\/\/www.insanveinsan.org\/en\/wp-json\/wp\/v2\/pages\/272\/revisions"}],"predecessor-version":[{"id":5257,"href":"https:\/\/www.insanveinsan.org\/en\/wp-json\/wp\/v2\/pages\/272\/revisions\/5257"}],"wp:attachment":[{"href":"https:\/\/www.insanveinsan.org\/en\/wp-json\/wp\/v2\/media?parent=272"}],"curies":[{"name":"wp","href":"https:\/\/api.w.org\/{rel}","templated":true}]}}