{"id":2793,"date":"2018-04-30T01:00:56","date_gmt":"2018-04-29T22:00:56","guid":{"rendered":"http:\/\/insanveinsan.org\/?page_id=2793"},"modified":"2019-11-24T15:54:51","modified_gmt":"2019-11-24T12:54:51","slug":"sayi-16-bahar-2018","status":"publish","type":"page","link":"https:\/\/www.insanveinsan.org\/en\/sayi-16-bahar-2018\/","title":{"rendered":"Issue 16, Spring 2018"},"content":{"rendered":"<p><\/p>\n<table bgcolor=\"transparent\">\n<tbody>\n<tr>\n<td style=\"border-bottom: 1px dashed gray;\"><span style=\"color: default; font: 15px Trajan pro,arial,sans-serift;\">Y\u0131l 5, Say\u0131 16, Bahar 2018<\/span><\/td>\n<td style=\"text-align: right; border-bottom: 1px dashed gray; margin-top: -4%; margin-bottom: -0.8%;\">ISSN: 2148-7537<\/td>\n<\/tr>\n<\/tbody>\n<\/table>\n<table bgcolor=\"transparent\">\n<tbody>\n<tr>\n<td width=\"85%\"><span style=\"color: default; font: 15px Trajan pro,arial,sans-serift;\">Makaleler<br \/>\nArticles<\/span><\/td>\n<td width=\"15%\"><\/td>\n<\/tr>\n<tr>\n<td width=\"85%\"><span style=\"color: default; font: 17px Trajan pro,arial,sans-serift;\"> Ekmel Ge\u00e7er <\/span><br \/>\n<a title=\"Pop\u00fcler K\u00fclt\u00fcr, Politika ve Din: Prime-Time ya da Selfie Dindarl\u0131\u011f\u0131\" href=\"..\/populer-kultur-politika-ve-din-prime-time-ya-da-selfie-dindarligi\/\"><span style=\"text-decoration: none; font: italic 17px minion pro,arial,sans-serif;\">Pop\u00fcler K\u00fclt\u00fcr, Politika ve Din: Prime-Time ya da Selfie Dindarl\u0131\u011f\u0131<\/span><\/a><br \/>\n<a title=\"Popular Culture, Politics and Religion: Prime-Time or Selfie Religiosity\" href=\"..\/en\/populer-kultur-politika-ve-din-prime-time-ya-da-selfie-dindarligi\/\"> <span style=\"text-decoration: none; font-variant: normal; font-weight: normal; font-stretch: normal; font-size: 17px; line-height: normal; font-family: 'minion pro', arial, sans-serif;\">Popular Culture, Politics and Religion: Prime-Time or Selfie Religiosity<\/span><\/a><\/td>\n<td style=\"text-align: right; vertical-align: middle;\" bgcolor=\"transparent\"><a title=\"Popular Culture, Politics and Religion: Prime-Time or Selfie Religiosity\" href=\"..\/en\/populer-kultur-politika-ve-din-prime-time-ya-da-selfie-dindarligi\/\"><span style=\"color: default; font: 38px Trajan pro,arial,sans-serift;\">85<\/span><\/a><\/td>\n<\/tr>\n<tr>\n<td bgcolor=\"transparent\" width=\"85%\"><span style=\"color: default; font: 17px Trajan pro,arial,sans-serift;\"> Zeynep Kaban Kad\u0131o\u011flu <\/span><br \/>\n<a title=\"T\u00fcrkiye\u2019de Medya Sahipli\u011fi Ekseninde M\u00fclkiyet Yap\u0131lar\u0131ndaki De\u011fi\u015fimin Kronolojik Analizi (1950-2010)\" href=\"..\/turkiyede-medya-sahipligi-ekseninde-mulkiyet-yapilarindaki-degisimin-kronolojik-analizi-1950-2010\"><span style=\"text-decoration: none; font: italic 17px minion pro,arial,sans-serif;\">T\u00fcrkiye\u2019de Medya Sahipli\u011fi Ekseninde M\u00fclkiyet Yap\u0131lar\u0131ndaki De\u011fi\u015fimin Kronolojik Analizi (1950-2010)<\/span><\/a><br \/>\n<a title=\"A Chronological Analysis of the Change in the Ownership Structure of Media in Turkey (1950-2010)\" href=\"..\/en\/turkiyede-medya-sahipligi-ekseninde-mulkiyet-yapilarindaki-degisimin-kronolojik-analizi-1950-2010\"> <span style=\"text-decoration: none; font-variant: normal; font-weight: normal; font-stretch: normal; font-size: 17px; line-height: normal; font-family: 'minion pro', arial, sans-serif;\">A Chronological Analysis of the Change in the Ownership Structure of Media in Turkey (1950-2010)<\/span><\/a><\/td>\n<td style=\"text-align: right; vertical-align: middle;\" bgcolor=\"transparent\"><a title=\"A Chronological Analysis of the Change in the Ownership Structure of Media in Turkey (1950-2010)\" href=\"..\/en\/turkiyede-medya-sahipligi-ekseninde-mulkiyet-yapilarindaki-degisimin-kronolojik-analizi-1950-2010\"><span style=\"color: default; font: 38px Trajan pro,arial,sans-serift;\">100<\/span><\/a><\/td>\n<\/tr>\n<tr>\n<td bgcolor=\"transparent\" width=\"85%\"><span style=\"color: default; font: 17px Trajan pro,arial,sans-serift;\">S\u00fcleyman \u015eanl\u0131 \/ Abu Bakar Siddiq<\/span><br \/>\n<a title=\"Anthrozoological Study on the Agro-Pastoral Societies of K\u0131z\u0131ltepe, Southeast Anatolia\" href=\"..\/anthrozoological-study-on-the-agro-pastoral-societies-of-kiziltepe-southeast-anatolia\/\"><span style=\"text-decoration: none; font: italic 17px minion pro,arial,sans-serif;\">Anthrozoological Study on the Agro-Pastoral Societies of K\u0131z\u0131ltepe, Southeast Anatolia<\/span><\/a><br \/>\n<a title=\"G\u00fcneydo\u011fu Anadolu B\u00f6lgesinde K\u0131z\u0131ltepe\u2019deki Agro-Pastoral Topluluklar \u00dczerine Bir Antrozoolojik \u0130nceleme\" href=\"..\/en\/anthrozoological-study-on-the-agro-pastoral-societies-of-kiziltepe-southeast-anatolia\/\"> <span style=\"text-decoration: none; font-variant: normal; font-weight: normal; font-stretch: normal; font-size: 17px; line-height: normal; font-family: 'minion pro', arial, sans-serif;\">G\u00fcneydo\u011fu Anadolu B\u00f6lgesinde K\u0131z\u0131ltepe\u2019deki Agro-Pastoral Topluluklar \u00dczerine Bir Antrozoolojik \u0130nceleme<\/span><\/a><\/td>\n<td style=\"text-align: right; vertical-align: middle;\" bgcolor=\"transparent\"><a title=\"G\u00fcneydo\u011fu Anadolu B\u00f6lgesinde K\u0131z\u0131ltepe\u2019deki Agro-Pastoral Topluluklar \u00dczerine Bir Antrozoolojik \u0130nceleme\" href=\"..\/en\/anthrozoological-study-on-the-agro-pastoral-societies-of-kiziltepe-southeast-anatolia\/\"><span style=\"color: default; font: 38px Trajan pro,arial,sans-serift;\">121<\/span><\/a><\/td>\n<\/tr>\n<tr>\n<td bgcolor=\"transparent\" width=\"85%\"><span style=\"color: default; font: 17px Trajan pro,arial,sans-serift;\">Arus Yumul<\/span><br \/>\n<a title=\"Hepimiz Peyami Safa\u2019n\u0131n S\u00f6zde K\u0131zlar\u2019\u0131ndan \u00c7\u0131kt\u0131k\" href=\"..\/hepimiz-peyami-safanin-sozde-kizlarindan-ciktik\/\"><span style=\"text-decoration: none; font: italic 17px minion pro,arial,sans-serif;\">Hepimiz Peyami Safa\u2019n\u0131n S\u00f6zde K\u0131zlar\u2019\u0131ndan \u00c7\u0131kt\u0131k<\/span><\/a><br \/>\n<a title=\"We All Came out of Peyami Safa\u2019s So-Called Girls\" href=\"..\/en\/hepimiz-peyami-safanin-sozde-kizlarindan-ciktik\/\"> <span style=\"text-decoration: none; font-variant: normal; font-weight: normal; font-stretch: normal; font-size: 17px; line-height: normal; font-family: 'minion pro', arial, sans-serif;\">We All Came out of Peyami Safa\u2019s So-Called Girls<\/span><\/a><\/td>\n<td style=\"text-align: right; vertical-align: middle;\" bgcolor=\"transparent\"><a title=\"We All Came out of Peyami Safa\u2019s So-Called Girls\" href=\"..\/en\/hepimiz-peyami-safanin-sozde-kizlarindan-ciktik\/\"><span style=\"color: default; font: 38px Trajan pro,arial,sans-serift;\">139<\/span><\/a><\/td>\n<\/tr>\n<\/tbody>\n<\/table>\n<table bgcolor=\"transparent\">\n<tbody>\n<tr>\n<td style=\"border-bottom: 1px dashed gray;\"><\/td>\n<\/tr>\n<\/tbody>\n<\/table>\n<p><img loading=\"lazy\" decoding=\"async\" class=\"alignnone wp-image-119 size-full\" src=\"..\/wp-content\/uploads\/pdf-e1407190133528.png\" alt=\"\" width=\"50\" height=\"50\"><br \/>\n<span style=\"text-decoration: none; font-variant: normal; font-weight: normal; font-stretch: normal; font-size: 15px; line-height: normal; font-family: 'minion pro', arial, sans-serif;\">Year 5, Issue 16, Spring 2018<br \/>\nTam metin \/ Full text<\/span><\/p>\n<div style=\"width: 240px;\">\n<span style=\"text-decoration: none; font-variant: normal; font-weight: normal; font-stretch: normal; font-size: 15px; line-height: normal; font-family: 'minion pro', arial, sans-serif;\"><\/p>\n<div style=\"float: left; width: 20px;\"><img decoding=\"async\" style=\"border-width:0\" src=\"..\/wp-content\/uploads\/izleme-icon.png\"><\/div>\n<p><span style=\"text-decoration: none; font-variant: normal; font-weight: normal; font-stretch: normal; font-size: 15px; line-height: normal; font-family: 'minion pro', arial, sans-serif;\"><\/span><\/p>\n<div style=\"float: left; width: 50px;\">[post-views]<\/div>\n<div style=\"float: left; width: 20px;\"><img decoding=\"async\" style=\"border-width:0\" src=\"..\/wp-content\/uploads\/indirme-icon.png\"><\/div>\n<div style=\"float: left; width: 150px;\"><span style=\"text-decoration: none; font-variant: normal; font-weight: normal; font-stretch: normal; font-size: 15px; line-height: normal; font-family: 'minion pro', arial, sans-serif;\"><div class=\"sdm_download_count\"><span class=\"sdm_count_number\">304<\/span><span class=\"sdm_count_string\"> Downloads<\/span><\/div><\/span><\/div>\n<p><br style=\"clear: left;\"><\/p>\n<p><\/span><\/div>\n<div class=\"sdm_download_button_box_default\"><div class=\"sdm_download_link\"><a href=\"https:\/\/www.insanveinsan.org\/?sdm_process_download=1&download_id=2775\" class=\"sdm_download grey\" title=\"16\" target=&quot;_blank&quot;>Download Now!<\/a><\/div><\/div>\n<table bgcolor=\"transparent\">\n<tbody>\n<tr>\n<td style=\"border-bottom: 1px dashed gray;\"><\/td>\n<\/tr>\n<\/tbody>\n<\/table>\n<p><span style=\"text-decoration: none; font-variant: normal; font-weight: normal; font-stretch: normal; font-size: 15px; line-height: normal; font-family: 'minion pro', arial, sans-serif;\"><a rel=\"license\" href=\"https:\/\/creativecommons.org\/licenses\/by-nc\/4.0\/\"><img decoding=\"async\" alt=\"Creative Commons License\" style=\"border-width:0\" src=\"https:\/\/i.creativecommons.org\/l\/by-nc\/4.0\/80x15.png\"><\/a><br \/>\nThis work is licensed under a <a rel=\"license\" href=\"https:\/\/creativecommons.org\/licenses\/by-nc\/4.0\/\">Creative Commons Attribution-NonCommercial 4.0 International License<\/a>.<\/span><br \/>\n<\/p>","protected":false},"excerpt":{"rendered":"<p>Y\u0131l 5, Say\u0131 16, Bahar 2018 ISSN: 2148-7537 Makaleler Articles Ekmel Ge\u00e7er Pop\u00fcler K\u00fclt\u00fcr, Politika ve Din: Prime-Time ya da Selfie Dindarl\u0131\u011f\u0131 Popular Culture, Politics and Religion: Prime-Time or Selfie Religiosity 85 Zeynep Kaban Kad\u0131o\u011flu T\u00fcrkiye\u2019de Medya Sahipli\u011fi Ekseninde M\u00fclkiyet Yap\u0131lar\u0131ndaki De\u011fi\u015fimin Kronolojik Analizi (1950-2010) A Chronological Analysis of the Change in the Ownership Structure &hellip; <a href=\"https:\/\/www.insanveinsan.org\/en\/sayi-16-bahar-2018\/\" class=\"more-link\">Continue reading <span class=\"screen-reader-text\">Issue 16, Spring 2018<\/span><\/a><\/p>\n","protected":false},"author":2,"featured_media":0,"parent":0,"menu_order":0,"comment_status":"closed","ping_status":"closed","template":"","meta":{"footnotes":""},"class_list":["post-2793","page","type-page","status-publish","hentry"],"_links":{"self":[{"href":"https:\/\/www.insanveinsan.org\/en\/wp-json\/wp\/v2\/pages\/2793","targetHints":{"allow":["GET"]}}],"collection":[{"href":"https:\/\/www.insanveinsan.org\/en\/wp-json\/wp\/v2\/pages"}],"about":[{"href":"https:\/\/www.insanveinsan.org\/en\/wp-json\/wp\/v2\/types\/page"}],"author":[{"embeddable":true,"href":"https:\/\/www.insanveinsan.org\/en\/wp-json\/wp\/v2\/users\/2"}],"replies":[{"embeddable":true,"href":"https:\/\/www.insanveinsan.org\/en\/wp-json\/wp\/v2\/comments?post=2793"}],"version-history":[{"count":0,"href":"https:\/\/www.insanveinsan.org\/en\/wp-json\/wp\/v2\/pages\/2793\/revisions"}],"wp:attachment":[{"href":"https:\/\/www.insanveinsan.org\/en\/wp-json\/wp\/v2\/media?parent=2793"}],"curies":[{"name":"wp","href":"https:\/\/api.w.org\/{rel}","templated":true}]}}