{"id":280,"date":"2014-08-10T14:28:44","date_gmt":"2014-08-10T11:28:44","guid":{"rendered":"http:\/\/insanveinsan.org\/?page_id=280"},"modified":"2024-08-11T21:58:01","modified_gmt":"2024-08-11T18:58:01","slug":"kullanim-kosullari","status":"publish","type":"page","link":"https:\/\/www.insanveinsan.org\/en\/kullanim-kosullari\/","title":{"rendered":"Open Access Policy"},"content":{"rendered":"<p><\/p>\n<table bgcolor=\"transparent\">\n<tbody>\n<tr>\n<td style=\"border-bottom: 1px dashed gray;\"><span style=\"color: default; font: 15px Trajan pro,arial,sans-serift;\">A\u00e7\u0131k Eri\u015fim Politikas\u0131<\/span><\/td>\n<td style=\"text-align: right; border-bottom: 1px dashed gray; margin-top: -4%; margin-bottom: -0.8%;\">ISSN:\u00a02148-7537<\/td>\n<\/tr>\n<\/tbody>\n<\/table>\n<p>Journal of \u0130nsan ve \u0130nsan is an open access journal. All content is freely available without charge to the user or his\/her institution. Except for commercial purposes, users are allowed to read, download, copy, print, search, or link to the full texts of the articles in this journal without asking prior permission from the publisher or the author. This is in accordance with the <a href=\"https:\/\/www.budapestopenaccessinitiative.org\/read\/turkish-translation\/\">Budapest Open Access Initiative (BOAI)<\/a> definition of open access.<\/p>\n<p>The open access articles in the journal are licensed under the terms of the <a href=\"https:\/\/creativecommons.org\/licenses\/by-nc\/4.0\/deed.tr\">Creative Commons Attribution-NonCommercial 4.0 International (CC BY-NC 4.0)<\/a> license.<\/p>","protected":false},"excerpt":{"rendered":"<p>A\u00e7\u0131k Eri\u015fim Politikas\u0131 ISSN:\u00a02148-7537 Journal of \u0130nsan ve \u0130nsan is an open access journal. All content is freely available without charge to the user or his\/her institution. Except for commercial purposes, users are allowed to read, download, copy, print, search, or link to the full texts of the articles in this journal without asking prior &hellip; <a href=\"https:\/\/www.insanveinsan.org\/en\/kullanim-kosullari\/\" class=\"more-link\">Continue reading <span class=\"screen-reader-text\">Open Access Policy<\/span><\/a><\/p>\n","protected":false},"author":1,"featured_media":0,"parent":0,"menu_order":0,"comment_status":"closed","ping_status":"closed","template":"","meta":{"footnotes":""},"class_list":["post-280","page","type-page","status-publish","hentry"],"_links":{"self":[{"href":"https:\/\/www.insanveinsan.org\/en\/wp-json\/wp\/v2\/pages\/280","targetHints":{"allow":["GET"]}}],"collection":[{"href":"https:\/\/www.insanveinsan.org\/en\/wp-json\/wp\/v2\/pages"}],"about":[{"href":"https:\/\/www.insanveinsan.org\/en\/wp-json\/wp\/v2\/types\/page"}],"author":[{"embeddable":true,"href":"https:\/\/www.insanveinsan.org\/en\/wp-json\/wp\/v2\/users\/1"}],"replies":[{"embeddable":true,"href":"https:\/\/www.insanveinsan.org\/en\/wp-json\/wp\/v2\/comments?post=280"}],"version-history":[{"count":11,"href":"https:\/\/www.insanveinsan.org\/en\/wp-json\/wp\/v2\/pages\/280\/revisions"}],"predecessor-version":[{"id":5508,"href":"https:\/\/www.insanveinsan.org\/en\/wp-json\/wp\/v2\/pages\/280\/revisions\/5508"}],"wp:attachment":[{"href":"https:\/\/www.insanveinsan.org\/en\/wp-json\/wp\/v2\/media?parent=280"}],"curies":[{"name":"wp","href":"https:\/\/api.w.org\/{rel}","templated":true}]}}