{"id":2821,"date":"2018-07-09T20:06:31","date_gmt":"2018-07-09T17:06:31","guid":{"rendered":"http:\/\/insanveinsan.org\/?page_id=2821"},"modified":"2019-11-24T11:56:46","modified_gmt":"2019-11-24T08:56:46","slug":"sayi-17-yaz-2018","status":"publish","type":"page","link":"https:\/\/www.insanveinsan.org\/en\/sayi-17-yaz-2018\/","title":{"rendered":"Issue 17, Summer 2018"},"content":{"rendered":"<p><\/p>\n<table bgcolor=\"transparent\">\n<tbody>\n<tr>\n<td style=\"border-bottom: 1px dashed gray;\"><span style=\"color: default; font: 15px Trajan pro,arial,sans-serift;\">Y\u0131l 5, Say\u0131 17, Yaz 2018<\/span><\/td>\n<td style=\"text-align: right; border-bottom: 1px dashed gray; margin-top: -4%; margin-bottom: -0.8%;\">ISSN: 2148-7537<\/td>\n<\/tr>\n<\/tbody>\n<\/table>\n<table bgcolor=\"transparent\">\n<tbody>\n<tr>\n<td width=\"85%\"><span style=\"color: default; font: 15px Trajan pro,arial,sans-serift;\">Makaleler<br \/>\nArticles<\/span><\/td>\n<td width=\"15%\"><\/td>\n<\/tr>\n<tr>\n<td width=\"85%\"><span style=\"color: default; font: 17px Trajan pro,arial,sans-serift;\"> \u00d6zhan Eren \/ Fahri Erenel <\/span><br \/>\n<a title=\"The Applicability of Program Management Approach in the Defense Acquisition Projects in Order to Avoid Deviations\" href=\"..\/en\/savunma-tedarik-projelerinde-sapmalarin-onlenmesi-maksadiyla-program-yonetimi-yaklasiminin-uygulanabilirligi\/\"><span style=\"text-decoration: none; font: italic 17px minion pro,arial,sans-serif;\">The Applicability of Program Management Approach in the Defense Acquisition Projects in Order to Avoid Deviations<\/span><\/a><br \/>\n<a title=\"Savunma Tedarik Projelerinde Sapmalar\u0131n \u00d6nlenmesi Maksad\u0131yla Program Y\u00f6netimi Yakla\u015f\u0131m\u0131n\u0131n Uygulanabilirli\u011fi\" href=\"..\/savunma-tedarik-projelerinde-sapmalarin-onlenmesi-maksadiyla-program-yonetimi-yaklasiminin-uygulanabilirligi\/\"> <span style=\"text-decoration: none; font-variant: normal; font-weight: normal; font-stretch: normal; font-size: 17px; line-height: normal; font-family: 'minion pro', arial, sans-serif;\">Savunma Tedarik Projelerinde Sapmalar\u0131n \u00d6nlenmesi Maksad\u0131yla Program Y\u00f6netimi Yakla\u015f\u0131m\u0131n\u0131n Uygulanabilirli\u011fi<\/span><\/a><\/td>\n<td style=\"text-align: right; vertical-align: middle;\" bgcolor=\"transparent\"><a title=\" The Applicability of Program Management Approach in the Defense Acquisition Projects in Order to Avoid Deviations\" href=\"..\/en\/savunma-tedarik-projelerinde-sapmalarin-onlenmesi-maksadiyla-program-yonetimi-yaklasiminin-uygulanabilirligi\/\"><span style=\"color: default; font: 38px Trajan pro,arial,sans-serift;\">163<\/span><\/a><\/td>\n<\/tr>\n<tr>\n<td bgcolor=\"transparent\" width=\"85%\"><span style=\"color: default; font: 17px Trajan pro,arial,sans-serift;\"> Burcu \u00d6zdemir \/ Ayna Askero\u011flu Arslan <\/span><br \/>\n<a title=\"Rusya\u2019n\u0131n K\u00fcrdoloji \u00c7al\u0131\u015fmalar\u0131 (1787-1947)\" href=\"..\/rusyanin-kurdoloji-calismalari-1787-1947\"><span style=\"text-decoration: none; font: italic 17px minion pro,arial,sans-serif;\">Rusya\u2019n\u0131n K\u00fcrdoloji \u00c7al\u0131\u015fmalar\u0131 (1787-1947)<\/span><\/a><br \/>\n<a title=\"Russia\u2019s Kurdology Studies (1787-1947)\" href=\"..\/en\/rusyanin-kurdoloji-calismalari-1787-1947\"> <span style=\"text-decoration: none; font-variant: normal; font-weight: normal; font-stretch: normal; font-size: 17px; line-height: normal; font-family: 'minion pro', arial, sans-serif;\">Russia\u2019s Kurdology Studies (1787-1947)<\/span><\/a><\/td>\n<td style=\"text-align: right; vertical-align: middle;\" bgcolor=\"transparent\"><a title=\"Russia\u2019s Kurdology Studies (1787-1947)\" href=\"..\/en\/rusyanin-kurdoloji-calismalari-1787-1947\"><span style=\"color: default; font: 38px Trajan pro,arial,sans-serift;\">194<\/span><\/a><\/td>\n<\/tr>\n<tr>\n<td bgcolor=\"transparent\" width=\"85%\"><span style=\"color: default; font: 17px Trajan pro,arial,sans-serift;\">\u0130lhan \u00d6zke\u00e7eci \/ S. Nesli G\u00fcl Durukan \/ Hakan Alacal\u0131<\/span><br \/>\n<a title=\"XVII-XIX. Y\u00fczy\u0131llarda Osmanl\u0131 D\u00f6nemi Konut Mimarisinde \u0130\u00e7 Mek\u00e2n Tavan S\u00fcslemelerine Genel Bir Bak\u0131\u015f\" href=\"..\/xvii-xix-yuzyillarda-osmanli-donemi-konut-mimarisinde-ic-mekan-tavan-suslemelerine-genel-bir-bakis\/\"><span style=\"text-decoration: none; font: italic 17px minion pro,arial,sans-serif;\">XVII-XIX. Y\u00fczy\u0131llarda Osmanl\u0131 D\u00f6nemi Konut Mimarisinde \u0130\u00e7 Mek\u00e2n Tavan S\u00fcslemelerine Genel Bir Bak\u0131\u015f<\/span><\/a><br \/>\n<a title=\"A General Overview of Ceiling Decoration in the Interior Design in XVII-XIX. Ottoman Period Residential Architecture\" href=\"..\/en\/xvii-xix-yuzyillarda-osmanli-donemi-konut-mimarisinde-ic-mekan-tavan-suslemelerine-genel-bir-bakis\/\"> <span style=\"text-decoration: none; font-variant: normal; font-weight: normal; font-stretch: normal; font-size: 17px; line-height: normal; font-family: 'minion pro', arial, sans-serif;\">A General Overview of Ceiling Decoration in the Interior Design in XVII-XIX. Ottoman Period Residential Architecture<\/span><\/a><\/td>\n<td style=\"text-align: right; vertical-align: middle;\" bgcolor=\"transparent\"><a title=\"A General Overview of Ceiling Decoration in the Interior Design in XVII-XIX. Ottoman Period Residential Architecture\" href=\"..\/en\/xvii-xix-yuzyillarda-osmanli-donemi-konut-mimarisinde-ic-mekan-tavan-suslemelerine-genel-bir-bakis\/\"><span style=\"color: default; font: 38px Trajan pro,arial,sans-serift;\">214<\/span><\/a><\/td>\n<\/tr>\n<tr>\n<td bgcolor=\"transparent\" width=\"85%\"><span style=\"color: default; font: 17px Trajan pro,arial,sans-serift;\">Saadet U\u011furlu<\/span><br \/>\n<a title=\"Dijital PR ve \u0130tibar Y\u00f6netimi A\u00e7\u0131s\u0131ndan Sosyal Medyada Kriz Y\u00f6netiminde Bir Vaka \u0130ncelemesi: \u201c\u00dcsk\u00fcdar Belediyesi - Kedi Evi\u201d Projesi\" href=\"..\/dijital-pr-ve-itibar-yonetimi-acisindan-sosyal-medyada-kriz-yonetiminde-bir-vaka-incelemesi-uskudar-belediyesi-kedi-evi-projesi\/\"><span style=\"text-decoration: none; font: italic 17px minion pro,arial,sans-serif;\">Dijital PR ve \u0130tibar Y\u00f6netimi A\u00e7\u0131s\u0131ndan Sosyal Medyada Kriz Y\u00f6netiminde Bir Vaka \u0130ncelemesi: \u201c\u00dcsk\u00fcdar Belediyesi &#8211; Kedi Evi\u201d Projesi<\/span><\/a><br \/>\n<a title=\"Digital PR and Reputation Management: Analysis of \u201c\u00dcsk\u00fcdar Municipality - Cat House\u201d as one of the Contemporary Examples in Crisis Communication\" href=\"..\/en\/dijital-pr-ve-itibar-yonetimi-acisindan-sosyal-medyada-kriz-yonetiminde-bir-vaka-incelemesi-uskudar-belediyesi-kedi-evi-projesi\/\"> <span style=\"text-decoration: none; font-variant: normal; font-weight: normal; font-stretch: normal; font-size: 17px; line-height: normal; font-family: 'minion pro', arial, sans-serif;\">Digital PR and Reputation Management: Analysis of \u201c\u00dcsk\u00fcdar Municipality &#8211; Cat House\u201d as one of the Contemporary Examples in Crisis Communication<\/span><\/a><\/td>\n<td style=\"text-align: right; vertical-align: middle;\" bgcolor=\"transparent\"><a title=\"Digital PR and Reputation Management: Analysis of \u201c\u00dcsk\u00fcdar Municipality - Cat House\u201d as one of the Contemporary Examples in Crisis Communication\" href=\"..\/en\/dijital-pr-ve-itibar-yonetimi-acisindan-sosyal-medyada-kriz-yonetiminde-bir-vaka-incelemesi-uskudar-belediyesi-kedi-evi-projesi\/\"><span style=\"color: default; font: 38px Trajan pro,arial,sans-serift;\">233<\/span><\/a><\/td>\n<\/tr>\n<\/tbody>\n<\/table>\n<table bgcolor=\"transparent\">\n<tbody>\n<tr>\n<td style=\"border-bottom: 1px dashed gray;\"><\/td>\n<\/tr>\n<\/tbody>\n<\/table>\n<p><img loading=\"lazy\" decoding=\"async\" class=\"alignnone wp-image-119 size-full\" src=\"..\/wp-content\/uploads\/pdf-e1407190133528.png\" alt=\"\" width=\"50\" height=\"50\"><br \/>\n<span style=\"text-decoration: none; font-variant: normal; font-weight: normal; font-stretch: normal; font-size: 15px; line-height: normal; font-family: 'minion pro', arial, sans-serif;\">Year 5, Issue 17, Summer 2018<br \/>\nTam metin \/ Full text<\/span><\/p>\n<div style=\"width: 240px;\">\n<span style=\"text-decoration: none; font-variant: normal; font-weight: normal; font-stretch: normal; font-size: 15px; line-height: normal; font-family: 'minion pro', arial, sans-serif;\"><\/p>\n<div style=\"float: left; width: 20px;\"><img decoding=\"async\" style=\"border-width:0\" src=\"..\/wp-content\/uploads\/izleme-icon.png\"><\/div>\n<p><span style=\"text-decoration: none; font-variant: normal; font-weight: normal; font-stretch: normal; font-size: 15px; line-height: normal; font-family: 'minion pro', arial, sans-serif;\"><\/span><\/p>\n<div style=\"float: left; width: 50px;\">[post-views]<\/div>\n<div style=\"float: left; width: 20px;\"><img decoding=\"async\" style=\"border-width:0\" src=\"..\/wp-content\/uploads\/indirme-icon.png\"><\/div>\n<div style=\"float: left; width: 150px;\"><span style=\"text-decoration: none; font-variant: normal; font-weight: normal; font-stretch: normal; font-size: 15px; line-height: normal; font-family: 'minion pro', arial, sans-serif;\"><div class=\"sdm_download_count\"><span class=\"sdm_count_number\">494<\/span><span class=\"sdm_count_string\"> Downloads<\/span><\/div><\/span><\/div>\n<p><br style=\"clear: left;\"><\/p>\n<p><\/span><\/div>\n<div class=\"sdm_download_button_box_default\"><div class=\"sdm_download_link\"><a href=\"https:\/\/www.insanveinsan.org\/?sdm_process_download=1&download_id=2808\" class=\"sdm_download grey\" title=\"17\" target=&quot;_blank&quot;>Download Now!<\/a><\/div><\/div>\n<table bgcolor=\"transparent\">\n<tbody>\n<tr>\n<td style=\"border-bottom: 1px dashed gray;\"><\/td>\n<\/tr>\n<\/tbody>\n<\/table>\n<p>DENEME5<br \/>\n<span style=\"text-decoration: none; font-variant: normal; font-weight: normal; font-stretch: normal; font-size: 15px; line-height: normal; font-family: 'minion pro', arial, sans-serif;\"><a rel=\"license\" href=\"https:\/\/creativecommons.org\/licenses\/by-nc\/4.0\/\"><img decoding=\"async\" alt=\"Creative Commons License\" style=\"border-width:0\" src=\"https:\/\/i.creativecommons.org\/l\/by-nc\/4.0\/80x15.png\"><\/a><br \/>\nThis work is licensed under a <a rel=\"license\" href=\"https:\/\/creativecommons.org\/licenses\/by-nc\/4.0\/\">Creative Commons Attribution-NonCommercial 4.0 International License<\/a>.<\/span><br \/>\n<\/p>","protected":false},"excerpt":{"rendered":"<p>Y\u0131l 5, Say\u0131 17, Yaz 2018 ISSN: 2148-7537 Makaleler Articles \u00d6zhan Eren \/ Fahri Erenel The Applicability of Program Management Approach in the Defense Acquisition Projects in Order to Avoid Deviations Savunma Tedarik Projelerinde Sapmalar\u0131n \u00d6nlenmesi Maksad\u0131yla Program Y\u00f6netimi Yakla\u015f\u0131m\u0131n\u0131n Uygulanabilirli\u011fi 163 Burcu \u00d6zdemir \/ Ayna Askero\u011flu Arslan Rusya\u2019n\u0131n K\u00fcrdoloji \u00c7al\u0131\u015fmalar\u0131 (1787-1947) Russia\u2019s Kurdology Studies &hellip; <a href=\"https:\/\/www.insanveinsan.org\/en\/sayi-17-yaz-2018\/\" class=\"more-link\">Continue reading <span class=\"screen-reader-text\">Issue 17, Summer 2018<\/span><\/a><\/p>\n","protected":false},"author":2,"featured_media":0,"parent":0,"menu_order":0,"comment_status":"closed","ping_status":"closed","template":"","meta":{"footnotes":""},"class_list":["post-2821","page","type-page","status-publish","hentry"],"_links":{"self":[{"href":"https:\/\/www.insanveinsan.org\/en\/wp-json\/wp\/v2\/pages\/2821","targetHints":{"allow":["GET"]}}],"collection":[{"href":"https:\/\/www.insanveinsan.org\/en\/wp-json\/wp\/v2\/pages"}],"about":[{"href":"https:\/\/www.insanveinsan.org\/en\/wp-json\/wp\/v2\/types\/page"}],"author":[{"embeddable":true,"href":"https:\/\/www.insanveinsan.org\/en\/wp-json\/wp\/v2\/users\/2"}],"replies":[{"embeddable":true,"href":"https:\/\/www.insanveinsan.org\/en\/wp-json\/wp\/v2\/comments?post=2821"}],"version-history":[{"count":0,"href":"https:\/\/www.insanveinsan.org\/en\/wp-json\/wp\/v2\/pages\/2821\/revisions"}],"wp:attachment":[{"href":"https:\/\/www.insanveinsan.org\/en\/wp-json\/wp\/v2\/media?parent=2821"}],"curies":[{"name":"wp","href":"https:\/\/api.w.org\/{rel}","templated":true}]}}