{"id":2922,"date":"2018-10-11T19:10:27","date_gmt":"2018-10-11T16:10:27","guid":{"rendered":"http:\/\/insanveinsan.org\/?page_id=2922"},"modified":"2019-11-24T11:07:55","modified_gmt":"2019-11-24T08:07:55","slug":"sayi-18-guz-2018","status":"publish","type":"page","link":"https:\/\/www.insanveinsan.org\/en\/sayi-18-guz-2018\/","title":{"rendered":"Issue 18, Fall 2018"},"content":{"rendered":"<p><\/p>\n<table bgcolor=\"transparent\">\n<tbody>\n<tr>\n<td style=\"border-bottom: 1px dashed gray;\"><span style=\"color: default; font: 15px Trajan pro,arial,sans-serift;\">Y\u0131l 5, Say\u0131 18, G\u00fcz 2018<\/span><\/td>\n<td style=\"text-align: right; border-bottom: 1px dashed gray; margin-top: -4%; margin-bottom: -0.8%;\">ISSN: 2148-7537<\/td>\n<\/tr>\n<\/tbody>\n<\/table>\n<table bgcolor=\"transparent\">\n<tbody>\n<tr>\n<td width=\"85%\"><span style=\"color: default; font: 15px Trajan pro,arial,sans-serift;\">Makaleler<br \/>\nArticles<\/span><\/td>\n<td width=\"15%\"><\/td>\n<\/tr>\n<tr>\n<td width=\"85%\"><span style=\"color: default; font: 17px Trajan pro,arial,sans-serift;\"> M\u00fcge Ak\u00e7akoca <\/span><br \/>\n<a title=\"Yeni Nesil \u00c7izim\" href=\"http:\/\/insanveinsan.org\/yeni-nesil-cizim\/\"><span style=\"text-decoration: none; font: italic 17px minion pro,arial,sans-serif;\">Yeni Nesil \u00c7izim<\/span><\/a><br \/>\n<a title=\"New Generation Drawing\" href=\"http:\/\/insanveinsan.org\/en\/yeni-nesil-cizim\/\"> <span style=\"text-decoration: none; font-variant: normal; font-weight: normal; font-stretch: normal; font-size: 17px; line-height: normal; font-family: 'minion pro', arial, sans-serif;\">New Generation Drawing<\/span><\/a><\/td>\n<td style=\"text-align: right; vertical-align: middle;\" bgcolor=\"transparent\"><a title=\" Yeni Nesil \u00c7izim\" href=\"http:\/\/insanveinsan.org\/en\/yeni-nesil-cizim\/\"><span style=\"color: default; font: 38px Trajan pro,arial,sans-serift;\">259<\/span><\/a><\/td>\n<\/tr>\n<tr>\n<td bgcolor=\"transparent\" width=\"85%\"><span style=\"color: default; font: 17px Trajan pro,arial,sans-serift;\"> G\u00f6ksel Aymaz <\/span><br \/>\n<a title=\"Sosyal Bilimsel Bir Disiplin Olma S\u00fcrecinde \u0130leti\u015fim Bilimleri ve Felsefe \u0130li\u015fkisi\" href=\"http:\/\/insanveinsan.org\/sosyal-bilimsel-bir-disiplin-olma-surecinde-iletisim-bilimleri-ve-felsefe-iliskisi\"><span style=\"text-decoration: none; font: italic 17px minion pro,arial,sans-serif;\">Sosyal Bilimsel Bir Disiplin Olma S\u00fcrecinde \u0130leti\u015fim Bilimleri ve Felsefe \u0130li\u015fkisi<\/span><\/a><br \/>\n<a title=\"The Relation Between Communication Sciences and Philosophy in Social Sciences in the Process of Becoming a Discipline\" href=\"http:\/\/insanveinsan.org\/en\/sosyal-bilimsel-bir-disiplin-olma-surecinde-iletisim-bilimleri-ve-felsefe-iliskisi\"> <span style=\"text-decoration: none; font-variant: normal; font-weight: normal; font-stretch: normal; font-size: 17px; line-height: normal; font-family: 'minion pro', arial, sans-serif;\">The Relation Between Communication Sciences and Philosophy in Social Sciences in the Process of Becoming a Discipline<\/span><\/a><\/td>\n<td style=\"text-align: right; vertical-align: middle;\" bgcolor=\"transparent\"><a title=\"The Relation Between Communication Sciences and Philosophy in Social Sciences in the Process of Becoming a Discipline\" href=\"http:\/\/insanveinsan.org\/en\/sosyal-bilimsel-bir-disiplin-olma-surecinde-iletisim-bilimleri-ve-felsefe-iliskisi\"><span style=\"color: default; font: 38px Trajan pro,arial,sans-serift;\">278<\/span><\/a><\/td>\n<\/tr>\n<tr>\n<td bgcolor=\"transparent\" width=\"85%\"><span style=\"color: default; font: 17px Trajan pro,arial,sans-serift;\">Umut Da\u011f<\/span><br \/>\n<a title=\"Amartya Sen\u2019s Idea of Justice and Impartial Spectator for the Question of Injustice\" href=\"http:\/\/insanveinsan.org\/en\/amartya-senin-adalet-dusuncesi-ve-adaletsizlik-problemi-icin-tarafsiz-gozlemci\/\"><span style=\"text-decoration: none; font: italic 17px minion pro,arial,sans-serif;\">Amartya Sen\u2019s Idea of Justice and Impartial Spectator for the Question of Injustice<\/span><\/a><br \/>\n<a title=\"Amartya Sen\u2019in Adalet D\u00fc\u015f\u00fcncesi ve Adaletsizlik Problemi i\u00e7in Tarafs\u0131z G\u00f6zlemci\" href=\"http:\/\/insanveinsan.org\/amartya-senin-adalet-dusuncesi-ve-adaletsizlik-problemi-icin-tarafsiz-gozlemci\/\"> <span style=\"text-decoration: none; font-variant: normal; font-weight: normal; font-stretch: normal; font-size: 17px; line-height: normal; font-family: 'minion pro', arial, sans-serif;\">Amartya Sen\u2019in Adalet D\u00fc\u015f\u00fcncesi ve Adaletsizlik Problemi i\u00e7in Tarafs\u0131z G\u00f6zlemci<\/span><\/a><\/td>\n<td style=\"text-align: right; vertical-align: middle;\" bgcolor=\"transparent\"><a title=\"Amartya Sen\u2019in Adalet D\u00fc\u015f\u00fcncesi ve Adaletsizlik Problemi i\u00e7in Tarafs\u0131z G\u00f6zlemci\" href=\"http:\/\/insanveinsan.org\/en\/amartya-senin-adalet-dusuncesi-ve-adaletsizlik-problemi-icin-tarafsiz-gozlemci\/\"><span style=\"color: default; font: 38px Trajan pro,arial,sans-serift;\">299<\/span><\/a><\/td>\n<\/tr>\n<tr>\n<td bgcolor=\"transparent\" width=\"85%\"><span style=\"color: default; font: 17px Trajan pro,arial,sans-serift;\">Ali Ta\u015f \/ O\u011fuzhan \u00d6zt\u00fcrk \/ Umut Orhan<\/span><br \/>\n<a title=\"\u0130ktidar Arac\u0131 Olarak Seyir Ama\u00e7l\u0131 (Aleni) Fiziksel Anatomiden Sosyal Anatomiye: \u0130nsan Bedeni \u00dczerinden \u0130ktidar\u0131n Form De\u011fi\u015ftiren Hik\u00e2yesi\" href=\"http:\/\/insanveinsan.org\/iktidar-araci-olarak-seyir-amacli-aleni-fiziksel-anatomiden-sosyal-anatomiye-insan-bedeni-uzerinden-iktidarin-form-degistiren-hikayesi\/\"><span style=\"text-decoration: none; font: italic 17px minion pro,arial,sans-serif;\">\u0130ktidar Arac\u0131 Olarak Seyir Ama\u00e7l\u0131 (Aleni) Fiziksel Anatomiden Sosyal Anatomiye: \u0130nsan Bedeni \u00dczerinden \u0130ktidar\u0131n Form De\u011fi\u015ftiren Hik\u00e2yesi<\/span><\/a><br \/>\n<a title=\"As A Power from (Open) Physical Anatomy to Social Anatomy: The Form-Changing Story of the Power on the Human Body\" href=\"http:\/\/insanveinsan.org\/en\/iktidar-araci-olarak-seyir-amacli-aleni-fiziksel-anatomiden-sosyal-anatomiye-insan-bedeni-uzerinden-iktidarin-form-degistiren-hikayesi\/\"> <span style=\"text-decoration: none; font-variant: normal; font-weight: normal; font-stretch: normal; font-size: 17px; line-height: normal; font-family: 'minion pro', arial, sans-serif;\">As A Power from (Open) Physical Anatomy to Social Anatomy: The Form-Changing Story of the Power on the Human Body<\/span><\/a><\/td>\n<td style=\"text-align: right; vertical-align: middle;\" bgcolor=\"transparent\"><a title=\"As A Power from (Open) Physical Anatomy to Social Anatomy: The Form-Changing Story of the Power on the Human Body\" href=\"http:\/\/insanveinsan.org\/en\/iktidar-araci-olarak-seyir-amacli-aleni-fiziksel-anatomiden-sosyal-anatomiye-insan-bedeni-uzerinden-iktidarin-form-degistiren-hikayesi\/\"><span style=\"color: default; font: 38px Trajan pro,arial,sans-serift;\">317<\/span><\/a><\/td>\n<\/tr>\n<tr>\n<td bgcolor=\"transparent\" width=\"85%\"><span style=\"color: default; font: 17px Trajan pro,arial,sans-serift;\">Batuhan Ustabulut<\/span><br \/>\n<a title=\"Temsilde Adalet ve Y\u00f6netimde \u0130stikrar \u0130lkeleri \u00c7er\u00e7evesinde T\u00fcrkiye\u2019de \u00dclke Se\u00e7im Baraj\u0131 Uygulamas\u0131\" href=\"http:\/\/insanveinsan.org\/temsilde-adalet-ve-yonetimde-istikrar-ilkeleri-cercevesinde-turkiyede-ulke-secim-baraji-uygulamasi\/\"><span style=\"text-decoration: none; font: italic 17px minion pro,arial,sans-serif;\">Temsilde Adalet ve Y\u00f6netimde \u0130stikrar \u0130lkeleri \u00c7er\u00e7evesinde T\u00fcrkiye\u2019de \u00dclke Se\u00e7im Baraj\u0131 Uygulamas\u0131<\/span><\/a><br \/>\n<a title=\"Electoral Threshold Implementation in Turkey within the Framework of Two Principles: Justice in Representation and Stability in Governing\" href=\"http:\/\/insanveinsan.org\/en\/temsilde-adalet-ve-yonetimde-istikrar-ilkeleri-cercevesinde-turkiyede-ulke-secim-baraji-uygulamasi\/\"> <span style=\"text-decoration: none; font-variant: normal; font-weight: normal; font-stretch: normal; font-size: 17px; line-height: normal; font-family: 'minion pro', arial, sans-serif;\">Electoral Threshold Implementation in Turkey within the Framework of Two Principles: Justice in Representation and Stability in Governing<\/span><\/a><\/td>\n<td style=\"text-align: right; vertical-align: middle;\" bgcolor=\"transparent\"><a title=\"Electoral Threshold Implementation in Turkey within the Framework of Two Principles: Justice in Representation and Stability in Governing\" href=\"http:\/\/insanveinsan.org\/en\/temsilde-adalet-ve-yonetimde-istikrar-ilkeleri-cercevesinde-turkiyede-ulke-secim-baraji-uygulamasi\/\"><span style=\"color: default; font: 38px Trajan pro,arial,sans-serift;\">341<\/span><\/a><\/td>\n<\/tr>\n<\/tbody>\n<\/table>\n<table bgcolor=\"transparent\">\n<tbody>\n<tr>\n<td style=\"border-bottom: 1px dashed gray;\"><\/td>\n<\/tr>\n<\/tbody>\n<\/table>\n<p><img loading=\"lazy\" decoding=\"async\" class=\"alignnone wp-image-119 size-full\" src=\"..\/wp-content\/uploads\/pdf-e1407190133528.png\" alt=\"\" width=\"50\" height=\"50\"><br \/>\n<span style=\"text-decoration: none; font-variant: normal; font-weight: normal; font-stretch: normal; font-size: 15px; line-height: normal; font-family: 'minion pro', arial, sans-serif;\">Year 5, Issue 18, Fall 2018<br \/>\nTam metin \/ Full text<\/span><\/p>\n<div style=\"width: 240px;\">\n<span style=\"text-decoration: none; font-variant: normal; font-weight: normal; font-stretch: normal; font-size: 15px; line-height: normal; font-family: 'minion pro', arial, sans-serif;\"><\/p>\n<div style=\"float: left; width: 20px;\"><img decoding=\"async\" style=\"border-width:0\" src=\"..\/wp-content\/uploads\/izleme-icon.png\"><\/div>\n<p><span style=\"text-decoration: none; font-variant: normal; font-weight: normal; font-stretch: normal; font-size: 15px; line-height: normal; font-family: 'minion pro', arial, sans-serif;\"><\/span><\/p>\n<div style=\"float: left; width: 50px;\">[post-views]<\/div>\n<div style=\"float: left; width: 20px;\"><img decoding=\"async\" style=\"border-width:0\" src=\"..\/wp-content\/uploads\/indirme-icon.png\"><\/div>\n<div style=\"float: left; width: 150px;\"><span style=\"text-decoration: none; font-variant: normal; font-weight: normal; font-stretch: normal; font-size: 15px; line-height: normal; font-family: 'minion pro', arial, sans-serif;\"><div class=\"sdm_download_count\"><span class=\"sdm_count_number\">381<\/span><span class=\"sdm_count_string\"> Downloads<\/span><\/div><\/span><\/div>\n<p><br style=\"clear: left;\"><\/p>\n<p><\/span><\/div>\n<div class=\"sdm_download_button_box_default\"><div class=\"sdm_download_link\"><a href=\"https:\/\/www.insanveinsan.org\/?sdm_process_download=1&download_id=2915\" class=\"sdm_download grey\" title=\"18\" target=&quot;_blank&quot;>Download Now!<\/a><\/div><\/div>\n<table bgcolor=\"transparent\">\n<tbody>\n<tr>\n<td style=\"border-bottom: 1px dashed gray;\"><\/td>\n<\/tr>\n<\/tbody>\n<\/table>\n<p><span style=\"text-decoration: none; font-variant: normal; font-weight: normal; font-stretch: normal; font-size: 15px; line-height: normal; font-family: 'minion pro', arial, sans-serif;\"><a rel=\"license\" href=\"https:\/\/creativecommons.org\/licenses\/by-nc\/4.0\/\"><img decoding=\"async\" alt=\"Creative Commons License\" style=\"border-width:0\" src=\"https:\/\/i.creativecommons.org\/l\/by-nc\/4.0\/80x15.png\"><\/a><br \/>\nThis work is licensed under a <a rel=\"license\" href=\"https:\/\/creativecommons.org\/licenses\/by-nc\/4.0\/\">Creative Commons Attribution-NonCommercial 4.0 International License<\/a>.<\/span><br \/>\n<\/p>","protected":false},"excerpt":{"rendered":"<p>Y\u0131l 5, Say\u0131 18, G\u00fcz 2018 ISSN: 2148-7537 Makaleler Articles M\u00fcge Ak\u00e7akoca Yeni Nesil \u00c7izim New Generation Drawing 259 G\u00f6ksel Aymaz Sosyal Bilimsel Bir Disiplin Olma S\u00fcrecinde \u0130leti\u015fim Bilimleri ve Felsefe \u0130li\u015fkisi The Relation Between Communication Sciences and Philosophy in Social Sciences in the Process of Becoming a Discipline 278 Umut Da\u011f Amartya Sen\u2019s Idea &hellip; <a href=\"https:\/\/www.insanveinsan.org\/en\/sayi-18-guz-2018\/\" class=\"more-link\">Continue reading <span class=\"screen-reader-text\">Issue 18, Fall 2018<\/span><\/a><\/p>\n","protected":false},"author":2,"featured_media":0,"parent":0,"menu_order":0,"comment_status":"closed","ping_status":"closed","template":"","meta":{"footnotes":""},"class_list":["post-2922","page","type-page","status-publish","hentry"],"_links":{"self":[{"href":"https:\/\/www.insanveinsan.org\/en\/wp-json\/wp\/v2\/pages\/2922","targetHints":{"allow":["GET"]}}],"collection":[{"href":"https:\/\/www.insanveinsan.org\/en\/wp-json\/wp\/v2\/pages"}],"about":[{"href":"https:\/\/www.insanveinsan.org\/en\/wp-json\/wp\/v2\/types\/page"}],"author":[{"embeddable":true,"href":"https:\/\/www.insanveinsan.org\/en\/wp-json\/wp\/v2\/users\/2"}],"replies":[{"embeddable":true,"href":"https:\/\/www.insanveinsan.org\/en\/wp-json\/wp\/v2\/comments?post=2922"}],"version-history":[{"count":0,"href":"https:\/\/www.insanveinsan.org\/en\/wp-json\/wp\/v2\/pages\/2922\/revisions"}],"wp:attachment":[{"href":"https:\/\/www.insanveinsan.org\/en\/wp-json\/wp\/v2\/media?parent=2922"}],"curies":[{"name":"wp","href":"https:\/\/api.w.org\/{rel}","templated":true}]}}