{"id":3034,"date":"2019-01-29T17:42:51","date_gmt":"2019-01-29T15:42:51","guid":{"rendered":"https:\/\/insanveinsan.org\/?page_id=3034"},"modified":"2025-12-06T21:06:32","modified_gmt":"2025-12-06T18:06:32","slug":"indeksler-veritabanlari","status":"publish","type":"page","link":"https:\/\/www.insanveinsan.org\/en\/indeksler-veritabanlari\/","title":{"rendered":"Indexes"},"content":{"rendered":"<p><\/p>\r\n\r\n<p>&nbsp;<\/p>\r\n<table bgcolor=\"transparent\">\r\n<tbody>\r\n<tr>\r\n<td style=\"border-bottom: 1px dashed gray;\"><span style=\"color: default; font: 15px Trajan pro,arial,sans-serift;\">Dizinler<\/span><\/td>\r\n<td style=\"text-align: right; border-bottom: 1px dashed gray; margin-top: -4%; margin-bottom: -0.8%;\">ISSN:\u00a02148-7537<\/td>\r\n<\/tr>\r\n<\/tbody>\r\n<\/table>\r\nJournal of \u0130nsan ve \u0130nsan is indexed by <a title=\"T\u00dcB\u0130TAK ULAKB\u0130M Sosyal ve Be\u015feri Bilimler Veri Taban\u0131\u2019nda (SBVT) (Social Sciences and Humanities Database) TR Dizin\" href=\"https:\/\/app.trdizin.gov.tr\/dergi\/TVRJd05UVT0\/insan-ve-insan\" target=\"_blank\" rel=\"noopener\">T\u00dcB\u0130TAK ULAKB\u0130M Sosyal ve Be\u015feri Bilimler Veri Taban\u0131 (SBVT) (Social Sciences and Humanities Database) TR Dizin<\/a>, <a title=\"EBSCO Central &amp; Eastern European Academic Source (CEEAS)\" href=\"https:\/\/www.ebscohost.com\/titleLists\/e5h-coverage.htm\" target=\"_blank\" rel=\"noopener\">EBSCO Central &amp; Eastern European Academic Source (CEEAS)<\/a>, <a title=\"ERIH PLUS (European Reference Index for the Humanities and Social Sciences)\" href=\"https:\/\/kanalregister.hkdir.no\/publiseringskanaler\/erihplus\/periodical\/info.action?id=493361\" target=\"_blank\" rel=\"noopener\">ERIH PLUS (European Reference Index for the Humanities and Social Sciences)<\/a>, and <a title=\"DOAJ\" href=\"https:\/\/doaj.org\/toc\/2148-7537\" target=\"_blank\" rel=\"noopener\">DOAJ<\/a>. The articles published in the Journal are archived digitally in the <a title=\"Dergipark Akademik\" href=\"http:\/\/dergipark.org.tr\/insanveinsan\" target=\"_blank\" rel=\"noopener\">Dergipark Akademik<\/a> infrastructre.<\/span><\/p>\r\n\r\n<p><\/p>","protected":false},"excerpt":{"rendered":"<p>&nbsp; Dizinler ISSN:\u00a02148-7537 Journal of \u0130nsan ve \u0130nsan is indexed by T\u00dcB\u0130TAK ULAKB\u0130M Sosyal ve Be\u015feri Bilimler Veri Taban\u0131 (SBVT) (Social Sciences and Humanities Database) TR Dizin, EBSCO Central &amp; Eastern European Academic Source (CEEAS), ERIH PLUS (European Reference Index for the Humanities and Social Sciences), and DOAJ. The articles published in the Journal are &hellip; <a href=\"https:\/\/www.insanveinsan.org\/en\/indeksler-veritabanlari\/\" class=\"more-link\">Continue reading <span class=\"screen-reader-text\">Indexes<\/span><\/a><\/p>\n","protected":false},"author":2,"featured_media":0,"parent":0,"menu_order":0,"comment_status":"closed","ping_status":"closed","template":"","meta":{"footnotes":""},"class_list":["post-3034","page","type-page","status-publish","hentry"],"_links":{"self":[{"href":"https:\/\/www.insanveinsan.org\/en\/wp-json\/wp\/v2\/pages\/3034","targetHints":{"allow":["GET"]}}],"collection":[{"href":"https:\/\/www.insanveinsan.org\/en\/wp-json\/wp\/v2\/pages"}],"about":[{"href":"https:\/\/www.insanveinsan.org\/en\/wp-json\/wp\/v2\/types\/page"}],"author":[{"embeddable":true,"href":"https:\/\/www.insanveinsan.org\/en\/wp-json\/wp\/v2\/users\/2"}],"replies":[{"embeddable":true,"href":"https:\/\/www.insanveinsan.org\/en\/wp-json\/wp\/v2\/comments?post=3034"}],"version-history":[{"count":16,"href":"https:\/\/www.insanveinsan.org\/en\/wp-json\/wp\/v2\/pages\/3034\/revisions"}],"predecessor-version":[{"id":5675,"href":"https:\/\/www.insanveinsan.org\/en\/wp-json\/wp\/v2\/pages\/3034\/revisions\/5675"}],"wp:attachment":[{"href":"https:\/\/www.insanveinsan.org\/en\/wp-json\/wp\/v2\/media?parent=3034"}],"curies":[{"name":"wp","href":"https:\/\/api.w.org\/{rel}","templated":true}]}}