{"id":3215,"date":"2019-02-03T11:47:16","date_gmt":"2019-02-03T09:47:16","guid":{"rendered":"https:\/\/insanveinsan.org\/?page_id=3215"},"modified":"2019-11-28T11:10:13","modified_gmt":"2019-11-28T08:10:13","slug":"sayi-19-kis-2019","status":"publish","type":"page","link":"https:\/\/www.insanveinsan.org\/en\/sayi-19-kis-2019\/","title":{"rendered":"Issue 19, Winter 2019"},"content":{"rendered":"<p><\/p>\n<table bgcolor=\"transparent\">\n<tbody>\n<tr>\n<td style=\"border-bottom: 1px dashed gray;\"><span style=\"color: default; font: 15px Trajan pro,arial,sans-serift;\">Y\u0131l 6, Say\u0131 19, K\u0131\u015f 2019<\/span><\/td>\n<td style=\"text-align: right; border-bottom: 1px dashed gray; margin-top: -4%; margin-bottom: -0.8%;\">ISSN: 2148-7537<\/td>\n<\/tr>\n<\/tbody>\n<\/table>\n<table bgcolor=\"transparent\">\n<tbody>\n<tr>\n<td width=\"85%\"><span style=\"color: default; font: 15px Trajan pro,arial,sans-serift;\">Makaleler<br \/>\nArticles<\/span><\/td>\n<td width=\"15%\"><\/td>\n<\/tr>\n<tr>\n<td width=\"85%\"><span style=\"color: default; font: 17px Trajan pro,arial,sans-serift;\"> Yakup Akku\u015f <\/span><br \/>\n<a title=\"Osmanl\u0131 Vak\u0131flar\u0131n\u0131n T\u00fczel Ki\u015fili\u011fi Var m\u0131yd\u0131?\" href=\"\/osmanli-vakiflarinin-tuzel-kisiligi-var-miydi\/\"><span style=\"text-decoration: none; font: italic 17px minion pro,arial,sans-serif;\">Osmanl\u0131 Vak\u0131flar\u0131n\u0131n T\u00fczel Ki\u015fili\u011fi Var m\u0131yd\u0131?<\/span><\/a><br \/>\n<a title=\"Did Ottoman Waqfs have a Juristic Personality?\" href=\"\/en\/osmanli-vakiflarinin-tuzel-kisiligi-var-miydi\/\"> <span style=\"text-decoration: none; font-variant: normal; font-weight: normal; font-stretch: normal; font-size: 17px; line-height: normal; font-family: 'minion pro', arial, sans-serif;\">Did Ottoman Waqfs have a Juristic Personality?<\/span><\/a><\/td>\n<td style=\"text-align: right; vertical-align: middle;\" bgcolor=\"transparent\"><a title=\" Osmanl\u0131 Vak\u0131flar\u0131n\u0131n T\u00fczel Ki\u015fili\u011fi Var m\u0131yd\u0131?\" href=\"\/en\/osmanli-vakiflarinin-tuzel-kisiligi-var-miydi\/\"><span style=\"color: default; font: 38px Trajan pro,arial,sans-serift;\">9<\/span><\/a><\/td>\n<\/tr>\n<tr>\n<td bgcolor=\"transparent\" width=\"85%\"><span style=\"color: default; font: 17px Trajan pro,arial,sans-serift;\"> Osman \u00c7al\u0131\u015fkan <\/span><br \/>\n<a title=\"Politik Arg\u00fcmantasyonun Temellendirilmesinde Ortak Kanaatlere Ba\u015fvurma: Cumhur \u0130ttifak\u0131 Arg\u00fcmanlar\u0131na Y\u00f6nelik Bir \u0130nceleme\" href=\"\/politik-argumantasyonun-temellendirilmesinde-ortak-kanaatlere-basvurma-cumhur-ittifaki-argumanlarina-yonelik-bir-inceleme\"><span style=\"text-decoration: none; font: italic 17px minion pro,arial,sans-serif;\">Politik Arg\u00fcmantasyonun Temellendirilmesinde Ortak Kanaatlere Ba\u015fvurma: Cumhur \u0130ttifak\u0131 Arg\u00fcmanlar\u0131na Y\u00f6nelik Bir \u0130nceleme<\/span><\/a><br \/>\n<a title=\"Appealing Endoxa in Justification of Political Argumentation: A Study on the Arguments of People\u2019s Alliance\" href=\"\/en\/politik-argumantasyonun-temellendirilmesinde-ortak-kanaatlere-basvurma-cumhur-ittifaki-argumanlarina-yonelik-bir-inceleme\"> <span style=\"text-decoration: none; font-variant: normal; font-weight: normal; font-stretch: normal; font-size: 17px; line-height: normal; font-family: 'minion pro', arial, sans-serif;\">Appealing Endoxa in Justification of Political Argumentation: A Study on the Arguments of People\u2019s Alliance<\/span><\/a><\/td>\n<td style=\"text-align: right; vertical-align: middle;\" bgcolor=\"transparent\"><a title=\"Appealing Endoxa in Justification of Political Argumentation: A Study on the Arguments of People\u2019s Alliance\" href=\"\/en\/politik-argumantasyonun-temellendirilmesinde-ortak-kanaatlere-basvurma-cumhur-ittifaki-argumanlarina-yonelik-bir-inceleme\"><span style=\"color: default; font: 38px Trajan pro,arial,sans-serift;\">33<\/span><\/a><\/td>\n<\/tr>\n<tr>\n<td bgcolor=\"transparent\" width=\"85%\"><span style=\"color: default; font: 17px Trajan pro,arial,sans-serift;\">\u0130lknur Karaaslan \/ Abdulkadir \u015eenkal<\/span><br \/>\n<a title=\"Labour Migration and International Labour Standards: An Assessment in Terms of Labour Market\" href=\"\/en\/emek-gocu-ve-uluslararasi-calisma-standartlari-emek piyasasi-acisindan-bir-degerlendirme\/\"><span style=\"text-decoration: none; font: italic 17px minion pro,arial,sans-serif;\">Labour Migration and International Labour Standards: An Assessment in Terms of Labour Market<\/span><\/a><br \/>\n<a title=\"Emek G\u00f6\u00e7\u00fc ve Uluslararas\u0131 \u00c7al\u0131\u015fma Standartlar\u0131: Emek Piyasas\u0131 A\u00e7\u0131s\u0131ndan Bir De\u011ferlendirme\" href=\"\/emek-gocu-ve-uluslararasi-calisma-standartlari-emek piyasasi-acisindan-bir-degerlendirme\/\"> <span style=\"text-decoration: none; font-variant: normal; font-weight: normal; font-stretch: normal; font-size: 17px; line-height: normal; font-family: 'minion pro', arial, sans-serif;\">Emek G\u00f6\u00e7\u00fc ve Uluslararas\u0131 \u00c7al\u0131\u015fma Standartlar\u0131: Emek Piyasas\u0131 A\u00e7\u0131s\u0131ndan Bir De\u011ferlendirme<\/span><\/a><\/td>\n<td style=\"text-align: right; vertical-align: middle;\" bgcolor=\"transparent\"><a title=\"Emek G\u00f6\u00e7\u00fc ve Uluslararas\u0131 \u00c7al\u0131\u015fma Standartlar\u0131: Emek Piyasas\u0131 A\u00e7\u0131s\u0131ndan Bir De\u011ferlendirme\" href=\"\/en\/emek-gocu-ve-uluslararasi-calisma-standartlari-emek piyasasi-acisindan-bir-degerlendirme\/\"><span style=\"color: default; font: 38px Trajan pro,arial,sans-serift;\">45<\/span><\/a><\/td>\n<\/tr>\n<tr>\n<td bgcolor=\"transparent\" width=\"85%\"><span style=\"color: default; font: 17px Trajan pro,arial,sans-serift;\">\u00c7i\u011fdem Sa\u00e7 Kavrayan<\/span><br \/>\n<a title=\"\u00c7a\u011fda\u015f Sanat ve Kimlik: Grayson Perry Eserleri \u00dczerinden Bir \u0130nceleme\" href=\"\/cagdas-sanat-ve-kimlik-grayson-perry-eserleri-uzerinden-bir-inceleme\/\"><span style=\"text-decoration: none; font: italic 17px minion pro,arial,sans-serif;\">\u00c7a\u011fda\u015f Sanat ve Kimlik: Grayson Perry Eserleri \u00dczerinden Bir \u0130nceleme<\/span><\/a><br \/>\n<a title=\"Contemporary Art and Identity: A Review from Grayson Perry Artworks\" href=\"\/en\/cagdas-sanat-ve-kimlik-grayson-perry-eserleri-uzerinden-bir-inceleme\/\"> <span style=\"text-decoration: none; font-variant: normal; font-weight: normal; font-stretch: normal; font-size: 17px; line-height: normal; font-family: 'minion pro', arial, sans-serif;\">Contemporary Art and Identity: A Review from Grayson Perry Artworks<\/span><\/a><\/td>\n<td style=\"text-align: right; vertical-align: middle;\" bgcolor=\"transparent\"><a title=\"Contemporary Art and Identity: A Review from Grayson Perry Artworks\" href=\"\/en\/cagdas-sanat-ve-kimlik-grayson-perry-eserleri-uzerinden-bir-inceleme\/\"><span style=\"color: default; font: 38px Trajan pro,arial,sans-serift;\">63<\/span><\/a><\/td>\n<\/tr>\n<tr>\n<td bgcolor=\"transparent\" width=\"85%\"><span style=\"color: default; font: 17px Trajan pro,arial,sans-serift;\">Cengiz Sunay<\/span><br \/>\n<a title=\"T\u00fcrk Siyasal Hayat\u0131nda Dan\u0131\u015fma Meclisi\" href=\"\/turk-siyasal-hayatinda-danisma-meclisi\/\"><span style=\"text-decoration: none; font: italic 17px minion pro,arial,sans-serif;\">T\u00fcrk Siyasal Hayat\u0131nda Dan\u0131\u015fma Meclisi<\/span><\/a><br \/>\n<a title=\"The Constituent Assembly in Turkish Political Life\" href=\"\/en\/turk-siyasal-hayatinda-danisma-meclisi\/\"> <span style=\"text-decoration: none; font-variant: normal; font-weight: normal; font-stretch: normal; font-size: 17px; line-height: normal; font-family: 'minion pro', arial, sans-serif;\">The Constituent Assembly in Turkish Political Life<\/span><\/a><\/td>\n<td style=\"text-align: right; vertical-align: middle;\" bgcolor=\"transparent\"><a title=\"The Constituent Assembly in Turkish Political Life\" href=\"\/en\/turk-siyasal-hayatinda-danisma-meclisi\/\"><span style=\"color: default; font: 38px Trajan pro,arial,sans-serift;\">79<\/span><\/a><\/td>\n<\/tr>\n<tr>\n<td bgcolor=\"transparent\" width=\"85%\"><span style=\"color: default; font: 17px Trajan pro,arial,sans-serift;\">H. Tezcan Uysal<\/span><\/p>\n<p><a title=\"A Research towards the Reality of Psychological Capital in Modern Workforce\" href=\"\/en\/modern-isgucunde-psikolojik-sermayenin-realitesine-yonelik-bir-arastirma\/\"><span style=\"text-decoration: none; font: italic 17px minion pro,arial,sans-serif;\">A Research towards the Reality of Psychological Capital in Modern Workforce<\/span><\/a><br \/>\n<a title=\"Modern \u0130\u015fg\u00fcc\u00fcnde Psikolojik Sermayenin Realitesine Y\u00f6nelik Bir Ara\u015ft\u0131rma\" href=\"\/modern-isgucunde-psikolojik-sermayenin-realitesine-yonelik-bir-arastirma\/\"> <span style=\"text-decoration: none; font-variant: normal; font-weight: normal; font-stretch: normal; font-size: 17px; line-height: normal; font-family: 'minion pro', arial, sans-serif;\">Modern \u0130\u015fg\u00fcc\u00fcnde Psikolojik Sermayenin Realitesine Y\u00f6nelik Bir Ara\u015ft\u0131rma<\/span><\/a><\/td>\n<td style=\"text-align: right; vertical-align: middle;\" bgcolor=\"transparent\"><a title=\"Modern \u0130\u015fg\u00fcc\u00fcnde Psikolojik Sermayenin Realitesine Y\u00f6nelik Bir Ara\u015ft\u0131rma\" href=\"\/en\/modern-isgucunde-psikolojik-sermayenin-realitesine-yonelik-bir-arastirma\/\"><span style=\"color: default; font: 38px Trajan pro,arial,sans-serift;\">99<\/span><\/a><\/td>\n<\/tr>\n<\/tbody>\n<\/table>\n<table bgcolor=\"transparent\">\n<tbody>\n<tr>\n<td style=\"border-bottom: 1px dashed gray;\"><\/td>\n<\/tr>\n<\/tbody>\n<\/table>\n<p><img loading=\"lazy\" decoding=\"async\" class=\"alignnone wp-image-119 size-full\" src=\"..\/wp-content\/uploads\/pdf-e1407190133528.png\" alt=\"\" width=\"50\" height=\"50\"><br \/>\n<span style=\"text-decoration: none; font-variant: normal; font-weight: normal; font-stretch: normal; font-size: 15px; line-height: normal; font-family: 'minion pro', arial, sans-serif;\">Year 6, Issue 19, Winter 2019<br \/>\nTam metin \/ Full text<\/span><\/p>\n<div style=\"width: 240px;\">\n<span style=\"text-decoration: none; font-variant: normal; font-weight: normal; font-stretch: normal; font-size: 15px; line-height: normal; font-family: 'minion pro', arial, sans-serif;\"><\/p>\n<div style=\"float: left; width: 20px;\"><img decoding=\"async\" style=\"border-width:0\" src=\"..\/wp-content\/uploads\/izleme-icon.png\"><\/div>\n<p><span style=\"text-decoration: none; font-variant: normal; font-weight: normal; font-stretch: normal; font-size: 15px; line-height: normal; font-family: 'minion pro', arial, sans-serif;\"><\/span><\/p>\n<div style=\"float: left; width: 50px;\">[post-views]<\/div>\n<div style=\"float: left; width: 20px;\"><img decoding=\"async\" style=\"border-width:0\" src=\"..\/wp-content\/uploads\/indirme-icon.png\"><\/div>\n<div style=\"float: left; width: 150px;\"><span style=\"text-decoration: none; font-variant: normal; font-weight: normal; font-stretch: normal; font-size: 15px; line-height: normal; font-family: 'minion pro', arial, sans-serif;\"><div class=\"sdm_download_count\"><span class=\"sdm_count_number\">308<\/span><span class=\"sdm_count_string\"> Downloads<\/span><\/div><\/span><\/div>\n<p><br style=\"clear: left;\"><\/p>\n<p><\/span><\/div>\n<div class=\"sdm_download_button_box_default\"><div class=\"sdm_download_link\"><a href=\"https:\/\/www.insanveinsan.org\/?sdm_process_download=1&download_id=3207\" class=\"sdm_download grey\" title=\"19\" target=&quot;_blank&quot;>Download Now!<\/a><\/div><\/div>\n<table bgcolor=\"transparent\">\n<tbody>\n<tr>\n<td style=\"border-bottom: 1px dashed gray;\"><\/td>\n<\/tr>\n<\/tbody>\n<\/table>\n<p><span style=\"text-decoration: none; font-variant: normal; font-weight: normal; font-stretch: normal; font-size: 15px; line-height: normal; font-family: 'minion pro', arial, sans-serif;\"><a rel=\"license\" href=\"https:\/\/creativecommons.org\/licenses\/by-nc\/4.0\/\"><img decoding=\"async\" alt=\"Creative Commons License\" style=\"border-width:0\" src=\"https:\/\/i.creativecommons.org\/l\/by-nc\/4.0\/80x15.png\"><\/a><br \/>\nThis work is licensed under a <a rel=\"license\" href=\"https:\/\/creativecommons.org\/licenses\/by-nc\/4.0\/\">Creative Commons Attribution-NonCommercial 4.0 International License<\/a>.<\/span><br \/>\n<\/p>","protected":false},"excerpt":{"rendered":"<p>Y\u0131l 6, Say\u0131 19, K\u0131\u015f 2019 ISSN: 2148-7537 Makaleler Articles Yakup Akku\u015f Osmanl\u0131 Vak\u0131flar\u0131n\u0131n T\u00fczel Ki\u015fili\u011fi Var m\u0131yd\u0131? Did Ottoman Waqfs have a Juristic Personality? 9 Osman \u00c7al\u0131\u015fkan Politik Arg\u00fcmantasyonun Temellendirilmesinde Ortak Kanaatlere Ba\u015fvurma: Cumhur \u0130ttifak\u0131 Arg\u00fcmanlar\u0131na Y\u00f6nelik Bir \u0130nceleme Appealing Endoxa in Justification of Political Argumentation: A Study on the Arguments of People\u2019s Alliance &hellip; <a href=\"https:\/\/www.insanveinsan.org\/en\/sayi-19-kis-2019\/\" class=\"more-link\">Continue reading <span class=\"screen-reader-text\">Issue 19, Winter 2019<\/span><\/a><\/p>\n","protected":false},"author":2,"featured_media":0,"parent":0,"menu_order":0,"comment_status":"closed","ping_status":"closed","template":"","meta":{"footnotes":""},"class_list":["post-3215","page","type-page","status-publish","hentry"],"_links":{"self":[{"href":"https:\/\/www.insanveinsan.org\/en\/wp-json\/wp\/v2\/pages\/3215","targetHints":{"allow":["GET"]}}],"collection":[{"href":"https:\/\/www.insanveinsan.org\/en\/wp-json\/wp\/v2\/pages"}],"about":[{"href":"https:\/\/www.insanveinsan.org\/en\/wp-json\/wp\/v2\/types\/page"}],"author":[{"embeddable":true,"href":"https:\/\/www.insanveinsan.org\/en\/wp-json\/wp\/v2\/users\/2"}],"replies":[{"embeddable":true,"href":"https:\/\/www.insanveinsan.org\/en\/wp-json\/wp\/v2\/comments?post=3215"}],"version-history":[{"count":0,"href":"https:\/\/www.insanveinsan.org\/en\/wp-json\/wp\/v2\/pages\/3215\/revisions"}],"wp:attachment":[{"href":"https:\/\/www.insanveinsan.org\/en\/wp-json\/wp\/v2\/media?parent=3215"}],"curies":[{"name":"wp","href":"https:\/\/api.w.org\/{rel}","templated":true}]}}