{"id":3432,"date":"2019-04-29T11:12:18","date_gmt":"2019-04-29T08:12:18","guid":{"rendered":"https:\/\/insanveinsan.org\/?page_id=3432"},"modified":"2019-04-29T21:03:34","modified_gmt":"2019-04-29T18:03:34","slug":"sayi-20-bahar-2019","status":"publish","type":"page","link":"https:\/\/www.insanveinsan.org\/en\/sayi-20-bahar-2019\/","title":{"rendered":"Issue 20, Spring 2019"},"content":{"rendered":"<p><\/p>\n<table bgcolor=\"transparent\">\n<tbody>\n<tr>\n<td style=\"border-bottom: 1px dashed gray;\"><span style=\"color: default; font: 15px Trajan pro,arial,sans-serift;\">Y\u0131l 6, Say\u0131 20, Bahar 2019<\/span><\/td>\n<td style=\"text-align: right; border-bottom: 1px dashed gray; margin-top: -4%; margin-bottom: -0.8%;\">ISSN: 2148-7537<\/td>\n<\/tr>\n<\/tbody>\n<\/table>\n<table bgcolor=\"transparent\">\n<tbody>\n<tr>\n<td bgcolor=\"transparent\" width=\"85%\"><span style=\"color: default; font: 15px Trajan pro,arial,sans-serift;\">Makaleler<br \/>\nArticles<\/span><\/td>\n<td width=\"15%\"><\/td>\n<\/tr>\n<tr>\n<td bgcolor=\"transparent\" width=\"85%\"><span style=\"color: default; font: 17px Trajan pro,arial,sans-serift;\"> Erkan Do\u011fan <\/span><br \/>\n<a title=\"II. Me\u015frutiyet D\u00f6neminden Cumhuriyet\u2019in Kurulu\u015f Y\u0131llar\u0131na Halk\u00e7\u0131l\u0131k Fikrinin Geli\u015fimi\" href=\"\/ii-mesrutiyet-doneminden-cumhuriyetin-kurulus-yillarina-halkcilik-fikrinin-gelisimi\/\"><span style=\"text-decoration: none; font: italic 17px minion pro,arial,sans-serif;\">II. Me\u015frutiyet D\u00f6neminden Cumhuriyet\u2019in Kurulu\u015f Y\u0131llar\u0131na Halk\u00e7\u0131l\u0131k Fikrinin Geli\u015fimi<\/span><\/a><br \/>\n<a title=\"The Evolution of Populism from the Second Constitutional Period to the Early Republican Era\" href=\"\/en\/ii-mesrutiyet-doneminden-cumhuriyetin-kurulus-yillarina-halkcilik-fikrinin-gelisimi\/\"> <span style=\"text-decoration: none; font-variant: normal; font-weight: normal; font-stretch: normal; font-size: 17px; line-height: normal; font-family: 'minion pro', arial, sans-serif;\">The Evolution of Populism from the Second Constitutional Period to the Early Republican Era<\/span><\/a><\/td>\n<td style=\"text-align: right; vertical-align: middle;\" bgcolor=\"transparent\"><a title=\" The Evolution of Populism from the Second Constitutional Period to the Early Republican Era\" href=\"\/en\/ii-mesrutiyet-doneminden-cumhuriyetin-kurulus-yillarina-halkcilik-fikrinin-gelisimi\/\"><span style=\"color: default; font: 38px Trajan pro,arial,sans-serift;\">131<\/span><\/a><\/td>\n<\/tr>\n<tr>\n<td bgcolor=\"transparent\" width=\"85%\"><span style=\"color: default; font: 17px Trajan pro,arial,sans-serift;\"> Mehmet Zeki Duman <\/span><br \/>\n<a title=\"T\u00fcrkiye\u2019de Ordu-Siyaset \u0130li\u015fkileri ve Askeri Darbelerin \u0130deolojik K\u00f6kenleri\" href=\"\/turkiyede-ordu-siyaset-iliskileri-ve-askeri-darbelerin-ideolojik-kokenleri\/\"><span style=\"text-decoration: none; font: italic 17px minion pro,arial,sans-serif;\">T\u00fcrkiye\u2019de Ordu-Siyaset \u0130li\u015fkileri ve Askeri Darbelerin \u0130deolojik K\u00f6kenleri<\/span><\/a><br \/>\n<a title=\"Relation between Army and Politics in Turkey and Ideological Origins of Military Coups\" href=\"\/en\/turkiyede-ordu-siyaset-iliskileri-ve-askeri-darbelerin-ideolojik-kokenleri\/\"> <span style=\"text-decoration: none; font-variant: normal; font-weight: normal; font-stretch: normal; font-size: 17px; line-height: normal; font-family: 'minion pro', arial, sans-serif;\">Relation between Army and Politics in Turkey and Ideological Origins of Military Coups<\/span><\/a><\/td>\n<td style=\"text-align: right; vertical-align: middle;\" bgcolor=\"transparent\"><a title=\"Relation between Army and Politics in Turkey and Ideological Origins of Military Coups\" href=\"\/en\/turkiyede-ordu-siyaset-iliskileri-ve-askeri-darbelerin-ideolojik-kokenleri\/\"><span style=\"color: default; font: 38px Trajan pro,arial,sans-serift;\">145<\/span><\/a><\/td>\n<\/tr>\n<tr>\n<td bgcolor=\"transparent\" width=\"85%\"><span style=\"color: default; font: 17px Trajan pro,arial,sans-serift;\">Ebru A\u011fao\u011flu Ercan \/ Nagihan \u00c7akar Biki\u00e7<\/span><br \/>\n<a title=\"Kad\u0131n Rollerinin Televizyon Dizilerinde Yer Alma Bi\u00e7imlerine \u0130li\u015fkin Bir Kar\u015f\u0131la\u015ft\u0131rma: Parampar\u00e7a ve Medcezir \u00d6rne\u011fi\" href=\"\/kadin-rollerinin-televizyon-dizilerinde-yer-alma-bicimlerine-iliskin-bir-karsilastirma-paramparca-ve-medcezir-ornegi\/\"><span style=\"text-decoration: none; font: italic 17px minion pro,arial,sans-serif;\">Kad\u0131n Rollerinin Televizyon Dizilerinde Yer Alma Bi\u00e7imlerine \u0130li\u015fkin Bir Kar\u015f\u0131la\u015ft\u0131rma: Parampar\u00e7a ve Medcezir \u00d6rne\u011fi<\/span><\/a><br \/>\n<a title=\"A Comparison of Female Roles in TV Series: The Cases of the \u201cParampar\u00e7a\u201d and \u201cMedcezir\u201d Series\" href=\"\/en\/kadin-rollerinin-televizyon-dizilerinde-yer-alma-bicimlerine-iliskin-bir-karsilastirma-paramparca-ve-medcezir-ornegi\/\"> <span style=\"text-decoration: none; font-variant: normal; font-weight: normal; font-stretch: normal; font-size: 17px; line-height: normal; font-family: 'minion pro', arial, sans-serif;\">A Comparison of Female Roles in TV Series: The Cases of the \u201cParampar\u00e7a\u201d and \u201cMedcezir\u201d Series<\/span><\/a><\/td>\n<td style=\"text-align: right; vertical-align: middle;\" bgcolor=\"transparent\"><a title=\"A Comparison of Female Roles in TV Series: The Cases of the \u201cParampar\u00e7a\u201d and \u201cMedcezir\u201d Series\" href=\"\/en\/kadin-rollerinin-televizyon-dizilerinde-yer-alma-bicimlerine-iliskin-bir-karsilastirma-paramparca-ve-medcezir-ornegi\/\"><span style=\"color: default; font: 38px Trajan pro,arial,sans-serift;\">165<\/span><\/a><\/td>\n<\/tr>\n<tr>\n<td bgcolor=\"transparent\" width=\"85%\"><span style=\"color: default; font: 17px Trajan pro,arial,sans-serift;\">Ekmel Ge\u00e7er \/ Esra K\u0131ymaz<\/span><br \/>\n<a title=\"Kad\u0131n Haklar\u0131 ve Alg\u0131s\u0131n\u0131n \u0130deolojik \u00d6r\u00fcnt\u00fcs\u00fc: KADEM \u00d6rne\u011fi\" href=\"\/kadin-haklari-ve-algisinin-ideolojik-oruntusu-kadem-ornegi\/\"><span style=\"text-decoration: none; font: italic 17px minion pro,arial,sans-serif;\">Kad\u0131n Haklar\u0131 ve Alg\u0131s\u0131n\u0131n \u0130deolojik \u00d6r\u00fcnt\u00fcs\u00fc: KADEM \u00d6rne\u011fi<\/span><\/a><br \/>\n<a title=\"The Ideological Surroundings of Women\u2019s Rights and Perception: The Case of KADEM\" href=\"\/en\/kadin-haklari-ve-algisinin-ideolojik-oruntusu-kadem-ornegi\/\"> <span style=\"text-decoration: none; font-variant: normal; font-weight: normal; font-stretch: normal; font-size: 17px; line-height: normal; font-family: 'minion pro', arial, sans-serif;\">The Ideological Surroundings of Women\u2019s Rights and Perception: The Case of KADEM<\/span><\/a><\/td>\n<td style=\"text-align: right; vertical-align: middle;\" bgcolor=\"transparent\"><a title=\"The Ideological Surroundings of Women\u2019s Rights and Perception: The Case of KADEM\" href=\"\/en\/kadin-haklari-ve-algisinin-ideolojik-oruntusu-kadem-ornegi\/\"><span style=\"color: default; font: 38px Trajan pro,arial,sans-serift;\">185<\/span><\/a><\/td>\n<\/tr>\n<tr>\n<td bgcolor=\"transparent\" width=\"85%\"><span style=\"color: default; font: 17px Trajan pro,arial,sans-serift;\">G\u00f6khan Kerse<\/span><br \/>\n<a title=\"\u0130\u015f Beceriklili\u011fi ve \u0130\u015f Tatmini Aras\u0131ndaki \u0130li\u015fki: \u201c\u0130\u015fe \u0130li\u015fkin De\u011fi\u015fiklikler, Memnuniyeti Art\u0131rabilir mi?\u201d\" href=\"\/is-becerikliligi-ve-is-tatmini-arasindaki-iliski-ise-iliskin-degisiklikler-memnuniyeti-artirabilir-mi\/\"><span style=\"text-decoration: none; font: italic 17px minion pro,arial,sans-serif;\">\u0130\u015f Beceriklili\u011fi ve \u0130\u015f Tatmini Aras\u0131ndaki \u0130li\u015fki: \u201c\u0130\u015fe \u0130li\u015fkin De\u011fi\u015fiklikler, Memnuniyeti Art\u0131rabilir mi?\u201d<\/span><\/a><br \/>\n<a title=\"The Relationship between Job Crafting and Job Satisfaction: \u201cCan Changes in Work Increase Satisfaction?\u201d\" href=\"\/en\/is-becerikliligi-ve-is-tatmini-arasindaki-iliski-ise-iliskin-degisiklikler-memnuniyeti-artirabilir-mi\/\"> <span style=\"text-decoration: none; font-variant: normal; font-weight: normal; font-stretch: normal; font-size: 17px; line-height: normal; font-family: 'minion pro', arial, sans-serif;\">The Relationship between Job Crafting and Job Satisfaction: \u201cCan Changes in Work Increase Satisfaction?\u201d<\/span><\/a><\/td>\n<td style=\"text-align: right; vertical-align: middle;\" bgcolor=\"transparent\"><a title=\"The Relationship between Job Crafting and Job Satisfaction: \u201cCan Changes in Work Increase Satisfaction?\u201d\" href=\"\/en\/is-becerikliligi-ve-is-tatmini-arasindaki-iliski-ise-iliskin-degisiklikler-memnuniyeti-artirabilir-mi\/\"><span style=\"color: default; font: 38px Trajan pro,arial,sans-serift;\">205<\/span><\/a><\/td>\n<\/tr>\n<tr>\n<td bgcolor=\"transparent\" width=\"85%\"><span style=\"color: default; font: 17px Trajan pro,arial,sans-serift;\">Ahmet Kesici<\/span><br \/>\n<a title=\"E\u011fitimde Postmodern Durum: Yap\u0131land\u0131rmac\u0131l\u0131k\" href=\"\/egitimde-postmodern-durum-yapilandirmacilik\/\"><span style=\"text-decoration: none; font: italic 17px minion pro,arial,sans-serif;\">E\u011fitimde Postmodern Durum: Yap\u0131land\u0131rmac\u0131l\u0131k<\/span><\/a><br \/>\n<a title=\"Postmodern Situation in Education: Constructivism\" href=\"\/en\/egitimde-postmodern-durum-yapilandirmacilik\/\"> <span style=\"text-decoration: none; font-variant: normal; font-weight: normal; font-stretch: normal; font-size: 17px; line-height: normal; font-family: 'minion pro', arial, sans-serif;\">Postmodern Situation in Education: Constructivism<\/span><\/a><\/td>\n<td style=\"text-align: right; vertical-align: middle;\" bgcolor=\"transparent\"><a title=\"Postmodern Situation in Education: Constructivism\" href=\"\/en\/egitimde-postmodern-durum-yapilandirmacilik\/\"><span style=\"color: default; font: 38px Trajan pro,arial,sans-serift;\">219<\/span><\/a><\/td>\n<\/tr>\n<tr>\n<td bgcolor=\"transparent\" width=\"85%\"><span style=\"color: default; font: 17px Trajan pro,arial,sans-serift;\"> Harun K\u0131r\u0131lmaz \/ Pelinsu Buket G\u00fcler <\/span><br \/>\n<a title=\"Benlik Sayg\u0131s\u0131 ve Organ Ba\u011f\u0131\u015f\u0131 Tutumu \u0130li\u015fkisi: \u00dcniversite \u00d6\u011frencileri \u00dczerine Bir Ara\u015ft\u0131rma\" href=\"\/benlik-saygisi-ve-organ-bagisi-tutumu-iliskisi-universite-ogrencileri-uzerine-bir-arastirma\/\"><span style=\"text-decoration: none; font: italic 17px minion pro,arial,sans-serif;\">Benlik Sayg\u0131s\u0131 ve Organ Ba\u011f\u0131\u015f\u0131 Tutumu \u0130li\u015fkisi: \u00dcniversite \u00d6\u011frencileri \u00dczerine Bir Ara\u015ft\u0131rma<\/span><\/a><br \/>\n<a title=\"Self-Respect and Organ Donation Attitude Relationship: A Research on University Students\" href=\"\/en\/benlik-saygisi-ve-organ-bagisi-tutumu-iliskisi-universite-ogrencileri-uzerine-bir-arastirma\/\"> <span style=\"text-decoration: none; font-variant: normal; font-weight: normal; font-stretch: normal; font-size: 17px; line-height: normal; font-family: 'minion pro', arial, sans-serif;\">Self-Respect and Organ Donation Attitude Relationship: A Research on University Students<\/span><\/a><\/td>\n<td style=\"text-align: right; vertical-align: middle;\" bgcolor=\"transparent\"><a title=\" Benlik Sayg\u0131s\u0131 ve Organ Ba\u011f\u0131\u015f\u0131 Tutumu \u0130li\u015fkisi: \u00dcniversite \u00d6\u011frencileri \u00dczerine Bir Ara\u015ft\u0131rma\" href=\"\/en\/benlik-saygisi-ve-organ-bagisi-tutumu-iliskisi-universite-ogrencileri-uzerine-bir-arastirma\/\"><span style=\"color: default; font: 38px Trajan pro,arial,sans-serift;\">239<\/span><\/a><\/td>\n<\/tr>\n<tr>\n<td bgcolor=\"transparent\" width=\"85%\"><span style=\"color: default; font: 17px Trajan pro,arial,sans-serift;\"> Aynur K\u00f6se \/ Mustafa Y\u0131lmaz <\/span><br \/>\n<a title=\"T\u00fcrkiye Siyasetini De\u011ferler \u00dczerinden Okumak: 14 May\u0131s 1950 Se\u00e7imi\" href=\"\/turkiye-siyasetini-degerler-uzerinden-okumak-14-mayis-1950-secimi\"><span style=\"text-decoration: none; font: italic 17px minion pro,arial,sans-serif;\">T\u00fcrkiye Siyasetini De\u011ferler \u00dczerinden Okumak: 14 May\u0131s 1950 Se\u00e7imi<\/span><\/a><br \/>\n<a title=\"Reading Turkey Politics on Values: May 14, 1950 Elections\" href=\"\/en\/turkiye-siyasetini-degerler-uzerinden-okumak-14-mayis-1950-secimi\"> <span style=\"text-decoration: none; font-variant: normal; font-weight: normal; font-stretch: normal; font-size: 17px; line-height: normal; font-family: 'minion pro', arial, sans-serif;\">Reading Turkey Politics on Values: May 14, 1950 Elections<\/span><\/a><\/td>\n<td style=\"text-align: right; vertical-align: middle;\" bgcolor=\"transparent\"><a title=\"Reading Turkey Politics on Values: May 14, 1950 Elections\" href=\"\/en\/turkiye-siyasetini-degerler-uzerinden-okumak-14-mayis-1950-secimi\"><span style=\"color: default; font: 38px Trajan pro,arial,sans-serift;\">263<\/span><\/a><\/td>\n<\/tr>\n<tr>\n<td bgcolor=\"transparent\" width=\"85%\"><span style=\"color: default; font: 17px Trajan pro,arial,sans-serift;\">Sava\u015f Mara\u015fl\u0131<\/span><br \/>\n<a title=\"16. Y\u00fczy\u0131l Osmanl\u0131 Kitap Sanatlar\u0131nda Farkl\u0131 Bir Uygulama: \u015e\u00e2h u Ged\u00e2 Mesnevisinin \u00c7i\u00e7ek Bask\u0131l\u0131 K\u00e2\u011f\u0131tlar\u0131\" href=\"\/16-yuzyil-osmanli-kitap-sanatlarinda-farkli-bir-uygulama-sah-u-geda-mesnevisinin-cicek-baskili-kagitlari\/\"><span style=\"text-decoration: none; font: italic 17px minion pro,arial,sans-serif;\">16. Y\u00fczy\u0131l Osmanl\u0131 Kitap Sanatlar\u0131nda Farkl\u0131 Bir Uygulama: \u015e\u00e2h u Ged\u00e2 Mesnevisinin \u00c7i\u00e7ek Bask\u0131l\u0131 K\u00e2\u011f\u0131tlar\u0131<\/span><\/a><br \/>\n<a title=\"A Different Practice in 16th Century Ottoman Book Arts: Flower Print Papers of \u015e\u00e2h u Ged\u00e2 Mathnawi\" href=\"\/en\/16-yuzyil-osmanli-kitap-sanatlarinda-farkli-bir-uygulama-sah-u-geda-mesnevisinin-cicek-baskili-kagitlari\/\"> <span style=\"text-decoration: none; font-variant: normal; font-weight: normal; font-stretch: normal; font-size: 17px; line-height: normal; font-family: 'minion pro', arial, sans-serif;\">A Different Practice in 16th Century Ottoman Book Arts: Flower Print Papers of \u015e\u00e2h u Ged\u00e2 Mathnawi<\/span><\/a><\/td>\n<td style=\"text-align: right; vertical-align: middle;\" bgcolor=\"transparent\"><a title=\"A Different Practice in 16th Century Ottoman Book Arts: Flower Print Papers of \u015e\u00e2h u Ged\u00e2 Mathnawi\" href=\"\/en\/16-yuzyil-osmanli-kitap-sanatlarinda-farkli-bir-uygulama-sah-u-geda-mesnevisinin-cicek-baskili-kagitlari\/\"><span style=\"color: default; font: 38px Trajan pro,arial,sans-serift;\">289<\/span><\/a><\/td>\n<\/tr>\n<tr>\n<td bgcolor=\"transparent\" width=\"85%\"><span style=\"color: default; font: 17px Trajan pro,arial,sans-serift;\">Mehmet Talha Pa\u015fao\u011flu<\/span><br \/>\n<a title=\"\u0130slam\u00ee Devrim Nedir?: 1979 \u0130ran \u00d6rne\u011fi\" href=\"\/islami-devrim-nedir-1979-iran-ornegi\/\"><span style=\"text-decoration: none; font: italic 17px minion pro,arial,sans-serif;\">\u0130slam\u00ee Devrim Nedir?: 1979 \u0130ran \u00d6rne\u011fi<\/span><\/a><br \/>\n<a title=\"What is Islamic Revolution?: The Case of Iran (1979)\" href=\"\/en\/islami-devrim-nedir-1979-iran-ornegi\/\"> <span style=\"text-decoration: none; font-variant: normal; font-weight: normal; font-stretch: normal; font-size: 17px; line-height: normal; font-family: 'minion pro', arial, sans-serif;\">What is Islamic Revolution?: The Case of Iran (1979)<\/span><\/a><\/td>\n<td style=\"text-align: right; vertical-align: middle;\" bgcolor=\"transparent\"><a title=\"What is Islamic Revolution?: The Case of Iran (1979)\" href=\"\/en\/islami-devrim-nedir-1979-iran-ornegi\/\"><span style=\"color: default; font: 38px Trajan pro,arial,sans-serift;\">307<\/span><\/a><\/td>\n<\/tr>\n<tr>\n<td bgcolor=\"transparent\" width=\"85%\"><span style=\"color: default; font: 17px Trajan pro,arial,sans-serift;\">Evin Erden Topo\u011flu<\/span><br \/>\n<a title=\"J. S. Bach\u2019\u0131n \u00c7ello S\u00fcitlerine \u0130li\u015fkin Bir Literat\u00fcr \u0130ncelemesi\" href=\"\/J-S-Bachin-cello-suitlerine-iliskin-bir-literatur-incelemesi\/\"><span style=\"text-decoration: none; font: italic 17px minion pro,arial,sans-serif;\">J. S. Bach\u2019\u0131n \u00c7ello S\u00fcitlerine \u0130li\u015fkin Bir Literat\u00fcr \u0130ncelemesi<\/span><\/a><br \/>\n<a title=\"A Literature Review of J. S. Bach\u2019s Cello Suites\" href=\"\/en\/J-S-Bachin-cello-suitlerine-iliskin-bir-literatur-incelemesi\/\"> <span style=\"text-decoration: none; font-variant: normal; font-weight: normal; font-stretch: normal; font-size: 17px; line-height: normal; font-family: 'minion pro', arial, sans-serif;\">A Literature Review of J. S. Bach\u2019s Cello Suites<\/span><\/a><\/td>\n<td style=\"text-align: right; vertical-align: middle;\" bgcolor=\"transparent\"><a title=\"A Literature Review of J. S. Bach\u2019s Cello Suites\" href=\"\/en\/J-S-Bachin-cello-suitlerine-iliskin-bir-literatur-incelemesi\/\"><span style=\"color: default; font: 38px Trajan pro,arial,sans-serift;\">325<\/span><\/a><\/td>\n<\/tr>\n<tr>\n<td bgcolor=\"transparent\" width=\"85%\"><span style=\"color: default; font: 17px Trajan pro,arial,sans-serift;\">Faruk Y. Turinay<\/span><br \/>\n<a title=\"Ter\u00f6rle M\u00fccadele Kanunu\u2019na G\u00f6re Mutlak ve Nispi Ter\u00f6r Su\u00e7lar\u0131\" href=\"\/terorle-mucadele-kanununa-gore-mutlak-ve-nispi-teror-suclari\/\"><span style=\"text-decoration: none; font: italic 17px minion pro,arial,sans-serif;\">Ter\u00f6rle M\u00fccadele Kanunu\u2019na G\u00f6re Mutlak ve Nispi Ter\u00f6r Su\u00e7lar\u0131<\/span><\/a><br \/>\n<a title=\"The Absolute and Relative Crimes of Terrorism according to the Turkish Counter Terrorism Law\" href=\"\/en\/terorle-mucadele-kanununa-gore-mutlak-ve-nispi-teror-suclari\/\"> <span style=\"text-decoration: none; font-variant: normal; font-weight: normal; font-stretch: normal; font-size: 17px; line-height: normal; font-family: 'minion pro', arial, sans-serif;\">The Absolute and Relative Crimes of Terrorism according to the Turkish Counter Terrorism Law<\/span><\/a><\/td>\n<td style=\"text-align: right; vertical-align: middle;\" bgcolor=\"transparent\"><a title=\"The Absolute and Relative Crimes of Terrorism according to the Turkish Counter Terrorism Law\" href=\"\/en\/terorle-mucadele-kanununa-gore-mutlak-ve-nispi-teror-suclari\/\"><span style=\"color: default; font: 38px Trajan pro,arial,sans-serift;\">337<\/span><\/a><\/td>\n<\/tr>\n<tr>\n<td bgcolor=\"transparent\" width=\"85%\"><span style=\"color: default; font: 17px Trajan pro,arial,sans-serift;\"> Mutlu Y\u0131ld\u0131r\u0131m <\/span><br \/>\n<a title=\"Geli\u015fmi\u015f Bat\u0131 Demokrasilerinde Sivil-Asker \u0130li\u015fkilerine Dair Farkl\u0131 \u00c7\u00f6z\u00fcmler\" href=\"\/gelismis-bati-demokrasilerinde-sivil-asker-iliskilerine-dair-farkli-cozumler\/\"><span style=\"text-decoration: none; font: italic 17px minion pro,arial,sans-serif;\">Geli\u015fmi\u015f Bat\u0131 Demokrasilerinde Sivil-Asker \u0130li\u015fkilerine Dair Farkl\u0131 \u00c7\u00f6z\u00fcmler<\/span><\/a><br \/>\n<a title=\"Different Solutions for Civil-Military Relations in Advanced Western Democracies\" href=\"\/en\/gelismis-bati-demokrasilerinde-sivil-asker-iliskilerine-dair-farkli-cozumler\/\"> <span style=\"text-decoration: none; font-variant: normal; font-weight: normal; font-stretch: normal; font-size: 17px; line-height: normal; font-family: 'minion pro', arial, sans-serif;\">Different Solutions for Civil-Military Relations in Advanced Western Democracies<\/span><\/a><\/td>\n<td style=\"text-align: right; vertical-align: middle;\" bgcolor=\"transparent\"><a title=\" Different Solutions for Civil-Military Relations in Advanced Western Democracies\" href=\"\/en\/gelismis-bati-demokrasilerinde-sivil-asker-iliskilerine-dair-farkli-cozumler\/\"><span style=\"color: default; font: 38px Trajan pro,arial,sans-serift;\">351<\/span><\/a><\/td>\n<\/tr>\n<\/tbody>\n<\/table>\n<table bgcolor=\"transparent\">\n<tbody>\n<tr>\n<td style=\"border-bottom: 1px dashed gray;\"><\/td>\n<\/tr>\n<\/tbody>\n<\/table>\n<p><img loading=\"lazy\" decoding=\"async\" class=\"alignnone wp-image-119 size-full\" src=\"\/wp-content\/uploads\/pdf-e1407190133528.png\" alt=\"\" width=\"50\" height=\"50\"><br \/>\n<span style=\"text-decoration: none; font-variant: normal; font-weight: normal; font-stretch: normal; font-size: 15px; line-height: normal; font-family: 'minion pro', arial, sans-serif;\">Year 6, Issue 20, Spring 2019<br \/>\nTam metin \/ Full text<\/span><\/p>\n<div style=\"width: 240px;\">\n<span style=\"text-decoration: none; font-variant: normal; font-weight: normal; font-stretch: normal; font-size: 15px; line-height: normal; font-family: 'minion pro', arial, sans-serif;\"><\/p>\n<div style=\"float: left; width: 20px;\"><img decoding=\"async\" style=\"border-width:0\" src=\"\/wp-content\/uploads\/izleme-icon.png\"><\/div>\n<p><span style=\"text-decoration: none; font-variant: normal; font-weight: normal; font-stretch: normal; font-size: 15px; line-height: normal; font-family: 'minion pro', arial, sans-serif;\"><\/span><\/p>\n<div style=\"float: left; width: 50px;\">[post-views]<\/div>\n<div style=\"float: left; width: 20px;\"><img decoding=\"async\" style=\"border-width:0\" src=\"\/wp-content\/uploads\/indirme-icon.png\"><\/div>\n<div style=\"float: left; width: 150px;\"><span style=\"text-decoration: none; font-variant: normal; font-weight: normal; font-stretch: normal; font-size: 15px; line-height: normal; font-family: 'minion pro', arial, sans-serif;\"><div class=\"sdm_download_count\"><span class=\"sdm_count_number\">358<\/span><span class=\"sdm_count_string\"> Downloads<\/span><\/div><\/span><\/div>\n<p><br style=\"clear: left;\"><\/p>\n<p><\/span><\/div>\n<div class=\"sdm_download_button_box_default\"><div class=\"sdm_download_link\"><a href=\"https:\/\/www.insanveinsan.org\/?sdm_process_download=1&download_id=3410\" class=\"sdm_download grey\" title=\"20\" target=&quot;_blank&quot;>Download Now!<\/a><\/div><\/div>\n<table bgcolor=\"transparent\">\n<tbody>\n<tr>\n<td style=\"border-bottom: 1px dashed gray;\"><\/td>\n<\/tr>\n<\/tbody>\n<\/table>\n<p><span style=\"text-decoration: none; font-variant: normal; font-weight: normal; font-stretch: normal; font-size: 15px; line-height: normal; font-family: 'minion pro', arial, sans-serif;\"><a rel=\"license\" href=\"http:\/\/creativecommons.org\/licenses\/by-nc\/4.0\/\"><img decoding=\"async\" alt=\"Creative Commons License\" style=\"border-width:0\" src=\"https:\/\/i.creativecommons.org\/l\/by-nc\/4.0\/80x15.png\"><\/a><br \/>\nThis work is licensed under a <a rel=\"license\" href=\"http:\/\/creativecommons.org\/licenses\/by-nc\/4.0\/\">Creative Commons Attribution-NonCommercial 4.0 International License<\/a>.<\/span><br \/>\n<\/p>","protected":false},"excerpt":{"rendered":"<p>Y\u0131l 6, Say\u0131 20, Bahar 2019 ISSN: 2148-7537 Makaleler Articles Erkan Do\u011fan II. Me\u015frutiyet D\u00f6neminden Cumhuriyet\u2019in Kurulu\u015f Y\u0131llar\u0131na Halk\u00e7\u0131l\u0131k Fikrinin Geli\u015fimi The Evolution of Populism from the Second Constitutional Period to the Early Republican Era 131 Mehmet Zeki Duman T\u00fcrkiye\u2019de Ordu-Siyaset \u0130li\u015fkileri ve Askeri Darbelerin \u0130deolojik K\u00f6kenleri Relation between Army and Politics in Turkey and &hellip; <a href=\"https:\/\/www.insanveinsan.org\/en\/sayi-20-bahar-2019\/\" class=\"more-link\">Continue reading <span class=\"screen-reader-text\">Issue 20, Spring 2019<\/span><\/a><\/p>\n","protected":false},"author":2,"featured_media":0,"parent":0,"menu_order":0,"comment_status":"closed","ping_status":"closed","template":"","meta":{"footnotes":""},"class_list":["post-3432","page","type-page","status-publish","hentry"],"_links":{"self":[{"href":"https:\/\/www.insanveinsan.org\/en\/wp-json\/wp\/v2\/pages\/3432","targetHints":{"allow":["GET"]}}],"collection":[{"href":"https:\/\/www.insanveinsan.org\/en\/wp-json\/wp\/v2\/pages"}],"about":[{"href":"https:\/\/www.insanveinsan.org\/en\/wp-json\/wp\/v2\/types\/page"}],"author":[{"embeddable":true,"href":"https:\/\/www.insanveinsan.org\/en\/wp-json\/wp\/v2\/users\/2"}],"replies":[{"embeddable":true,"href":"https:\/\/www.insanveinsan.org\/en\/wp-json\/wp\/v2\/comments?post=3432"}],"version-history":[{"count":0,"href":"https:\/\/www.insanveinsan.org\/en\/wp-json\/wp\/v2\/pages\/3432\/revisions"}],"wp:attachment":[{"href":"https:\/\/www.insanveinsan.org\/en\/wp-json\/wp\/v2\/media?parent=3432"}],"curies":[{"name":"wp","href":"https:\/\/api.w.org\/{rel}","templated":true}]}}