{"id":3588,"date":"2019-08-09T02:50:48","date_gmt":"2019-08-08T23:50:48","guid":{"rendered":"https:\/\/insanveinsan.org\/?page_id=3588"},"modified":"2019-08-09T12:25:46","modified_gmt":"2019-08-09T09:25:46","slug":"sayi-21-yaz-2019","status":"publish","type":"page","link":"https:\/\/www.insanveinsan.org\/en\/sayi-21-yaz-2019\/","title":{"rendered":"Issue 21, Summer 2019"},"content":{"rendered":"<p><\/p>\n<table bgcolor=\"transparent\">\n<tbody>\n<tr>\n<td style=\"border-bottom: 1px dashed gray;\"><span style=\"color: default; font: 15px Trajan pro,arial,sans-serift;\">Y\u0131l 6, Say\u0131 21, Yaz 2019<\/span><\/td>\n<td style=\"text-align: right; border-bottom: 1px dashed gray; margin-top: -4%; margin-bottom: -0.8%;\">ISSN: 2148-7537<\/td>\n<\/tr>\n<\/tbody>\n<\/table>\n<table bgcolor=\"transparent\">\n<tbody>\n<tr>\n<td bgcolor=\"transparent\" width=\"85%\"><span style=\"color: default; font: 15px Trajan pro,arial,sans-serift;\">Makaleler<br \/>\nArticles<\/span><\/td>\n<td width=\"15%\"><\/td>\n<\/tr>\n<tr>\n<td bgcolor=\"transparent\" width=\"85%\"><span style=\"color: default; font: 17px Trajan pro,arial,sans-serift;\"> Hasan Acar <\/span><br \/>\n<a title=\"T\u00fcrk K\u00fclt\u00fcr ve Devlet Gelene\u011finde Kad\u0131n\" href=\"\/turk-kultur-ve-devlet-geleneginde-kadin\/\"><span style=\"text-decoration: none; font: italic 17px minion pro,arial,sans-serif;\">T\u00fcrk K\u00fclt\u00fcr ve Devlet Gelene\u011finde Kad\u0131n<\/span><\/a><br \/>\n<a title=\"Women in Turkish Culture and Tradition of State\" href=\"\/en\/turk-kultur-ve-devlet-geleneginde-kadin\/\"> <span style=\"text-decoration: none; font-variant: normal; font-weight: normal; font-stretch: normal; font-size: 17px; line-height: normal; font-family: 'minion pro', arial, sans-serif;\">Women in Turkish Culture and Tradition of State<\/span><\/a><\/td>\n<td style=\"text-align: right; vertical-align: middle;\" bgcolor=\"transparent\"><a title=\" Women in Turkish Culture and Tradition of State\" href=\"\/en\/turk-kultur-ve-devlet-geleneginde-kadin\/\"><span style=\"color: default; font: 38px Trajan pro,arial,sans-serift;\">395<\/span><\/a><\/td>\n<\/tr>\n<tr>\n<td bgcolor=\"transparent\" width=\"85%\"><span style=\"color: default; font: 17px Trajan pro,arial,sans-serift;\"> Abdulvahap Ak\u0131nc\u0131 <\/span><br \/>\n<a title=\"Milliyet\u00e7ili\u011fin K\u00f6kenleri: Etnisite\/Ulus (Millet) \u0130li\u015fkisi\" href=\"\/milliyetciligin-kokenleri-etnisite-ulus-millet-iliskisi\/\"><span style=\"text-decoration: none; font: italic 17px minion pro,arial,sans-serif;\">Milliyet\u00e7ili\u011fin K\u00f6kenleri: Etnisite\/Ulus (Millet) \u0130li\u015fkisi<\/span><\/a><br \/>\n<a title=\"The Origin of Nationalism: Ethnicity, Nation and Nation Relations\" href=\"\/en\/milliyetciligin-kokenleri-etnisite-ulus-millet-iliskisi\/\"> <span style=\"text-decoration: none; font-variant: normal; font-weight: normal; font-stretch: normal; font-size: 17px; line-height: normal; font-family: 'minion pro', arial, sans-serif;\">The Origin of Nationalism: Ethnicity, Nation and Nation Relations<\/span><\/a><\/td>\n<td style=\"text-align: right; vertical-align: middle;\" bgcolor=\"transparent\"><a title=\"The Origin of Nationalism: Ethnicity, Nation and Nation Relations\" href=\"\/en\/milliyetciligin-kokenleri-etnisite-ulus-millet-iliskisi\/\"><span style=\"color: default; font: 38px Trajan pro,arial,sans-serift;\">413<\/span><\/a><\/td>\n<\/tr>\n<tr>\n<td bgcolor=\"transparent\" width=\"85%\"><span style=\"color: default; font: 17px Trajan pro,arial,sans-serift;\">Ali Arslano\u011flu<\/span><br \/>\n<a title=\"Etkili \u0130leti\u015fimin Hasta G\u00fcvenli\u011fi K\u00fclt\u00fcr\u00fc \u00dczerine Etkisi ve \u0130\u00e7 Giri\u015fimcili\u011fin Arac\u0131 Rol\u00fc: Bir \u00d6zel Hastane Uygulamas\u0131\" href=\"\/etkili-iletisimin-hasta-guvenligi-kulturu-uzerine-etkisi-ve-ic-girisimciligin-araci-rolu-bir-ozel-hastane-uygulamasi\/\"><span style=\"text-decoration: none; font: italic 17px minion pro,arial,sans-serif;\">Etkili \u0130leti\u015fimin Hasta G\u00fcvenli\u011fi K\u00fclt\u00fcr\u00fc \u00dczerine Etkisi ve \u0130\u00e7 Giri\u015fimcili\u011fin Arac\u0131 Rol\u00fc: Bir \u00d6zel Hastane Uygulamas\u0131<\/span><\/a><br \/>\n<a title=\"The Effect of the Effective Communication on Patient Safety Culture and the Intermediary Role of the Internal Intrapreneurship: A Private Hospital Practice\" href=\"\/en\/etkili-iletisimin-hasta-guvenligi-kulturu-uzerine-etkisi-ve-ic-girisimciligin-araci-rolu-bir-ozel-hastane-uygulamasi\/\"> <span style=\"text-decoration: none; font-variant: normal; font-weight: normal; font-stretch: normal; font-size: 17px; line-height: normal; font-family: 'minion pro', arial, sans-serif;\">The Effect of the Effective Communication on Patient Safety Culture and the Intermediary Role of the Internal Intrapreneurship: A Private Hospital Practice<\/span><\/a><\/td>\n<td style=\"text-align: right; vertical-align: middle;\" bgcolor=\"transparent\"><a title=\"The Effect of the Effective Communication on Patient Safety Culture and the Intermediary Role of the Internal Intrapreneurship: A Private Hospital Practice\" href=\"\/en\/etkili-iletisimin-hasta-guvenligi-kulturu-uzerine-etkisi-ve-ic-girisimciligin-araci-rolu-bir-ozel-hastane-uygulamasi\/\"><span style=\"color: default; font: 38px Trajan pro,arial,sans-serift;\">431<\/span><\/a><\/td>\n<\/tr>\n<tr>\n<td bgcolor=\"transparent\" width=\"85%\"><span style=\"color: default; font: 17px Trajan pro,arial,sans-serift;\">Hicran Atatan\u0131r \/ Kas\u0131m Karata\u015f<\/span><br \/>\n<a title=\"Yoksullu\u011fa Hak Temelli Yakla\u015f\u0131m\" href=\"\/yoksulluga-hak-temelli-yaklasim\/\"><span style=\"text-decoration: none; font: italic 17px minion pro,arial,sans-serif;\">Yoksullu\u011fa Hak Temelli Yakla\u015f\u0131m<\/span><\/a><br \/>\n<a title=\"Rights Based Approach to Poverty\" href=\"\/en\/yoksulluga-hak-temelli-yaklasim\/\"> <span style=\"text-decoration: none; font-variant: normal; font-weight: normal; font-stretch: normal; font-size: 17px; line-height: normal; font-family: 'minion pro', arial, sans-serif;\">Rights Based Approach to Poverty<\/span><\/a><\/td>\n<td style=\"text-align: right; vertical-align: middle;\" bgcolor=\"transparent\"><a title=\"Rights Based Approach to Poverty\" href=\"\/en\/yoksulluga-hak-temelli-yaklasim\/\"><span style=\"color: default; font: 38px Trajan pro,arial,sans-serift;\">453<\/span><\/a><\/td>\n<\/tr>\n<tr>\n<td bgcolor=\"transparent\" width=\"85%\"><span style=\"color: default; font: 17px Trajan pro,arial,sans-serift;\">Ahmet Emre Ate\u015f \/ Onur G\u00f6k\u00e7eler<\/span><br \/>\n<a title=\"12 Temmuz Beyannamesinin G\u00f6lgesinde Cumhurba\u015fkan\u0131 \u0130smet \u0130n\u00f6n\u00fc\u2019n\u00fcn Yurt Gezileri\" href=\"\/12-temmuz-beyannamesinin-golgesinde-cumhurbaskani-ismet-inonunun-yurt-gezileri\/\"><span style=\"text-decoration: none; font: italic 17px minion pro,arial,sans-serif;\">12 Temmuz Beyannamesinin G\u00f6lgesinde Cumhurba\u015fkan\u0131 \u0130smet \u0130n\u00f6n\u00fc\u2019n\u00fcn Yurt Gezileri<\/span><\/a><br \/>\n<a title=\"President Ismet In\u00f6n\u00fc\u2019s Nationwide Tours in the Shadow of the July 12 Declaration\" href=\"\/en\/12-temmuz-beyannamesinin-golgesinde-cumhurbaskani-ismet-inonunun-yurt-gezileri\/\"> <span style=\"text-decoration: none; font-variant: normal; font-weight: normal; font-stretch: normal; font-size: 17px; line-height: normal; font-family: 'minion pro', arial, sans-serif;\">President Ismet In\u00f6n\u00fc\u2019s Nationwide Tours in the Shadow of the July 12 Declaration<\/span><\/a><\/td>\n<td style=\"text-align: right; vertical-align: middle;\" bgcolor=\"transparent\"><a title=\"President Ismet In\u00f6n\u00fc\u2019s Nationwide Tours in the Shadow of the July 12 Declaration\" href=\"\/en\/12-temmuz-beyannamesinin-golgesinde-cumhurbaskani-ismet-inonunun-yurt-gezileri\/\"><span style=\"color: default; font: 38px Trajan pro,arial,sans-serift;\">477<\/span><\/a><\/td>\n<\/tr>\n<tr>\n<td bgcolor=\"transparent\" width=\"85%\"><span style=\"color: default; font: 17px Trajan pro,arial,sans-serift;\">Ebru Beyza Bayar\u00e7elik \/ Bur\u00e7ak Vatansever Durmaz \/ Nilay G\u00fcrler<\/span><br \/>\n<a title=\"\u0130\u015f Stresi ve Pozitif Psikolojik Sermayenin T\u00fckenmi\u015flik \u00dczerine Etkisi: Bankac\u0131l\u0131k Sekt\u00f6r\u00fcnde Bir Ara\u015ft\u0131rma\" href=\"\/is-stresi-ve-pozitif-psikolojik-sermayenin-tukenmislik-uzerine-etkisi-bankacilik-sektorunde-bir-arastirma\/\"><span style=\"text-decoration: none; font: italic 17px minion pro,arial,sans-serif;\">\u0130\u015f Stresi ve Pozitif Psikolojik Sermayenin T\u00fckenmi\u015flik \u00dczerine Etkisi: Bankac\u0131l\u0131k Sekt\u00f6r\u00fcnde Bir Ara\u015ft\u0131rma<\/span><\/a><br \/>\n<a title=\"Job Stress and Positive Psychological Capital on Burnout: A Research in the Banking Sector\" href=\"\/en\/is-stresi-ve-pozitif-psikolojik-sermayenin-tukenmislik-uzerine-etkisi-bankacilik-sektorunde-bir-arastirma\/\"> <span style=\"text-decoration: none; font-variant: normal; font-weight: normal; font-stretch: normal; font-size: 17px; line-height: normal; font-family: 'minion pro', arial, sans-serif;\">Job Stress and Positive Psychological Capital on Burnout: A Research in the Banking Sector<\/span><\/a><\/td>\n<td style=\"text-align: right; vertical-align: middle;\" bgcolor=\"transparent\"><a title=\"Job Stress and Positive Psychological Capital on Burnout: A Research in the Banking Sector\" href=\"\/en\/is-stresi-ve-pozitif-psikolojik-sermayenin-tukenmislik-uzerine-etkisi-bankacilik-sektorunde-bir-arastirma\/\"><span style=\"color: default; font: 38px Trajan pro,arial,sans-serift;\">493<\/span><\/a><\/td>\n<\/tr>\n<tr>\n<td bgcolor=\"transparent\" width=\"85%\"><span style=\"color: default; font: 17px Trajan pro,arial,sans-serift;\"> Hicret \u00c7imen \/ Semra Benzer <\/span><br \/>\n<a title=\"Fen Bilgisi ve S\u0131n\u0131f \u00d6\u011fretmen Adaylar\u0131n\u0131n S\u00fcrd\u00fcr\u00fclebilir \u00c7evreye Y\u00f6nelik Tutumlar\u0131n\u0131n \u0130ncelenmesi\" href=\"\/fen-bilgisi-ve-sinif-ogretmen-adaylarinin-surdurulebilir-cevreye-yonelik-tutumlarinin-incelenmesi\/\"><span style=\"text-decoration: none; font: italic 17px minion pro,arial,sans-serif;\">Fen Bilgisi ve S\u0131n\u0131f \u00d6\u011fretmen Adaylar\u0131n\u0131n S\u00fcrd\u00fcr\u00fclebilir \u00c7evreye Y\u00f6nelik Tutumlar\u0131n\u0131n \u0130ncelenmesi<\/span><\/a><br \/>\n<a title=\"The Investigation of Science and Classroom Teacher Candidates Attitudes to Sustainable Environment\" href=\"\/en\/fen-bilgisi-ve-sinif-ogretmen-adaylarinin-surdurulebilir-cevreye-yonelik-tutumlarinin-incelenmesi\/\"> <span style=\"text-decoration: none; font-variant: normal; font-weight: normal; font-stretch: normal; font-size: 17px; line-height: normal; font-family: 'minion pro', arial, sans-serif;\">The Investigation of Science and Classroom Teacher Candidates Attitudes to Sustainable Environment<\/span><\/a><\/td>\n<td style=\"text-align: right; vertical-align: middle;\" bgcolor=\"transparent\"><a title=\"The Investigation of Science and Classroom Teacher Candidates Attitudes to Sustainable Environment\" href=\"\/en\/fen-bilgisi-ve-sinif-ogretmen-adaylarinin-surdurulebilir-cevreye-yonelik-tutumlarinin-incelenmesi\/\"><span style=\"color: default; font: 38px Trajan pro,arial,sans-serift;\">525<\/span><\/a><\/td>\n<\/tr>\n<tr>\n<td bgcolor=\"transparent\" width=\"85%\"><span style=\"color: default; font: 17px Trajan pro,arial,sans-serift;\"> Tuba Kanc\u0131 <\/span><br \/>\n<a title=\"Amfitiyatro, Panoptikon ve G\u00f6rme Rejimleri\" href=\"\/amfitiyatro-panoptikon-ve-gorme-rejimleri\"><span style=\"text-decoration: none; font: italic 17px minion pro,arial,sans-serif;\">Amfitiyatro, Panoptikon ve G\u00f6rme Rejimleri<\/span><\/a><br \/>\n<a title=\"Amphitheater, Panopticon and Vision Regimes\" href=\"\/en\/amfitiyatro-panoptikon-ve-gorme-rejimleri\"> <span style=\"text-decoration: none; font-variant: normal; font-weight: normal; font-stretch: normal; font-size: 17px; line-height: normal; font-family: 'minion pro', arial, sans-serif;\">Amphitheater, Panopticon and Vision Regimes<\/span><\/a><\/td>\n<td style=\"text-align: right; vertical-align: middle;\" bgcolor=\"transparent\"><a title=\"Amphitheater, Panopticon and Vision Regimes\" href=\"\/en\/amfitiyatro-panoptikon-ve-gorme-rejimleri\"><span style=\"color: default; font: 38px Trajan pro,arial,sans-serift;\">543<\/span><\/a><\/td>\n<\/tr>\n<tr>\n<td bgcolor=\"transparent\" width=\"85%\"><span style=\"color: default; font: 17px Trajan pro,arial,sans-serift;\">Davut Karaman<\/span><br \/>\n<a title=\"\u00c7ok Katl\u0131 Pazarlama Sistemi \u00dczerine Antalya \u0130linde Bir Uygulama\" href=\"\/cok-katli-pazarlama-sistemi-uzerine-antalya-ilinde-bir-uygulama\/\"><span style=\"text-decoration: none; font: italic 17px minion pro,arial,sans-serif;\">\u00c7ok Katl\u0131 Pazarlama Sistemi \u00dczerine Antalya \u0130linde Bir Uygulama<\/span><\/a><br \/>\n<a title=\"An Application on Multi-Store Marketing System in Antalya Province\" href=\"\/en\/cok-katli-pazarlama-sistemi-uzerine-antalya-ilinde-bir-uygulama\/\"> <span style=\"text-decoration: none; font-variant: normal; font-weight: normal; font-stretch: normal; font-size: 17px; line-height: normal; font-family: 'minion pro', arial, sans-serif;\">An Application on Multi-Store Marketing System in Antalya Province<\/span><\/a><\/td>\n<td style=\"text-align: right; vertical-align: middle;\" bgcolor=\"transparent\"><a title=\"An Application on Multi-Store Marketing System in Antalya Province\" href=\"\/en\/cok-katli-pazarlama-sistemi-uzerine-antalya-ilinde-bir-uygulama\/\"><span style=\"color: default; font: 38px Trajan pro,arial,sans-serift;\">553<\/span><\/a><\/td>\n<\/tr>\n<tr>\n<td bgcolor=\"transparent\" width=\"85%\"><span style=\"color: default; font: 17px Trajan pro,arial,sans-serift;\">Mustafa Ali Minarl\u0131<\/span><br \/>\n<a title=\"Kamusal Alan\u0131n Kavramsal S\u0131n\u0131rlar\u0131\" href=\"\/kamusal-alanin-kavramsal-sinirlari\/\"><span style=\"text-decoration: none; font: italic 17px minion pro,arial,sans-serif;\">Kamusal Alan\u0131n Kavramsal S\u0131n\u0131rlar\u0131<\/span><\/a><br \/>\n<a title=\"Conceptual Limits of Public Sphere\" href=\"\/en\/kamusal-alanin-kavramsal-sinirlari\/\"> <span style=\"text-decoration: none; font-variant: normal; font-weight: normal; font-stretch: normal; font-size: 17px; line-height: normal; font-family: 'minion pro', arial, sans-serif;\">Conceptual Limits of Public Sphere<\/span><\/a><\/td>\n<td style=\"text-align: right; vertical-align: middle;\" bgcolor=\"transparent\"><a title=\"Conceptual Limits of Public Sphere\" href=\"\/en\/kamusal-alanin-kavramsal-sinirlari\/\"><span style=\"color: default; font: 38px Trajan pro,arial,sans-serift;\">573<\/span><\/a><\/td>\n<\/tr>\n<tr>\n<td bgcolor=\"transparent\" width=\"85%\"><span style=\"color: default; font: 17px Trajan pro,arial,sans-serift;\">B\u00fclent Oral<\/span><br \/>\n<a title=\"Geleneksel Mimariye \u00d6yk\u00fcnme Ba\u011flam\u0131nda G\u00fcn\u00fcm\u00fcz Safranbolu Sivil Mimarisi\" href=\"\/Geleneksel-mimariye-oykunme-baglaminda-gunumuz-safranbolu-sivil-mimarisi\/\"><span style=\"text-decoration: none; font: italic 17px minion pro,arial,sans-serif;\">Geleneksel Mimariye \u00d6yk\u00fcnme Ba\u011flam\u0131nda G\u00fcn\u00fcm\u00fcz Safranbolu Sivil Mimarisi<\/span><\/a><br \/>\n<a title=\"Today\u2019s Safranbolu Civil Architecture in Respect to Imitation of Traditional Architecture\" href=\"\/en\/Geleneksel-mimariye-oykunme-baglaminda-gunumuz-safranbolu-sivil-mimarisi\/\"> <span style=\"text-decoration: none; font-variant: normal; font-weight: normal; font-stretch: normal; font-size: 17px; line-height: normal; font-family: 'minion pro', arial, sans-serif;\">Today\u2019s Safranbolu Civil Architecture in Respect to Imitation of Traditional Architecture<\/span><\/a><\/td>\n<td style=\"text-align: right; vertical-align: middle;\" bgcolor=\"transparent\"><a title=\"Today\u2019s Safranbolu Civil Architecture in Respect to Imitation of Traditional Architecture\" href=\"\/en\/Geleneksel-mimariye-oykunme-baglaminda-gunumuz-safranbolu-sivil-mimarisi\/\"><span style=\"color: default; font: 38px Trajan pro,arial,sans-serift;\">597<\/span><\/a><\/td>\n<\/tr>\n<tr>\n<td bgcolor=\"transparent\" width=\"85%\"><span style=\"color: default; font: 17px Trajan pro,arial,sans-serift;\">Mehmet \u00d6z\u00e7a\u011flayan \/ Filiz Yavuz \u00c7ak\u0131c\u0131<\/span><br \/>\n<a title=\"Gramsci\u2019nin Hegemonya Kuram\u0131 Ba\u011flam\u0131nda N\u00fckleer Kar\u015f\u0131t\u0131 Hareketin Milliyet Gazetesindeki Temsiliyeti (11 Ocak 1999-25 Temmuz 2000)\" href=\"\/gramscinin-hegemonya-kurami-baglaminda-nukleer-karsiti-hareketin-milliyet-gazetesindeki-temsiliyeti-11-ocak-1999-25-temmuz-2000\/\"><span style=\"text-decoration: none; font: italic 17px minion pro,arial,sans-serif;\">Gramsci\u2019nin Hegemonya Kuram\u0131 Ba\u011flam\u0131nda N\u00fckleer Kar\u015f\u0131t\u0131 Hareketin Milliyet Gazetesindeki Temsiliyeti (11 Ocak 1999-25 Temmuz 2000)<\/span><\/a><br \/>\n<a title=\"In the context of Gramsci\u2019s Theory of Hegemony the Representation of anti Nuclear Movement in Milliyet Daily (January 11, 1999-July 25, 2000)\" href=\"\/en\/gramscinin-hegemonya-kurami-baglaminda-nukleer-karsiti-hareketin-milliyet-gazetesindeki-temsiliyeti-11-ocak-1999-25-temmuz-2000\/\"> <span style=\"text-decoration: none; font-variant: normal; font-weight: normal; font-stretch: normal; font-size: 17px; line-height: normal; font-family: 'minion pro', arial, sans-serif;\">In the context of Gramsci\u2019s Theory of Hegemony the Representation of anti Nuclear Movement in Milliyet Daily (January 11, 1999-July 25, 2000)<\/span><\/a><\/td>\n<td style=\"text-align: right; vertical-align: middle;\" bgcolor=\"transparent\"><a title=\"In the context of Gramsci\u2019s Theory of Hegemony the Representation of anti Nuclear Movement in Milliyet Daily (January 11, 1999-July 25, 2000)\" href=\"\/en\/gramscinin-hegemonya-kurami-baglaminda-nukleer-karsiti-hareketin-milliyet-gazetesindeki-temsiliyeti-11-ocak-1999-25-temmuz-2000\/\"><span style=\"color: default; font: 38px Trajan pro,arial,sans-serift;\">633<\/span><\/a><\/td>\n<\/tr>\n<tr>\n<td bgcolor=\"transparent\" width=\"85%\"><span style=\"color: default; font: 17px Trajan pro,arial,sans-serift;\"> \u0130brahim \u00d6zg\u00fcl <\/span><br \/>\n<a title=\"1742-1754 Y\u0131llar\u0131nda Vergi Tahsilat\u0131ndaki Usuls\u00fczl\u00fcklere Dair Baz\u0131 Tespit, Te\u015fhis ve Tahliller: Diyarbak\u0131r Vilayeti \u00d6rne\u011fi\" href=\"\/1742-1754-yillarinda-vergi-tahsilatindaki-usulsuzluklere-dair-bazi-tespit-teshis-ve-tahliller-diyarbakir-vilayeti-ornegi\/\"><span style=\"text-decoration: none; font: italic 17px minion pro,arial,sans-serif;\">1742-1754 Y\u0131llar\u0131nda Vergi Tahsilat\u0131ndaki Usuls\u00fczl\u00fcklere Dair Baz\u0131 Tespit, Te\u015fhis ve Tahliller: Diyarbak\u0131r Vilayeti \u00d6rne\u011fi<\/span><\/a><br \/>\n<a title=\"Tax Irregularities in Diyarbekir Province (1742-1752): Some New Findings and Analysis Between 1742 and 1752 Diyarbak\u0131r Province Case\" href=\"\/en\/1742-1754-yillarinda-vergi-tahsilatindaki-usulsuzluklere-dair-bazi-tespit-teshis-ve-tahliller-diyarbakir-vilayeti-ornegi\/\"> <span style=\"text-decoration: none; font-variant: normal; font-weight: normal; font-stretch: normal; font-size: 17px; line-height: normal; font-family: 'minion pro', arial, sans-serif;\">Tax Irregularities in Diyarbekir Province (1742-1752): Some New Findings and Analysis Between 1742 and 1752 Diyarbak\u0131r Province Case<\/span><\/a><\/td>\n<td style=\"text-align: right; vertical-align: middle;\" bgcolor=\"transparent\"><a title=\" Tax Irregularities in Diyarbekir Province (1742-1752): Some New Findings and Analysis Between 1742 and 1752 Diyarbak\u0131r Province Case\" href=\"\/en\/1742-1754-yillarinda-vergi-tahsilatindaki-usulsuzluklere-dair-bazi-tespit-teshis-ve-tahliller-diyarbakir-vilayeti-ornegi\/\"><span style=\"color: default; font: 38px Trajan pro,arial,sans-serift;\">673<\/span><\/a><\/td>\n<\/tr>\n<tr>\n<td bgcolor=\"transparent\" width=\"85%\"><span style=\"color: default; font: 17px Trajan pro,arial,sans-serift;\"> \u0130rfan Pa\u00e7ac\u0131 <\/span><br \/>\n<a title=\"M\u00fczik ve Siyaset: Duygu ve D\u00fc\u015f\u00fcncenin Etkile\u015fimsel \u0130\u015fbirli\u011fi\" href=\"\/muzik-ve-siyaset-duygu-ve-dusuncenin-etkilesimsel-isbirligi\/\"><span style=\"text-decoration: none; font: italic 17px minion pro,arial,sans-serif;\">M\u00fczik ve Siyaset: Duygu ve D\u00fc\u015f\u00fcncenin Etkile\u015fimsel \u0130\u015fbirli\u011fi<\/span><\/a><br \/>\n<a title=\"Music and Politics: Interactional Cooperation of Emotion and Thought\" href=\"\/en\/muzik-ve-siyaset-duygu-ve-dusuncenin-etkilesimsel-isbirligi\/\"> <span style=\"text-decoration: none; font-variant: normal; font-weight: normal; font-stretch: normal; font-size: 17px; line-height: normal; font-family: 'minion pro', arial, sans-serif;\">Music and Politics: Interactional Cooperation of Emotion and Thought<\/span><\/a><\/td>\n<td style=\"text-align: right; vertical-align: middle;\" bgcolor=\"transparent\"><a title=\" Music and Politics: Interactional Cooperation of Emotion and Thought\" href=\"\/en\/muzik-ve-siyaset-duygu-ve-dusuncenin-etkilesimsel-isbirligi\/\"><span style=\"color: default; font: 38px Trajan pro,arial,sans-serift;\">691<\/span><\/a><\/td>\n<\/tr>\n<tr>\n<td bgcolor=\"transparent\" width=\"85%\"><span style=\"color: default; font: 17px Trajan pro,arial,sans-serift;\"> Murat Sat\u0131c\u0131 <\/span><br \/>\n<a title=\"Hukuk Felsefesine Neden \u0130htiyac\u0131m\u0131z Var?\" href=\"\/hukuk-felsefesine-neden-ihtiyacimiz-var\/\"><span style=\"text-decoration: none; font: italic 17px minion pro,arial,sans-serif;\">Hukuk Felsefesine Neden \u0130htiyac\u0131m\u0131z Var?<\/span><\/a><br \/>\n<a title=\"Why We Need the Philosophy Of Law?\" href=\"\/en\/hukuk-felsefesine-neden-ihtiyacimiz-var\/\"> <span style=\"text-decoration: none; font-variant: normal; font-weight: normal; font-stretch: normal; font-size: 17px; line-height: normal; font-family: 'minion pro', arial, sans-serif;\">Why We Need the Philosophy Of Law?<\/span><\/a><\/td>\n<td style=\"text-align: right; vertical-align: middle;\" bgcolor=\"transparent\"><a title=\"Why We Need the Philosophy Of Law?\" href=\"\/en\/hukuk-felsefesine-neden-ihtiyacimiz-var\/\"><span style=\"color: default; font: 38px Trajan pro,arial,sans-serift;\">713<\/span><\/a><\/td>\n<\/tr>\n<\/tbody>\n<\/table>\n<table bgcolor=\"transparent\">\n<tbody>\n<tr>\n<td style=\"border-bottom: 1px dashed gray;\"><\/td>\n<\/tr>\n<\/tbody>\n<\/table>\n<p><img loading=\"lazy\" decoding=\"async\" class=\"alignnone wp-image-119 size-full\" src=\"\/wp-content\/uploads\/pdf-e1407190133528.png\" alt=\"\" width=\"50\" height=\"50\"><br \/>\n<span style=\"text-decoration: none; font-variant: normal; font-weight: normal; font-stretch: normal; font-size: 15px; line-height: normal; font-family: 'minion pro', arial, sans-serif;\">Year 6, Issue 21, Summer 2019<br \/>\nTam metin \/ Full text<\/span><\/p>\n<div style=\"width: 240px;\">\n<span style=\"text-decoration: none; font-variant: normal; font-weight: normal; font-stretch: normal; font-size: 15px; line-height: normal; font-family: 'minion pro', arial, sans-serif;\"><\/p>\n<div style=\"float: left; width: 20px;\"><img decoding=\"async\" style=\"border-width:0\" src=\"\/wp-content\/uploads\/izleme-icon.png\"><\/div>\n<p><span style=\"text-decoration: none; font-variant: normal; font-weight: normal; font-stretch: normal; font-size: 15px; line-height: normal; font-family: 'minion pro', arial, sans-serif;\"><\/span><\/p>\n<div style=\"float: left; width: 50px;\">[post-views]<\/div>\n<div style=\"float: left; width: 20px;\"><img decoding=\"async\" style=\"border-width:0\" src=\"\/wp-content\/uploads\/indirme-icon.png\"><\/div>\n<div style=\"float: left; width: 150px;\"><span style=\"text-decoration: none; font-variant: normal; font-weight: normal; font-stretch: normal; font-size: 15px; line-height: normal; font-family: 'minion pro', arial, sans-serif;\"><div class=\"sdm_download_count\"><span class=\"sdm_count_number\">380<\/span><span class=\"sdm_count_string\"> Downloads<\/span><\/div><\/span><\/div>\n<p><br style=\"clear: left;\"><\/p>\n<p><\/span><\/div>\n<div class=\"sdm_download_button_box_default\"><div class=\"sdm_download_link\"><a href=\"https:\/\/www.insanveinsan.org\/?sdm_process_download=1&download_id=3572\" class=\"sdm_download grey\" title=\"20\" target=&quot;_blank&quot;>Download Now!<\/a><\/div><\/div>\n<table bgcolor=\"transparent\">\n<tbody>\n<tr>\n<td style=\"border-bottom: 1px dashed gray;\"><\/td>\n<\/tr>\n<\/tbody>\n<\/table>\n<p><span style=\"text-decoration: none; font-variant: normal; font-weight: normal; font-stretch: normal; font-size: 15px; line-height: normal; font-family: 'minion pro', arial, sans-serif;\"><a rel=\"license\" href=\"http:\/\/creativecommons.org\/licenses\/by-nc\/4.0\/\"><img decoding=\"async\" alt=\"Creative Commons License\" style=\"border-width:0\" src=\"https:\/\/i.creativecommons.org\/l\/by-nc\/4.0\/80x15.png\"><\/a><br \/>\nThis work is licensed under a <a rel=\"license\" href=\"http:\/\/creativecommons.org\/licenses\/by-nc\/4.0\/\">Creative Commons Attribution-NonCommercial 4.0 International License<\/a>.<\/span><br \/>\n<\/p>","protected":false},"excerpt":{"rendered":"<p>Y\u0131l 6, Say\u0131 21, Yaz 2019 ISSN: 2148-7537 Makaleler Articles Hasan Acar T\u00fcrk K\u00fclt\u00fcr ve Devlet Gelene\u011finde Kad\u0131n Women in Turkish Culture and Tradition of State 395 Abdulvahap Ak\u0131nc\u0131 Milliyet\u00e7ili\u011fin K\u00f6kenleri: Etnisite\/Ulus (Millet) \u0130li\u015fkisi The Origin of Nationalism: Ethnicity, Nation and Nation Relations 413 Ali Arslano\u011flu Etkili \u0130leti\u015fimin Hasta G\u00fcvenli\u011fi K\u00fclt\u00fcr\u00fc \u00dczerine Etkisi ve \u0130\u00e7 &hellip; <a href=\"https:\/\/www.insanveinsan.org\/en\/sayi-21-yaz-2019\/\" class=\"more-link\">Continue reading <span class=\"screen-reader-text\">Issue 21, Summer 2019<\/span><\/a><\/p>\n","protected":false},"author":2,"featured_media":0,"parent":0,"menu_order":0,"comment_status":"closed","ping_status":"closed","template":"","meta":{"footnotes":""},"class_list":["post-3588","page","type-page","status-publish","hentry"],"_links":{"self":[{"href":"https:\/\/www.insanveinsan.org\/en\/wp-json\/wp\/v2\/pages\/3588","targetHints":{"allow":["GET"]}}],"collection":[{"href":"https:\/\/www.insanveinsan.org\/en\/wp-json\/wp\/v2\/pages"}],"about":[{"href":"https:\/\/www.insanveinsan.org\/en\/wp-json\/wp\/v2\/types\/page"}],"author":[{"embeddable":true,"href":"https:\/\/www.insanveinsan.org\/en\/wp-json\/wp\/v2\/users\/2"}],"replies":[{"embeddable":true,"href":"https:\/\/www.insanveinsan.org\/en\/wp-json\/wp\/v2\/comments?post=3588"}],"version-history":[{"count":0,"href":"https:\/\/www.insanveinsan.org\/en\/wp-json\/wp\/v2\/pages\/3588\/revisions"}],"wp:attachment":[{"href":"https:\/\/www.insanveinsan.org\/en\/wp-json\/wp\/v2\/media?parent=3588"}],"curies":[{"name":"wp","href":"https:\/\/api.w.org\/{rel}","templated":true}]}}