{"id":3806,"date":"2019-12-02T00:17:17","date_gmt":"2019-12-01T21:17:17","guid":{"rendered":"https:\/\/insanveinsan.org\/?page_id=3806"},"modified":"2019-12-13T17:52:23","modified_gmt":"2019-12-13T14:52:23","slug":"24-sayi-insan-odakli-saglik-hizmeti","status":"publish","type":"page","link":"https:\/\/www.insanveinsan.org\/en\/24-sayi-insan-odakli-saglik-hizmeti\/","title":{"rendered":"24. Say\u0131: \u0130nsan Odakl\u0131 Sa\u011fl\u0131k Hizmeti"},"content":{"rendered":"\n<p><em><strong>Say\u0131 24<br><\/strong><\/em> <strong><em>Say\u0131 konusu: <\/em><\/strong>\u0130nsan Odakl\u0131 Sa\u011fl\u0131k Hizmeti<br> <strong><em>Say\u0131 edit\u00f6r\u00fc: <\/em><\/strong>Do\u00e7. Dr. Harun K\u0131r\u0131lmaz<br> <strong><em>Yay\u0131n tarihi: <\/em><\/strong>Nisan 2020<br> <strong><em>Yaz\u0131 g\u00f6ndermek i\u00e7in son tarih: <\/em><\/strong>31 Aral\u0131k 2019<\/p>\n\n\n\n<p><strong><em>Tema \u00c7er\u00e7evesi<\/em><\/strong><\/p>\n\n\n\n<p>2000\u2019li y\u0131lardan itibaren sa\u011fl\u0131k sistemlerinin temel hedefleri aras\u0131nda \u201cinsan odakl\u0131l\u0131k\u201d yer almaktad\u0131r. Sa\u011fl\u0131k alan\u0131nda hemen hemen her kavram ve uygulaman\u0131n de\u011fi\u015fime u\u011frad\u0131\u011f\u0131 bu d\u00f6nemde, sa\u011fl\u0131k hizmeti sunumundan sa\u011fl\u0131k politikalar\u0131na kadar geni\u015f bir perspektiften \u201cinsan\u201d unsurunun \u00f6n plana \u00e7\u0131kt\u0131\u011f\u0131 g\u00f6r\u00fclmektedir. Ku\u015fkusuz bu de\u011fi\u015fim s\u00fcrecinde n\u00fcfus piramidinin de\u011fi\u015fmesinin, hastal\u0131k profilinin de\u011fi\u015fmesinin, sa\u011fl\u0131k teknolojilerinde ya\u015fanan geli\u015fmelerin, sa\u011fl\u0131k finansman\u0131nda ya\u015fanan de\u011fi\u015fimin, medya ve \u00f6zellikle sosyal medyan\u0131n, beklenti art\u0131\u015flar\u0131n\u0131n etkisi oldu\u011fu d\u00fc\u015f\u00fcn\u00fclmektedir.<\/p>\n\n\n\n<p>D\u00fcnya Sa\u011fl\u0131k \u00d6rg\u00fct\u00fc\u2019n\u00fcn hastalar\u0131n sa\u011fl\u0131k hizmeti sunumuna kat\u0131lma hakk\u0131n\u0131 g\u00fcndeme ta\u015f\u0131mas\u0131 ile birlikte, sa\u011fl\u0131k hizmeti sunumunda hastalar\u0131 g\u00fc\u00e7lendirmenin, tedavi kararlar\u0131 \u00fczerinde s\u00f6z sahibi olabilmelerinin \u00e7e\u015fitli yollar\u0131 \u00fczerinde tart\u0131\u015fmalar\u0131n \u00f6n plana \u00e7\u0131kt\u0131\u011f\u0131 g\u00f6r\u00fclmektedir. Bu \u00e7er\u00e7evede insan haklar\u0131 ve sa\u011fl\u0131k hakk\u0131 alan\u0131nda ya\u015fanan geli\u015fmelerin, \u201cinsan odakl\u0131 sa\u011fl\u0131k hizmeti\u201d anlay\u0131\u015f\u0131n\u0131n temellerini olu\u015fturdu\u011funu s\u00f6ylemek m\u00fcmk\u00fcnd\u00fcr. Bu do\u011frultuda D\u00fcnya Sa\u011fl\u0131k \u00d6rg\u00fct\u00fc insan odakl\u0131 anlay\u0131\u015f\u0131n, sa\u011fl\u0131k hizmetlerinin temel boyutlar\u0131ndan biri oldu\u011funu ve sa\u011fl\u0131k hizmeti kalitesinin \u00f6nemli bir g\u00f6stergesi oldu\u011funu vurgulamaktad\u0131r. B\u00f6ylelikle hastalar\u0131n sa\u011fl\u0131k hizmeti sunumu ile ilgili kararlara kat\u0131l\u0131m\u0131n\u0131 te\u015fvik ederek, sa\u011fl\u0131k hizmetlerinin daha insan odakl\u0131 hale gelmesi hususunda sa\u011fl\u0131k sistemlerinde anlay\u0131\u015f ve uygulama de\u011fi\u015fikleri hayata ge\u00e7meye ba\u015flam\u0131\u015ft\u0131r.<\/p>\n\n\n\n<p>Son d\u00f6nemde literat\u00fcrde insan odakl\u0131 sa\u011fl\u0131k hizmeti konusunun kayda de\u011fer bir yer tuttu\u011fu g\u00f6r\u00fclmektedir. S\u00f6z konusu \u00e7al\u0131\u015fmalarda insan odakl\u0131 sa\u011fl\u0131k hizmetinin, y\u00fcksek kaliteli bak\u0131m ve hasta g\u00fcvenli\u011finin temel bile\u015feni oldu\u011fu kabul edilmektedir. \u0130nsan odakl\u0131 sa\u011fl\u0131k hizmeti sunumunun klinik sonu\u00e7larda iyile\u015fme, hasta memnuniyetinde art\u0131\u015f, hasta-hekim ili\u015fkisini olumlu y\u00f6nde etkileme, gereksiz tetkik ve ila\u00e7 kullan\u0131m\u0131n\u0131 azaltma, gereksiz sa\u011fl\u0131k hizmeti kullan\u0131m\u0131 azaltma, maliyetleri d\u00fc\u015f\u00fcrme gibi olumlu \u00e7\u0131kt\u0131lar\u0131n\u0131n oldu\u011fu ifade edilmektedir. Sonu\u00e7 olarak insan odakl\u0131 sa\u011fl\u0131k hizmeti anlay\u0131\u015f\u0131n\u0131n geli\u015ftirilmesi, toplumun sa\u011fl\u0131k stat\u00fcs\u00fcn\u00fc y\u00fckseltme ve sa\u011fl\u0131k sistemlerinin performans\u0131na \u00f6nemli fayda sa\u011flama potansiyeline sahiptir. Bu alanda yap\u0131lacak ara\u015ft\u0131rmalar\u0131n insan odakl\u0131 sa\u011fl\u0131k hizmeti anlay\u0131\u015f\u0131na katk\u0131 sa\u011flayaca\u011f\u0131 d\u00fc\u015f\u00fcn\u00fclmektedir.<\/p>\n","protected":false},"excerpt":{"rendered":"<p>Say\u0131 24 Say\u0131 konusu: \u0130nsan Odakl\u0131 Sa\u011fl\u0131k Hizmeti Say\u0131 edit\u00f6r\u00fc: Do\u00e7. Dr. Harun K\u0131r\u0131lmaz Yay\u0131n tarihi: Nisan 2020 Yaz\u0131 g\u00f6ndermek i\u00e7in son tarih: 31 Aral\u0131k 2019 Tema \u00c7er\u00e7evesi 2000\u2019li y\u0131lardan itibaren sa\u011fl\u0131k sistemlerinin temel hedefleri aras\u0131nda \u201cinsan odakl\u0131l\u0131k\u201d yer almaktad\u0131r. Sa\u011fl\u0131k alan\u0131nda hemen hemen her kavram ve uygulaman\u0131n de\u011fi\u015fime u\u011frad\u0131\u011f\u0131 bu d\u00f6nemde, sa\u011fl\u0131k hizmeti sunumundan &hellip; <a href=\"https:\/\/www.insanveinsan.org\/en\/24-sayi-insan-odakli-saglik-hizmeti\/\" class=\"more-link\">Continue reading <span class=\"screen-reader-text\">24. Say\u0131: \u0130nsan Odakl\u0131 Sa\u011fl\u0131k Hizmeti<\/span><\/a><\/p>\n","protected":false},"author":1,"featured_media":0,"parent":0,"menu_order":0,"comment_status":"closed","ping_status":"closed","template":"","meta":{"footnotes":""},"class_list":["post-3806","page","type-page","status-publish","hentry"],"_links":{"self":[{"href":"https:\/\/www.insanveinsan.org\/en\/wp-json\/wp\/v2\/pages\/3806","targetHints":{"allow":["GET"]}}],"collection":[{"href":"https:\/\/www.insanveinsan.org\/en\/wp-json\/wp\/v2\/pages"}],"about":[{"href":"https:\/\/www.insanveinsan.org\/en\/wp-json\/wp\/v2\/types\/page"}],"author":[{"embeddable":true,"href":"https:\/\/www.insanveinsan.org\/en\/wp-json\/wp\/v2\/users\/1"}],"replies":[{"embeddable":true,"href":"https:\/\/www.insanveinsan.org\/en\/wp-json\/wp\/v2\/comments?post=3806"}],"version-history":[{"count":0,"href":"https:\/\/www.insanveinsan.org\/en\/wp-json\/wp\/v2\/pages\/3806\/revisions"}],"wp:attachment":[{"href":"https:\/\/www.insanveinsan.org\/en\/wp-json\/wp\/v2\/media?parent=3806"}],"curies":[{"name":"wp","href":"https:\/\/api.w.org\/{rel}","templated":true}]}}