{"id":3833,"date":"2019-10-01T00:53:52","date_gmt":"2019-09-30T21:53:52","guid":{"rendered":"https:\/\/insanveinsan.org\/?page_id=3833"},"modified":"2019-12-10T23:01:02","modified_gmt":"2019-12-10T20:01:02","slug":"sayi-22-guz-2019","status":"publish","type":"page","link":"https:\/\/www.insanveinsan.org\/en\/sayi-22-guz-2019\/","title":{"rendered":"Issue 22, Fall 2019"},"content":{"rendered":"<p><\/p>\n<table bgcolor=\"transparent\">\n<tbody>\n<tr>\n<td style=\"border-bottom: 1px dashed gray;\"><span style=\"color: default; font: 15px Trajan pro,arial,sans-serift;\">Y\u0131l 6, Say\u0131 22, G\u00fcz 2019<\/span><\/td>\n<td style=\"text-align: right; border-bottom: 1px dashed gray; margin-top: -4%; margin-bottom: -0.8%;\">ISSN: 2148-7537<\/td>\n<\/tr>\n<\/tbody>\n<\/table>\n<table bgcolor=\"transparent\">\n<tbody>\n<tr>\n<td bgcolor=\"transparent\" width=\"85%\"><span style=\"color: default; font: 15px Trajan pro,arial,sans-serift;\">Makaleler<br \/>\nArticles<\/span><\/td>\n<td width=\"15%\"><\/td>\n<\/tr>\n<tr>\n<td bgcolor=\"transparent\" width=\"85%\"><span style=\"color: default; font: 17px Trajan pro,arial,sans-serift;\"> \u00d6nder A. Af\u015far <\/span><br \/>\n<a title=\"15 Temmuz\u2019a Giden S\u00fcre\u00e7te T\u00fcrk Demokrasisinde Sivil Asker \u0130li\u015fkileri\" href=\"\/15-temmuza-giden-surecte-turk-demokrasisinde-sivil-asker-iliskileri\/\"><span style=\"text-decoration: none; font: italic 17px minion pro,arial,sans-serif;\">15 Temmuz\u2019a Giden S\u00fcre\u00e7te T\u00fcrk Demokrasisinde Sivil Asker \u0130li\u015fkileri<\/span><\/a><br \/>\n<a title=\"Civil-Military Relations in Turkish Democracy in the Period Leading to the July 15th\" href=\"\/en\/15-temmuza-giden-surecte-turk-demokrasisinde-sivil-asker-iliskileri\/\"> <span style=\"text-decoration: none; font-variant: normal; font-weight: normal; font-stretch: normal; font-size: 17px; line-height: normal; font-family: 'minion pro', arial, sans-serif;\">Civil-Military Relations in Turkish Democracy in the Period Leading to the July 15th<\/span><\/a><\/td>\n<td style=\"text-align: right; vertical-align: middle;\" bgcolor=\"transparent\"><a title=\" Civil-Military Relations in Turkish Democracy in the Period Leading to the July 15th\" href=\"\/en\/15-temmuza-giden-surecte-turk-demokrasisinde-sivil-asker-iliskileri\/\"><span style=\"color: default; font: 38px Trajan pro,arial,sans-serift;\">737<\/span><\/a><\/td>\n<\/tr>\n<tr>\n<td bgcolor=\"transparent\" width=\"85%\"><span style=\"color: default; font: 17px Trajan pro,arial,sans-serift;\"> Sel\u00e7uk Artut <\/span><br \/>\n<a title=\"Yapay Zek\u00e2 Olgusunun G\u00fcncel Sanat \u00c7al\u0131\u015fmalar\u0131ndaki A\u00e7\u0131l\u0131mlar\u0131\" href=\"\/yapay-zeka-olgusunun-guncel-sanat-calismalarindaki-acilimlari\/\"><span style=\"text-decoration: none; font: italic 17px minion pro,arial,sans-serif;\">Yapay Zek\u00e2 Olgusunun G\u00fcncel Sanat \u00c7al\u0131\u015fmalar\u0131ndaki A\u00e7\u0131l\u0131mlar\u0131<\/span><\/a><br \/>\n<a title=\"Reflections of Artificial Intelligence in Contemporary Artworks\" href=\"\/en\/yapay-zeka-olgusunun-guncel-sanat-calismalarindaki-acilimlari\/\"> <span style=\"text-decoration: none; font-variant: normal; font-weight: normal; font-stretch: normal; font-size: 17px; line-height: normal; font-family: 'minion pro', arial, sans-serif;\">Reflections of Artificial Intelligence in Contemporary Artworks<\/span><\/a><\/td>\n<td style=\"text-align: right; vertical-align: middle;\" bgcolor=\"transparent\"><a title=\"Reflections of Artificial Intelligence in Contemporary Artworks\" href=\"\/en\/yapay-zeka-olgusunun-guncel-sanat-calismalarindaki-acilimlari\/\"><span style=\"color: default; font: 38px Trajan pro,arial,sans-serift;\">767<\/span><\/a><\/td>\n<\/tr>\n<tr>\n<td bgcolor=\"transparent\" width=\"85%\"><span style=\"color: default; font: 17px Trajan pro,arial,sans-serift;\">Hamdi Eme\u00e7 \/ \u015eenay \u00dc\u00e7do\u011fruk Birecikli \/ Burcu K\u00fcmb\u00fcl G\u00fcler<\/span><br \/>\n<a title=\"\u0130stanbul\u2019a Y\u00f6nelik \u0130\u00e7 G\u00f6\u00e7 Hareketlerinin Ekonometrik Analizi\" href=\"\/istanbula-yonelik-ic-goc-hareketlerinin-ekonometrik-analizi\/\"><span style=\"text-decoration: none; font: italic 17px minion pro,arial,sans-serif;\">\u0130stanbul\u2019a Y\u00f6nelik \u0130\u00e7 G\u00f6\u00e7 Hareketlerinin Ekonometrik Analizi<\/span><\/a><br \/>\n<a title=\"Econometric Analysis of Internal Migration Movements towards \u0130stanbul\" href=\"\/en\/istanbula-yonelik-ic-goc-hareketlerinin-ekonometrik-analizi\/\"> <span style=\"text-decoration: none; font-variant: normal; font-weight: normal; font-stretch: normal; font-size: 17px; line-height: normal; font-family: 'minion pro', arial, sans-serif;\">Econometric Analysis of Internal Migration Movements towards \u0130stanbul<\/span><\/a><\/td>\n<td style=\"text-align: right; vertical-align: middle;\" bgcolor=\"transparent\"><a title=\"Econometric Analysis of Internal Migration Movements towards \u0130stanbul\" href=\"\/en\/istanbula-yonelik-ic-goc-hareketlerinin-ekonometrik-analizi\/\"><span style=\"color: default; font: 38px Trajan pro,arial,sans-serift;\">785<\/span><\/a><\/td>\n<\/tr>\n<tr>\n<td bgcolor=\"transparent\" width=\"85%\"><span style=\"color: default; font: 17px Trajan pro,arial,sans-serift;\">Navid Khaleghimoghaddam<\/span><br \/>\n<a title=\"T\u00fcrkiye ve \u0130ran \u00c7a\u011fda\u015f Mimarisi D\u00f6n\u00fc\u015f\u00fcm\u00fcnde Ulusalc\u0131 Hareketlerin Etkisi\" href=\"\/turkiye-ve-iran-cagdas-mimarisi-donusumunde-ulusalci-hareketlerin-etkisi\/\"><span style=\"text-decoration: none; font: italic 17px minion pro,arial,sans-serif;\">T\u00fcrkiye ve \u0130ran \u00c7a\u011fda\u015f Mimarisi D\u00f6n\u00fc\u015f\u00fcm\u00fcnde Ulusalc\u0131 Hareketlerin Etkisi<\/span><\/a><br \/>\n<a title=\"The Impact of Nationalist Movements on Turkey and Iran Contemporary Architectural Evolution\" href=\"\/en\/turkiye-ve-iran-cagdas-mimarisi-donusumunde-ulusalci-hareketlerin-etkisi\/\"> <span style=\"text-decoration: none; font-variant: normal; font-weight: normal; font-stretch: normal; font-size: 17px; line-height: normal; font-family: 'minion pro', arial, sans-serif;\">The Impact of Nationalist Movements on Turkey and Iran Contemporary Architectural Evolution<\/span><\/a><\/td>\n<td style=\"text-align: right; vertical-align: middle;\" bgcolor=\"transparent\"><a title=\"The Impact of Nationalist Movements on Turkey and Iran Contemporary Architectural Evolution\" href=\"\/en\/turkiye-ve-iran-cagdas-mimarisi-donusumunde-ulusalci-hareketlerin-etkisi\/\"><span style=\"color: default; font: 38px Trajan pro,arial,sans-serift;\">809<\/span><\/a><\/td>\n<\/tr>\n<tr>\n<td bgcolor=\"transparent\" width=\"85%\"><span style=\"color: default; font: 17px Trajan pro,arial,sans-serift;\">Nurg\u00fcl \u00d6zcan<\/span><br \/>\n<a title=\"T\u00fcrk Sosyo-K\u00fclt\u00fcrel Hayat\u0131na Fesin Yans\u0131mas\u0131 Ba\u011flam\u0131nda Antepli Ayn\u00ee\u2019nin Divan\u0131nda Fes\" href=\"\/turk-sosyo-kulturel-hayatina-fesin-yansimasi-baglaminda-antepli-ayninin-divaninda-fes\/\"><span style=\"text-decoration: none; font: italic 17px minion pro,arial,sans-serif;\">T\u00fcrk Sosyo-K\u00fclt\u00fcrel Hayat\u0131na Fesin Yans\u0131mas\u0131 Ba\u011flam\u0131nda Antepli Ayn\u00ee\u2019nin Divan\u0131nda Fes<\/span><\/a><br \/>\n<a title=\"Antepli Ayni\u2019s Poems in the Context of Reflection of Turkish Socio-Cultural Life\" href=\"\/en\/turk-sosyo-kulturel-hayatina-fesin-yansimasi-baglaminda-antepli-ayninin-divaninda-fes\/\"> <span style=\"text-decoration: none; font-variant: normal; font-weight: normal; font-stretch: normal; font-size: 17px; line-height: normal; font-family: 'minion pro', arial, sans-serif;\">Antepli Ayni\u2019s Poems in the Context of Reflection of Turkish Socio-Cultural Life<\/span><\/a><\/td>\n<td style=\"text-align: right; vertical-align: middle;\" bgcolor=\"transparent\"><a title=\"Antepli Ayni\u2019s Poems in the Context of Reflection of Turkish Socio-Cultural Life\" href=\"\/en\/turk-sosyo-kulturel-hayatina-fesin-yansimasi-baglaminda-antepli-ayninin-divaninda-fes\/\"><span style=\"color: default; font: 38px Trajan pro,arial,sans-serift;\">831<\/span><\/a><\/td>\n<\/tr>\n<tr>\n<td bgcolor=\"transparent\" width=\"85%\"><span style=\"color: default; font: 17px Trajan pro,arial,sans-serift;\">Deniz Soysal<\/span><br \/>\n<a title=\"\u0130kinci Cins\u2019te Simone De Beauvoir\u2019\u0131n Giyinme ve S\u00fcslenme \u00dczerine \u00c7\u00f6z\u00fcmlemesi\" href=\"\/ikinci-cinste-simone-de-beauvoirin-giyinme-ve-suslenme-uzerine-cozumlemesi\/\"><span style=\"text-decoration: none; font: italic 17px minion pro,arial,sans-serif;\">\u0130kinci Cins\u2019te Simone De Beauvoir\u2019\u0131n Giyinme ve S\u00fcslenme \u00dczerine \u00c7\u00f6z\u00fcmlemesi<\/span><\/a><br \/>\n<a title=\"Simone de Beauvoir\u2019s Analysis of Dressing up and Adornment in The Second Sex\" href=\"\/en\/ikinci-cinste-simone-de-beauvoirin-giyinme-ve-suslenme-uzerine-cozumlemesi\/\"> <span style=\"text-decoration: none; font-variant: normal; font-weight: normal; font-stretch: normal; font-size: 17px; line-height: normal; font-family: 'minion pro', arial, sans-serif;\">Simone de Beauvoir\u2019s Analysis of Dressing up and Adornment in The Second Sex<\/span><\/a><\/td>\n<td style=\"text-align: right; vertical-align: middle;\" bgcolor=\"transparent\"><a title=\"Simone de Beauvoir\u2019s Analysis of Dressing up and Adornment in The Second Sex\" href=\"\/en\/ikinci-cinste-simone-de-beauvoirin-giyinme-ve-suslenme-uzerine-cozumlemesi\/\"><span style=\"color: default; font: 38px Trajan pro,arial,sans-serift;\">853<\/span><\/a><\/td>\n<\/tr>\n<tr>\n<td bgcolor=\"transparent\" width=\"85%\"><span style=\"color: default; font: 17px Trajan pro,arial,sans-serift;\"> Aziz \u015eeker <\/span><br \/>\n<a title=\"Kuyucakl\u0131 Yusuf Roman\u0131n\u0131n Kad\u0131n Kahramanlar\u0131n\u0131 Toplumsal Cinsiyet Ba\u011flam\u0131nda Psikososyal Y\u00f6nleriyle Ele Almak\" href=\"\/kuyucakli-yusuf-romaninin-kadin-kahramanlarini-toplumsal-cinsiyet-baglaminda-psikososyal-yonleriyle-ele-almak\/\"><span style=\"text-decoration: none; font: italic 17px minion pro,arial,sans-serif;\">Kuyucakl\u0131 Yusuf Roman\u0131n\u0131n Kad\u0131n Kahramanlar\u0131n\u0131 Toplumsal Cinsiyet Ba\u011flam\u0131nda Psikososyal Y\u00f6nleriyle Ele Almak<\/span><\/a><br \/>\n<a title=\"An Evaluation of Female Heroes in Kuyucakl\u0131 Yusuf with Psycho-Social Aspects in the Context of Gender Roles\" href=\"\/en\/kuyucakli-yusuf-romaninin-kadin-kahramanlarini-toplumsal-cinsiyet-baglaminda-psikososyal-yonleriyle-ele-almak\/\"> <span style=\"text-decoration: none; font-variant: normal; font-weight: normal; font-stretch: normal; font-size: 17px; line-height: normal; font-family: 'minion pro', arial, sans-serif;\">An Evaluation of Female Heroes in Kuyucakl\u0131 Yusuf with Psycho-Social Aspects in the Context of Gender Roles<\/span><\/a><\/td>\n<td style=\"text-align: right; vertical-align: middle;\" bgcolor=\"transparent\"><a title=\"An Evaluation of Female Heroes in Kuyucakl\u0131 Yusuf with Psycho-Social Aspects in the Context of Gender Roles\" href=\"\/en\/kuyucakli-yusuf-romaninin-kadin-kahramanlarini-toplumsal-cinsiyet-baglaminda-psikososyal-yonleriyle-ele-almak\/\"><span style=\"color: default; font: 38px Trajan pro,arial,sans-serift;\">865<\/span><\/a><\/td>\n<\/tr>\n<tr>\n<td bgcolor=\"transparent\" width=\"85%\"><span style=\"color: default; font: 17px Trajan pro,arial,sans-serift;\"> Ali Ye\u015fildal <\/span><br \/>\n<a title=\"Sosyal Medya, Yerel Y\u00f6netimler ve Kat\u0131l\u0131mc\u0131 Y\u00f6netim: Bilgi \u00c7a\u011f\u0131nda Belediyeler i\u00e7in Yeni Stratejiler\" href=\"\/sosyal-medya-yerel-yonetimler-ve-katilimci-yonetim-bilgi-caginda-belediyeler-icin-yeni-stratejiler\"><span style=\"text-decoration: none; font: italic 17px minion pro,arial,sans-serif;\">Sosyal Medya, Yerel Y\u00f6netimler ve Kat\u0131l\u0131mc\u0131 Y\u00f6netim: Bilgi \u00c7a\u011f\u0131nda Belediyeler i\u00e7in Yeni Stratejiler<\/span><\/a><br \/>\n<a title=\"Social Media, Local Governments and Participatory Management: New Strategies for Local Governments in Information Era\" href=\"\/en\/sosyal-medya-yerel-yonetimler-ve-katilimci-yonetim-bilgi-caginda-belediyeler-icin-yeni-stratejiler\"> <span style=\"text-decoration: none; font-variant: normal; font-weight: normal; font-stretch: normal; font-size: 17px; line-height: normal; font-family: 'minion pro', arial, sans-serif;\">Social Media, Local Governments and Participatory Management: New Strategies for Local Governments in Information Era<\/span><\/a><\/td>\n<td style=\"text-align: right; vertical-align: middle;\" bgcolor=\"transparent\"><a title=\"Social Media, Local Governments and Participatory Management: New Strategies for Local Governments in Information Era\" href=\"\/en\/sosyal-medya-yerel-yonetimler-ve-katilimci-yonetim-bilgi-caginda-belediyeler-icin-yeni-stratejiler\"><span style=\"color: default; font: 38px Trajan pro,arial,sans-serift;\">883<\/span><\/a><\/td>\n<\/tr>\n<\/tbody>\n<\/table>\n<table bgcolor=\"transparent\">\n<tbody>\n<tr>\n<td style=\"border-bottom: 1px dashed gray;\"><\/td>\n<\/tr>\n<\/tbody>\n<\/table>\n<p><img loading=\"lazy\" decoding=\"async\" class=\"alignnone wp-image-119 size-full\" src=\"\/wp-content\/uploads\/pdf-e1407190133528.png\" alt=\"\" width=\"50\" height=\"50\"><br \/>\n<span style=\"text-decoration: none; font-variant: normal; font-weight: normal; font-stretch: normal; font-size: 15px; line-height: normal; font-family: 'minion pro', arial, sans-serif;\">Year 6, Issue 22, Fall 2019<br \/>\nTam metin \/ Full text<\/span><\/p>\n<div style=\"width: 240px;\">\n<span style=\"text-decoration: none; font-variant: normal; font-weight: normal; font-stretch: normal; font-size: 15px; line-height: normal; font-family: 'minion pro', arial, sans-serif;\"><\/p>\n<div style=\"float: left; width: 20px;\"><img decoding=\"async\" style=\"border-width:0\" src=\"\/wp-content\/uploads\/izleme-icon.png\"><\/div>\n<p><span style=\"text-decoration: none; font-variant: normal; font-weight: normal; font-stretch: normal; font-size: 15px; line-height: normal; font-family: 'minion pro', arial, sans-serif;\"><\/span><\/p>\n<div style=\"float: left; width: 50px;\">[post-views]<\/div>\n<div style=\"float: left; width: 20px;\"><img decoding=\"async\" style=\"border-width:0\" src=\"\/wp-content\/uploads\/indirme-icon.png\"><\/div>\n<div style=\"float: left; width: 150px;\"><span style=\"text-decoration: none; font-variant: normal; font-weight: normal; font-stretch: normal; font-size: 15px; line-height: normal; font-family: 'minion pro', arial, sans-serif;\"><div class=\"sdm_download_count\"><span class=\"sdm_count_number\">377<\/span><span class=\"sdm_count_string\"> Downloads<\/span><\/div><\/span><\/div>\n<p><br style=\"clear: left;\"><\/p>\n<p><\/span><\/div>\n<div class=\"sdm_download_button_box_default\"><div class=\"sdm_download_link\"><a href=\"https:\/\/www.insanveinsan.org\/?sdm_process_download=1&download_id=3824\" class=\"sdm_download grey\" title=\"(Turkish) 22\" target=&quot;_blank&quot;>Download Now!<\/a><\/div><\/div>\n<table bgcolor=\"transparent\">\n<tbody>\n<tr>\n<td style=\"border-bottom: 1px dashed gray;\"><\/td>\n<\/tr>\n<\/tbody>\n<\/table>\n<p><span style=\"text-decoration: none; font-variant: normal; font-weight: normal; font-stretch: normal; font-size: 15px; line-height: normal; font-family: 'minion pro', arial, sans-serif;\"><a rel=\"license\" href=\"http:\/\/creativecommons.org\/licenses\/by-nc\/4.0\/\"><img decoding=\"async\" alt=\"Creative Commons License\" style=\"border-width:0\" src=\"https:\/\/i.creativecommons.org\/l\/by-nc\/4.0\/80x15.png\"><\/a><br \/>\nThis work is licensed under a <a rel=\"license\" href=\"http:\/\/creativecommons.org\/licenses\/by-nc\/4.0\/\">Creative Commons Attribution-NonCommercial 4.0 International License<\/a>.<\/span><br \/>\n<br \/>\n<!-- \/wp:html --><\/p>","protected":false},"excerpt":{"rendered":"<p>Y\u0131l 6, Say\u0131 22, G\u00fcz 2019 ISSN: 2148-7537 Makaleler Articles \u00d6nder A. Af\u015far 15 Temmuz\u2019a Giden S\u00fcre\u00e7te T\u00fcrk Demokrasisinde Sivil Asker \u0130li\u015fkileri Civil-Military Relations in Turkish Democracy in the Period Leading to the July 15th 737 Sel\u00e7uk Artut Yapay Zek\u00e2 Olgusunun G\u00fcncel Sanat \u00c7al\u0131\u015fmalar\u0131ndaki A\u00e7\u0131l\u0131mlar\u0131 Reflections of Artificial Intelligence in Contemporary Artworks 767 Hamdi Eme\u00e7 &hellip; <a href=\"https:\/\/www.insanveinsan.org\/en\/sayi-22-guz-2019\/\" class=\"more-link\">Continue reading <span class=\"screen-reader-text\">Issue 22, Fall 2019<\/span><\/a><\/p>\n","protected":false},"author":1,"featured_media":0,"parent":0,"menu_order":0,"comment_status":"closed","ping_status":"closed","template":"","meta":{"footnotes":""},"class_list":["post-3833","page","type-page","status-publish","hentry"],"_links":{"self":[{"href":"https:\/\/www.insanveinsan.org\/en\/wp-json\/wp\/v2\/pages\/3833","targetHints":{"allow":["GET"]}}],"collection":[{"href":"https:\/\/www.insanveinsan.org\/en\/wp-json\/wp\/v2\/pages"}],"about":[{"href":"https:\/\/www.insanveinsan.org\/en\/wp-json\/wp\/v2\/types\/page"}],"author":[{"embeddable":true,"href":"https:\/\/www.insanveinsan.org\/en\/wp-json\/wp\/v2\/users\/1"}],"replies":[{"embeddable":true,"href":"https:\/\/www.insanveinsan.org\/en\/wp-json\/wp\/v2\/comments?post=3833"}],"version-history":[{"count":0,"href":"https:\/\/www.insanveinsan.org\/en\/wp-json\/wp\/v2\/pages\/3833\/revisions"}],"wp:attachment":[{"href":"https:\/\/www.insanveinsan.org\/en\/wp-json\/wp\/v2\/media?parent=3833"}],"curies":[{"name":"wp","href":"https:\/\/api.w.org\/{rel}","templated":true}]}}