{"id":3893,"date":"2020-03-22T17:34:37","date_gmt":"2020-03-22T14:34:37","guid":{"rendered":"https:\/\/insanveinsan.org\/?page_id=3893"},"modified":"2020-05-07T15:34:19","modified_gmt":"2020-05-07T12:34:19","slug":"sayi-23-kis-2020","status":"publish","type":"page","link":"https:\/\/www.insanveinsan.org\/en\/sayi-23-kis-2020\/","title":{"rendered":"Issue 23, Winter 2020"},"content":{"rendered":"<p><\/p>\n<p><\/p>\n<table bgcolor=\"transparent\">\n<tbody>\n<tr>\n<td style=\"border-bottom: 1px dashed gray;\"><span style=\"color: default; font: 15px Trajan pro,arial,sans-serift;\">Y\u0131l 7, Say\u0131 23, K\u0131\u015f 2020<\/span><\/td>\n<td style=\"text-align: right; border-bottom: 1px dashed gray; margin-top: -4%; margin-bottom: -0.8%;\">ISSN: 2148-7537<\/td>\n<\/tr>\n<\/tbody>\n<\/table>\n<table style=\"height: 477px;\" width=\"669\" bgcolor=\"transparent\">\n<tbody>\n<tr>\n<td bgcolor=\"transparent\" width=\"85%\"><span style=\"color: default; font: 15px Trajan pro,arial,sans-serift;\">Makaleler<br \/>\nArticles<\/span><\/td>\n<td width=\"15%\"><\/td>\n<\/tr>\n<tr>\n<td bgcolor=\"transparent\" width=\"85%\"><span style=\"text-decoration: none; font-variant: normal; font-weight: normal; font-stretch: normal; font-size: 17px; line-height: normal; font-family: 'minion pro', arial, sans-serif;\">Fehminaz \u00c7abuk<\/span><a title=\"Civil-Military Relations in Turkish Democracy in the Period Leading to the July 15th\" href=\"https:\/\/insanveinsan.org\/19-yuzyilda-osmanli-toplumunda-zina-bazi-zina-vakalarinda-islenen-cinayetler-uzerine-bir-degerlendirme\/\"><span style=\"text-decoration: none; font-variant: normal; font-weight: normal; font-stretch: normal; font-size: 17px; line-height: normal; font-family: 'minion pro', arial, sans-serif;\"><br \/>\n<\/span><\/a><a href=\"https:\/\/insanveinsan.org\/19-yuzyilda-osmanli-toplumunda-zina-bazi-zina-vakalarinda-islenen-cinayetler-uzerine-bir-degerlendirme\/\"><span style=\"text-decoration: none; font-variant: normal; font-weight: normal; font-stretch: normal; font-size: 17px; line-height: normal; font-family: 'minion pro', arial, sans-serif;\"><em>19. Y\u00fczy\u0131lda Osmanl\u0131 Toplumunda Zina: Baz\u0131 Zina Vakalar\u0131nda \u0130\u015flenen Cinayetler \u00dczerine Bir De\u011ferlendirme<\/em><\/span><\/a><a title=\"Civil-Military Relations in Turkish Democracy in the Period Leading to the July 15th\" href=\"https:\/\/insanveinsan.org\/19-yuzyilda-osmanli-toplumunda-zina-bazi-zina-vakalarinda-islenen-cinayetler-uzerine-bir-degerlendirme\/\"><span style=\"text-decoration: none; font-variant: normal; font-weight: normal; font-stretch: normal; font-size: 17px; line-height: normal; font-family: 'minion pro', arial, sans-serif;\"><br \/>\nAdultery in Ottoman Society in 19th Century: An Evaluation on the Commit Murders on Some Adultery Events<br \/>\n<\/span><\/a><\/td>\n<td style=\"text-align: right; vertical-align: middle;\" bgcolor=\"transparent\"><a title=\" Civil-Military Relations in Turkish Democracy in the Period Leading to the July 15th\" href=\"https:\/\/insanveinsan.org\/19-yuzyilda-osmanli-toplumunda-zina-bazi-zina-vakalarinda-islenen-cinayetler-uzerine-bir-degerlendirme\/\"><span style=\"color: default; font: 38px Trajan pro,arial,sans-serift;\">1<\/span><\/a><\/td>\n<\/tr>\n<tr>\n<td bgcolor=\"transparent\" width=\"85%\"><span style=\"text-decoration: none; font-variant: normal; font-weight: normal; font-stretch: normal; font-size: 17px; line-height: normal; font-family: 'minion pro', arial, sans-serif;\">Ahmet G\u00fcven<\/span><a title=\"Reflections of Artificial Intelligence in Contemporary Artworks\" href=\"https:\/\/insanveinsan.org\/hakikatin-yitimi-olarak-post-truth-bir-kavramsallastirma-denemesi\/\"><span style=\"text-decoration: none; font-variant: normal; font-weight: normal; font-stretch: normal; font-size: 17px; line-height: normal; font-family: 'minion pro', arial, sans-serif;\"><br \/>\n<\/span><\/a><a href=\"https:\/\/insanveinsan.org\/hakikatin-yitimi-olarak-post-truth-bir-kavramsallastirma-denemesi\/\"><span style=\"text-decoration: none; font-variant: normal; font-weight: normal; font-stretch: normal; font-size: 17px; line-height: normal; font-family: 'minion pro', arial, sans-serif;\"><em>Hakikatin Yitimi Olarak Post-Truth: Bir Kavramsalla\u015ft\u0131rma Denemesi<\/em><\/span><\/a><a title=\"Reflections of Artificial Intelligence in Contemporary Artworks\" href=\"https:\/\/insanveinsan.org\/hakikatin-yitimi-olarak-post-truth-bir-kavramsallastirma-denemesi\/\"><span style=\"text-decoration: none; font-variant: normal; font-weight: normal; font-stretch: normal; font-size: 17px; line-height: normal; font-family: 'minion pro', arial, sans-serif;\"><br \/>\nPost-Truth as the Loss of the Truth: A Conceptualization Attempt<br \/>\n<\/span><\/a><\/td>\n<td style=\"text-align: right; vertical-align: middle;\" bgcolor=\"transparent\"><a title=\"Reflections of Artificial Intelligence in Contemporary Artworks\" href=\"https:\/\/insanveinsan.org\/hakikatin-yitimi-olarak-post-truth-bir-kavramsallastirma-denemesi\/\"><span style=\"color: default; font: 38px Trajan pro,arial,sans-serift;\">20<\/span><\/a><\/td>\n<\/tr>\n<tr>\n<td bgcolor=\"transparent\" width=\"85%\"><span style=\"text-decoration: none; font-variant: normal; font-weight: normal; font-stretch: normal; font-size: 17px; line-height: normal; font-family: 'minion pro', arial, sans-serif;\">Bihter Karag\u00f6z \/ Hande Beg\u00fcm Bumin Doyduk<\/span><a title=\"\u0130stanbul\u2019a Y\u00f6nelik \u0130\u00e7 G\u00f6\u00e7 Hareketlerinin Ekonometrik Analizi\" href=\"\/istanbula-yonelik-ic-goc-hareketlerinin-ekonometrik-analizi\/\"><span style=\"text-decoration: none; font-variant: normal; font-weight: normal; font-stretch: normal; font-size: 17px; line-height: normal; font-family: 'minion pro', arial, sans-serif;\"><br \/>\n<\/span><\/a><a href=\"https:\/\/insanveinsan.org\/lojistik-4-0-uygulamalari-ve-lojistik-firmalarinin-bakis-acisi\/\"><span style=\"text-decoration: none; font-variant: normal; font-weight: normal; font-stretch: normal; font-size: 17px; line-height: normal; font-family: 'minion pro', arial, sans-serif;\"><em>Lojistik 4.0 Uygulamalar\u0131 ve Lojistik Firmalar\u0131n\u0131n Bak\u0131\u015f A\u00e7\u0131s\u0131<\/em><\/span><\/a><a title=\"Econometric Analysis of Internal Migration Movements towards \u0130stanbul\" href=\"https:\/\/insanveinsan.org\/lojistik-4-0-uygulamalari-ve-lojistik-firmalarinin-bakis-acisi\/\"><span style=\"text-decoration: none; font-variant: normal; font-weight: normal; font-stretch: normal; font-size: 17px; line-height: normal; font-family: 'minion pro', arial, sans-serif;\"><br \/>\nLogistics 4.0 Applications and Industry 4.0 from Logistics Firms\u2019 Point of View<br \/>\n<\/span><\/a><\/td>\n<td style=\"text-align: right; vertical-align: middle;\" bgcolor=\"transparent\"><a title=\"Econometric Analysis of Internal Migration Movements towards \u0130stanbul\" href=\"https:\/\/insanveinsan.org\/lojistik-4-0-uygulamalari-ve-lojistik-firmalarinin-bakis-acisi\/\"><span style=\"color: default; font: 38px Trajan pro,arial,sans-serift;\">37<\/span><\/a><\/td>\n<\/tr>\n<tr>\n<td bgcolor=\"transparent\" width=\"85%\"><span style=\"text-decoration: none; font-variant: normal; font-weight: normal; font-stretch: normal; font-size: 17px; line-height: normal; font-family: 'minion pro', arial, sans-serif;\">Ay\u015fe M\u00fcge Yazgan<\/span><a title=\"T\u00fcrkiye ve \u0130ran \u00c7a\u011fda\u015f Mimarisi D\u00f6n\u00fc\u015f\u00fcm\u00fcnde Ulusalc\u0131 Hareketlerin Etkisi\" href=\"\/turkiye-ve-iran-cagdas-mimarisi-donusumunde-ulusalci-hareketlerin-etkisi\/\"><span style=\"text-decoration: none; font-variant: normal; font-weight: normal; font-stretch: normal; font-size: 17px; line-height: normal; font-family: 'minion pro', arial, sans-serif;\"><br \/>\n<\/span><\/a><a href=\"https:\/\/insanveinsan.org\/yetiskinler-arasinda-iliski-tuketimi-ve-yalnizlik\/\"><span style=\"text-decoration: none; font-variant: normal; font-weight: normal; font-stretch: normal; font-size: 17px; line-height: normal; font-family: 'minion pro', arial, sans-serif;\"><em>The Consumption of Relations and Loneliness amongst Adults<\/em><\/span><\/a><a title=\"The Impact of Nationalist Movements on Turkey and Iran Contemporary Architectural Evolution\" href=\"https:\/\/insanveinsan.org\/yetiskinler-arasinda-iliski-tuketimi-ve-yalnizlik\/\"><span style=\"text-decoration: none; font-variant: normal; font-weight: normal; font-stretch: normal; font-size: 17px; line-height: normal; font-family: 'minion pro', arial, sans-serif;\"><br \/>\nYeti\u015fkinler Aras\u0131nda \u0130li\u015fki T\u00fcketimi ve Yaln\u0131zl\u0131k<br \/>\n<\/span><\/a><\/td>\n<td style=\"text-align: right; vertical-align: middle;\" bgcolor=\"transparent\"><a title=\"The Impact of Nationalist Movements on Turkey and Iran Contemporary Architectural Evolution\" href=\"https:\/\/insanveinsan.org\/yetiskinler-arasinda-iliski-tuketimi-ve-yalnizlik\/\"><span style=\"color: default; font: 38px Trajan pro,arial,sans-serift;\">52<\/span><\/a><\/td>\n<\/tr>\n<\/tbody>\n<\/table>\n<table bgcolor=\"transparent\">\n<tbody>\n<tr>\n<td style=\"border-bottom: 1px dashed gray;\"><\/td>\n<\/tr>\n<\/tbody>\n<\/table>\n<p><img loading=\"lazy\" decoding=\"async\" class=\"alignnone wp-image-119 size-full\" src=\"\/wp-content\/uploads\/pdf-e1407190133528.png\" alt=\"\" width=\"50\" height=\"50\"><br \/>\n<span style=\"text-decoration: none; font-variant: normal; font-weight: normal; font-stretch: normal; font-size: 15px; line-height: normal; font-family: 'minion pro', arial, sans-serif;\">Year 7, Issue 23, Winter 2020<br \/>\nTam metin \/ Full text<\/span><\/p>\n<div style=\"width: 240px;\">\n<span style=\"text-decoration: none; font-variant: normal; font-weight: normal; font-stretch: normal; font-size: 15px; line-height: normal; font-family: 'minion pro', arial, sans-serif;\"><\/p>\n<div style=\"float: left; width: 20px;\"><img decoding=\"async\" style=\"border-width: 0;\" src=\"\/wp-content\/uploads\/izleme-icon.png\"><\/div>\n<p><span style=\"text-decoration: none; font-variant: normal; font-weight: normal; font-stretch: normal; font-size: 15px; line-height: normal; font-family: 'minion pro', arial, sans-serif;\"><\/span><\/p>\n<div style=\"float: left; width: 50px;\">[post-views]<\/div>\n<div style=\"float: left; width: 20px;\"><img decoding=\"async\" style=\"border-width: 0;\" src=\"\/wp-content\/uploads\/indirme-icon.png\"><\/div>\n<div style=\"float: left; width: 150px;\"><span style=\"text-decoration: none; font-variant: normal; font-weight: normal; font-stretch: normal; font-size: 15px; line-height: normal; font-family: 'minion pro', arial, sans-serif;\"><div class=\"sdm_download_count\"><span class=\"sdm_count_number\">324<\/span><span class=\"sdm_count_string\"> Downloads<\/span><\/div><\/span><\/div>\n<p><br style=\"clear: left;\"><\/p>\n<p><\/span><\/div>\n<div class=\"sdm_download_button_box_default\"><div class=\"sdm_download_link\"><a href=\"https:\/\/www.insanveinsan.org\/?sdm_process_download=1&download_id=3908\" class=\"sdm_download grey\" title=\"(Turkish) 23\" target=&quot;_blank&quot;>Download Now!<\/a><\/div><\/div>\n<table bgcolor=\"transparent\">\n<tbody>\n<tr>\n<td style=\"border-bottom: 1px dashed gray;\"><\/td>\n<\/tr>\n<\/tbody>\n<\/table>\n<p><span style=\"text-decoration: none; font-variant: normal; font-weight: normal; font-stretch: normal; font-size: 15px; line-height: normal; font-family: 'minion pro', arial, sans-serif;\"><a href=\"http:\/\/creativecommons.org\/licenses\/by-nc\/4.0\/\" rel=\"license\"><img decoding=\"async\" style=\"border-width: 0;\" src=\"https:\/\/i.creativecommons.org\/l\/by-nc\/4.0\/80x15.png\" alt=\"Creative Commons License\"><\/a><br \/>\nThis work is licensed under a <a href=\"http:\/\/creativecommons.org\/licenses\/by-nc\/4.0\/\" rel=\"license\">Creative Commons Attribution-NonCommercial 4.0 International License<\/a>.<\/span><br \/>\n<br \/>\n<!-- \/wp:html --><\/p>","protected":false},"excerpt":{"rendered":"<p>Y\u0131l 7, Say\u0131 23, K\u0131\u015f 2020 ISSN: 2148-7537 Makaleler Articles Fehminaz \u00c7abuk 19. Y\u00fczy\u0131lda Osmanl\u0131 Toplumunda Zina: Baz\u0131 Zina Vakalar\u0131nda \u0130\u015flenen Cinayetler \u00dczerine Bir De\u011ferlendirme Adultery in Ottoman Society in 19th Century: An Evaluation on the Commit Murders on Some Adultery Events 1 Ahmet G\u00fcven Hakikatin Yitimi Olarak Post-Truth: Bir Kavramsalla\u015ft\u0131rma Denemesi Post-Truth as the &hellip; <a href=\"https:\/\/www.insanveinsan.org\/en\/sayi-23-kis-2020\/\" class=\"more-link\">Continue reading <span class=\"screen-reader-text\">Issue 23, Winter 2020<\/span><\/a><\/p>\n","protected":false},"author":5,"featured_media":0,"parent":0,"menu_order":0,"comment_status":"closed","ping_status":"closed","template":"","meta":{"footnotes":""},"class_list":["post-3893","page","type-page","status-publish","hentry"],"_links":{"self":[{"href":"https:\/\/www.insanveinsan.org\/en\/wp-json\/wp\/v2\/pages\/3893","targetHints":{"allow":["GET"]}}],"collection":[{"href":"https:\/\/www.insanveinsan.org\/en\/wp-json\/wp\/v2\/pages"}],"about":[{"href":"https:\/\/www.insanveinsan.org\/en\/wp-json\/wp\/v2\/types\/page"}],"author":[{"embeddable":true,"href":"https:\/\/www.insanveinsan.org\/en\/wp-json\/wp\/v2\/users\/5"}],"replies":[{"embeddable":true,"href":"https:\/\/www.insanveinsan.org\/en\/wp-json\/wp\/v2\/comments?post=3893"}],"version-history":[{"count":0,"href":"https:\/\/www.insanveinsan.org\/en\/wp-json\/wp\/v2\/pages\/3893\/revisions"}],"wp:attachment":[{"href":"https:\/\/www.insanveinsan.org\/en\/wp-json\/wp\/v2\/media?parent=3893"}],"curies":[{"name":"wp","href":"https:\/\/api.w.org\/{rel}","templated":true}]}}