{"id":3934,"date":"2020-04-20T21:10:42","date_gmt":"2020-04-20T18:10:42","guid":{"rendered":"https:\/\/insanveinsan.org\/?page_id=3934"},"modified":"2020-05-07T14:51:45","modified_gmt":"2020-05-07T11:51:45","slug":"sayi-24-bahar-2020","status":"publish","type":"page","link":"https:\/\/www.insanveinsan.org\/en\/sayi-24-bahar-2020\/","title":{"rendered":"Issue 24, Spring 2020"},"content":{"rendered":"<p><\/p>\n<p><\/p>\n<table bgcolor=\"transparent\">\n<tbody>\n<tr>\n<td style=\"border-bottom: 1px dashed gray;\"><span style=\"color: default; font: 15px Trajan pro,arial,sans-serift;\">Y\u0131l 7, Say\u0131 24, Bahar 2020<\/span><\/td>\n<td style=\"text-align: right; border-bottom: 1px dashed gray; margin-top: -4%; margin-bottom: -0.8%;\">ISSN: 2148-7537<\/td>\n<\/tr>\n<\/tbody>\n<\/table>\n<blockquote><p><span style=\"color: #008080;\"><em>THEME OF THE ISSUE: HUMAN ORIENTED HEALTH SERVICE<\/em><\/span><\/p><\/blockquote>\n<table style=\"height: 477px;\" width=\"669\" bgcolor=\"transparent\">\n<tbody>\n<tr>\n<td bgcolor=\"transparent\" width=\"85%\"><span style=\"color: default; font: 15px Trajan pro,arial,sans-serift;\">Makaleler<br \/>\nArticles<\/span><\/td>\n<td width=\"15%\"><\/td>\n<\/tr>\n<tr>\n<td bgcolor=\"transparent\" width=\"85%\"><span style=\"color: default; font: 17px Trajan pro,arial,sans-serift;\">Zehra Gizem Ate\u015f<\/span><br \/>\n<a title=\"Geneti\u011fi De\u011fi\u015ftirilmi\u015f Organizmalara (GDO) \u0130li\u015fkin Avrupa Birli\u011fi\u2019ndeki Yasal D\u00fczenlemeler\" href=\"https:\/\/insanveinsan.org\/genetigi-degistirilmis-organizmalara-gdo-iliskin-avrupa-birligindeki-yasal-duzenlemeler\/\"><span style=\"text-decoration: none; font: italic 17px minion pro,arial,sans-serif;\">Geneti\u011fi De\u011fi\u015ftirilmi\u015f Organizmalara (GDO) \u0130li\u015fkin Avrupa Birli\u011fi\u2019ndeki Yasal D\u00fczenlemeler<\/span><\/a><br \/>\n<a title=\"The Legal Arrangements of European Union Concerning The Genetically Modified Organisms\" href=\"https:\/\/insanveinsan.org\/genetigi-degistirilmis-organizmalara-gdo-iliskin-avrupa-birligindeki-yasal-duzenlemeler\/\"><span style=\"text-decoration: none; font-variant: normal; font-weight: normal; font-stretch: normal; font-size: 17px; line-height: normal; font-family: 'minion pro', arial, sans-serif;\">The Legal Arrangements of European Union Concerning The Genetically Modified Organisms<\/span><\/a><\/td>\n<td style=\"text-align: right; vertical-align: middle;\" bgcolor=\"transparent\"><a title=\"Geneti\u011fi De\u011fi\u015ftirilmi\u015f Organizmalara (GDO) \u0130li\u015fkin Avrupa Birli\u011fi\u2019ndeki Yasal D\u00fczenlemeler\" href=\"https:\/\/insanveinsan.org\/genetigi-degistirilmis-organizmalara-gdo-iliskin-avrupa-birligindeki-yasal-duzenlemeler\/\"><span style=\"color: default; font: 38px Trajan pro,arial,sans-serift;\">9<\/span><\/a><\/td>\n<\/tr>\n<tr>\n<td bgcolor=\"transparent\" width=\"85%\"><span style=\"color: default; font: 17px Trajan pro,arial,sans-serift;\">Gizem Zevde Ayd\u0131n \/ Ahmet Serhat Uluda\u011f<\/span><br \/>\n<a title=\"Kaybedilen Ya\u015fam Y\u0131l\u0131n\u0131 Etkileyen Risk Fakt\u00f6rlerinin DEMATEL Y\u00f6ntemi Kullan\u0131larak \u0130ncelenmesi\" href=\"https:\/\/insanveinsan.org\/kaybedilen-yasam-yilini-etkileyen-risk-faktorlerinin-dematel-yontemi-kullanilarak-incelenmesi\/\"><span style=\"text-decoration: none; font: italic 17px minion pro,arial,sans-serif;\">Kaybedilen Ya\u015fam Y\u0131l\u0131n\u0131 Etkileyen Risk Fakt\u00f6rlerinin DEMATEL Y\u00f6ntemi Kullan\u0131larak \u0130ncelenmesi<\/span><\/a><br \/>\n<a title=\"Investigation of the Risk Factos Affecting Years of Life Lost Via DEMATEL Method\" href=\"https:\/\/insanveinsan.org\/kaybedilen-yasam-yilini-etkileyen-risk-faktorlerinin-dematel-yontemi-kullanilarak-incelenmesi\/\"><span style=\"text-decoration: none; font-variant: normal; font-weight: normal; font-stretch: normal; font-size: 17px; line-height: normal; font-family: 'minion pro', arial, sans-serif;\">Investigation of the Risk Factos Affecting Years of Life Lost Via DEMATEL Method<\/span><\/a><\/td>\n<td style=\"text-align: right; vertical-align: middle;\" bgcolor=\"transparent\"><a title=\"Kaybedilen Ya\u015fam Y\u0131l\u0131n\u0131 Etkileyen Risk Fakt\u00f6rlerinin DEMATEL Y\u00f6ntemi Kullan\u0131larak \u0130ncelenmesi\" href=\"https:\/\/insanveinsan.org\/kaybedilen-yasam-yilini-etkileyen-risk-faktorlerinin-dematel-yontemi-kullanilarak-incelenmesi\/\"><span style=\"color: default; font: 38px Trajan pro,arial,sans-serift;\">30<\/span><\/a><\/td>\n<\/tr>\n<tr>\n<td bgcolor=\"transparent\" width=\"85%\"><span style=\"color: default; font: 17px Trajan pro,arial,sans-serift;\">Bayram Demir<\/span><br \/>\n<a title=\"Sa\u011fl\u0131\u011f\u0131n Kavramsalla\u015ft\u0131r\u0131lmas\u0131 ve \u0130nsan Odakl\u0131 Sa\u011fl\u0131k Hizmetlerinde Kalite ve Akreditasyon Perspektifi\" href=\"https:\/\/insanveinsan.org\/sagligin-kavramsallastirilmasi-ve-insan-odakli-saglik-hizmetlerinde-kalite-ve-akreditasyon-perspektif\/\"><span style=\"text-decoration: none; font: italic 17px minion pro,arial,sans-serif;\">Sa\u011fl\u0131\u011f\u0131n Kavramsalla\u015ft\u0131r\u0131lmas\u0131 ve \u0130nsan Odakl\u0131 Sa\u011fl\u0131k Hizmetlerinde Kalite ve Akreditasyon Perspektifi<\/span><\/a><br \/>\n<a title=\"Health Conceptualization and Quality and Accreditation Perspective in Person-Centered Health Care\" href=\"https:\/\/insanveinsan.org\/sagligin-kavramsallastirilmasi-ve-insan-odakli-saglik-hizmetlerinde-kalite-ve-akreditasyon-perspektif\/\"><span style=\"text-decoration: none; font-variant: normal; font-weight: normal; font-stretch: normal; font-size: 17px; line-height: normal; font-family: 'minion pro', arial, sans-serif;\">Health Conceptualization and Quality and Accreditation Perspective in Person-Centered Health Care<\/span><\/a><\/td>\n<td style=\"text-align: right; vertical-align: middle;\" bgcolor=\"transparent\"><a title=\"Sa\u011fl\u0131\u011f\u0131n Kavramsalla\u015ft\u0131r\u0131lmas\u0131 ve \u0130nsan Odakl\u0131 Sa\u011fl\u0131k Hizmetlerinde Kalite ve Akreditasyon Perspektifi\" href=\"https:\/\/insanveinsan.org\/sagligin-kavramsallastirilmasi-ve-insan-odakli-saglik-hizmetlerinde-kalite-ve-akreditasyon-perspektif\/\"><span style=\"color: default; font: 38px Trajan pro,arial,sans-serift;\">62<\/span><\/a><\/td>\n<\/tr>\n<tr>\n<td bgcolor=\"transparent\" width=\"85%\"><span style=\"color: default; font: 17px Trajan pro,arial,sans-serift;\">Serkan Deniz<\/span><br \/>\n<a title=\"Bireylerin E-Sa\u011fl\u0131k Okuryazarl\u0131\u011f\u0131 ve Siberkondri D\u00fczeylerinin \u0130ncelenmesi\" href=\"https:\/\/insanveinsan.org\/bireylerin-e-saglik-okuryazarligi-ve-siberkondri-duzeylerinin-incelenmesi\/\"><span style=\"text-decoration: none; font: italic 17px minion pro,arial,sans-serif;\">Bireylerin E-Sa\u011fl\u0131k Okuryazarl\u0131\u011f\u0131 ve Siberkondri D\u00fczeylerinin \u0130ncelenmesi<\/span><\/a><br \/>\n<a title=\"A Study on the e-Health Literacy and Cyberchondria Levels of Individuals\" href=\"https:\/\/insanveinsan.org\/bireylerin-e-saglik-okuryazarligi-ve-siberkondri-duzeylerinin-incelenmesi\/\"><span style=\"text-decoration: none; font-variant: normal; font-weight: normal; font-stretch: normal; font-size: 17px; line-height: normal; font-family: 'minion pro', arial, sans-serif;\">A Study on the e-Health Literacy and Cyberchondria Levels of Individuals<\/span><\/a><\/td>\n<td style=\"text-align: right; vertical-align: middle;\" bgcolor=\"transparent\"><a title=\"Bireylerin E-Sa\u011fl\u0131k Okuryazarl\u0131\u011f\u0131 ve Siberkondri D\u00fczeylerinin \u0130ncelenmesi\" href=\"https:\/\/insanveinsan.org\/bireylerin-e-saglik-okuryazarligi-ve-siberkondri-duzeylerinin-incelenmesi\/\"><span style=\"color: default; font: 38px Trajan pro,arial,sans-serift;\">84<\/span><\/a><\/td>\n<\/tr>\n<tr>\n<td bgcolor=\"transparent\" width=\"85%\"><span style=\"color: default; font: 17px Trajan pro,arial,sans-serift;\">Mustafa Erdo\u011fan \/ Harun K\u0131r\u0131lmaz<\/span><br \/>\n<a title=\"Hasta Merkezlilik ve Hasta Merkezli Bak\u0131m\" href=\"https:\/\/insanveinsan.org\/hasta-merkezlilik-ve-hasta-merkezli-bakim\/\"><span style=\"text-decoration: none; font: italic 17px minion pro,arial,sans-serif;\">Hasta Merkezlilik ve Hasta Merkezli Bak\u0131m<\/span><\/a><br \/>\n<a title=\"Patient Centeredness and Patient-Centered Care\" href=\"https:\/\/insanveinsan.org\/hasta-merkezlilik-ve-hasta-merkezli-bakim\/\"><span style=\"text-decoration: none; font-variant: normal; font-weight: normal; font-stretch: normal; font-size: 17px; line-height: normal; font-family: 'minion pro', arial, sans-serif;\">Patient Centeredness and Patient-Centered Care<\/span><\/a><\/td>\n<td style=\"text-align: right; vertical-align: middle;\" bgcolor=\"transparent\"><a title=\"Hasta Merkezlilik ve Hasta Merkezli Bak\u0131m\" href=\"https:\/\/insanveinsan.org\/hasta-merkezlilik-ve-hasta-merkezli-bakim\/\"><span style=\"color: default; font: 38px Trajan pro,arial,sans-serift;\">97<\/span><\/a><\/td>\n<\/tr>\n<tr>\n<td bgcolor=\"transparent\" width=\"85%\"><span style=\"color: default; font: 17px Trajan pro,arial,sans-serift;\">Ali G\u00fcnd\u00fcz \/ G\u00fcnnur Ertong Attar<\/span><br \/>\n<a title=\"Akt\u00f6r \u0130li\u015fkilera\u011f\u0131, Sa\u011fl\u0131k-Hastal\u0131k ve Su\u00e7: \u015eahsiyet Dizisi \u00dczerinden Bir Tart\u0131\u015fma\" href=\"https:\/\/insanveinsan.org\/aktor-iliskileragi-saglik-hastalik-ve-suc-sahsiyet-dizisi-uzerinden-bir-tartisma\/\"><span style=\"text-decoration: none; font: italic 17px minion pro,arial,sans-serif;\">Akt\u00f6r \u0130li\u015fkilera\u011f\u0131, Sa\u011fl\u0131k-Hastal\u0131k ve Su\u00e7: \u015eahsiyet Dizisi \u00dczerinden Bir Tart\u0131\u015fma<\/span><\/a><br \/>\n<a title=\"Actor Network, Health-Illness and Crime: A Discussion over Sahsiyet (Persona) Mini- Series\" href=\"https:\/\/insanveinsan.org\/aktor-iliskileragi-saglik-hastalik-ve-suc-sahsiyet-dizisi-uzerinden-bir-tartisma\/\"><span style=\"text-decoration: none; font-variant: normal; font-weight: normal; font-stretch: normal; font-size: 17px; line-height: normal; font-family: 'minion pro', arial, sans-serif;\">Actor Network, Health-Illness and Crime: A Discussion over Sahsiyet (Persona) Mini- Series<\/span><\/a><\/td>\n<td style=\"text-align: right; vertical-align: middle;\" bgcolor=\"transparent\"><a title=\"Akt\u00f6r \u0130li\u015fkilera\u011f\u0131, Sa\u011fl\u0131k-Hastal\u0131k ve Su\u00e7: \u015eahsiyet Dizisi \u00dczerinden Bir Tart\u0131\u015fma\" href=\"https:\/\/insanveinsan.org\/aktor-iliskileragi-saglik-hastalik-ve-suc-sahsiyet-dizisi-uzerinden-bir-tartisma\/\"><span style=\"color: default; font: 38px Trajan pro,arial,sans-serift;\">127<\/span><\/a><\/td>\n<\/tr>\n<\/tbody>\n<\/table>\n<table bgcolor=\"transparent\">\n<tbody>\n<tr>\n<td style=\"border-bottom: 1px dashed gray;\"><\/td>\n<\/tr>\n<\/tbody>\n<\/table>\n<p><img loading=\"lazy\" decoding=\"async\" class=\"alignnone wp-image-119 size-full\" src=\"\/wp-content\/uploads\/pdf-e1407190133528.png\" alt=\"\" width=\"50\" height=\"50\"><br \/>\n<span style=\"text-decoration: none; font-variant: normal; font-weight: normal; font-stretch: normal; font-size: 15px; line-height: normal; font-family: 'minion pro', arial, sans-serif;\">Year 7, Issue 24, Spring 2020<br \/>\nTam metin \/ Full text<\/span><\/p>\n<div style=\"width: 240px;\">\n<span style=\"text-decoration: none; font-variant: normal; font-weight: normal; font-stretch: normal; font-size: 15px; line-height: normal; font-family: 'minion pro', arial, sans-serif;\"><\/p>\n<div style=\"float: left; width: 20px;\"><img decoding=\"async\" style=\"border-width:0\" src=\"\/wp-content\/uploads\/izleme-icon.png\"><\/div>\n<p><span style=\"text-decoration: none; font-variant: normal; font-weight: normal; font-stretch: normal; font-size: 15px; line-height: normal; font-family: 'minion pro', arial, sans-serif;\"><\/span><\/p>\n<div style=\"float: left; width: 50px;\">[post-views]<\/div>\n<div style=\"float: left; width: 20px;\"><img decoding=\"async\" style=\"border-width:0\" src=\"\/wp-content\/uploads\/indirme-icon.png\"><\/div>\n<div style=\"float: left; width: 150px;\"><span style=\"text-decoration: none; font-variant: normal; font-weight: normal; font-stretch: normal; font-size: 15px; line-height: normal; font-family: 'minion pro', arial, sans-serif;\"><div class=\"sdm_download_count\"><span class=\"sdm_count_number\">337<\/span><span class=\"sdm_count_string\"> Downloads<\/span><\/div><\/span><\/div>\n<p><br style=\"clear: left;\"><\/p>\n<p><\/span><\/div>\n<div class=\"sdm_download_button_box_default\"><div class=\"sdm_download_link\"><a href=\"https:\/\/www.insanveinsan.org\/?sdm_process_download=1&download_id=3995\" class=\"sdm_download grey\" title=\"(Turkish) 24\" target=&quot;_blank&quot;>Download Now!<\/a><\/div><\/div>\n<table bgcolor=\"transparent\">\n<tbody>\n<tr>\n<td style=\"border-bottom: 1px dashed gray;\"><\/td>\n<\/tr>\n<\/tbody>\n<\/table>\n<p><span style=\"text-decoration: none; font-variant: normal; font-weight: normal; font-stretch: normal; font-size: 15px; line-height: normal; font-family: 'minion pro', arial, sans-serif;\"><a href=\"http:\/\/creativecommons.org\/licenses\/by-nc\/4.0\/\" rel=\"license\"><img decoding=\"async\" style=\"border-width: 0;\" src=\"https:\/\/i.creativecommons.org\/l\/by-nc\/4.0\/80x15.png\" alt=\"Creative Commons License\"><\/a><br \/>\nThis work is licensed under a <a href=\"http:\/\/creativecommons.org\/licenses\/by-nc\/4.0\/\" rel=\"license\">Creative Commons Attribution-NonCommercial 4.0 International License<\/a>.<\/span><br \/>\n<br \/>\n<!-- \/wp:html --><\/p>","protected":false},"excerpt":{"rendered":"<p>Y\u0131l 7, Say\u0131 24, Bahar 2020 ISSN: 2148-7537 THEME OF THE ISSUE: HUMAN ORIENTED HEALTH SERVICE Makaleler Articles Zehra Gizem Ate\u015f Geneti\u011fi De\u011fi\u015ftirilmi\u015f Organizmalara (GDO) \u0130li\u015fkin Avrupa Birli\u011fi\u2019ndeki Yasal D\u00fczenlemeler The Legal Arrangements of European Union Concerning The Genetically Modified Organisms 9 Gizem Zevde Ayd\u0131n \/ Ahmet Serhat Uluda\u011f Kaybedilen Ya\u015fam Y\u0131l\u0131n\u0131 Etkileyen Risk Fakt\u00f6rlerinin &hellip; <a href=\"https:\/\/www.insanveinsan.org\/en\/sayi-24-bahar-2020\/\" class=\"more-link\">Continue reading <span class=\"screen-reader-text\">Issue 24, Spring 2020<\/span><\/a><\/p>\n","protected":false},"author":5,"featured_media":0,"parent":0,"menu_order":0,"comment_status":"closed","ping_status":"closed","template":"","meta":{"footnotes":""},"class_list":["post-3934","page","type-page","status-publish","hentry"],"_links":{"self":[{"href":"https:\/\/www.insanveinsan.org\/en\/wp-json\/wp\/v2\/pages\/3934","targetHints":{"allow":["GET"]}}],"collection":[{"href":"https:\/\/www.insanveinsan.org\/en\/wp-json\/wp\/v2\/pages"}],"about":[{"href":"https:\/\/www.insanveinsan.org\/en\/wp-json\/wp\/v2\/types\/page"}],"author":[{"embeddable":true,"href":"https:\/\/www.insanveinsan.org\/en\/wp-json\/wp\/v2\/users\/5"}],"replies":[{"embeddable":true,"href":"https:\/\/www.insanveinsan.org\/en\/wp-json\/wp\/v2\/comments?post=3934"}],"version-history":[{"count":0,"href":"https:\/\/www.insanveinsan.org\/en\/wp-json\/wp\/v2\/pages\/3934\/revisions"}],"wp:attachment":[{"href":"https:\/\/www.insanveinsan.org\/en\/wp-json\/wp\/v2\/media?parent=3934"}],"curies":[{"name":"wp","href":"https:\/\/api.w.org\/{rel}","templated":true}]}}