{"id":4054,"date":"2020-04-23T17:29:08","date_gmt":"2020-04-23T14:29:08","guid":{"rendered":"https:\/\/insanveinsan.org\/?page_id=4054"},"modified":"2021-03-20T14:50:53","modified_gmt":"2021-03-20T11:50:53","slug":"30-sayi-nasil-bir-gelecek-toplum-5-0da-calisma-dijitallesme-ve-sosyal-koruma-iliskisi","status":"publish","type":"page","link":"https:\/\/www.insanveinsan.org\/en\/30-sayi-nasil-bir-gelecek-toplum-5-0da-calisma-dijitallesme-ve-sosyal-koruma-iliskisi\/","title":{"rendered":"Issue 30: &#8220;How the Future will be? Work, Digitalisation and Social Protection under Society 5.0 Conditions"},"content":{"rendered":"<p><strong><em>Issue 30<\/em><\/strong><br \/>\n<em><strong>Topic:<\/strong><\/em> How the Future will be? Work, Digitalisation and Social Protection under Society 5.0 Conditions<br \/>\n<strong><em>Issue Editor:<\/em><\/strong>\u00a0Assoc. Prof. Dr. Do\u011fa Ba\u015far Sar\u0131ipek<br \/>\n<strong><em>Release Date:<\/em><\/strong>\u00a0October 2021<\/p>\n<p><strong><em>Submission Date<\/em><\/strong><br \/>\n<strong><em>Start:<\/em>\u00a0<\/strong>1 July 2021<br \/>\n<strong><em>End:<\/em><\/strong>\u00a031 July 2021<\/p>\n<p><strong>Call for Paper<\/strong><\/p>\n<p>The &#8220;future of work&#8221; has been on the agenda of many scientific disciplines for a long time. This thematic issue relates the future of work to social protection, welfare and new technologies and aims to consider its social reflections from a broad perspective. More specifically, it explores medium and long-term future expectations at the intersection of typical \/ atypical work, the right to health and social protection, poverty and well-being. In this context, it asks the following general question: What are the effects of the widespread and rapid change triggered by advanced technology and rapid digitalization on individual \/ social welfare, current forms of work, social relations and society&#8217;s general organization forms?<\/p>\n<p>Here are some examples of research questions that can be addressed by the authors in this issue:<\/p>\n<p>\u2022 What global trends are affecting work and how can changes in work affect poverty \/ well-being or social protection systems in general?<br \/>\n\u2022 How will global epidemics and catastrophes affect health, poverty and social welfare solidarity?<br \/>\n\u2022 How will the repercussions and effects of new forms of work occur in the context of the working poor?<br \/>\n\u2022 What kind of change \/ transformation will Society 5.0 conditions, which incorporate all these transformations, make about social protection and about society&#8217;s ability to preserve it?<\/p>\n<p><strong>Assoc. Dr. Do\u011fa Ba\u015far SARI\u0130PEK<\/strong><br \/>\n<em>Issue Editor<\/em><\/p>","protected":false},"excerpt":{"rendered":"<p>Issue 30 Topic: How the Future will be? Work, Digitalisation and Social Protection under Society 5.0 Conditions Issue Editor:\u00a0Assoc. Prof. Dr. Do\u011fa Ba\u015far Sar\u0131ipek Release Date:\u00a0October 2021 Submission Date Start:\u00a01 July 2021 End:\u00a031 July 2021 Call for Paper The &#8220;future of work&#8221; has been on the agenda of many scientific disciplines for a long time. &hellip; <a href=\"https:\/\/www.insanveinsan.org\/en\/30-sayi-nasil-bir-gelecek-toplum-5-0da-calisma-dijitallesme-ve-sosyal-koruma-iliskisi\/\" class=\"more-link\">Continue reading <span class=\"screen-reader-text\">Issue 30: &#8220;How the Future will be? Work, Digitalisation and Social Protection under Society 5.0 Conditions<\/span><\/a><\/p>\n","protected":false},"author":5,"featured_media":0,"parent":0,"menu_order":0,"comment_status":"closed","ping_status":"closed","template":"","meta":{"footnotes":""},"class_list":["post-4054","page","type-page","status-publish","hentry"],"_links":{"self":[{"href":"https:\/\/www.insanveinsan.org\/en\/wp-json\/wp\/v2\/pages\/4054","targetHints":{"allow":["GET"]}}],"collection":[{"href":"https:\/\/www.insanveinsan.org\/en\/wp-json\/wp\/v2\/pages"}],"about":[{"href":"https:\/\/www.insanveinsan.org\/en\/wp-json\/wp\/v2\/types\/page"}],"author":[{"embeddable":true,"href":"https:\/\/www.insanveinsan.org\/en\/wp-json\/wp\/v2\/users\/5"}],"replies":[{"embeddable":true,"href":"https:\/\/www.insanveinsan.org\/en\/wp-json\/wp\/v2\/comments?post=4054"}],"version-history":[{"count":16,"href":"https:\/\/www.insanveinsan.org\/en\/wp-json\/wp\/v2\/pages\/4054\/revisions"}],"predecessor-version":[{"id":4654,"href":"https:\/\/www.insanveinsan.org\/en\/wp-json\/wp\/v2\/pages\/4054\/revisions\/4654"}],"wp:attachment":[{"href":"https:\/\/www.insanveinsan.org\/en\/wp-json\/wp\/v2\/media?parent=4054"}],"curies":[{"name":"wp","href":"https:\/\/api.w.org\/{rel}","templated":true}]}}