{"id":418,"date":"2014-10-29T19:56:33","date_gmt":"2014-10-29T17:56:33","guid":{"rendered":"http:\/\/insanveinsan.org\/?page_id=418"},"modified":"2019-01-30T13:48:46","modified_gmt":"2019-01-30T11:48:46","slug":"sayi-2-guz-2014","status":"publish","type":"page","link":"https:\/\/www.insanveinsan.org\/en\/sayi-2-guz-2014\/","title":{"rendered":"Issue 2, Fall 2014"},"content":{"rendered":"<p><\/p>\n<table bgcolor=\"transparent\">\n<tbody>\n<tr>\n<td style=\"border-bottom: 1px dashed gray;\"><span style=\"color: default; font: 15px Trajan pro,arial,sans-serift;\">Say\u0131 2, G\u00fcz 2014<\/span><\/td>\n<td style=\"text-align: right; border-bottom: 1px dashed gray; margin-top: -4%; margin-bottom: -0.8%;\">ISSN:\u00a02148-7537<\/td>\n<\/tr>\n<\/tbody>\n<\/table>\n<table bgcolor=\"transparent\">\n<tbody>\n<tr>\n<td width=\"85%\"><span style=\"color: default; font: 15px Trajan pro,arial,sans-serift;\">Makaleler<br \/>\nArticles<\/span><\/td>\n<td width=\"15%\"><\/td>\n<\/tr>\n<tr>\n<td bgcolor=\"transparent\" width=\"85%\"><span style=\"color: default; font: 17px Trajan pro,arial,sans-serift;\">Serdar Benligiray<\/span><br \/>\n<a title=\"\u0130ktisad\u00ee Bir Bilim Dal\u0131 Olarak \u2018Finans\u2019\u0131n Bilim Felsefesi Perspektifinden Ele\u015ftirisi\" href=\"http:\/\/insanveinsan.org\/en\/iktisadi-bir-bilim-dali-olarak-finansin-bilim-felsefesi-perspektifinden-elestirisi\/\"><span style=\"text-decoration: none; font: italic 17px minion pro,arial,sans-serif;\">\u0130ktisad\u00ee Bir Bilim Dal\u0131 Olarak \u2018Finans\u2019\u0131n Bilim Felsefesi Perspektifinden Ele\u015ftirisi<\/span><\/a><br \/>\n<a title=\"A Critical Review of \u2018Finance\u2019 as a Discipline of Economics from the Perspective of Philosophy of Science\" href=\"http:\/\/insanveinsan.org\/en\/iktisadi-bir-bilim-dali-olarak-finansin-bilim-felsefesi-perspektifinden-elestirisi\/\"> <span style=\"text-decoration: none; font-variant: normal; font-weight: normal; font-stretch: normal; font-size: 17px; line-height: normal; font-family: 'minion pro', arial, sans-serif;\">A Critical Review of \u2018Finance\u2019 as a Discipline of Economics from the Perspective of Philosophy of Science<\/span><\/a><\/td>\n<td style=\"text-align: right; vertical-align: middle;\" bgcolor=\"transparent\"><a title=\"\u0130ktisad\u00ee Bir Bilim Dal\u0131 Olarak \u2018Finans\u2019\u0131n Bilim Felsefesi Perspektifinden Ele\u015ftirisi\" href=\"http:\/\/insanveinsan.org\/en\/iktisadi-bir-bilim-dali-olarak-finansin-bilim-felsefesi-perspektifinden-elestirisi\/\"><span style=\"color: default; font: 38px Trajan pro,arial,sans-serift;\">4<\/span><\/a><\/td>\n<\/tr>\n<tr>\n<td bgcolor=\"transparent\" width=\"85%\"><span style=\"color: default; font: 17px Trajan pro,arial,sans-serift;\">Ahmet G\u00fcven<\/span><br \/>\n<a title=\"Gezi\u2019nin Dili: G\u00f6stergebilimsel Bir \u0130nceleme\" href=\"http:\/\/insanveinsan.org\/en\/gezinin-dili-gostergebilimsel-bir-inceleme\/\"><span style=\"text-decoration: none; font: italic 17px minion pro,arial,sans-serif;\">Gezi\u2019nin Dili: G\u00f6stergebilimsel Bir \u0130nceleme<\/span><\/a><br \/>\n<a title=\"The Language of Taksim Gezi Park Protests: A Semiotic Review\" href=\"http:\/\/insanveinsan.org\/en\/gezinin-dili-gostergebilimsel-bir-inceleme\/\"> <span style=\"text-decoration: none; font-variant: normal; font-weight: normal; font-stretch: normal; font-size: 17px; line-height: normal; font-family: 'minion pro', arial, sans-serif;\">The Language of Taksim Gezi Park Protests: A Semiotic Review<\/span><\/a><\/td>\n<td style=\"text-align: right; vertical-align: middle;\" bgcolor=\"transparent\"><a title=\"Gezi\u2019nin Dili: G\u00f6stergebilimsel Bir \u0130nceleme\" href=\"http:\/\/insanveinsan.org\/en\/gezinin-dili-gostergebilimsel-bir-inceleme\/\"><span style=\"color: default; font: 38px Trajan pro,arial,sans-serift;\">19<\/span><\/a><\/td>\n<\/tr>\n<tr>\n<td bgcolor=\"transparent\" width=\"85%\"><span style=\"color: default; font: 17px Trajan pro,arial,sans-serift;\">Deniz Tansel \u0130lic<\/span><br \/>\n<a title=\"Haber \u00dcretiminde G\u00f6reli \u00d6zerklik Problemi: Bir Saha Ara\u015ft\u0131rmas\u0131\" href=\"http:\/\/insanveinsan.org\/en\/haber-uretiminde-goreli-ozerklik-problemi-bir-saha-arastirmasi\/\"><span style=\"text-decoration: none; font: italic 17px minion pro,arial,sans-serif;\">Haber \u00dcretiminde G\u00f6reli \u00d6zerklik Problemi: Bir Saha Ara\u015ft\u0131rmas\u0131<\/span><\/a><br \/>\n<a title=\"The Relative Autonomy Problem in Newsmaking Process: A Field Research\" href=\"http:\/\/insanveinsan.org\/en\/haber-uretiminde-goreli-ozerklik-problemi-bir-saha-arastirmasi\/\"> <span style=\"text-decoration: none; font-variant: normal; font-weight: normal; font-stretch: normal; font-size: 17px; line-height: normal; font-family: 'minion pro', arial, sans-serif;\">The Relative Autonomy Problem in Newsmaking Process: A Field Research<\/span><\/a><\/td>\n<td style=\"text-align: right; vertical-align: middle;\" bgcolor=\"transparent\"><a title=\"Haber \u00dcretiminde G\u00f6reli \u00d6zerklik Problemi: Bir Saha Ara\u015ft\u0131rmas\u0131\" href=\"http:\/\/insanveinsan.org\/en\/haber-uretiminde-goreli-ozerklik-problemi-bir-saha-arastirmasi\/\"><span style=\"color: default; font: 38px Trajan pro,arial,sans-serift;\">30<\/span><\/a><\/td>\n<\/tr>\n<tr>\n<td bgcolor=\"transparent\" width=\"85%\"><span style=\"color: default; font: 17px Trajan pro,arial,sans-serift;\">Yal\u00e7\u0131n L\u00fcleci<\/span><br \/>\n<a title=\"Erken Cumhuriyet D\u00f6neminde T\u00fcrkiye Cumhuriyeti ile Sovyetler Birli\u011fi Aras\u0131ndaki Sanatsal \u0130li\u015fkiler: \u201cAnkara: T\u00fcrkiye\u2019nin Kalbi\u201d Belgeseli \u00d6rne\u011fi\" href=\"http:\/\/insanveinsan.org\/en\/erken-cumhuriyet-doneminde-turkiye-cumhuriyeti-ile-sovyetler-birligi-arasindaki-sanatsal-iliskiler-ankara-turkiyenin-kalbi-belgeseli-ornegi\/\"><span style=\"text-decoration: none; font: italic 17px minion pro,arial,sans-serif;\">Erken Cumhuriyet D\u00f6neminde T\u00fcrkiye Cumhuriyeti ile Sovyetler Birli\u011fi Aras\u0131ndaki Sanatsal \u0130li\u015fkiler: \u201cAnkara: T\u00fcrkiye\u2019nin Kalbi\u201d Belgeseli \u00d6rne\u011fi<\/span><\/a><br \/>\n<a title=\"Artistic Relations between the Republic of Turkey and the Soviet Union in the Early Republican Era: The Case of the Documentary \u201cAnkara: The Heart of Turkey\u201d\" href=\"http:\/\/insanveinsan.org\/en\/erken-cumhuriyet-doneminde-turkiye-cumhuriyeti-ile-sovyetler-birligi-arasindaki-sanatsal-iliskiler-ankara-turkiyenin-kalbi-belgeseli-ornegi\/\"> <span style=\"text-decoration: none; font-variant: normal; font-weight: normal; font-stretch: normal; font-size: 17px; line-height: normal; font-family: 'minion pro', arial, sans-serif;\">Artistic Relations between the Republic of Turkey and the Soviet Union in the Early Republican Era: The Case of the Documentary \u201cAnkara: The Heart of Turkey\u201d<\/span><\/a><\/td>\n<td style=\"text-align: right; vertical-align: middle;\" bgcolor=\"transparent\"><a title=\"Erken Cumhuriyet D\u00f6neminde T\u00fcrkiye Cumhuriyeti ile Sovyetler Birli\u011fi Aras\u0131ndaki Sanatsal \u0130li\u015fkiler: \u201cAnkara: T\u00fcrkiye\u2019nin Kalbi\u201d Belgeseli \u00d6rne\u011fi\" href=\"http:\/\/insanveinsan.org\/en\/erken-cumhuriyet-doneminde-turkiye-cumhuriyeti-ile-sovyetler-birligi-arasindaki-sanatsal-iliskiler-ankara-turkiyenin-kalbi-belgeseli-ornegi\/\"><span style=\"color: default; font: 38px Trajan pro,arial,sans-serift;\">40<\/span><\/a><\/td>\n<\/tr>\n<tr>\n<td bgcolor=\"transparent\" width=\"85%\"><span style=\"color: default; font: 17px Trajan pro,arial,sans-serift;\">Gamze \u00dclker T\u00fcml\u00fc \/ Nil\u00fcfer Voltan Acar<\/span><br \/>\n<a title=\"\u201cIss\u0131z Adam\u201d Filminin Ger\u00e7eklik Terapisine Dayal\u0131 \u0130ncelenmesi\" href=\"http:\/\/insanveinsan.org\/en\/issiz-adam-filminin-gerceklik-terapisine-dayali-incelenmesi\/\"><span style=\"text-decoration: none; font: italic 17px minion pro,arial,sans-serif;\">\u201cIss\u0131z Adam\u201d Filminin Ger\u00e7eklik Terapisine Dayal\u0131 \u0130ncelenmesi<\/span><\/a><br \/>\n<a title=\"The Investigation of \u201cIss\u0131z Adam\u201d Movie in Terms of the Reality Therapy\" href=\"http:\/\/insanveinsan.org\/en\/issiz-adam-filminin-gerceklik-terapisine-dayali-incelenmesi\/\"> <span style=\"text-decoration: none; font-variant: normal; font-weight: normal; font-stretch: normal; font-size: 17px; line-height: normal; font-family: 'minion pro', arial, sans-serif;\">The Investigation of \u201cIss\u0131z Adam\u201d Movie in Terms of the Reality Therapy<\/span><\/a><\/td>\n<td style=\"text-align: right; vertical-align: middle;\" bgcolor=\"transparent\"><a title=\"\u201cIss\u0131z Adam\u201d Filminin Ger\u00e7eklik Terapisine Dayal\u0131 \u0130ncelenmesi\" href=\"http:\/\/insanveinsan.org\/en\/issiz-adam-filminin-gerceklik-terapisine-dayali-incelenmesi\/\"><span style=\"color: default; font: 38px Trajan pro,arial,sans-serift;\">62<\/span><\/a><\/td>\n<\/tr>\n<\/tbody>\n<\/table>\n<table bgcolor=\"transparent\">\n<tbody>\n<tr>\n<td style=\"border-bottom: 1px dashed gray;\"><\/td>\n<\/tr>\n<\/tbody>\n<\/table>\n<p><img loading=\"lazy\" decoding=\"async\" class=\"alignnone wp-image-119 size-full\" src=\"..\/wp-content\/uploads\/pdf-e1407190133528.png\" alt=\"\" width=\"50\" height=\"50\" \/><br \/>\n<span style=\"text-decoration: none; font-variant: normal; font-weight: normal; font-stretch: normal; font-size: 15px; line-height: normal; font-family: 'minion pro', arial, sans-serif;\">Year 1, Issue 2, Fall 2014<br \/>\nTam metin \/ Full text<\/span><\/p>\n<p><span style=\"text-decoration: none; font-variant: normal; font-weight: normal; font-stretch: normal; font-size: 15px; line-height: normal; font-family: 'minion pro', arial, sans-serif;\"><a rel=\"license\" href=\"http:\/\/creativecommons.org\/licenses\/by-nc\/4.0\/\"><img decoding=\"async\" alt=\"Creative Commons License\" style=\"border-width:0\" src=\"https:\/\/i.creativecommons.org\/l\/by-nc\/4.0\/80x15.png\" \/><\/a><br \/>This work is licensed under a <a rel=\"license\" href=\"http:\/\/creativecommons.org\/licenses\/by-nc\/4.0\/\">Creative Commons Attribution-NonCommercial 4.0 International License<\/a>.<\/span><\/p>\n<div style=\"width: 240px;\">\n <span style=\"text-decoration: none; font-variant: normal; font-weight: normal; font-stretch: normal; font-size: 15px; line-height: normal; font-family: 'minion pro', arial, sans-serif;\"><\/p>\n<div style=\"float: left; width: 20px;\"><i class=\"fa fa-eye\" aria-hidden=\"true\"><\/i><\/span><\/div>\n<p> <span style=\"text-decoration: none; font-variant: normal; font-weight: normal; font-stretch: normal; font-size: 15px; line-height: normal; font-family: 'minion pro', arial, sans-serif;\"><\/p>\n<div style=\"float: left; width: 50px;\">[post-views]<\/div>\n<p><\/span><\/p>\n<div style=\"float: left; width: 20px;\"><i class=\"fa fa-download\" aria-hidden=\"true\"><\/i><\/div>\n<div style=\"float: left; width: 150px;\"><span style=\"text-decoration: none; font-variant: normal; font-weight: normal; font-stretch: normal; font-size: 15px; line-height: normal; font-family: 'minion pro', arial, sans-serif;\"><div class=\"sdm_download_count\"><span class=\"sdm_count_number\">1410<\/span><span class=\"sdm_count_string\"> Downloads<\/span><\/div><\/span><\/div>\n<p> <br style=\"clear: left;\" \/>\n<\/div>\n<div class=\"sdm_download_button_box_default\"><div class=\"sdm_download_link\"><a href=\"https:\/\/www.insanveinsan.org\/?sdm_process_download=1&download_id=2050\" class=\"sdm_download grey\" title=\"Issue 2Say\u0131 2\" target=&quot;_blank&quot;>Download Now!<\/a><\/div><\/div>\n<table bgcolor=\"transparent\">\n<tbody>\n<tr>\n<td style=\"border-bottom: 1px dashed gray;\"><\/td>\n<\/tr>\n<\/tbody>\n<\/table>\n<p><\/p>","protected":false},"excerpt":{"rendered":"<p>Say\u0131 2, G\u00fcz 2014 ISSN:\u00a02148-7537 Makaleler Articles Serdar Benligiray \u0130ktisad\u00ee Bir Bilim Dal\u0131 Olarak \u2018Finans\u2019\u0131n Bilim Felsefesi Perspektifinden Ele\u015ftirisi A Critical Review of \u2018Finance\u2019 as a Discipline of Economics from the Perspective of Philosophy of Science 4 Ahmet G\u00fcven Gezi\u2019nin Dili: G\u00f6stergebilimsel Bir \u0130nceleme The Language of Taksim Gezi Park Protests: A Semiotic Review 19 &hellip; <a href=\"https:\/\/www.insanveinsan.org\/en\/sayi-2-guz-2014\/\" class=\"more-link\">Continue reading <span class=\"screen-reader-text\">Issue 2, Fall 2014<\/span><\/a><\/p>\n","protected":false},"author":1,"featured_media":0,"parent":0,"menu_order":0,"comment_status":"closed","ping_status":"closed","template":"","meta":{"footnotes":""},"class_list":["post-418","page","type-page","status-publish","hentry"],"_links":{"self":[{"href":"https:\/\/www.insanveinsan.org\/en\/wp-json\/wp\/v2\/pages\/418","targetHints":{"allow":["GET"]}}],"collection":[{"href":"https:\/\/www.insanveinsan.org\/en\/wp-json\/wp\/v2\/pages"}],"about":[{"href":"https:\/\/www.insanveinsan.org\/en\/wp-json\/wp\/v2\/types\/page"}],"author":[{"embeddable":true,"href":"https:\/\/www.insanveinsan.org\/en\/wp-json\/wp\/v2\/users\/1"}],"replies":[{"embeddable":true,"href":"https:\/\/www.insanveinsan.org\/en\/wp-json\/wp\/v2\/comments?post=418"}],"version-history":[{"count":0,"href":"https:\/\/www.insanveinsan.org\/en\/wp-json\/wp\/v2\/pages\/418\/revisions"}],"wp:attachment":[{"href":"https:\/\/www.insanveinsan.org\/en\/wp-json\/wp\/v2\/media?parent=418"}],"curies":[{"name":"wp","href":"https:\/\/api.w.org\/{rel}","templated":true}]}}