{"id":4487,"date":"2020-11-12T20:56:46","date_gmt":"2020-11-12T17:56:46","guid":{"rendered":"https:\/\/insanveinsan.org\/?page_id=4487"},"modified":"2021-03-30T20:38:00","modified_gmt":"2021-03-30T17:38:00","slug":"sayi-26-guz-2020","status":"publish","type":"page","link":"https:\/\/www.insanveinsan.org\/en\/sayi-26-guz-2020\/","title":{"rendered":"Issue 26, Fall 2020"},"content":{"rendered":"<p><\/p>\n<table bgcolor=\"transparent\">\n<tbody>\n<tr>\n<td style=\"border-bottom: 1px dashed gray;\"><span style=\"color: default; font: 15px Trajan pro,arial,sans-serift;\">Y\u0131l 7, Say\u0131 26, G\u00fcz 2020<\/span><\/td>\n<td style=\"text-align: right; border-bottom: 1px dashed gray; margin-top: -4%; margin-bottom: -0.8%;\">ISSN: 2148-7537<\/td>\n<\/tr>\n<\/tbody>\n<\/table>\n<blockquote><p><span style=\"color: #008080;\"><em>THEME OF THE ISSUE: POLITICAL ECONOMY OF MEDIA<\/em><\/span><\/p><\/blockquote>\n<table style=\"height: 549px;\" width=\"659\" cellspacing=\"1\" bgcolor=\"transparent\">\n<tbody>\n<tr>\n<td bgcolor=\"transparent\" width=\"85%\"><span style=\"color: default; font: 15px Trajan pro,arial,sans-serift;\">Makaleler<br \/>\nArticles<\/span><\/td>\n<td width=\"15%\"><\/td>\n<\/tr>\n<tr>\n<td bgcolor=\"transparent\" width=\"85%\"><span style=\"color: default; font: 17px Trajan pro,arial,sans-serift;\"> Filiz Aydo\u011fan Boschele <\/span><br \/>\n<a title=\"S\u00fcrd\u00fcr\u00fclebilirlik, T\u00fcketim ve Medya\" href=\"\/surdurulebilirlik-tuketim-ve-medya\/\"><span style=\"text-decoration: none; font: italic 17px minion pro,arial,sans-serif;\">S\u00fcrd\u00fcr\u00fclebilirlik, T\u00fcketim ve Medya<\/span><\/a><br \/>\n<a title=\"Sustainability, Consumption and Media\" href=\"\/en\/surdurulebilirlik-tuketim-ve-medya\/\"> <span style=\"text-decoration: none; font-variant: normal; font-weight: normal; font-stretch: normal; font-size: 17px; line-height: normal; font-family: 'minion pro', arial, sans-serif;\">Sustainability, Consumption and Media<\/span><\/a><\/td>\n<td style=\"text-align: right; vertical-align: middle;\" bgcolor=\"transparent\"><a title=\" Sustainability, Consumption and Media\" href=\"\/en\/surdurulebilirlik-tuketim-ve-medya\/\"><span style=\"color: default; font: 38px Trajan pro,arial,sans-serift;\">11<\/span><\/a><\/td>\n<\/tr>\n<tr>\n<td bgcolor=\"transparent\" width=\"85%\"><span style=\"color: default; font: 17px Trajan pro,arial,sans-serift;\"> Nihal Kocabay \u015eener <\/span><br \/>\n<a title=\"\u0130leti\u015fimin Ekonomi Politi\u011fine Dallas W. Smythe\u2019\u0131n Perspektifinden Bakmak\" href=\"\/iletisimin-ekonomi-politigine-dallas-w-smythein-perspektifinden-bakmak\/\"><span style=\"text-decoration: none; font: italic 17px minion pro,arial,sans-serif;\">\u0130leti\u015fimin Ekonomi Politi\u011fine Dallas W. Smythe\u2019\u0131n Perspektifinden Bakmak<\/span><\/a><br \/>\n<a title=\"Looking at Political Economy of Communication from the Perspective of Dallas W. Smythe\" href=\"\/en\/iletisimin-ekonomi-politigine-dallas-w-smythein-perspektifinden-bakmak\/\"> <span style=\"text-decoration: none; font-variant: normal; font-weight: normal; font-stretch: normal; font-size: 17px; line-height: normal; font-family: 'minion pro', arial, sans-serif;\">Looking at Political Economy of Communication from the Perspective of Dallas W. Smythe<\/span><\/a><\/td>\n<td style=\"text-align: right; vertical-align: middle;\" bgcolor=\"transparent\"><a title=\"Looking at Political Economy of Communication from the Perspective of Dallas W. Smythe\" href=\"\/en\/iletisimin-ekonomi-politigine-dallas-w-smythein-perspektifinden-bakmak\/\"><span style=\"color: default; font: 38px Trajan pro,arial,sans-serift;\">25<\/span><\/a><\/td>\n<\/tr>\n<tr>\n<td bgcolor=\"transparent\" width=\"85%\"><span style=\"color: default; font: 17px Trajan pro,arial,sans-serift;\">Naciye Beril Ek\u015fio\u011flu Sar\u0131lar<\/span><br \/>\n<a title=\"Neo-liberal Politikalar\u0131n Medya ve Kamu Hizmeti Yay\u0131nc\u0131l\u0131\u011f\u0131na Etkisi\" href=\"\/neo-liberal-politikalarin-medya-ve-kamu-hizmeti-yayinciligina-etkisi\/\"><span style=\"text-decoration: none; font: italic 17px minion pro,arial,sans-serif;\">Neo-liberal Politikalar\u0131n Medya ve Kamu Hizmeti Yay\u0131nc\u0131l\u0131\u011f\u0131na Etkisi<\/span><\/a><br \/>\n<a title=\"The Impact of Neo-liberal Policies on Media and Public Service Broadcasting\" href=\"\/en\/neo-liberal-politikalarin-medya-ve-kamu-hizmeti-yayinciligina-etkisi\/\"> <span style=\"text-decoration: none; font-variant: normal; font-weight: normal; font-stretch: normal; font-size: 17px; line-height: normal; font-family: 'minion pro', arial, sans-serif;\">The Impact of Neo-liberal Policies on Media and Public Service Broadcasting<\/span><\/a><\/td>\n<td style=\"text-align: right; vertical-align: middle;\" bgcolor=\"transparent\"><a title=\"The Impact of Neo-liberal Policies on Media and Public Service Broadcasting\" href=\"\/en\/neo-liberal-politikalarin-medya-ve-kamu-hizmeti-yayinciligina-etkisi\/\"><span style=\"color: default; font: 38px Trajan pro,arial,sans-serift;\">41<\/span><\/a><\/td>\n<\/tr>\n<tr>\n<td bgcolor=\"transparent\" width=\"85%\"><span style=\"color: default; font: 17px Trajan pro,arial,sans-serift;\">Erdal Da\u011fta\u015f \/ Cemgazi Yolda\u015f<\/span><br \/>\n<a title=\"\u00dcret\u00fcketici Eme\u011fin Metala\u015fmas\u0131: Twitter \u00d6rne\u011finde Ele\u015ftirel Ekonomi Politik Bir \u00c7\u00f6z\u00fcmleme\" href=\"\/uretuketici-emegin-metalasmasi-twitter-orneginde-elestirel-ekonomi-politik-bir-cozumleme\/\"><span style=\"text-decoration: none; font: italic 17px minion pro,arial,sans-serif;\">\u00dcret\u00fcketici Eme\u011fin Metala\u015fmas\u0131: Twitter \u00d6rne\u011finde Ele\u015ftirel Ekonomi Politik Bir \u00c7\u00f6z\u00fcmleme<\/span><\/a><br \/>\n<a title=\"Critical Political Economy Analysis of the Commodifacation of Prosumer Labor in the Case of Twitter\" href=\"\/en\/uretuketici-emegin-metalasmasi-twitter-orneginde-elestirel-ekonomi-politik-bir-cozumleme\/\"> <span style=\"text-decoration: none; font-variant: normal; font-weight: normal; font-stretch: normal; font-size: 17px; line-height: normal; font-family: 'minion pro', arial, sans-serif;\">Critical Political Economy Analysis of the Commodifacation of Prosumer Labor in the Case of Twitter<\/span><\/a><\/td>\n<td style=\"text-align: right; vertical-align: middle;\" bgcolor=\"transparent\"><a title=\"Critical Political Economy Analysis of the Commodifacation of Prosumer Labor in the Case of Twitter\" href=\"\/en\/uretuketici-emegin-metalasmasi-twitter-orneginde-elestirel-ekonomi-politik-bir-cozumleme\/\"><span style=\"color: default; font: 38px Trajan pro,arial,sans-serift;\">65<\/span><\/a><\/td>\n<\/tr>\n<tr>\n<td bgcolor=\"transparent\" width=\"85%\"><span style=\"color: default; font: 17px Trajan pro,arial,sans-serift;\"> Serhat Kaymas <\/span><br \/>\n<a title=\"Yarat\u0131c\u0131 End\u00fcstriler, K\u00fclt\u00fcr Temelli Giri\u015fimcilik ve Ele\u015ftirel Ekonomi Politik: K\u00f6r Noktay\u0131 Yeniden D\u00fc\u015f\u00fcnmek\" href=\"\/yaratici-endustriler-kultur-temelli-girisimcilik-ve-elestirel-ekonomi-politik-kor-noktayi-yeniden-dusunmek\/\"><span style=\"text-decoration: none; font: italic 17px minion pro,arial,sans-serif;\">Yarat\u0131c\u0131 End\u00fcstriler, K\u00fclt\u00fcr Temelli Giri\u015fimcilik ve Ele\u015ftirel Ekonomi Politik: K\u00f6r Noktay\u0131 Yeniden D\u00fc\u015f\u00fcnmek<\/span><\/a><br \/>\n<a title=\"Creative Industries, Culture-Based Entrepreneurship, and Critical Political Economy: Rethinking of the Blind Spot\" href=\"\/en\/yaratici-endustriler-kultur-temelli-girisimcilik-ve-elestirel-ekonomi-politik-kor-noktayi-yeniden-dusunmek\/\"> <span style=\"text-decoration: none; font-variant: normal; font-weight: normal; font-stretch: normal; font-size: 17px; line-height: normal; font-family: 'minion pro', arial, sans-serif;\">Creative Industries, Culture-Based Entrepreneurship, and Critical Political Economy: Rethinking of the Blind Spot<\/span><\/a><\/td>\n<td style=\"text-align: right; vertical-align: middle;\" bgcolor=\"transparent\"><a title=\" Creative Industries, Culture-Based Entrepreneurship, and Critical Political Economy: Rethinking of the Blind Spot\" href=\"\/en\/yaratici-endustriler-kultur-temelli-girisimcilik-ve-elestirel-ekonomi-politik-kor-noktayi-yeniden-dusunmek\/\"><span style=\"color: default; font: 38px Trajan pro,arial,sans-serift;\">93<\/span><\/a><\/td>\n<\/tr>\n<tr>\n<td bgcolor=\"transparent\" width=\"85%\"><span style=\"color: default; font: 17px Trajan pro,arial,sans-serift;\"> Sedat \u00d6zel <\/span><br \/>\n<a title=\"Talebe Ba\u011fl\u0131 Video Servisleri \u00c7a\u011f\u0131nda Netflix Etkisi\" href=\"\/talebe-bagli-Video-servisleri-caginda-netflix-etkisi\/\"><span style=\"text-decoration: none; font: italic 17px minion pro,arial,sans-serif;\">Talebe Ba\u011fl\u0131 Video Servisleri \u00c7a\u011f\u0131nda Netflix Etkisi<\/span><\/a><br \/>\n<a title=\"The Netflix Effect in the Age of Video on Demand Services\" href=\"\/en\/talebe-bagli-Video-servisleri-caginda-netflix-etkisi\/\"> <span style=\"text-decoration: none; font-variant: normal; font-weight: normal; font-stretch: normal; font-size: 17px; line-height: normal; font-family: 'minion pro', arial, sans-serif;\">The Netflix Effect in the Age of Video on Demand Services<\/span><\/a><\/td>\n<td style=\"text-align: right; vertical-align: middle;\" bgcolor=\"transparent\"><a title=\"The Netflix Effect in the Age of Video on Demand Services\" href=\"\/en\/talebe-bagli-Video-servisleri-caginda-netflix-etkisi\/\"><span style=\"color: default; font: 38px Trajan pro,arial,sans-serift;\">115<\/span><\/a><\/td>\n<\/tr>\n<tr>\n<td bgcolor=\"transparent\" width=\"85%\"><span style=\"color: default; font: 17px Trajan pro,arial,sans-serift;\">Can Diker<\/span><br \/>\n<a title=\"2005-2020 Y\u0131llar\u0131 Aras\u0131nda Verilen Film Destekleri \u00dczerine Ele\u015ftirel Ekonomi Politik Bir De\u011ferlendirme\" href=\"\/2005-2020-yillari-arasinda-verilen-film-destekleri-uzerine-elestirel-ekonomi-politik-bir-degerlendirme\/\"><span style=\"text-decoration: none; font: italic 17px minion pro,arial,sans-serif;\">2005-2020 Y\u0131llar\u0131 Aras\u0131nda Verilen Film Destekleri \u00dczerine Ele\u015ftirel Ekonomi Politik Bir De\u011ferlendirme<\/span><\/a><br \/>\n<a title=\"Examination of the Film Incentives Provided Within the Years 2005-2020 from the Critical Economy Political Perspective\" href=\"\/en\/2005-2020-yillari-arasinda-verilen-film-destekleri-uzerine-elestirel-ekonomi-politik-bir-degerlendirme\/\"> <span style=\"text-decoration: none; font-variant: normal; font-weight: normal; font-stretch: normal; font-size: 17px; line-height: normal; font-family: 'minion pro', arial, sans-serif;\">Examination of the Film Incentives Provided Within the Years 2005-2020 from the Critical Economy Political Perspective<\/span><\/a><\/td>\n<td style=\"text-align: right; vertical-align: middle;\" bgcolor=\"transparent\"><a title=\"Examination of the Film Incentives Provided Within the Years 2005-2020 from the Critical Economy Political Perspective\" href=\"\/en\/2005-2020-yillari-arasinda-verilen-film-destekleri-uzerine-elestirel-ekonomi-politik-bir-degerlendirme\/\"><span style=\"color: default; font: 38px Trajan pro,arial,sans-serift;\">139<\/span><\/a><\/td>\n<\/tr>\n<tr>\n<td bgcolor=\"transparent\" width=\"85%\"><span style=\"color: default; font: 17px Trajan pro,arial,sans-serift;\">\u0130hsan Karl\u0131 \/ Zeynep Benan Dondurucu<\/span><br \/>\n<a title=\"Ele\u015ftirel S\u00f6ylem \u00c7\u00f6z\u00fcmlemesi Ba\u011flam\u0131nda Fox News ve CNN\u2019in COVID-19 Salg\u0131n\u0131nda Twitter Kullan\u0131m\u0131\" href=\"\/elestirel-soylem-cozumlemesi-baglaminda-fox-news-ve-cnnin-covid-19-salgininda-twitter-kullanimi\/\"><span style=\"text-decoration: none; font: italic 17px minion pro,arial,sans-serif;\">Ele\u015ftirel S\u00f6ylem \u00c7\u00f6z\u00fcmlemesi Ba\u011flam\u0131nda Fox News ve CNN\u2019in COVID-19 Salg\u0131n\u0131nda Twitter Kullan\u0131m\u0131<\/span><\/a><br \/>\n<a title=\"Fox News and CNN\u2019s Twitter Use in the COVID-19 Outbreak in the Context of Critical Discourse Analysis\" href=\"\/en\/elestirel-soylem-cozumlemesi-baglaminda-fox-news-ve-cnnin-covid-19-salgininda-twitter-kullanimi\/\"> <span style=\"text-decoration: none; font-variant: normal; font-weight: normal; font-stretch: normal; font-size: 17px; line-height: normal; font-family: 'minion pro', arial, sans-serif;\">Fox News and CNN\u2019s Twitter Use in the COVID-19 Outbreak in the Context of Critical Discourse Analysis<\/span><\/a><\/td>\n<td style=\"text-align: right; vertical-align: middle;\" bgcolor=\"transparent\"><a title=\"Fox News and CNN\u2019s Twitter Use in the COVID-19 Outbreak in the Context of Critical Discourse Analysis\" href=\"\/en\/elestirel-soylem-cozumlemesi-baglaminda-fox-news-ve-cnnin-covid-19-salgininda-twitter-kullanimi\/\"><span style=\"color: default; font: 38px Trajan pro,arial,sans-serift;\">163<\/span><\/a><\/td>\n<\/tr>\n<tr>\n<td bgcolor=\"transparent\" width=\"85%\"><span style=\"color: default; font: 17px Trajan pro,arial,sans-serift;\">Metin I\u015f\u0131k \/ Erdal Bilici<\/span><br \/>\n<a title=\"Irk\u00e7\u0131l\u0131k Kar\u015f\u0131t\u0131 Protestolar\u0131n Sosyal Medyaya Yans\u0131mas\u0131: Barack Obama \u00d6rne\u011fi\" href=\"\/irkcilik-karsiti-protestolarin-sosyal-medyaya-yansimasi-barack-obama-ornegi\/\"><span style=\"text-decoration: none; font: italic 17px minion pro,arial,sans-serif;\">Irk\u00e7\u0131l\u0131k Kar\u015f\u0131t\u0131 Protestolar\u0131n Sosyal Medyaya Yans\u0131mas\u0131: Barack Obama \u00d6rne\u011fi<\/span><\/a><br \/>\n<a title=\"Reflection of Anti-Racist Protests on Social Media: The Case of Barack Obama\" href=\"\/en\/irkcilik-karsiti-protestolarin-sosyal-medyaya-yansimasi-barack-obama-ornegi\/\"> <span style=\"text-decoration: none; font-variant: normal; font-weight: normal; font-stretch: normal; font-size: 17px; line-height: normal; font-family: 'minion pro', arial, sans-serif;\">Reflection of Anti-Racist Protests on Social Media: The Case of Barack Obama<\/span><\/a><\/td>\n<td style=\"text-align: right; vertical-align: middle;\" bgcolor=\"transparent\"><a title=\"Irk\u00e7\u0131l\u0131k Kar\u015f\u0131t\u0131 Protestolar\u0131n Sosyal Medyaya Yans\u0131mas\u0131: Barack Obama \u00d6rne\u011fi\" href=\"\/irkcilik-karsiti-protestolarin-sosyal-medyaya-yansimasi-barack-obama-ornegi\/\"><span style=\"color: default; font: 38px Trajan pro,arial,sans-serift;\">187<\/span><\/a><\/td>\n<\/tr>\n<tr>\n<td bgcolor=\"transparent\" width=\"85%\"><span style=\"color: default; font: 17px Trajan pro,arial,sans-serift;\">Sedef Sub\u00f6len<\/span><br \/>\n<a title=\"Machiavelli\u2019nin \u0130ktidar Yakla\u015f\u0131m\u0131 Ba\u011flam\u0131nda Korku-Kapitalizm \u0130li\u015fkisi: Kabuslar Evi Uyurgezerler Filmi\" href=\"\/machiavellinin-iktidar-yaklasimi-baglaminda-korku-kapitalizm-iliskisi-kabuslar-evi-uyurgezerler-filmi\/\"><span style=\"text-decoration: none; font: italic 17px minion pro,arial,sans-serif;\">Machiavelli\u2019nin \u0130ktidar Yakla\u015f\u0131m\u0131 Ba\u011flam\u0131nda Korku-Kapitalizm \u0130li\u015fkisi: Kabuslar Evi Uyurgezerler Filmi<\/span><\/a><br \/>\n<a title=\"The Fear-Capitalism Relation in the Context of Machiavelli\u2019s Approach to Power: The Nightmare House Sleepwalkers Movie\" href=\"\/en\/machiavellinin-iktidar-yaklasimi-baglaminda-korku-kapitalizm-iliskisi-kabuslar-evi-uyurgezerler-filmi\/\"> <span style=\"text-decoration: none; font-variant: normal; font-weight: normal; font-stretch: normal; font-size: 17px; line-height: normal; font-family: 'minion pro', arial, sans-serif;\">The Fear-Capitalism Relation in the Context of Machiavelli\u2019s Approach to Power: The Nightmare House Sleepwalkers Movie<\/span><\/a><\/td>\n<td style=\"text-align: right; vertical-align: middle;\" bgcolor=\"transparent\"><a title=\"Machiavelli\u2019nin \u0130ktidar Yakla\u015f\u0131m\u0131 Ba\u011flam\u0131nda Korku-Kapitalizm \u0130li\u015fkisi: Kabuslar Evi Uyurgezerler Filmi\" href=\"\/machiavellinin-iktidar-yaklasimi-baglaminda-korku-kapitalizm-iliskisi-kabuslar-evi-uyurgezerler-filmi\/\"><span style=\"color: default; font: 38px Trajan pro,arial,sans-serift;\">207<\/span><\/a><\/td>\n<\/tr>\n<tr>\n<\/tbody>\n<\/table>\n<table bgcolor=\"transparent\">\n<tbody>\n<tr>\n<td style=\"border-bottom: 1px dashed gray;\"><\/td>\n<\/tr>\n<\/tbody>\n<\/table>\n<p><img loading=\"lazy\" decoding=\"async\" class=\"alignnone wp-image-119 size-full\" src=\"\/wp-content\/uploads\/pdf-e1407190133528.png\" alt=\"\" width=\"50\" height=\"50\"><br \/>\n<span style=\"text-decoration: none; font-variant: normal; font-weight: normal; font-stretch: normal; font-size: 15px; line-height: normal; font-family: 'minion pro', arial, sans-serif;\">Year 7, Issue 26, Fall 2020<br \/>\nTam metin \/ Full text<\/span><\/p>\n<div style=\"width: 240px;\">\n<span style=\"text-decoration: none; font-variant: normal; font-weight: normal; font-stretch: normal; font-size: 15px; line-height: normal; font-family: 'minion pro', arial, sans-serif;\"><\/p>\n<div style=\"float: left; width: 20px;\"><img decoding=\"async\" style=\"border-width:0\" src=\"\/wp-content\/uploads\/izleme-icon.png\"><\/div>\n<p><span style=\"text-decoration: none; font-variant: normal; font-weight: normal; font-stretch: normal; font-size: 15px; line-height: normal; font-family: 'minion pro', arial, sans-serif;\"><\/span><\/p>\n<div style=\"float: left; width: 50px;\">[post-views]<\/div>\n<div style=\"float: left; width: 20px;\"><img decoding=\"async\" style=\"border-width:0\" src=\"\/wp-content\/uploads\/indirme-icon.png\"><\/div>\n<div style=\"float: left; width: 150px;\"><span style=\"text-decoration: none; font-variant: normal; font-weight: normal; font-stretch: normal; font-size: 15px; line-height: normal; font-family: 'minion pro', arial, sans-serif;\"><div class=\"sdm_download_count\"><span class=\"sdm_count_number\">509<\/span><span class=\"sdm_count_string\"> Downloads<\/span><\/div><\/span><\/div>\n<p><br style=\"clear: left;\"><\/p>\n<p><\/span><\/div>\n<div class=\"sdm_download_button_box_default\"><div class=\"sdm_download_link\"><a href=\"https:\/\/www.insanveinsan.org\/?sdm_process_download=1&download_id=4526\" class=\"sdm_download grey\" title=\"(Turkish) 26\" target=&quot;_blank&quot;>Download Now!<\/a><\/div><\/div>\n<table bgcolor=\"transparent\">\n<tbody>\n<tr>\n<td style=\"border-bottom: 1px dashed gray;\"><\/td>\n<\/tr>\n<\/tbody>\n<\/table>\n<p><span style=\"text-decoration: none; font-variant: normal; font-weight: normal; font-stretch: normal; font-size: 15px; line-height: normal; font-family: 'minion pro', arial, sans-serif;\"><a rel=\"license\" href=\"http:\/\/creativecommons.org\/licenses\/by-nc\/4.0\/\"><img decoding=\"async\" alt=\"Creative Commons License\" style=\"border-width:0\" src=\"https:\/\/i.creativecommons.org\/l\/by-nc\/4.0\/80x15.png\"><\/a><br \/>\nThis work is licensed under a <a rel=\"license\" href=\"http:\/\/creativecommons.org\/licenses\/by-nc\/4.0\/\">Creative Commons Attribution-NonCommercial 4.0 International License<\/a>.<\/span><\/p>\n<p><\/p>","protected":false},"excerpt":{"rendered":"<p>Y\u0131l 7, Say\u0131 26, G\u00fcz 2020 ISSN: 2148-7537 THEME OF THE ISSUE: POLITICAL ECONOMY OF MEDIA Makaleler Articles Filiz Aydo\u011fan Boschele S\u00fcrd\u00fcr\u00fclebilirlik, T\u00fcketim ve Medya Sustainability, Consumption and Media 11 Nihal Kocabay \u015eener \u0130leti\u015fimin Ekonomi Politi\u011fine Dallas W. Smythe\u2019\u0131n Perspektifinden Bakmak Looking at Political Economy of Communication from the Perspective of Dallas W. Smythe 25 &hellip; <a href=\"https:\/\/www.insanveinsan.org\/en\/sayi-26-guz-2020\/\" class=\"more-link\">Continue reading <span class=\"screen-reader-text\">Issue 26, Fall 2020<\/span><\/a><\/p>\n","protected":false},"author":5,"featured_media":0,"parent":0,"menu_order":0,"comment_status":"closed","ping_status":"closed","template":"","meta":{"footnotes":""},"class_list":["post-4487","page","type-page","status-publish","hentry"],"_links":{"self":[{"href":"https:\/\/www.insanveinsan.org\/en\/wp-json\/wp\/v2\/pages\/4487","targetHints":{"allow":["GET"]}}],"collection":[{"href":"https:\/\/www.insanveinsan.org\/en\/wp-json\/wp\/v2\/pages"}],"about":[{"href":"https:\/\/www.insanveinsan.org\/en\/wp-json\/wp\/v2\/types\/page"}],"author":[{"embeddable":true,"href":"https:\/\/www.insanveinsan.org\/en\/wp-json\/wp\/v2\/users\/5"}],"replies":[{"embeddable":true,"href":"https:\/\/www.insanveinsan.org\/en\/wp-json\/wp\/v2\/comments?post=4487"}],"version-history":[{"count":24,"href":"https:\/\/www.insanveinsan.org\/en\/wp-json\/wp\/v2\/pages\/4487\/revisions"}],"predecessor-version":[{"id":4682,"href":"https:\/\/www.insanveinsan.org\/en\/wp-json\/wp\/v2\/pages\/4487\/revisions\/4682"}],"wp:attachment":[{"href":"https:\/\/www.insanveinsan.org\/en\/wp-json\/wp\/v2\/media?parent=4487"}],"curies":[{"name":"wp","href":"https:\/\/api.w.org\/{rel}","templated":true}]}}