{"id":4598,"date":"2021-01-17T22:11:34","date_gmt":"2021-01-17T19:11:34","guid":{"rendered":"https:\/\/www.insanveinsan.org\/?page_id=4598"},"modified":"2021-03-30T20:35:52","modified_gmt":"2021-03-30T17:35:52","slug":"sayi-27-kis-2021","status":"publish","type":"page","link":"https:\/\/www.insanveinsan.org\/en\/sayi-27-kis-2021\/","title":{"rendered":"Issue 27, Winter 2021"},"content":{"rendered":"<p><\/p>\n<table bgcolor=\"transparent\">\n<tbody>\n<tr>\n<td style=\"border-bottom: 1px dashed gray;\"><span style=\"color: default; font: 15px Trajan pro,arial,sans-serift;\">Y\u0131l 8, Say\u0131 27, K\u0131\u015f 2021<\/span><\/td>\n<td style=\"text-align: right; border-bottom: 1px dashed gray; margin-top: -4%; margin-bottom: -0.8%;\">ISSN: 2148-7537<\/td>\n<\/tr>\n<\/tbody>\n<\/table>\n<blockquote><p><span style=\"color: #008080;\"><em>THEME OF THE ISSUE: EDUCATION POLICIES<\/em><\/span><\/p><\/blockquote>\n<table style=\"height: 549px;\" width=\"659\" cellspacing=\"1\" bgcolor=\"transparent\">\n<tbody>\n<tr>\n<td bgcolor=\"transparent\" width=\"85%\"><span style=\"color: default; font: 15px Trajan pro,arial,sans-serift;\">Makaleler<br \/>\nArticles<\/span><\/td>\n<td width=\"15%\"><\/td>\n<\/tr>\n<tr>\n<td bgcolor=\"transparent\" width=\"85%\"><span style=\"color: default; font: 17px Trajan pro,arial,sans-serift;\"> \u0130rfan Erdo\u011fan <\/span><br \/>\n<a title=\"Yeniden Yeni E\u011fitim Sistemi\" href=\"\/yeniden-yeni-egitim-sistemi\/\"><span style=\"text-decoration: none; font: italic 17px minion pro,arial,sans-serif;\">Yeniden Yeni E\u011fitim Sistemi<\/span><\/a><br \/>\n<a title=\"New Education System Again\" href=\"\/en\/yeniden-yeni-egitim-sistemi\/\"> <span style=\"text-decoration: none; font-variant: normal; font-weight: normal; font-stretch: normal; font-size: 17px; line-height: normal; font-family: 'minion pro', arial, sans-serif;\">New Education System Again<\/span><\/a><\/td>\n<td style=\"text-align: right; vertical-align: middle;\" bgcolor=\"transparent\"><a title=\" New Education System Again\" href=\"\/en\/yeniden-yeni-egitim-sistemi\/\"><span style=\"color: default; font: 38px Trajan pro,arial,sans-serift;\">13<\/span><\/a><\/td>\n<\/tr>\n<tr>\n<td bgcolor=\"transparent\" width=\"85%\"><span style=\"color: default; font: 17px Trajan pro,arial,sans-serift;\"> Ahmet Aypay \/ Murat \u00d6zdemir <\/span><br \/>\n<a title=\"G\u00fcncel E\u011filimlerden Hareketle Gelecek E\u011fitim Politikalar\u0131na Y\u00f6nelik \u00c7\u0131kar\u0131mlar\" href=\"\/guncel-egilimlerden-hareketle-gelecek-egitim-politikalarina-yonelik-cikarimlar\/\"><span style=\"text-decoration: none; font: italic 17px minion pro,arial,sans-serif;\">G\u00fcncel E\u011filimlerden Hareketle Gelecek E\u011fitim Politikalar\u0131na Y\u00f6nelik \u00c7\u0131kar\u0131mlar<\/span><\/a><br \/>\n<a title=\"Implications for Future Educational Policies Based on Current Trends\" href=\"\/en\/guncel-egilimlerden-hareketle-gelecek-egitim-politikalarina-yonelik-cikarimlar\/\"> <span style=\"text-decoration: none; font-variant: normal; font-weight: normal; font-stretch: normal; font-size: 17px; line-height: normal; font-family: 'minion pro', arial, sans-serif;\">Implications for Future Educational Policies Based on Current Trends<\/span><\/a><\/td>\n<td style=\"text-align: right; vertical-align: middle;\" bgcolor=\"transparent\"><a title=\"Implications for Future Educational Policies Based on Current Trends\" href=\"\/en\/guncel-egilimlerden-hareketle-gelecek-egitim-politikalarina-yonelik-cikarimlar\/\"><span style=\"color: default; font: 38px Trajan pro,arial,sans-serift;\">27<\/span><\/a><\/td>\n<\/tr>\n<tr>\n<td bgcolor=\"transparent\" width=\"85%\"><span style=\"color: default; font: 17px Trajan pro,arial,sans-serift;\">Mustafa Yavuz<\/span><br \/>\n<a title=\"\u0130nsan ve Anlam Temelinde Adil, Kapsay\u0131c\u0131 ve B\u00fct\u00fcnc\u00fcl E\u011fitim Politikalar\u0131n\u0131n Kavramsal \u0130n\u015fas\u0131\" href=\"\/insan-ve-anlam-temelinde-adil-kapsayici-ve-butuncul-egitim-politikalarinin-kavramsal-insasi\/\"><span style=\"text-decoration: none; font: italic 17px minion pro,arial,sans-serif;\">\u0130nsan ve Anlam Temelinde Adil, Kapsay\u0131c\u0131 ve B\u00fct\u00fcnc\u00fcl E\u011fitim Politikalar\u0131n\u0131n Kavramsal \u0130n\u015fas\u0131<\/span><\/a><br \/>\n<a title=\"Conceptual Construction of Fair, Inclusive and Holistic Education Policies Based on Human and Meaning\" href=\"\/en\/insan-ve-anlam-temelinde-adil-kapsayici-ve-butuncul-egitim-politikalarinin-kavramsal-insasi\/\"> <span style=\"text-decoration: none; font-variant: normal; font-weight: normal; font-stretch: normal; font-size: 17px; line-height: normal; font-family: 'minion pro', arial, sans-serif;\">Conceptual Construction of Fair, Inclusive and Holistic Education Policies Based on Human and Meaning<\/span><\/a><\/td>\n<td style=\"text-align: right; vertical-align: middle;\" bgcolor=\"transparent\"><a title=\"Conceptual Construction of Fair, Inclusive and Holistic Education Policies Based on Human and Meaning\" href=\"\/en\/insan-ve-anlam-temelinde-adil-kapsayici-ve-butuncul-egitim-politikalarinin-kavramsal-insasi\/\"><span style=\"color: default; font: 38px Trajan pro,arial,sans-serift;\">51<\/span><\/a><\/td>\n<\/tr>\n<tr>\n<td bgcolor=\"transparent\" width=\"85%\"><span style=\"color: default; font: 17px Trajan pro,arial,sans-serift;\">Elif Da\u015fc\u0131 S\u00f6nmez \/ Necati Cemalo\u011flu<\/span><br \/>\n<a title=\"Okulla\u015fma S\u00fcrecinde Uzaktan Evde E\u011fitime Ge\u00e7i\u015f\" href=\"\/okullasma-surecinde-uzaktan-evde-egitime-gecis\/\"><span style=\"text-decoration: none; font: italic 17px minion pro,arial,sans-serif;\">Okulla\u015fma S\u00fcrecinde Uzaktan Evde E\u011fitime Ge\u00e7i\u015f<\/span><\/a><br \/>\n<a title=\"Transition to Homeschooling during Schooling Process\" href=\"\/en\/okullasma-surecinde-uzaktan-evde-egitime-gecis\/\"> <span style=\"text-decoration: none; font-variant: normal; font-weight: normal; font-stretch: normal; font-size: 17px; line-height: normal; font-family: 'minion pro', arial, sans-serif;\">Transition to Homeschooling during Schooling Process<\/span><\/a><\/td>\n<td style=\"text-align: right; vertical-align: middle;\" bgcolor=\"transparent\"><a title=\"Transition to Homeschooling during Schooling Process\" href=\"\/en\/okullasma-surecinde-uzaktan-evde-egitime-gecis\/\"><span style=\"color: default; font: 38px Trajan pro,arial,sans-serift;\">63<\/span><\/a><\/td>\n<\/tr>\n<tr>\n<td bgcolor=\"transparent\" width=\"85%\"><span style=\"color: default; font: 17px Trajan pro,arial,sans-serift;\"> Gamze \u0130nan Kaya <\/span><br \/>\n<a title=\"Dijital \u00c7a\u011fda \u00c7ocuk Yeti\u015ftirme ve E\u011fitim: De\u011fi\u015fen Roller\" href=\"\/dijital-cagda-cocuk-yetistirme-ve-egitim-degisen-roller\/\"><span style=\"text-decoration: none; font: italic 17px minion pro,arial,sans-serif;\">Dijital \u00c7a\u011fda \u00c7ocuk Yeti\u015ftirme ve E\u011fitim: De\u011fi\u015fen Roller<\/span><\/a><br \/>\n<a title=\"Parenting and Education in Digital Era: Changing Roles\" href=\"\/en\/dijital-cagda-cocuk-yetistirme-ve-egitim-degisen-roller\/\"> <span style=\"text-decoration: none; font-variant: normal; font-weight: normal; font-stretch: normal; font-size: 17px; line-height: normal; font-family: 'minion pro', arial, sans-serif;\">Parenting and Education in Digital Era: Changing Roles<\/span><\/a><\/td>\n<td style=\"text-align: right; vertical-align: middle;\" bgcolor=\"transparent\"><a title=\" Parenting and Education in Digital Era: Changing Roles\" href=\"\/en\/dijital-cagda-cocuk-yetistirme-ve-egitim-degisen-roller\/\"><span style=\"color: default; font: 38px Trajan pro,arial,sans-serift;\">83<\/span><\/a><\/td>\n<\/tr>\n<tr>\n<td bgcolor=\"transparent\" width=\"85%\"><span style=\"color: default; font: 17px Trajan pro,arial,sans-serift;\"> Xhentila Tataj \/ Muhamet Kola <\/span><br \/>\n<a title=\"Yapay Zeka Alan\u0131ndaki G\u00fcncel Geli\u015fmelere Uygun E\u011fitim Politikalar\u0131: Arnavutluk \u00d6rne\u011fi\" href=\"\/yapay-zeka-alanindaki-guncel-gelismelere-uygun-egitim-politikalari-arnavutluk-ornegi\/\"><span style=\"text-decoration: none; font: italic 17px minion pro,arial,sans-serif;\">Yapay Zeka Alan\u0131ndaki G\u00fcncel Geli\u015fmelere Uygun E\u011fitim Politikalar\u0131: Arnavutluk \u00d6rne\u011fi<\/span><\/a><br \/>\n<a title=\"Education Policies in Line with the Latest Developments in the Field of Artificial Intelligence: Case of Albania\" href=\"\/en\/yapay-zeka-alanindaki-guncel-gelismelere-uygun-egitim-politikalari-arnavutluk-ornegi\/\"> <span style=\"text-decoration: none; font-variant: normal; font-weight: normal; font-stretch: normal; font-size: 17px; line-height: normal; font-family: 'minion pro', arial, sans-serif;\">Education Policies in Line with the Latest Developments in the Field of Artificial Intelligence: Case of Albania<\/span><\/a><\/td>\n<td style=\"text-align: right; vertical-align: middle;\" bgcolor=\"transparent\"><a title=\"Education Policies in Line with the Latest Developments in the Field of Artificial Intelligence: Case of Albania\" href=\"\/en\/yapay-zeka-alanindaki-guncel-gelismelere-uygun-egitim-politikalari-arnavutluk-ornegi\/\"><span style=\"color: default; font: 38px Trajan pro,arial,sans-serift;\">101<\/span><\/a><\/td>\n<\/tr>\n<tr>\n<td bgcolor=\"transparent\" width=\"85%\"><span style=\"color: default; font: 17px Trajan pro,arial,sans-serift;\">Eserg\u00fcl Balc\u0131<\/span><br \/>\n<a title=\"Adalet ve Kalk\u0131nma Partisi \u0130ktidar\u0131 D\u00f6neminde T\u00fcrkiye\u2019de E\u011fitim Politikalar\u0131\" href=\"\/adalet-ve-kalkinma-partisi-iktidari-doneminde-turkiyede-egitim-politikalari\/\"><span style=\"text-decoration: none; font: italic 17px minion pro,arial,sans-serif;\">Adalet ve Kalk\u0131nma Partisi \u0130ktidar\u0131 D\u00f6neminde T\u00fcrkiye\u2019de E\u011fitim Politikalar\u0131<\/span><\/a><br \/>\n<a title=\"Education Policies in Turkey during the Rule of the Justice and Development Party (AK Party)\" href=\"\/en\/adalet-ve-kalkinma-partisi-iktidari-doneminde-turkiyede-egitim-politikalari\/\"> <span style=\"text-decoration: none; font-variant: normal; font-weight: normal; font-stretch: normal; font-size: 17px; line-height: normal; font-family: 'minion pro', arial, sans-serif;\">Education Policies in Turkey during the Rule of the Justice and Development Party (AK Party)<\/span><\/a><\/td>\n<td style=\"text-align: right; vertical-align: middle;\" bgcolor=\"transparent\"><a title=\"Education Policies in Turkey during the Rule of the Justice and Development Party (AK Party)\" href=\"\/en\/adalet-ve-kalkinma-partisi-iktidari-doneminde-turkiyede-egitim-politikalari\/\"><span style=\"color: default; font: 38px Trajan pro,arial,sans-serift;\">117<\/span><\/a><\/td>\n<\/tr>\n<tr>\n<td bgcolor=\"transparent\" width=\"85%\"><span style=\"color: default; font: 17px Trajan pro,arial,sans-serift;\">Adem \u0130nce \/ Mehmet Tayan\u00e7<\/span><br \/>\n<a title=\"Kadim ve Modern E\u011fitim Yakla\u015f\u0131mlar\u0131 Ba\u011flam\u0131nda Kant\u2019\u0131n E\u011fitim Nazariyesi\" href=\"\/kadim-ve-modern-egitim-yaklasimlari-baglaminda-kantin-egitim-nazariyesi\/\"><span style=\"text-decoration: none; font: italic 17px minion pro,arial,sans-serif;\">Kadim ve Modern E\u011fitim Yakla\u015f\u0131mlar\u0131 Ba\u011flam\u0131nda Kant\u2019\u0131n E\u011fitim Nazariyesi<\/span><\/a><br \/>\n<a title=\"Kant\u2019s Theory of Education in the Context of Ancient and Modern Educational Approaches\" href=\"\/en\/kadim-ve-modern-egitim-yaklasimlari-baglaminda-kantin-egitim-nazariyesi\/\"> <span style=\"text-decoration: none; font-variant: normal; font-weight: normal; font-stretch: normal; font-size: 17px; line-height: normal; font-family: 'minion pro', arial, sans-serif;\">Kant\u2019s Theory of Education in the Context of Ancient and Modern Educational Approaches<\/span><\/a><\/td>\n<td style=\"text-align: right; vertical-align: middle;\" bgcolor=\"transparent\"><a title=\"Kant\u2019s Theory of Education in the Context of Ancient and Modern Educational Approaches\" href=\"\/en\/kadim-ve-modern-egitim-yaklasimlari-baglaminda-kantin-egitim-nazariyesi\/\"><span style=\"color: default; font: 38px Trajan pro,arial,sans-serift;\">139<\/span><\/a><\/td>\n<\/tr>\n<tr>\n<td bgcolor=\"transparent\" width=\"85%\"><span style=\"color: default; font: 17px Trajan pro,arial,sans-serift;\">Demet Savruk \/ Seyfi Kenan<\/span><br \/>\n<a title=\"J. J. Rousseau\u2019nun Bilim, Etik ve De\u011ferlere Evrensel Bak\u0131\u015f\u0131 Ekseninde E\u011fitimi Yeniden D\u00fc\u015f\u00fcnmek\" href=\"\/j-j-rousseaunun-bilim-etik-ve-degerlere-evrensel-bakisi-ekseninde-egitimi-yeniden-dusunmek\/\"><span style=\"text-decoration: none; font: italic 17px minion pro,arial,sans-serif;\">J. J. Rousseau\u2019nun Bilim, Etik ve De\u011ferlere Evrensel Bak\u0131\u015f\u0131 Ekseninde E\u011fitimi Yeniden D\u00fc\u015f\u00fcnmek<\/span><\/a><br \/>\n<a title=\"Rethinking Education on the Axis of J. J. Rousseau\u2019s Universal View of Science, Ethics and Values\" href=\"\/en\/j-j-rousseaunun-bilim-etik-ve-degerlere-evrensel-bakisi-ekseninde-egitimi-yeniden-dusunmek\/\"> <span style=\"text-decoration: none; font-variant: normal; font-weight: normal; font-stretch: normal; font-size: 17px; line-height: normal; font-family: 'minion pro', arial, sans-serif;\">Rethinking Education on the Axis of J. J. Rousseau\u2019s Universal View of Science, Ethics and Values<\/span><\/a><\/td>\n<td style=\"text-align: right; vertical-align: middle;\" bgcolor=\"transparent\"><a title=\"J. J. Rousseau\u2019nun Bilim, Etik ve De\u011ferlere Evrensel Bak\u0131\u015f\u0131 Ekseninde E\u011fitimi Yeniden D\u00fc\u015f\u00fcnmek\" href=\"\/j-j-rousseaunun-bilim-etik-ve-degerlere-evrensel-bakisi-ekseninde-egitimi-yeniden-dusunmek\/\"><span style=\"color: default; font: 38px Trajan pro,arial,sans-serift;\">157<\/span><\/a><\/td>\n<\/tr>\n<tr>\n<td bgcolor=\"transparent\" width=\"85%\"><span style=\"color: default; font: 17px Trajan pro,arial,sans-serift;\">Erol \u00c7iydem \/ Selahattin Kaymakc\u0131<\/span><br \/>\n<a title=\"T\u00fcrkiye\u2019de Sosyal Bilgiler Dersinin Y\u00f6nelimi \u00dczerine Bir De\u011ferlendirme\" href=\"\/turkiyede-sosyal-bilgiler-dersinin-yonelimi-uzerine-bir-degerlendirme\/\"><span style=\"text-decoration: none; font: italic 17px minion pro,arial,sans-serif;\">T\u00fcrkiye\u2019de Sosyal Bilgiler Dersinin Y\u00f6nelimi \u00dczerine Bir De\u011ferlendirme<\/span><\/a><br \/>\n<a title=\"An Evaluation of the Direction of Social Studies Course in Turkey\" href=\"\/en\/turkiyede-sosyal-bilgiler-dersinin-yonelimi-uzerine-bir-degerlendirme\/\"> <span style=\"text-decoration: none; font-variant: normal; font-weight: normal; font-stretch: normal; font-size: 17px; line-height: normal; font-family: 'minion pro', arial, sans-serif;\">An Evaluation of the Direction of Social Studies Course in Turkey<\/span><\/a><\/td>\n<td style=\"text-align: right; vertical-align: middle;\" bgcolor=\"transparent\"><a title=\"T\u00fcrkiye\u2019de Sosyal Bilgiler Dersinin Y\u00f6nelimi \u00dczerine Bir De\u011ferlendirme\" href=\"\/turkiyede-sosyal-bilgiler-dersinin-yonelimi-uzerine-bir-degerlendirme\/\"><span style=\"color: default; font: 38px Trajan pro,arial,sans-serift;\">179<\/span><\/a><\/td>\n<\/tr>\n<tr>\n<td bgcolor=\"transparent\" width=\"85%\"><span style=\"color: default; font: 17px Trajan pro,arial,sans-serift;\">Sibel Yal\u0131<\/span><br \/>\n<a title=\"21. Y\u00fczy\u0131l Becerileri Perspektifinden Tarih E\u011fitiminin Y\u00f6n\u00fc\" href=\"\/21-yuzyil-becerileri-perspektifinden-tarih-egitiminin-yonu\/\"><span style=\"text-decoration: none; font: italic 17px minion pro,arial,sans-serif;\">21. Y\u00fczy\u0131l Becerileri Perspektifinden Tarih E\u011fitiminin Y\u00f6n\u00fc<\/span><\/a><br \/>\n<a title=\"Conceptual Direction of History Teaching from the Perspective of 21st Century Skills\" href=\"\/en\/21-yuzyil-becerileri-perspektifinden-tarih-egitiminin-yonu\/\"> <span style=\"text-decoration: none; font-variant: normal; font-weight: normal; font-stretch: normal; font-size: 17px; line-height: normal; font-family: 'minion pro', arial, sans-serif;\">Conceptual Direction of History Teaching from the Perspective of 21st Century Skills<\/span><\/a><\/td>\n<td style=\"text-align: right; vertical-align: middle;\" bgcolor=\"transparent\"><a title=\"Conceptual Direction of History Teaching from the Perspective of 21st Century Skills\" href=\"\/en\/21-yuzyil-becerileri-perspektifinden-tarih-egitiminin-yonu\/\"><span style=\"color: default; font: 38px Trajan pro,arial,sans-serift;\">209<\/span><\/a><\/td>\n<\/tr>\n<tr>\n<td bgcolor=\"transparent\" width=\"85%\"><span style=\"color: default; font: 17px Trajan pro,arial,sans-serift;\">Saffet Karayaman<\/span><br \/>\n<a title=\"Okul Y\u00f6neticilerini Etik \u0130kileme \u0130ten Bask\u0131 ve G\u00fc\u00e7 Kaynaklar\u0131n\u0131n Okul Kademelerine G\u00f6re \u0130ncelenmesi\" href=\"\/okul-yoneticilerini-etik-ikileme-iten-baski-ve-guc-kaynaklarinin-Okul-kademelerine-gore-incelenmesi\/\"><span style=\"text-decoration: none; font: italic 17px minion pro,arial,sans-serif;\">Okul Y\u00f6neticilerini Etik \u0130kileme \u0130ten Bask\u0131 ve G\u00fc\u00e7 Kaynaklar\u0131n\u0131n Okul Kademelerine G\u00f6re \u0130ncelenmesi<\/span><\/a><br \/>\n<a title=\"Investigation of the Sources of Pressure and Power that Put School Administrators in Ethical Dilemma according to School Levels\" href=\"\/en\/okul-yoneticilerini-etik-ikileme-iten-baski-ve-guc-kaynaklarinin-Okul-kademelerine-gore-incelenmesi\/\"> <span style=\"text-decoration: none; font-variant: normal; font-weight: normal; font-stretch: normal; font-size: 17px; line-height: normal; font-family: 'minion pro', arial, sans-serif;\">Investigation of the Sources of Pressure and Power that Put School Administrators in Ethical Dilemma according to School Levels<\/span><\/a><\/td>\n<td style=\"text-align: right; vertical-align: middle;\" bgcolor=\"transparent\"><a title=\"Investigation of the Sources of Pressure and Power that Put School Administrators in Ethical Dilemma according to School Levels\" href=\"\/en\/okul-yoneticilerini-etik-ikileme-iten-baski-ve-guc-kaynaklarinin-Okul-kademelerine-gore-incelenmesi\/\"><span style=\"color: default; font: 38px Trajan pro,arial,sans-serift;\">235<\/span><\/a><\/td>\n<\/tr>\n<\/tbody>\n<\/table>\n<table bgcolor=\"transparent\">\n<tbody>\n<tr>\n<td style=\"border-bottom: 1px dashed gray;\"><\/td>\n<\/tr>\n<\/tbody>\n<\/table>\n<p><img loading=\"lazy\" decoding=\"async\" class=\"alignnone wp-image-119 size-full\" src=\"\/wp-content\/uploads\/pdf-e1407190133528.png\" alt=\"\" width=\"50\" height=\"50\"><br \/>\n<span style=\"text-decoration: none; font-variant: normal; font-weight: normal; font-stretch: normal; font-size: 15px; line-height: normal; font-family: 'minion pro', arial, sans-serif;\">Year 8, Issue 27, Winter 2021<br \/>\nTam metin \/ Full text<\/span><\/p>\n<div style=\"width: 240px;\">\n<span style=\"text-decoration: none; font-variant: normal; font-weight: normal; font-stretch: normal; font-size: 15px; line-height: normal; font-family: 'minion pro', arial, sans-serif;\"><\/p>\n<div style=\"float: left; width: 20px;\"><img decoding=\"async\" style=\"border-width:0\" src=\"\/wp-content\/uploads\/izleme-icon.png\"><\/div>\n<p><span style=\"text-decoration: none; font-variant: normal; font-weight: normal; font-stretch: normal; font-size: 15px; line-height: normal; font-family: 'minion pro', arial, sans-serif;\"><\/span><\/p>\n<div style=\"float: left; width: 50px;\">[post-views]<\/div>\n<div style=\"float: left; width: 20px;\"><img decoding=\"async\" style=\"border-width:0\" src=\"\/wp-content\/uploads\/indirme-icon.png\"><\/div>\n<div style=\"float: left; width: 150px;\"><span style=\"text-decoration: none; font-variant: normal; font-weight: normal; font-stretch: normal; font-size: 15px; line-height: normal; font-family: 'minion pro', arial, sans-serif;\"><div class=\"sdm_download_count\"><span class=\"sdm_count_number\">329<\/span><span class=\"sdm_count_string\"> Downloads<\/span><\/div><\/span><\/div>\n<p><br style=\"clear: left;\"><\/p>\n<p><\/span><\/div>\n<div class=\"sdm_download_button_box_default\"><div class=\"sdm_download_link\"><a href=\"https:\/\/www.insanveinsan.org\/?sdm_process_download=1&download_id=4594\" class=\"sdm_download grey\" title=\"(Turkish) 27\" target=&quot;_blank&quot;>Download Now!<\/a><\/div><\/div>\n<table bgcolor=\"transparent\">\n<tbody>\n<tr>\n<td style=\"border-bottom: 1px dashed gray;\"><\/td>\n<\/tr>\n<\/tbody>\n<\/table>\n<p><span style=\"text-decoration: none; font-variant: normal; font-weight: normal; font-stretch: normal; font-size: 15px; line-height: normal; font-family: 'minion pro', arial, sans-serif;\"><a rel=\"license\" href=\"http:\/\/creativecommons.org\/licenses\/by-nc\/4.0\/\"><img decoding=\"async\" alt=\"Creative Commons License\" style=\"border-width:0\" src=\"https:\/\/i.creativecommons.org\/l\/by-nc\/4.0\/80x15.png\"><\/a><br \/>\nThis work is licensed under a <a rel=\"license\" href=\"http:\/\/creativecommons.org\/licenses\/by-nc\/4.0\/\">Creative Commons Attribution-NonCommercial 4.0 International License<\/a>.<\/span><\/p>","protected":false},"excerpt":{"rendered":"<p>Y\u0131l 8, Say\u0131 27, K\u0131\u015f 2021 ISSN: 2148-7537 THEME OF THE ISSUE: EDUCATION POLICIES Makaleler Articles \u0130rfan Erdo\u011fan Yeniden Yeni E\u011fitim Sistemi New Education System Again 13 Ahmet Aypay \/ Murat \u00d6zdemir G\u00fcncel E\u011filimlerden Hareketle Gelecek E\u011fitim Politikalar\u0131na Y\u00f6nelik \u00c7\u0131kar\u0131mlar Implications for Future Educational Policies Based on Current Trends 27 Mustafa Yavuz \u0130nsan ve Anlam &hellip; <a href=\"https:\/\/www.insanveinsan.org\/en\/sayi-27-kis-2021\/\" class=\"more-link\">Continue reading <span class=\"screen-reader-text\">Issue 27, Winter 2021<\/span><\/a><\/p>\n","protected":false},"author":5,"featured_media":0,"parent":0,"menu_order":0,"comment_status":"closed","ping_status":"closed","template":"","meta":{"footnotes":""},"class_list":["post-4598","page","type-page","status-publish","hentry"],"_links":{"self":[{"href":"https:\/\/www.insanveinsan.org\/en\/wp-json\/wp\/v2\/pages\/4598","targetHints":{"allow":["GET"]}}],"collection":[{"href":"https:\/\/www.insanveinsan.org\/en\/wp-json\/wp\/v2\/pages"}],"about":[{"href":"https:\/\/www.insanveinsan.org\/en\/wp-json\/wp\/v2\/types\/page"}],"author":[{"embeddable":true,"href":"https:\/\/www.insanveinsan.org\/en\/wp-json\/wp\/v2\/users\/5"}],"replies":[{"embeddable":true,"href":"https:\/\/www.insanveinsan.org\/en\/wp-json\/wp\/v2\/comments?post=4598"}],"version-history":[{"count":3,"href":"https:\/\/www.insanveinsan.org\/en\/wp-json\/wp\/v2\/pages\/4598\/revisions"}],"predecessor-version":[{"id":4681,"href":"https:\/\/www.insanveinsan.org\/en\/wp-json\/wp\/v2\/pages\/4598\/revisions\/4681"}],"wp:attachment":[{"href":"https:\/\/www.insanveinsan.org\/en\/wp-json\/wp\/v2\/media?parent=4598"}],"curies":[{"name":"wp","href":"https:\/\/api.w.org\/{rel}","templated":true}]}}