{"id":4676,"date":"2021-03-30T19:25:27","date_gmt":"2021-03-30T16:25:27","guid":{"rendered":"https:\/\/www.insanveinsan.org\/?page_id=4676"},"modified":"2021-04-04T00:27:42","modified_gmt":"2021-04-03T21:27:42","slug":"sayi-28-bahar-2021","status":"publish","type":"page","link":"https:\/\/www.insanveinsan.org\/en\/sayi-28-bahar-2021\/","title":{"rendered":"Issue 28, Spring 2021"},"content":{"rendered":"<p><\/p>\n<table bgcolor=\"transparent\">\n<tbody>\n<tr>\n<td style=\"border-bottom: 1px dashed gray;\"><span style=\"color: default; font: 15px Trajan pro,arial,sans-serift;\">Y\u0131l 8, Say\u0131 28, Bahar 2021<\/span><\/td>\n<td style=\"text-align: right; border-bottom: 1px dashed gray; margin-top: -4%; margin-bottom: -0.8%;\">ISSN: 2148-7537<\/td>\n<\/tr>\n<\/tbody>\n<\/table>\n<blockquote><p><span style=\"color: #008080;\"><em>THEME OF THE ISSUE: EPIDEM\u0130C DISEASES IN SOCIAL SCIENCE<\/em><\/span><\/p><\/blockquote>\n<table style=\"height: 549px;\" width=\"659\" cellspacing=\"1\" bgcolor=\"transparent\">\n<tbody>\n<tr>\n<td bgcolor=\"transparent\" width=\"85%\"><span style=\"color: default; font: 15px Trajan pro,arial,sans-serift;\">Makaleler<br \/>\nArticles<\/span><\/td>\n<td width=\"15%\"><\/td>\n<\/tr>\n<tr>\n<td bgcolor=\"transparent\" width=\"85%\"><span style=\"color: default; font: 17px Trajan pro,arial,sans-serift;\"> Arus Yumul <\/span><br \/>\n<a title=\"Yine Bir Salg\u0131n, Yeni Bir Salg\u0131n\" href=\"\/yine-bir-salgin-yeni-bir-salgin\/\"><span style=\"text-decoration: none; font: italic 17px minion pro,arial,sans-serif;\">Yine Bir Salg\u0131n, Yeni Bir Salg\u0131n<\/span><\/a><br \/>\n<a title=\"Another Outbreak, A New Outbreak\" href=\"\/en\/yine-bir-salgin-yeni-bir-salgin\/\"> <span style=\"text-decoration: none; font-variant: normal; font-weight: normal; font-stretch: normal; font-size: 17px; line-height: normal; font-family: 'minion pro', arial, sans-serif;\">Another Outbreak, A New Outbreak<\/span><\/a><\/td>\n<td style=\"text-align: right; vertical-align: middle;\" bgcolor=\"transparent\"><a title=\" Another Outbreak, A New Outbreak\" href=\"\/en\/yine-bir-salgin-yeni-bir-salgin\/\"><span style=\"color: default; font: 38px Trajan pro,arial,sans-serift;\">13<\/span><\/a><\/td>\n<\/tr>\n<tr>\n<td bgcolor=\"transparent\" width=\"85%\"><span style=\"color: default; font: 17px Trajan pro,arial,sans-serift;\"> M. Emin \u00c7ayci \/ Abidin \u00c7evik <\/span><br \/>\n<a title=\"Y\u0131k\u0131ma Do\u011fru Bir \u0130mparatorlu\u011fun Salg\u0131nlarla \u0130mtihan\u0131: II. Me\u015frutiyet D\u00f6nemi \u00d6rne\u011fi\" href=\"\/yikima-dogru-bir-imparatorlugun-salginlarla-imtihani-ii-mesrutiyet-donemi-ornegi\/\"><span style=\"text-decoration: none; font: italic 17px minion pro,arial,sans-serif;\">Y\u0131k\u0131ma Do\u011fru Bir \u0130mparatorlu\u011fun Salg\u0131nlarla \u0130mtihan\u0131: II. Me\u015frutiyet D\u00f6nemi \u00d6rne\u011fi<\/span><\/a><br \/>\n<a title=\"The Challenge of Epidemics of an Empire towards Collapse: An Example of the Second Constitution Era\" href=\"\/en\/yikima-dogru-bir-imparatorlugun-salginlarla-imtihani-ii-mesrutiyet-donemi-ornegi\/\"> <span style=\"text-decoration: none; font-variant: normal; font-weight: normal; font-stretch: normal; font-size: 17px; line-height: normal; font-family: 'minion pro', arial, sans-serif;\">The Challenge of Epidemics of an Empire towards Collapse: An Example of the Second Constitution Era<\/span><\/a><\/td>\n<td style=\"text-align: right; vertical-align: middle;\" bgcolor=\"transparent\"><a title=\"The Challenge of Epidemics of an Empire towards Collapse: An Example of the Second Constitution Era\" href=\"\/en\/yikima-dogru-bir-imparatorlugun-salginlarla-imtihani-ii-mesrutiyet-donemi-ornegi\/\"><span style=\"color: default; font: 38px Trajan pro,arial,sans-serift;\">33<\/span><\/a><\/td>\n<\/tr>\n<tr>\n<td bgcolor=\"transparent\" width=\"85%\"><span style=\"color: default; font: 17px Trajan pro,arial,sans-serift;\">Hayrunisa Top\u00e7u<\/span><br \/>\n<a title=\"T\u00fcrk Roman\u0131nda Salg\u0131n Hastal\u0131klar\" href=\"\/turk-romaninda-salgin-hastaliklar\/\"><span style=\"text-decoration: none; font: italic 17px minion pro,arial,sans-serif;\">T\u00fcrk Roman\u0131nda Salg\u0131n Hastal\u0131klar<\/span><\/a><br \/>\n<a title=\"Epidemic Diseases in Turkish Novel\" href=\"\/en\/turk-romaninda-salgin-hastaliklar\/\"> <span style=\"text-decoration: none; font-variant: normal; font-weight: normal; font-stretch: normal; font-size: 17px; line-height: normal; font-family: 'minion pro', arial, sans-serif;\">Epidemic Diseases in Turkish Novel<\/span><\/a><\/td>\n<td style=\"text-align: right; vertical-align: middle;\" bgcolor=\"transparent\"><a title=\"Epidemic Diseases in Turkish Novel\" href=\"\/en\/turk-romaninda-salgin-hastaliklar\/\"><span style=\"color: default; font: 38px Trajan pro,arial,sans-serift;\">53<\/span><\/a><\/td>\n<\/tr>\n<tr>\n<td bgcolor=\"transparent\" width=\"85%\"><span style=\"color: default; font: 17px Trajan pro,arial,sans-serift;\">Yasemin \u00d6zkent<\/span><br \/>\n<a title=\"Karantinada Dasein Olmak: Homemade Antoloji Serisine Heideggerci Bir Okuma\" href=\"\/karantinada-dasein-olmak-homemade-antoloji-serisine-heideggerci-bir-okuma\/\"><span style=\"text-decoration: none; font: italic 17px minion pro,arial,sans-serif;\">Karantinada Dasein Olmak: Homemade Antoloji Serisine Heideggerci Bir Okuma<\/span><\/a><br \/>\n<a title=\"Being Dasein in Quarantine: A Heideggerian Reading of the Homemade Anthology Series\" href=\"\/en\/karantinada-dasein-olmak-homemade-antoloji-serisine-heideggerci-bir-okuma\/\"> <span style=\"text-decoration: none; font-variant: normal; font-weight: normal; font-stretch: normal; font-size: 17px; line-height: normal; font-family: 'minion pro', arial, sans-serif;\">Being Dasein in Quarantine: A Heideggerian Reading of the Homemade Anthology Series<\/span><\/a><\/td>\n<td style=\"text-align: right; vertical-align: middle;\" bgcolor=\"transparent\"><a title=\"Being Dasein in Quarantine: A Heideggerian Reading of the Homemade Anthology Series\" href=\"\/en\/karantinada-dasein-olmak-homemade-antoloji-serisine-heideggerci-bir-okuma\/\"><span style=\"color: default; font: 38px Trajan pro,arial,sans-serift;\">71<\/span><\/a><\/td>\n<\/tr>\n<tr>\n<td bgcolor=\"transparent\" width=\"85%\"><span style=\"color: default; font: 17px Trajan pro,arial,sans-serift;\"> Ali Murat Yel \/ Feyza \u00dcnl\u00fc Dalayl\u0131 <\/span><br \/>\n<a title=\"T\u00fcketim Toplumu Kavram\u0131 \u00c7er\u00e7evesinde Koronavir\u00fcs D\u00f6neminde Influencer Etkisi\" href=\"\/tuketim-toplumu-kavrami-cercevesinde-koronavirus-doneminde-influencer-etkisi\/\"><span style=\"text-decoration: none; font: italic 17px minion pro,arial,sans-serif;\">T\u00fcketim Toplumu Kavram\u0131 \u00c7er\u00e7evesinde Koronavir\u00fcs D\u00f6neminde Influencer Etkisi<\/span><\/a><br \/>\n<a title=\"Influencer Effect during Coronavirus Period within the Framework of the Consumption Society\" href=\"\/en\/tuketim-toplumu-kavrami-cercevesinde-koronavirus-doneminde-influencer-etkisi\/\"> <span style=\"text-decoration: none; font-variant: normal; font-weight: normal; font-stretch: normal; font-size: 17px; line-height: normal; font-family: 'minion pro', arial, sans-serif;\">Influencer Effect during Coronavirus Period within the Framework of the Consumption Society<\/span><\/a><\/td>\n<td style=\"text-align: right; vertical-align: middle;\" bgcolor=\"transparent\"><a title=\" Influencer Effect during Coronavirus Period within the Framework of the Consumption Society\" href=\"\/en\/tuketim-toplumu-kavrami-cercevesinde-koronavirus-doneminde-influencer-etkisi\/\"><span style=\"color: default; font: 38px Trajan pro,arial,sans-serift;\">91<\/span><\/a><\/td>\n<\/tr>\n<\/tbody>\n<\/table>\n<table bgcolor=\"transparent\">\n<tbody>\n<tr>\n<td style=\"border-bottom: 1px dashed gray;\"><\/td>\n<\/tr>\n<\/tbody>\n<\/table>\n<p><img loading=\"lazy\" decoding=\"async\" class=\"alignnone wp-image-119 size-full\" src=\"\/wp-content\/uploads\/pdf-e1407190133528.png\" alt=\"\" width=\"50\" height=\"50\"><br \/>\n<span style=\"text-decoration: none; font-variant: normal; font-weight: normal; font-stretch: normal; font-size: 15px; line-height: normal; font-family: 'minion pro', arial, sans-serif;\">Year 8, Issue 28, Spring 2021<br \/>\nTam metin \/ Full text<\/span><\/p>\n<div style=\"width: 240px;\">\n<span style=\"text-decoration: none; font-variant: normal; font-weight: normal; font-stretch: normal; font-size: 15px; line-height: normal; font-family: 'minion pro', arial, sans-serif;\"><\/p>\n<div style=\"float: left; width: 20px;\"><img decoding=\"async\" style=\"border-width:0\" src=\"\/wp-content\/uploads\/izleme-icon.png\"><\/div>\n<p><span style=\"text-decoration: none; font-variant: normal; font-weight: normal; font-stretch: normal; font-size: 15px; line-height: normal; font-family: 'minion pro', arial, sans-serif;\"><\/span><\/p>\n<div style=\"float: left; width: 50px;\">[post-views]<\/div>\n<div style=\"float: left; width: 20px;\"><img decoding=\"async\" style=\"border-width:0\" src=\"\/wp-content\/uploads\/indirme-icon.png\"><\/div>\n<div style=\"float: left; width: 150px;\"><span style=\"text-decoration: none; font-variant: normal; font-weight: normal; font-stretch: normal; font-size: 15px; line-height: normal; font-family: 'minion pro', arial, sans-serif;\"><div class=\"sdm_download_count\"><span class=\"sdm_count_number\">464<\/span><span class=\"sdm_count_string\"> Downloads<\/span><\/div><\/span><\/div>\n<p><br style=\"clear: left;\"><\/span><\/div>\n<div class=\"sdm_download_button_box_default\"><div class=\"sdm_download_link\"><a href=\"https:\/\/www.insanveinsan.org\/?sdm_process_download=1&download_id=4658\" class=\"sdm_download grey\" title=\"28\" target=&quot;_blank&quot;>Download Now!<\/a><\/div><\/div>\n<table bgcolor=\"transparent\">\n<tbody>\n<tr>\n<td style=\"border-bottom: 1px dashed gray;\"><\/td>\n<\/tr>\n<\/tbody>\n<\/table>\n<p><span style=\"text-decoration: none; font-variant: normal; font-weight: normal; font-stretch: normal; font-size: 15px; line-height: normal; font-family: 'minion pro', arial, sans-serif;\"><a rel=\"license\" href=\"http:\/\/creativecommons.org\/licenses\/by-nc\/4.0\/\"><img decoding=\"async\" alt=\"Creative Commons License\" style=\"border-width:0\" src=\"https:\/\/i.creativecommons.org\/l\/by-nc\/4.0\/80x15.png\"><\/a><br \/>\nThis work is licensed under a <a rel=\"license\" href=\"http:\/\/creativecommons.org\/licenses\/by-nc\/4.0\/\">Creative Commons Attribution-NonCommercial 4.0 International License<\/a>.<\/span><br \/>\n<\/p>","protected":false},"excerpt":{"rendered":"<p>Y\u0131l 8, Say\u0131 28, Bahar 2021 ISSN: 2148-7537 THEME OF THE ISSUE: EPIDEM\u0130C DISEASES IN SOCIAL SCIENCE Makaleler Articles Arus Yumul Yine Bir Salg\u0131n, Yeni Bir Salg\u0131n Another Outbreak, A New Outbreak 13 M. Emin \u00c7ayci \/ Abidin \u00c7evik Y\u0131k\u0131ma Do\u011fru Bir \u0130mparatorlu\u011fun Salg\u0131nlarla \u0130mtihan\u0131: II. Me\u015frutiyet D\u00f6nemi \u00d6rne\u011fi The Challenge of Epidemics of an &hellip; <a href=\"https:\/\/www.insanveinsan.org\/en\/sayi-28-bahar-2021\/\" class=\"more-link\">Continue reading <span class=\"screen-reader-text\">Issue 28, Spring 2021<\/span><\/a><\/p>\n","protected":false},"author":5,"featured_media":0,"parent":0,"menu_order":0,"comment_status":"closed","ping_status":"closed","template":"","meta":{"footnotes":""},"class_list":["post-4676","page","type-page","status-publish","hentry"],"_links":{"self":[{"href":"https:\/\/www.insanveinsan.org\/en\/wp-json\/wp\/v2\/pages\/4676","targetHints":{"allow":["GET"]}}],"collection":[{"href":"https:\/\/www.insanveinsan.org\/en\/wp-json\/wp\/v2\/pages"}],"about":[{"href":"https:\/\/www.insanveinsan.org\/en\/wp-json\/wp\/v2\/types\/page"}],"author":[{"embeddable":true,"href":"https:\/\/www.insanveinsan.org\/en\/wp-json\/wp\/v2\/users\/5"}],"replies":[{"embeddable":true,"href":"https:\/\/www.insanveinsan.org\/en\/wp-json\/wp\/v2\/comments?post=4676"}],"version-history":[{"count":4,"href":"https:\/\/www.insanveinsan.org\/en\/wp-json\/wp\/v2\/pages\/4676\/revisions"}],"predecessor-version":[{"id":4689,"href":"https:\/\/www.insanveinsan.org\/en\/wp-json\/wp\/v2\/pages\/4676\/revisions\/4689"}],"wp:attachment":[{"href":"https:\/\/www.insanveinsan.org\/en\/wp-json\/wp\/v2\/media?parent=4676"}],"curies":[{"name":"wp","href":"https:\/\/api.w.org\/{rel}","templated":true}]}}