{"id":4697,"date":"2021-07-09T23:24:09","date_gmt":"2021-07-09T20:24:09","guid":{"rendered":"https:\/\/www.insanveinsan.org\/?page_id=4697"},"modified":"2021-07-10T00:01:23","modified_gmt":"2021-07-09T21:01:23","slug":"sayi-29-yaz-2021","status":"publish","type":"page","link":"https:\/\/www.insanveinsan.org\/en\/sayi-29-yaz-2021\/","title":{"rendered":"Issue 29, Summer 2021"},"content":{"rendered":"<p><\/p>\n<table bgcolor=\"transparent\">\n<tbody>\n<tr>\n<td style=\"border-bottom: 1px dashed gray;\"><span style=\"color: default; font: 15px Trajan pro,arial,sans-serift;\">Y\u0131l 8, Say\u0131 29, Yaz 2021<\/span><\/td>\n<td style=\"text-align: right; border-bottom: 1px dashed gray; margin-top: -4%; margin-bottom: -0.8%;\">ISSN: 2148-7537<\/td>\n<\/tr>\n<\/tbody>\n<\/table>\n<blockquote><p><span style=\"color: #008080;\"><em>Theme of the Issue:<br \/>\nMILITARY AND POLITICS IN TURKEY:<br \/>\nTHE COUP OF MAY 27<\/em><\/span><\/p><\/blockquote>\n<table style=\"height: 549px;\" width=\"659\" cellspacing=\"1\" bgcolor=\"transparent\">\n<tbody>\n<tbody>\n<tr>\n<td bgcolor=\"transparent\" width=\"85%\"><span style=\"color: default; font: 15px Trajan pro,arial,sans-serift;\">Makaleler<br \/>\nArticles<\/span><\/td>\n<td width=\"15%\"><\/td>\n<\/tr>\n<tr>\n<td bgcolor=\"transparent\" width=\"85%\"><span style=\"color: default; font: 17px Trajan pro,arial,sans-serift;\"> Abdullah K\u00f6kt\u00fcrk <\/span><br \/>\n<a title=\"T\u00fcrk Ordusunun Sermaye ile \u0130li\u015fkisi ve Ordu-Siyaset \u0130li\u015fkisinin D\u00f6n\u00fc\u015f\u00fcm\u00fc\" href=\"\/turk-ordusunun-sermaye-ile-iliskisi-ve-ordu-siyaset-iliskisinin-donusumu\/\"><span style=\"text-decoration: none; font: italic 17px minion pro,arial,sans-serif;\">T\u00fcrk Ordusunun Sermaye ile \u0130li\u015fkisi ve Ordu-Siyaset \u0130li\u015fkisinin D\u00f6n\u00fc\u015f\u00fcm\u00fc<\/span><\/a><br \/>\n<a title=\"The Relationship of the Turkish Army with Capital and the Transformation of the Military-Politics Relations\" href=\"\/en\/turk-ordusunun-sermaye-ile-iliskisi-ve-ordu-siyaset-iliskisinin-donusumu\/\"> <span style=\"text-decoration: none; font-variant: normal; font-weight: normal; font-stretch: normal; font-size: 17px; line-height: normal; font-family: 'minion pro', arial, sans-serif;\">The Relationship of the Turkish Army with Capital and the Transformation of the Military-Politics Relations<\/span><\/a><\/td>\n<td style=\"text-align: right; vertical-align: middle;\" bgcolor=\"transparent\"><a title=\" The Relationship of the Turkish Army with Capital and the Transformation of the Military-Politics Relations\" href=\"\/en\/turk-ordusunun-sermaye-ile-iliskisi-ve-ordu-siyaset-iliskisinin-donusumu\/\"><span style=\"color: default; font: 38px Trajan pro,arial,sans-serift;\">15<\/span><\/a><\/td>\n<\/tr>\n<tr>\n<td bgcolor=\"transparent\" width=\"85%\"><span style=\"color: default; font: 17px Trajan pro,arial,sans-serift;\"> Halil Emre Deni\u015f <\/span><br \/>\n<a title=\"27 May\u0131s 1960 Darbesi S\u00fcrecinde Akis Dergisi\u2019nin Tutumu\" href=\"\/27-mayis-1960-darbesi-surecinde-akis-dergisinin-tutumu\/\"><span style=\"text-decoration: none; font: italic 17px minion pro,arial,sans-serif;\">27 May\u0131s 1960 Darbesi S\u00fcrecinde Akis Dergisi\u2019nin Tutumu<\/span><\/a><br \/>\n<a title=\"The Attitude of Akis Magazine on the Path to the Coup of May 27, 1960\" href=\"\/en\/27-mayis-1960-darbesi-surecinde-akis-dergisinin-tutumu\/\"> <span style=\"text-decoration: none; font-variant: normal; font-weight: normal; font-stretch: normal; font-size: 17px; line-height: normal; font-family: 'minion pro', arial, sans-serif;\">The Attitude of Akis Magazine on the Path to the Coup of May 27, 1960<\/span><\/a><\/td>\n<td style=\"text-align: right; vertical-align: middle;\" bgcolor=\"transparent\"><a title=\"The Attitude of Akis Magazine on the Path to the Coup of May 27, 1960\" href=\"\/en\/27-mayis-1960-darbesi-surecinde-akis-dergisinin-tutumu\/\"><span style=\"color: default; font: 38px Trajan pro,arial,sans-serift;\">31<\/span><\/a><\/td>\n<\/tr>\n<tr>\n<td bgcolor=\"transparent\" width=\"85%\"><span style=\"color: default; font: 17px Trajan pro,arial,sans-serift;\">Adem \u00c7aylak \/ Cansu Kaymal<\/span><br \/>\n<a title=\"27 May\u0131s ile 12 Mart Aras\u0131 D\u00f6nemde Muhalefetin Sembol \u0130smi: Osman B\u00f6l\u00fckba\u015f\u0131\" href=\"\/27-mayis-ile-12-mart-arasi-donemde-muhalefetin-sembol-ismi-osman-bolukbasi\/\"><span style=\"text-decoration: none; font: italic 17px minion pro,arial,sans-serif;\">27 May\u0131s ile 12 Mart Aras\u0131 D\u00f6nemde Muhalefetin Sembol \u0130smi: Osman B\u00f6l\u00fckba\u015f\u0131<\/span><\/a><br \/>\n<a title=\"The Symbol Name of the Opposition between 27 May and 12 March: Osman B\u00f6l\u00fckba\u015f\u0131 \" href=\"\/en\/27-mayis-ile-12-mart-arasi-donemde-muhalefetin-sembol-ismi-osman-bolukbasi\/\"> <span style=\"text-decoration: none; font-variant: normal; font-weight: normal; font-stretch: normal; font-size: 17px; line-height: normal; font-family: 'minion pro', arial, sans-serif;\">The Symbol Name of the Opposition between 27 May and 12 March: Osman B\u00f6l\u00fckba\u015f\u0131 <\/span><\/a><\/td>\n<td style=\"text-align: right; vertical-align: middle;\" bgcolor=\"transparent\"><a title=\"The Symbol Name of the Opposition between 27 May and 12 March: Osman B\u00f6l\u00fckba\u015f\u0131 \" href=\"\/en\/27-mayis-ile-12-mart-arasi-donemde-muhalefetin-sembol-ismi-osman-bolukbasi\/\"><span style=\"color: default; font: 38px Trajan pro,arial,sans-serift;\">49<\/span><\/a><\/td>\n<\/tr>\n<tr>\n<td bgcolor=\"transparent\" width=\"85%\"><span style=\"color: default; font: 17px Trajan pro,arial,sans-serift;\">Cengiz Sunay \/ Emre Ezgin<\/span><br \/>\n<a title=\"27 May\u0131s Darbesinden 12 Mart Muht\u0131ras\u0131na Gidi\u015f ve Sebepleri\" href=\"\/27-mayis-darbesinden-12-mart-muhtirasina-gidis-ve-sebepleri\/\"><span style=\"text-decoration: none; font: italic 17px minion pro,arial,sans-serif;\">27 May\u0131s Darbesinden 12 Mart Muht\u0131ras\u0131na Gidi\u015f ve Sebepleri<\/span><\/a><br \/>\n<a title=\"The Way from the May 27 Coup d\u2019\u00e9tat to the March 12 Memorandum and the Underlying Causes\" href=\"\/en\/27-mayis-darbesinden-12-mart-muhtirasina-gidis-ve-sebepleri\/\"> <span style=\"text-decoration: none; font-variant: normal; font-weight: normal; font-stretch: normal; font-size: 17px; line-height: normal; font-family: 'minion pro', arial, sans-serif;\">The Way from the May 27 Coup d\u2019\u00e9tat to the March 12 Memorandum and the Underlying Causes<\/span><\/a><\/td>\n<td style=\"text-align: right; vertical-align: middle;\" bgcolor=\"transparent\"><a title=\"The Way from the May 27 Coup d\u2019\u00e9tat to the March 12 Memorandum and the Underlying Causes\" href=\"\/en\/27-mayis-darbesinden-12-mart-muhtirasina-gidis-ve-sebepleri\/\"><span style=\"color: default; font: 38px Trajan pro,arial,sans-serift;\">65<\/span><\/a><\/td>\n<\/tr>\n<\/tbody>\n<\/table>\n<table bgcolor=\"transparent\">\n<tbody>\n<tr>\n<td style=\"border-bottom: 1px dashed gray;\"><\/td>\n<\/tr>\n<\/tbody>\n<\/table>\n<p><img loading=\"lazy\" decoding=\"async\" class=\"alignnone wp-image-119 size-full\" src=\"\/wp-content\/uploads\/pdf-e1407190133528.png\" alt=\"\" width=\"50\" height=\"50\"><br \/>\n<span style=\"text-decoration: none; font-variant: normal; font-weight: normal; font-stretch: normal; font-size: 15px; line-height: normal; font-family: 'minion pro', arial, sans-serif;\">Year 8, Issue 29, Summer 2021<br \/>\nTam metin \/ Full text<\/span><\/p>\n<div style=\"width: 240px;\">\n<span style=\"text-decoration: none; font-variant: normal; font-weight: normal; font-stretch: normal; font-size: 15px; line-height: normal; font-family: 'minion pro', arial, sans-serif;\"><\/p>\n<div style=\"float: left; width: 20px;\"><img decoding=\"async\" style=\"border-width:0\" src=\"\/wp-content\/uploads\/izleme-icon.png\"><\/div>\n<p><span style=\"text-decoration: none; font-variant: normal; font-weight: normal; font-stretch: normal; font-size: 15px; line-height: normal; font-family: 'minion pro', arial, sans-serif;\"><\/span><\/p>\n<div style=\"float: left; width: 50px;\">[post-views]<\/div>\n<div style=\"float: left; width: 20px;\"><img decoding=\"async\" style=\"border-width:0\" src=\"\/wp-content\/uploads\/indirme-icon.png\"><\/div>\n<div style=\"float: left; width: 150px;\"><span style=\"text-decoration: none; font-variant: normal; font-weight: normal; font-stretch: normal; font-size: 15px; line-height: normal; font-family: 'minion pro', arial, sans-serif;\"><div class=\"sdm_download_count\"><span class=\"sdm_count_number\">284<\/span><span class=\"sdm_count_string\"> Downloads<\/span><\/div><\/span><\/div>\n<p><br style=\"clear: left;\"><\/p>\n<p><\/span><\/div>\n<div class=\"sdm_download_button_box_default\"><div class=\"sdm_download_link\"><a href=\"https:\/\/www.insanveinsan.org\/?sdm_process_download=1&download_id=4692\" class=\"sdm_download grey\" title=\"(Turkish) 29\" target=&quot;_blank&quot;>Download Now!<\/a><\/div><\/div>\n<table bgcolor=\"transparent\">\n<tbody>\n<tr>\n<td style=\"border-bottom: 1px dashed gray;\"><\/td>\n<\/tr>\n<\/tbody>\n<\/table>\n<p><span style=\"text-decoration: none; font-variant: normal; font-weight: normal; font-stretch: normal; font-size: 15px; line-height: normal; font-family: 'minion pro', arial, sans-serif;\"><a rel=\"license\" href=\"http:\/\/creativecommons.org\/licenses\/by-nc\/4.0\/\"><img decoding=\"async\" alt=\"Creative Commons License\" style=\"border-width:0\" src=\"https:\/\/i.creativecommons.org\/l\/by-nc\/4.0\/80x15.png\"><\/a><br \/>\nThis work is licensed under a <a rel=\"license\" href=\"http:\/\/creativecommons.org\/licenses\/by-nc\/4.0\/\">Creative Commons Attribution-NonCommercial 4.0 International License<\/a>.<\/span><\/p>","protected":false},"excerpt":{"rendered":"<p>Y\u0131l 8, Say\u0131 29, Yaz 2021 ISSN: 2148-7537 Theme of the Issue: MILITARY AND POLITICS IN TURKEY: THE COUP OF MAY 27 Makaleler Articles Abdullah K\u00f6kt\u00fcrk T\u00fcrk Ordusunun Sermaye ile \u0130li\u015fkisi ve Ordu-Siyaset \u0130li\u015fkisinin D\u00f6n\u00fc\u015f\u00fcm\u00fc The Relationship of the Turkish Army with Capital and the Transformation of the Military-Politics Relations 15 Halil Emre Deni\u015f 27 &hellip; <a href=\"https:\/\/www.insanveinsan.org\/en\/sayi-29-yaz-2021\/\" class=\"more-link\">Continue reading <span class=\"screen-reader-text\">Issue 29, Summer 2021<\/span><\/a><\/p>\n","protected":false},"author":5,"featured_media":0,"parent":0,"menu_order":0,"comment_status":"closed","ping_status":"closed","template":"","meta":{"footnotes":""},"class_list":["post-4697","page","type-page","status-publish","hentry"],"_links":{"self":[{"href":"https:\/\/www.insanveinsan.org\/en\/wp-json\/wp\/v2\/pages\/4697","targetHints":{"allow":["GET"]}}],"collection":[{"href":"https:\/\/www.insanveinsan.org\/en\/wp-json\/wp\/v2\/pages"}],"about":[{"href":"https:\/\/www.insanveinsan.org\/en\/wp-json\/wp\/v2\/types\/page"}],"author":[{"embeddable":true,"href":"https:\/\/www.insanveinsan.org\/en\/wp-json\/wp\/v2\/users\/5"}],"replies":[{"embeddable":true,"href":"https:\/\/www.insanveinsan.org\/en\/wp-json\/wp\/v2\/comments?post=4697"}],"version-history":[{"count":6,"href":"https:\/\/www.insanveinsan.org\/en\/wp-json\/wp\/v2\/pages\/4697\/revisions"}],"predecessor-version":[{"id":4712,"href":"https:\/\/www.insanveinsan.org\/en\/wp-json\/wp\/v2\/pages\/4697\/revisions\/4712"}],"wp:attachment":[{"href":"https:\/\/www.insanveinsan.org\/en\/wp-json\/wp\/v2\/media?parent=4697"}],"curies":[{"name":"wp","href":"https:\/\/api.w.org\/{rel}","templated":true}]}}