{"id":4858,"date":"2021-10-06T15:50:52","date_gmt":"2021-10-06T12:50:52","guid":{"rendered":"https:\/\/www.insanveinsan.org\/?page_id=4858"},"modified":"2022-04-01T22:47:34","modified_gmt":"2022-04-01T19:47:34","slug":"sayi-30-guz-2021","status":"publish","type":"page","link":"https:\/\/www.insanveinsan.org\/en\/sayi-30-guz-2021\/","title":{"rendered":"Issue 30, Fall 2021"},"content":{"rendered":"<p><\/p>\n<table bgcolor=\"transparent\">\n<tbody>\n<tr>\n<td style=\"border-bottom: 1px dashed gray;\"><span style=\"color: default; font: 15px Trajan pro,arial,sans-serift;\">Y\u0131l 8, Say\u0131 30, G\u00fcz 2021<\/span><\/td>\n<td style=\"text-align: right; border-bottom: 1px dashed gray; margin-top: -4%; margin-bottom: -0.8%;\">ISSN: 2148-7537<\/td>\n<\/tr>\n<\/tbody>\n<\/table>\n<blockquote><p><span style=\"color: #008080;\"><em>THEME OF THE ISSUE: HOW WILL THE FUTURE BE? WORK, DIGITALIZATION AND SOCIAL PROTECTION IN SOCIETY 5.0<\/em><\/span><\/p><\/blockquote>\n<table style=\"height: 549px;\" width=\"659\" cellspacing=\"1\" bgcolor=\"transparent\">\n<tbody>\n<tbody>\n<tr>\n<td bgcolor=\"transparent\" width=\"85%\"><span style=\"color: default; font: 15px Trajan pro,arial,sans-serift;\">Makaleler<br \/>\nArticles<\/span><\/td>\n<td width=\"15%\"><\/td>\n<\/tr>\n<tr>\n<td bgcolor=\"transparent\" width=\"85%\"><span style=\"color: default; font: 17px Trajan pro,arial,sans-serift;\"> Abdulkadir \u015eenkal <\/span><br \/>\n<a title=\"Sosyal Korumada K\u00fcresel Boyutlar: Sorunlar ve Temel Tart\u0131\u015fmalar\" href=\"\/sosyal-korumada-kuresel-boyutlar-sorunlar-ve-temel-tartismalar\/\"><span style=\"text-decoration: none; font: italic 17px minion pro,arial,sans-serif;\">Sosyal Korumada K\u00fcresel Boyutlar: Sorunlar ve Temel Tart\u0131\u015fmalar<\/span><\/a><br \/>\n<a title=\"Global Dimensions in Social Protection: Problems and Main Discussions\" href=\"\/en\/sosyal-korumada-kuresel-boyutlar-sorunlar-ve-temel-tartismalar\/\"> <span style=\"text-decoration: none; font-variant: normal; font-weight: normal; font-stretch: normal; font-size: 17px; line-height: normal; font-family: 'minion pro', arial, sans-serif;\">Global Dimensions in Social Protection: Problems and Main Discussions<\/span><\/a><\/td>\n<td style=\"text-align: right; vertical-align: middle;\" bgcolor=\"transparent\"><a title=\" Global Dimensions in Social Protection: Problems and Main Discussions\" href=\"\/en\/sosyal-korumada-kuresel-boyutlar-sorunlar-ve-temel-tartismalar\/\"><span style=\"color: default; font: 38px Trajan pro,arial,sans-serift;\">13<\/span><\/a><\/td>\n<\/tr>\n<tr>\n<td bgcolor=\"transparent\" width=\"85%\"><span style=\"color: default; font: 17px Trajan pro,arial,sans-serift;\"> Sinan K\u00fcrk\u00e7\u00fc <\/span><br \/>\n<a title=\"Gelecek Olan Halk ya da Toplum 5.0: Hakikati Ara\u015ft\u0131rma ve Masal Yaratma \u0130li\u015fkisi Ba\u011flam\u0131nda Toplumu Koruma Fikri\" href=\"\/gelecek-olan-halk-ya-da-toplum-5-0-hakikati-arastirma-ve-masal-yaratma-iliskisi-baglaminda-toplumu-koruma-fikri\/\"><span style=\"text-decoration: none; font: italic 17px minion pro,arial,sans-serif;\">Gelecek Olan Halk ya da Toplum 5.0: Hakikati Ara\u015ft\u0131rma ve Masal Yaratma \u0130li\u015fkisi Ba\u011flam\u0131nda Toplumu Koruma Fikri<\/span><\/a><br \/>\n<a title=\"People to Come or Society 5.0: The Idea of Protecting Society in the Context of the Relationship between Searching for Truth and Fabulation\" href=\"\/en\/gelecek-olan-halk-ya-da-toplum-5-0-hakikati-arastirma-ve-masal-yaratma-iliskisi-baglaminda-toplumu-koruma-fikri\/\"> <span style=\"text-decoration: none; font-variant: normal; font-weight: normal; font-stretch: normal; font-size: 17px; line-height: normal; font-family: 'minion pro', arial, sans-serif;\">People to Come or Society 5.0: The Idea of Protecting Society in the Context of the Relationship between Searching for Truth and Fabulation<\/span><\/a><\/td>\n<td style=\"text-align: right; vertical-align: middle;\" bgcolor=\"transparent\"><a title=\"People to Come or Society 5.0: The Idea of Protecting Society in the Context of the Relationship between Searching for Truth and Fabulation\" href=\"\/en\/gelecek-olan-halk-ya-da-toplum-5-0-hakikati-arastirma-ve-masal-yaratma-iliskisi-baglaminda-toplumu-koruma-fikri\/\"><span style=\"color: default; font: 38px Trajan pro,arial,sans-serift;\">29<\/span><\/a><\/td>\n<\/tr>\n<tr>\n<td bgcolor=\"transparent\" width=\"85%\"><span style=\"color: default; font: 17px Trajan pro,arial,sans-serift;\">Danijela Bagari\u0107 \/ Valentina Franca<\/span><br \/>\n<a title=\"Gelecek Ne Getirecek? Toplum 5.0 Kapsam\u0131nda \u00c7al\u0131\u015fma, Dijitalle\u015fme ve Sosyal Koruma\" href=\"\/gelecek-ne-getirecek-toplum-5-0-kapsaminda-calisma-dijitallesme-ve-sosyal-koruma\/\"><span style=\"text-decoration: none; font: italic 17px minion pro,arial,sans-serif;\">Gelecek Ne Getirecek? Toplum 5.0 Kapsam\u0131nda \u00c7al\u0131\u015fma, Dijitalle\u015fme ve Sosyal Koruma<\/span><\/a><br \/>\n<a title=\"What will the Future Bring? Work, Digitalization and Social Protection under Society 5.0\" href=\"\/en\/gelecek-ne-getirecek-toplum-5-0-kapsaminda-calisma-dijitallesme-ve-sosyal-koruma\/\"> <span style=\"text-decoration: none; font-variant: normal; font-weight: normal; font-stretch: normal; font-size: 17px; line-height: normal; font-family: 'minion pro', arial, sans-serif;\">What will the Future Bring? Work, Digitalization and Social Protection under Society 5.0<\/span><\/a><\/td>\n<td style=\"text-align: right; vertical-align: middle;\" bgcolor=\"transparent\"><a title=\"What will the Future Bring? Work, Digitalization and Social Protection under Society 5.0\" href=\"\/en\/gelecek-ne-getirecek-toplum-5-0-kapsaminda-calisma-dijitallesme-ve-sosyal-koruma\/\"><span style=\"color: default; font: 38px Trajan pro,arial,sans-serift;\">45<\/span><\/a><\/td>\n<\/tr>\n<tr>\n<td bgcolor=\"transparent\" width=\"85%\"><span style=\"color: default; font: 17px Trajan pro,arial,sans-serift;\">Magdolna Vallasek<\/span><br \/>\n<a title=\"Nas\u0131l Bir Gelecek? K\u00fcresel Ba\u011flamda Romanya \u0130\u015f Hukukunun D\u00f6n\u00fc\u015f\u00fcm\u00fc\" href=\"\/nasil-bir-gelecek-kuresel-baglamda-romanya-is-hukukunun-donusumu\/\"><span style=\"text-decoration: none; font: italic 17px minion pro,arial,sans-serif;\">Nas\u0131l Bir Gelecek? K\u00fcresel Ba\u011flamda Romanya \u0130\u015f Hukukunun D\u00f6n\u00fc\u015f\u00fcm\u00fc<\/span><\/a><br \/>\n<a title=\"How Will the Future Be? The Transformation of Romanian Labour Legislation in a Global Context\" href=\"\/en\/nasil-bir-gelecek-kuresel-baglamda-romanya-is-hukukunun-donusumu\/\"> <span style=\"text-decoration: none; font-variant: normal; font-weight: normal; font-stretch: normal; font-size: 17px; line-height: normal; font-family: 'minion pro', arial, sans-serif;\">How Will the Future Be? The Transformation of Romanian Labour Legislation in a Global Context<\/span><\/a><\/td>\n<td style=\"text-align: right; vertical-align: middle;\" bgcolor=\"transparent\"><a title=\"How Will the Future Be? The Transformation of Romanian Labour Legislation in a Global Context\" href=\"\/en\/nasil-bir-gelecek-kuresel-baglamda-romanya-is-hukukunun-donusumu\/\"><span style=\"color: default; font: 38px Trajan pro,arial,sans-serift;\">57<\/span><\/a><\/td>\n<\/tr>\n<tr>\n<td bgcolor=\"transparent\" width=\"85%\"><span style=\"color: default; font: 17px Trajan pro,arial,sans-serift;\"> G\u00e1bor M\u00e9lypataki \/ Zs\u00f3fia Riczu \/ D\u00e1vid M\u00e1t\u00e9 \/ Panggih Kusuma Ningrum <\/span><br \/>\n<a title=\"Avrupa ve Asya A\u00e7\u0131s\u0131ndan \u0130\u015f Hukuku \u0130li\u015fkilerinde Yapay Zek\u00e2n\u0131n Rol\u00fc\" href=\"\/avrupa-ve-asya-acisindan-is-hukuku-iliskilerinde-yapay-zekanin-rolu\/\"><span style=\"text-decoration: none; font: italic 17px minion pro,arial,sans-serif;\">Avrupa ve Asya A\u00e7\u0131s\u0131ndan \u0130\u015f Hukuku \u0130li\u015fkilerinde Yapay Zek\u00e2n\u0131n Rol\u00fc<\/span><\/a><br \/>\n<a title=\"The Role of the Artificial Intelligence in the Labour Law Relations in European and Asian Aspect\" href=\"\/en\/avrupa-ve-asya-acisindan-is-hukuku-iliskilerinde-yapay-zekanin-rolu\/\"> <span style=\"text-decoration: none; font-variant: normal; font-weight: normal; font-stretch: normal; font-size: 17px; line-height: normal; font-family: 'minion pro', arial, sans-serif;\">The Role of the Artificial Intelligence in the Labour Law Relations in European and Asian Aspect<\/span><\/a><\/td>\n<td style=\"text-align: right; vertical-align: middle;\" bgcolor=\"transparent\"><a title=\" The Role of the Artificial Intelligence in the Labour Law Relations in European and Asian Aspect\" href=\"\/en\/avrupa-ve-asya-acisindan-is-hukuku-iliskilerinde-yapay-zekanin-rolu\/\"><span style=\"color: default; font: 38px Trajan pro,arial,sans-serift;\">69<\/span><\/a><\/td>\n<\/tr>\n<tr>\n<td bgcolor=\"transparent\" width=\"85%\"><span style=\"color: default; font: 17px Trajan pro,arial,sans-serift;\"> Pasquale Peluso <\/span><br \/>\n<a title=\"Covid-19 Pandemisinin Toplum 5.0\u2019da Organize Su\u00e7 Faaliyetlerine Etkisi\" href=\"\/covid-19-pandemisinin-toplum-5-0da-organize-suc-faaliyetlerine-etkisi\/\"><span style=\"text-decoration: none; font: italic 17px minion pro,arial,sans-serif;\">Covid-19 Pandemisinin Toplum 5.0\u2019da Organize Su\u00e7 Faaliyetlerine Etkisi<\/span><\/a><br \/>\n<a title=\"The Effects of the Covid-19 Pandemic on Organized Crime Activities in the Society 5.0\" href=\"\/en\/covid-19-pandemisinin-toplum-5-0da-organize-suc-faaliyetlerine-etkisi\/\"> <span style=\"text-decoration: none; font-variant: normal; font-weight: normal; font-stretch: normal; font-size: 17px; line-height: normal; font-family: 'minion pro', arial, sans-serif;\">The Effects of the Covid-19 Pandemic on Organized Crime Activities in the Society 5.0<\/span><\/a><\/td>\n<td style=\"text-align: right; vertical-align: middle;\" bgcolor=\"transparent\"><a title=\"The Effects of the Covid-19 Pandemic on Organized Crime Activities in the Society 5.0\" href=\"\/en\/covid-19-pandemisinin-toplum-5-0da-organize-suc-faaliyetlerine-etkisi\/\"><span style=\"color: default; font: 38px Trajan pro,arial,sans-serift;\">85<\/span><\/a><\/td>\n<\/tr>\n<tr>\n<td bgcolor=\"transparent\" width=\"85%\"><span style=\"color: default; font: 17px Trajan pro,arial,sans-serift;\">Abdulah Erol<\/span><br \/>\n<a title=\"Dijitalle\u015fme \u00c7a\u011f\u0131nda \u0130\u015fyerinin De\u011fi\u015fimi: Sebepleri ve Sonu\u00e7lar\u0131\" href=\"\/dijitallesme-caginda-isyerinin-degisimi-sebepleri-ve-sonuclari\/\"><span style=\"text-decoration: none; font: italic 17px minion pro,arial,sans-serif;\">Dijitalle\u015fme \u00c7a\u011f\u0131nda \u0130\u015fyerinin De\u011fi\u015fimi: Sebepleri ve Sonu\u00e7lar\u0131<\/span><\/a><br \/>\n<a title=\"Change of the Workplace in the Age of Digitalization: Causes and Consequences\" href=\"\/en\/dijitallesme-caginda-isyerinin-degisimi-sebepleri-ve-sonuclari\/\"> <span style=\"text-decoration: none; font-variant: normal; font-weight: normal; font-stretch: normal; font-size: 17px; line-height: normal; font-family: 'minion pro', arial, sans-serif;\">Change of the Workplace in the Age of Digitalization: Causes and Consequences<\/span><\/a><\/td>\n<td style=\"text-align: right; vertical-align: middle;\" bgcolor=\"transparent\"><a title=\"Change of the Workplace in the Age of Digitalization: Causes and Consequences\" href=\"\/en\/dijitallesme-caginda-isyerinin-degisimi-sebepleri-ve-sonuclari\/\"><span style=\"color: default; font: 38px Trajan pro,arial,sans-serift;\">97<\/span><\/a><\/td>\n<\/tr>\n<tr>\n<td bgcolor=\"transparent\" width=\"85%\"><span style=\"color: default; font: 17px Trajan pro,arial,sans-serift;\">Umut Yert\u00fcm<\/span><br \/>\n<a title=\"Covid-19 G\u00f6lgesinde \u00c7al\u0131\u015fman\u0131n Gelece\u011fi Tart\u0131\u015fmalar\u0131 ve Avrupa Birli\u011fi\u2019nde Kamusal Sosyal Harcamalar\" href=\"\/covid-19-golgesinde-calismanin-gelecegi-tartismalari-ve-avrupa-birliginde-kamusal-sosyal-harcamalar\/\"><span style=\"text-decoration: none; font: italic 17px minion pro,arial,sans-serif;\">Covid-19 G\u00f6lgesinde \u00c7al\u0131\u015fman\u0131n Gelece\u011fi Tart\u0131\u015fmalar\u0131 ve Avrupa Birli\u011fi\u2019nde Kamusal Sosyal Harcamalar<\/span><\/a><br \/>\n<a title=\"Future of Work Discussion under the Shadow of Covid-19 and European Union\u2019s Social Protection Expenditures\" href=\"\/en\/covid-19-golgesinde-calismanin-gelecegi-tartismalari-ve-avrupa-birliginde-kamusal-sosyal-harcamalar\/\"> <span style=\"text-decoration: none; font-variant: normal; font-weight: normal; font-stretch: normal; font-size: 17px; line-height: normal; font-family: 'minion pro', arial, sans-serif;\">Future of Work Discussion under the Shadow of Covid-19 and European Union\u2019s Social Protection Expenditures<\/span><\/a><\/td>\n<td style=\"text-align: right; vertical-align: middle;\" bgcolor=\"transparent\"><a title=\"Future of Work Discussion under the Shadow of Covid-19 and European Union\u2019s Social Protection Expenditures\" href=\"\/en\/covid-19-golgesinde-calismanin-gelecegi-tartismalari-ve-avrupa-birliginde-kamusal-sosyal-harcamalar\/\"><span style=\"color: default; font: 38px Trajan pro,arial,sans-serift;\">115<\/span><\/a><\/td>\n<\/tr>\n<\/tbody>\n<\/table>\n<table bgcolor=\"transparent\">\n<tbody>\n<tr>\n<td style=\"border-bottom: 1px dashed gray;\"><\/td>\n<\/tr>\n<\/tbody>\n<\/table>\n<p><img loading=\"lazy\" decoding=\"async\" class=\"alignnone wp-image-119 size-full\" src=\"\/wp-content\/uploads\/pdf-e1407190133528.png\" alt=\"\" width=\"50\" height=\"50\"><br \/>\n<span style=\"text-decoration: none; font-variant: normal; font-weight: normal; font-stretch: normal; font-size: 15px; line-height: normal; font-family: 'minion pro', arial, sans-serif;\">Year 8, Issue 30, Fall 2021<br \/>\nTam metin \/ Full text<\/span><\/p>\n<div style=\"width: 240px;\">\n<span style=\"text-decoration: none; font-variant: normal; font-weight: normal; font-stretch: normal; font-size: 15px; line-height: normal; font-family: 'minion pro', arial, sans-serif;\"><\/p>\n<div style=\"float: left; width: 20px;\"><img decoding=\"async\" style=\"border-width:0\" src=\"\/wp-content\/uploads\/izleme-icon.png\"><\/div>\n<p><span style=\"text-decoration: none; font-variant: normal; font-weight: normal; font-stretch: normal; font-size: 15px; line-height: normal; font-family: 'minion pro', arial, sans-serif;\"><\/span><\/p>\n<div style=\"float: left; width: 50px;\">[post-views]<\/div>\n<div style=\"float: left; width: 20px;\"><img decoding=\"async\" style=\"border-width:0\" src=\"\/wp-content\/uploads\/indirme-icon.png\"><\/div>\n<div style=\"float: left; width: 150px;\"><span style=\"text-decoration: none; font-variant: normal; font-weight: normal; font-stretch: normal; font-size: 15px; line-height: normal; font-family: 'minion pro', arial, sans-serif;\"><div class=\"sdm_download_count\"><span class=\"sdm_count_number\">4250<\/span><span class=\"sdm_count_string\"> Downloads<\/span><\/div><\/span><\/div>\n<p><br style=\"clear: left;\"><\/p>\n<p><\/span><\/div>\n<div class=\"sdm_download_button_box_default\"><div class=\"sdm_download_link\"><a href=\"https:\/\/www.insanveinsan.org\/?sdm_process_download=1&download_id=4849\" class=\"sdm_download grey\" title=\"3\" target=&quot;_blank&quot;>Download Now!<\/a><\/div><\/div>\n<table bgcolor=\"transparent\">\n<tbody>\n<tr>\n<td style=\"border-bottom: 1px dashed gray;\"><\/td>\n<\/tr>\n<\/tbody>\n<\/table>\n<p><span style=\"text-decoration: none; font-variant: normal; font-weight: normal; font-stretch: normal; font-size: 15px; line-height: normal; font-family: 'minion pro', arial, sans-serif;\"><a rel=\"license\" href=\"http:\/\/creativecommons.org\/licenses\/by-nc\/4.0\/\"><img decoding=\"async\" alt=\"Creative Commons License\" style=\"border-width:0\" src=\"https:\/\/i.creativecommons.org\/l\/by-nc\/4.0\/80x15.png\"><\/a><br \/>\nThis work is licensed under a <a rel=\"license\" href=\"http:\/\/creativecommons.org\/licenses\/by-nc\/4.0\/\">Creative Commons Attribution-NonCommercial 4.0 International License<\/a>.<\/span><\/p>","protected":false},"excerpt":{"rendered":"<p>Y\u0131l 8, Say\u0131 30, G\u00fcz 2021 ISSN: 2148-7537 THEME OF THE ISSUE: HOW WILL THE FUTURE BE? WORK, DIGITALIZATION AND SOCIAL PROTECTION IN SOCIETY 5.0 Makaleler Articles Abdulkadir \u015eenkal Sosyal Korumada K\u00fcresel Boyutlar: Sorunlar ve Temel Tart\u0131\u015fmalar Global Dimensions in Social Protection: Problems and Main Discussions 13 Sinan K\u00fcrk\u00e7\u00fc Gelecek Olan Halk ya da Toplum &hellip; <a href=\"https:\/\/www.insanveinsan.org\/en\/sayi-30-guz-2021\/\" class=\"more-link\">Continue reading <span class=\"screen-reader-text\">Issue 30, Fall 2021<\/span><\/a><\/p>\n","protected":false},"author":5,"featured_media":0,"parent":0,"menu_order":0,"comment_status":"closed","ping_status":"closed","template":"","meta":{"footnotes":""},"class_list":["post-4858","page","type-page","status-publish","hentry"],"_links":{"self":[{"href":"https:\/\/www.insanveinsan.org\/en\/wp-json\/wp\/v2\/pages\/4858","targetHints":{"allow":["GET"]}}],"collection":[{"href":"https:\/\/www.insanveinsan.org\/en\/wp-json\/wp\/v2\/pages"}],"about":[{"href":"https:\/\/www.insanveinsan.org\/en\/wp-json\/wp\/v2\/types\/page"}],"author":[{"embeddable":true,"href":"https:\/\/www.insanveinsan.org\/en\/wp-json\/wp\/v2\/users\/5"}],"replies":[{"embeddable":true,"href":"https:\/\/www.insanveinsan.org\/en\/wp-json\/wp\/v2\/comments?post=4858"}],"version-history":[{"count":3,"href":"https:\/\/www.insanveinsan.org\/en\/wp-json\/wp\/v2\/pages\/4858\/revisions"}],"predecessor-version":[{"id":5032,"href":"https:\/\/www.insanveinsan.org\/en\/wp-json\/wp\/v2\/pages\/4858\/revisions\/5032"}],"wp:attachment":[{"href":"https:\/\/www.insanveinsan.org\/en\/wp-json\/wp\/v2\/media?parent=4858"}],"curies":[{"name":"wp","href":"https:\/\/api.w.org\/{rel}","templated":true}]}}