{"id":4959,"date":"2022-01-04T12:33:02","date_gmt":"2022-01-04T09:33:02","guid":{"rendered":"https:\/\/www.insanveinsan.org\/?page_id=4959"},"modified":"2022-01-04T13:30:37","modified_gmt":"2022-01-04T10:30:37","slug":"sayi-31-kis-2022","status":"publish","type":"page","link":"https:\/\/www.insanveinsan.org\/en\/sayi-31-kis-2022\/","title":{"rendered":"Issue 31, Winter 2022"},"content":{"rendered":"<p><\/p>\n<table bgcolor=\"transparent\">\n<tbody>\n<tr>\n<td style=\"border-bottom: 1px dashed gray;\"><span style=\"color: default; font: 15px Trajan pro,arial,sans-serift;\">Y\u0131l 9, Say\u0131 31, K\u0131\u015f 2022<\/span><\/td>\n<td style=\"text-align: right; border-bottom: 1px dashed gray; margin-top: -4%; margin-bottom: -0.8%;\">ISSN: 2148-7537<\/td>\n<\/tr>\n<\/tbody>\n<\/table>\n<blockquote><p><span style=\"color: #008080;\"><em>THEME OF THE ISSUE: CONTEMPORARY TRENDS IN TURKISH LITERATURE: IN THE FOOTSTEPS OF WOMEN<\/em><\/span><\/p><\/blockquote>\n<table style=\"height: 549px;\" width=\"659\" cellspacing=\"1\" bgcolor=\"transparent\">\n<tbody>\n<tbody>\n<tr>\n<td bgcolor=\"transparent\" width=\"85%\"><span style=\"color: default; font: 15px Trajan pro,arial,sans-serift;\">Makaleler<br \/>\nArticles<\/span><\/td>\n<td width=\"15%\"><\/td>\n<\/tr>\n<tr>\n<td bgcolor=\"transparent\" width=\"85%\"><span style=\"color: default; font: 17px Trajan pro,arial,sans-serift;\"> Efnan Dervi\u015fo\u011flu <\/span><br \/>\n<a title=\"Apartman Temizleyicisinin Bir Kad\u0131n Olarak Portresi: Kul\" href=\"\/apartman-temizleyicisinin-bir-kadin-olarak-portresi-kul\/\"><span style=\"text-decoration: none; font: italic 17px minion pro,arial,sans-serif;\">Apartman Temizleyicisinin Bir Kad\u0131n Olarak Portresi: Kul<\/span><\/a><br \/>\n<a title=\"Portrait of an Apartment Cleaner as a Woman: The Slave\" href=\"\/en\/apartman-temizleyicisinin-bir-kadin-olarak-portresi-kul\/\"> <span style=\"text-decoration: none; font-variant: normal; font-weight: normal; font-stretch: normal; font-size: 17px; line-height: normal; font-family: 'minion pro', arial, sans-serif;\">Portrait of an Apartment Cleaner as a Woman: The Slave<\/span><\/a><\/td>\n<td style=\"text-align: right; vertical-align: middle;\" bgcolor=\"transparent\"><a title=\" Portrait of an Apartment Cleaner as a Woman: The Slave\" href=\"\/en\/apartman-temizleyicisinin-bir-kadin-olarak-portresi-kul\/\"><span style=\"color: default; font: 38px Trajan pro,arial,sans-serift;\">11<\/span><\/a><\/td>\n<\/tr>\n<tr>\n<td bgcolor=\"transparent\" width=\"85%\"><span style=\"color: default; font: 17px Trajan pro,arial,sans-serift;\"> H\u00fclya \u00c7evirme <\/span><br \/>\n<a title=\"Birhan Keskin \u015eiirinde A\u015fk ve Do\u011fa: Halk \u015eiirinden Ekofeminist \u015eiire Do\u011fru\" href=\"\/birhan-keskin-siirinde-ask-ve-doga-halk-siirinden-ekofeminist-siire-dogru\/\"><span style=\"text-decoration: none; font: italic 17px minion pro,arial,sans-serif;\">Birhan Keskin \u015eiirinde A\u015fk ve Do\u011fa: Halk \u015eiirinden Ekofeminist \u015eiire Do\u011fru<\/span><\/a><br \/>\n<a title=\"Love and Nature in Birhan Keskin\u2019s Poetry: From Folk Poetry to Ecofeminist Poetry\" href=\"\/en\/birhan-keskin-siirinde-ask-ve-doga-halk-siirinden-ekofeminist-siire-dogru\/\"> <span style=\"text-decoration: none; font-variant: normal; font-weight: normal; font-stretch: normal; font-size: 17px; line-height: normal; font-family: 'minion pro', arial, sans-serif;\">Love and Nature in Birhan Keskin\u2019s Poetry: From Folk Poetry to Ecofeminist Poetry<\/span><\/a><\/td>\n<td style=\"text-align: right; vertical-align: middle;\" bgcolor=\"transparent\"><a title=\"Love and Nature in Birhan Keskin\u2019s Poetry: From Folk Poetry to Ecofeminist Poetry\" href=\"\/en\/birhan-keskin-siirinde-ask-ve-doga-halk-siirinden-ekofeminist-siire-dogru\/\"><span style=\"color: default; font: 38px Trajan pro,arial,sans-serift;\">23<\/span><\/a><\/td>\n<\/tr>\n<tr>\n<td bgcolor=\"transparent\" width=\"85%\"><span style=\"color: default; font: 17px Trajan pro,arial,sans-serift;\">Mihrican Aylan\u00e7<\/span><br \/>\n<a title=\"Jale Sancak\u2019\u0131n Uyanan G\u00fczel Roman\u0131nda Kad\u0131n ve Kendilik\" href=\"\/jale-sancakin-uyanan-guzel-romaninda-kadin-ve-kendilik\/\"><span style=\"text-decoration: none; font: italic 17px minion pro,arial,sans-serif;\">Jale Sancak\u2019\u0131n Uyanan G\u00fczel Roman\u0131nda Kad\u0131n ve Kendilik<\/span><\/a><br \/>\n<a title=\"The Woman and the Self in Jale Sancak\u2019s Novel Uyanan G\u00fczel\" href=\"\/en\/jale-sancakin-uyanan-guzel-romaninda-kadin-ve-kendilik\/\"> <span style=\"text-decoration: none; font-variant: normal; font-weight: normal; font-stretch: normal; font-size: 17px; line-height: normal; font-family: 'minion pro', arial, sans-serif;\">The Woman and the Self in Jale Sancak\u2019s Novel Uyanan G\u00fczel<\/span><\/a><\/td>\n<td style=\"text-align: right; vertical-align: middle;\" bgcolor=\"transparent\"><a title=\"The Woman and the Self in Jale Sancak\u2019s Novel Uyanan G\u00fczel\" href=\"\/en\/jale-sancakin-uyanan-guzel-romaninda-kadin-ve-kendilik\/\"><span style=\"color: default; font: 38px Trajan pro,arial,sans-serift;\">39<\/span><\/a><\/td>\n<\/tr>\n<\/tbody>\n<\/table>\n<table bgcolor=\"transparent\">\n<tbody>\n<tr>\n<td style=\"border-bottom: 1px dashed gray;\"><\/td>\n<\/tr>\n<\/tbody>\n<\/table>\n<p><img loading=\"lazy\" decoding=\"async\" class=\"alignnone wp-image-119 size-full\" src=\"\/wp-content\/uploads\/pdf-e1407190133528.png\" alt=\"\" width=\"50\" height=\"50\"><br \/>\n<span style=\"text-decoration: none; font-variant: normal; font-weight: normal; font-stretch: normal; font-size: 15px; line-height: normal; font-family: 'minion pro', arial, sans-serif;\">Year 9, Issue 31, Winter 2022<br \/>\nTam metin \/ Full text<\/span><\/p>\n<div style=\"width: 240px;\">\n<span style=\"text-decoration: none; font-variant: normal; font-weight: normal; font-stretch: normal; font-size: 15px; line-height: normal; font-family: 'minion pro', arial, sans-serif;\"><\/p>\n<div style=\"float: left; width: 20px;\"><img decoding=\"async\" style=\"border-width:0\" src=\"\/wp-content\/uploads\/izleme-icon.png\"><\/div>\n<p><span style=\"text-decoration: none; font-variant: normal; font-weight: normal; font-stretch: normal; font-size: 15px; line-height: normal; font-family: 'minion pro', arial, sans-serif;\"><\/span><\/p>\n<div style=\"float: left; width: 50px;\">[post-views]<\/div>\n<div style=\"float: left; width: 20px;\"><img decoding=\"async\" style=\"border-width:0\" src=\"\/wp-content\/uploads\/indirme-icon.png\"><\/div>\n<div style=\"float: left; width: 150px;\"><span style=\"text-decoration: none; font-variant: normal; font-weight: normal; font-stretch: normal; font-size: 15px; line-height: normal; font-family: 'minion pro', arial, sans-serif;\"><div class=\"sdm_download_count\"><span class=\"sdm_count_number\">407<\/span><span class=\"sdm_count_string\"> Downloads<\/span><\/div><\/span><\/div>\n<p><br style=\"clear: left;\"><\/p>\n<p><\/span><\/div>\n<div class=\"sdm_download_button_box_default\"><div class=\"sdm_download_link\"><a href=\"https:\/\/www.insanveinsan.org\/?sdm_process_download=1&download_id=4955\" class=\"sdm_download grey\" title=\"(Turkish) 31\" target=&quot;_blank&quot;>Download Now!<\/a><\/div><\/div>\n<table bgcolor=\"transparent\">\n<tbody>\n<tr>\n<td style=\"border-bottom: 1px dashed gray;\"><\/td>\n<\/tr>\n<\/tbody>\n<\/table>\n<p><span style=\"text-decoration: none; font-variant: normal; font-weight: normal; font-stretch: normal; font-size: 15px; line-height: normal; font-family: 'minion pro', arial, sans-serif;\"><a rel=\"license\" href=\"http:\/\/creativecommons.org\/licenses\/by-nc\/4.0\/\"><img decoding=\"async\" alt=\"Creative Commons License\" style=\"border-width:0\" src=\"https:\/\/i.creativecommons.org\/l\/by-nc\/4.0\/80x15.png\"><\/a><br \/>\nThis work is licensed under a <a rel=\"license\" href=\"http:\/\/creativecommons.org\/licenses\/by-nc\/4.0\/\">Creative Commons Attribution-NonCommercial 4.0 International License<\/a>.<\/span><br \/>\n<\/p>","protected":false},"excerpt":{"rendered":"<p>Y\u0131l 9, Say\u0131 31, K\u0131\u015f 2022 ISSN: 2148-7537 THEME OF THE ISSUE: CONTEMPORARY TRENDS IN TURKISH LITERATURE: IN THE FOOTSTEPS OF WOMEN Makaleler Articles Efnan Dervi\u015fo\u011flu Apartman Temizleyicisinin Bir Kad\u0131n Olarak Portresi: Kul Portrait of an Apartment Cleaner as a Woman: The Slave 11 H\u00fclya \u00c7evirme Birhan Keskin \u015eiirinde A\u015fk ve Do\u011fa: Halk \u015eiirinden Ekofeminist &hellip; <a href=\"https:\/\/www.insanveinsan.org\/en\/sayi-31-kis-2022\/\" class=\"more-link\">Continue reading <span class=\"screen-reader-text\">Issue 31, Winter 2022<\/span><\/a><\/p>\n","protected":false},"author":5,"featured_media":0,"parent":0,"menu_order":0,"comment_status":"closed","ping_status":"closed","template":"","meta":{"footnotes":""},"class_list":["post-4959","page","type-page","status-publish","hentry"],"_links":{"self":[{"href":"https:\/\/www.insanveinsan.org\/en\/wp-json\/wp\/v2\/pages\/4959","targetHints":{"allow":["GET"]}}],"collection":[{"href":"https:\/\/www.insanveinsan.org\/en\/wp-json\/wp\/v2\/pages"}],"about":[{"href":"https:\/\/www.insanveinsan.org\/en\/wp-json\/wp\/v2\/types\/page"}],"author":[{"embeddable":true,"href":"https:\/\/www.insanveinsan.org\/en\/wp-json\/wp\/v2\/users\/5"}],"replies":[{"embeddable":true,"href":"https:\/\/www.insanveinsan.org\/en\/wp-json\/wp\/v2\/comments?post=4959"}],"version-history":[{"count":6,"href":"https:\/\/www.insanveinsan.org\/en\/wp-json\/wp\/v2\/pages\/4959\/revisions"}],"predecessor-version":[{"id":4972,"href":"https:\/\/www.insanveinsan.org\/en\/wp-json\/wp\/v2\/pages\/4959\/revisions\/4972"}],"wp:attachment":[{"href":"https:\/\/www.insanveinsan.org\/en\/wp-json\/wp\/v2\/media?parent=4959"}],"curies":[{"name":"wp","href":"https:\/\/api.w.org\/{rel}","templated":true}]}}