{"id":5,"date":"2014-07-29T03:57:11","date_gmt":"2014-07-29T00:57:11","guid":{"rendered":"http:\/\/insanveinsan.org\/?page_id=5"},"modified":"2019-11-23T20:17:56","modified_gmt":"2019-11-23T17:17:56","slug":"sayi-1-yaz-2014","status":"publish","type":"page","link":"https:\/\/www.insanveinsan.org\/en\/sayi-1-yaz-2014\/","title":{"rendered":"Issue 1, Summer 2014"},"content":{"rendered":"<p><\/p>\n<table bgcolor=\"transparent\">\n<tbody>\n<tr>\n<td style=\"border-bottom: 1px dashed gray;\"><span style=\"color: default; font: 15px Trajan pro,arial,sans-serift;\">Say\u0131 1, Yaz 2014<\/span><\/td>\n<td style=\"text-align: right; border-bottom: 1px dashed gray; margin-top: -4%; margin-bottom: -0.8%;\">ISSN:&nbsp;2148-7537<\/td>\n<\/tr>\n<\/tbody>\n<\/table>\n<table bgcolor=\"transparent\">\n<tbody>\n<tr>\n<td width=\"85%\"><span style=\"color: default; font: 15px Trajan pro,arial,sans-serift;\">Makaleler<br \/>\nArticles<\/span><\/td>\n<td width=\"15%\">&nbsp;<\/td>\n<\/tr>\n<tr>\n<td bgcolor=\"transparent\" width=\"85%\"><span style=\"color: default; font: 17px Trajan pro,arial,sans-serift;\">H. Emre Ba\u011fce<\/span><br \/>\n<a title=\"Halkla \u0130li\u015fkiler ve Vatanda\u015f Odakl\u0131 Kat\u0131l\u0131mc\u0131 Yerel Y\u00f6netim\" href=\"..\/en\/halkla-iliskiler-ve-vatandas-odakli-katilimci-yerel-yonetim\/\"><span style=\"text-decoration: none; font: italic 17px minion pro,arial,sans-serif;\">Halkla \u0130li\u015fkiler ve Vatanda\u015f Odakl\u0131 Kat\u0131l\u0131mc\u0131 Yerel Y\u00f6netim<\/span><\/a><br \/>\n<a title=\"Public Relations and Citizen Oriented Participatory Local Government\" href=\"..\/en\/halkla-iliskiler-ve-vatandas-odakli-katilimci-yerel-yonetim\/\"> <span style=\"text-decoration: none; font-variant: normal; font-weight: normal; font-stretch: normal; font-size: 17px; line-height: normal; font-family: 'minion pro', arial, sans-serif;\">Public Relations and Citizen Oriented Participatory Local Government<\/span><\/a><\/td>\n<td style=\"text-align: right; vertical-align: middle;\" bgcolor=\"transparent\"><a title=\"Halkla \u0130li\u015fkiler ve Vatanda\u015f Odakl\u0131 Kat\u0131l\u0131mc\u0131 Yerel Y\u00f6netim\" href=\"..\/en\/halkla-iliskiler-ve-vatandas-odakli-katilimci-yerel-yonetim\/\"><span style=\"color: default; font: 38px Trajan pro,arial,sans-serift;\">4<\/span><\/a><\/td>\n<\/tr>\n<tr>\n<td bgcolor=\"transparent\" width=\"85%\"><span style=\"color: default; font: 17px Trajan pro,arial,sans-serift;\">Fatih Demir<\/span><br \/>\n<a title=\"Kamu Y\u00f6netiminde Etik: Tart\u0131\u015fma ve Birka\u00e7 \u00d6rnek\" href=\"..\/en\/kamu-yonetiminde-etik-tartisma-ve-birkac-ornek\/\"><span style=\"text-decoration: none; font: italic 17px minion pro,arial,sans-serif;\">Kamu Y\u00f6netiminde Etik: Tart\u0131\u015fma ve Birka\u00e7 \u00d6rnek<\/span><\/a><br \/>\n<a title=\"Ethics in Public Administration: Discussion and Some Examples\" href=\"..\/en\/kamu-yonetiminde-etik-tartisma-ve-birkac-ornek\/\"> <span style=\"text-decoration: none; font-variant: normal; font-weight: normal; font-stretch: normal; font-size: 17px; line-height: normal; font-family: 'minion pro', arial, sans-serif;\">Ethics in Public Administration: Discussion and Some Examples<\/span><\/a><\/td>\n<td style=\"text-align: right; vertical-align: middle;\" bgcolor=\"transparent\"><a title=\"Kamu Y\u00f6netiminde Etik: Tart\u0131\u015fma ve Birka\u00e7 \u00d6rnek\" href=\"..\/en\/kamu-yonetiminde-etik-tartisma-ve-birkac-ornek\/\"><span style=\"color: default; font: 38px Trajan pro,arial,sans-serift;\">14<\/span><\/a><\/td>\n<\/tr>\n<tr>\n<td bgcolor=\"transparent\" width=\"85%\"><span style=\"color: default; font: 17px Trajan pro,arial,sans-serift;\">Bu\u015fra Erimli<\/span><br \/>\n<a title=\"Gazetecilik Meslek \u0130lkelerinin Uygulanmas\u0131n\u0131 Engelleyen Unsurlar ve \u00c7\u00f6z\u00fcm \u00d6nerileri\" href=\"..\/en\/gazetecilik-meslek-ilkelerinin-uygulanmasini-engelleyen-unsurlar-ve-cozum-onerileri\/\"><span style=\"text-decoration: none; font: italic 17px minion pro,arial,sans-serif;\">Gazetecilik Meslek \u0130lkelerinin Uygulanmas\u0131n\u0131 Engelleyen Unsurlar ve \u00c7\u00f6z\u00fcm \u00d6nerileri<\/span><\/a><br \/>\n<a title=\"Obstacles on the Practice of the Ethical Principles in Journalism and Some Solutions\" href=\"..\/en\/gazetecilik-meslek-ilkelerinin-uygulanmasini-engelleyen-unsurlar-ve-cozum-onerileri\/\"> <span style=\"text-decoration: none; font-variant: normal; font-weight: normal; font-stretch: normal; font-size: 17px; line-height: normal; font-family: 'minion pro', arial, sans-serif;\">Obstacles on the Practice of the Ethical Principles in Journalism and Some Solutions<\/span><\/a><\/td>\n<td style=\"text-align: right; vertical-align: middle;\" bgcolor=\"transparent\"><a title=\"Gazetecilik Meslek \u0130lkelerinin Uygulanmas\u0131n\u0131 Engelleyen Unsurlar ve \u00c7\u00f6z\u00fcm \u00d6nerileri\" href=\"..\/en\/gazetecilik-meslek-ilkelerinin-uygulanmasini-engelleyen-unsurlar-ve-cozum-onerileri\/\"><span style=\"color: default; font: 38px Trajan pro,arial,sans-serift;\">24<\/span><\/a><\/td>\n<\/tr>\n<tr>\n<td bgcolor=\"transparent\" width=\"85%\"><span style=\"color: default; font: 17px Trajan pro,arial,sans-serift;\">Harun K\u0131r\u0131lmaz \/ Selma K\u0131l\u0131\u00e7 K\u0131r\u0131lmaz<\/span><br \/>\n<a title=\"Sa\u011fl\u0131k Hizmetlerinde Etik \u0130kilemlerde Ampirik Etik \u00c7al\u0131\u015fmalar\u0131n\u0131n Yararlar\u0131\" href=\"..\/en\/saglik-hizmetlerinde-etik-ikilemlerde-ampirik-etik-calismalarinin-yararlari\/\"><span style=\"text-decoration: none; font: italic 17px minion pro,arial,sans-serif;\">Sa\u011fl\u0131k Hizmetlerinde Etik \u0130kilemlerde Ampirik Etik \u00c7al\u0131\u015fmalar\u0131n\u0131n Yararlar\u0131<\/span><\/a><br \/>\n<a title=\"Benefits of Empirical Ethics Practices in Ethical Dilemmas in Health Care\" href=\"..\/en\/saglik-hizmetlerinde-etik-ikilemlerde-ampirik-etik-calismalarinin-yararlari\/\"> <span style=\"text-decoration: none; font-variant: normal; font-weight: normal; font-stretch: normal; font-size: 17px; line-height: normal; font-family: 'minion pro', arial, sans-serif;\">Benefits of Empirical Ethics Practices in Ethical Dilemmas in Health Care<\/span><\/a><\/td>\n<td style=\"text-align: right; vertical-align: middle;\" bgcolor=\"transparent\"><a title=\"Sa\u011fl\u0131k Hizmetlerinde Etik \u0130kilemlerde Ampirik Etik \u00c7al\u0131\u015fmalar\u0131n\u0131n Yararlar\u0131\" href=\"..\/en\/saglik-hizmetlerinde-etik-ikilemlerde-ampirik-etik-calismalarinin-yararlari\/\"><span style=\"color: default; font: 38px Trajan pro,arial,sans-serift;\">36<\/span><\/a><\/td>\n<\/tr>\n<tr>\n<td bgcolor=\"transparent\" width=\"85%\"><span style=\"color: default; font: 17px Trajan pro,arial,sans-serift;\">Cengiz Sunay<\/span><br \/>\n<a title=\"27 May\u0131s ve \u0130\u015fadamlar\u0131\" href=\"..g\/en\/27-mayis-ve-isadamlari\/\"><span style=\"text-decoration: none; font: italic 17px minion pro,arial,sans-serif;\">27 May\u0131s ve \u0130\u015fadamlar\u0131<\/span><\/a><br \/>\n<a title=\"The Coup of May 27th and Businessmen\" href=\"..\/en\/27-mayis-ve-isadamlari\/\"> <span style=\"text-decoration: none; font-variant: normal; font-weight: normal; font-stretch: normal; font-size: 17px; line-height: normal; font-family: 'minion pro', arial, sans-serif;\">The Coup of May 27th and Businessmen<\/span><\/a><\/td>\n<td style=\"text-align: right; vertical-align: middle;\" bgcolor=\"transparent\"><a title=\"27 May\u0131s ve \u0130\u015fadamlar\u0131\" href=\"..\/en\/27-mayis-ve-isadamlari\/\"><span style=\"color: default; font: 38px Trajan pro,arial,sans-serift;\">46<\/span><\/a><\/td>\n<\/tr>\n<\/tbody>\n<\/table>\n<table bgcolor=\"transparent\">\n<tbody>\n<tr>\n<td style=\"border-bottom: 1px dashed gray;\">&nbsp;<\/td>\n<\/tr>\n<\/tbody>\n<\/table>\n<p><img loading=\"lazy\" decoding=\"async\" class=\"alignnone wp-image-119 size-full\" src=\"..\/wp-content\/uploads\/pdf-e1407190133528.png\" alt=\"\" width=\"50\" height=\"50\"><br \/>\n<span style=\"text-decoration: none; font-variant: normal; font-weight: normal; font-stretch: normal; font-size: 15px; line-height: normal; font-family: 'minion pro', arial, sans-serif;\">Year 1, Issue 1, Summer 2014<br \/>\nTam metin \/ Full text<\/span><\/p>\n<p><span style=\"text-decoration: none; font-variant: normal; font-weight: normal; font-stretch: normal; font-size: 15px; line-height: normal; font-family: 'minion pro', arial, sans-serif;\"><a href=\"https:\/\/creativecommons.org\/licenses\/by-nc\/4.0\/\" rel=\"license\"><img decoding=\"async\" style=\"border-width: 0;\" src=\"https:\/\/i.creativecommons.org\/l\/by-nc\/4.0\/80x15.png\" alt=\"Creative Commons License\"><\/a><br \/>\nThis work is licensed under a <a href=\"https:\/\/creativecommons.org\/licenses\/by-nc\/4.0\/\" rel=\"license\">Creative Commons Attribution-NonCommercial 4.0 International License<\/a>.<\/span><\/p>\n<div style=\"width: 240px;\">\n<p>&nbsp;<\/p>\n<div style=\"float: left; width: 20px;\">&nbsp;<\/div>\n<p>&nbsp;<\/p>\n<div style=\"float: left; width: 50px;\">[post-views]<\/div>\n<p>&nbsp;<\/p>\n<div style=\"float: left; width: 20px;\">&nbsp;<\/div>\n<div style=\"float: left; width: 150px;\"><span style=\"text-decoration: none; font-variant: normal; font-weight: normal; font-stretch: normal; font-size: 15px; line-height: normal; font-family: 'minion pro', arial, sans-serif;\"><div class=\"sdm_download_count\"><span class=\"sdm_count_number\">1564<\/span><span class=\"sdm_count_string\"> Downloads<\/span><\/div><\/span><\/div>\n<p>&nbsp;<\/p>\n<\/div>\n<div class=\"sdm_download_button_box_default\"><div class=\"sdm_download_link\"><a href=\"https:\/\/www.insanveinsan.org\/?sdm_process_download=1&download_id=2049\" class=\"sdm_download grey\" title=\"Issue 1Say\u0131 1\" target=&quot;_blank&quot;>Download Now!<\/a><\/div><\/div>\n<table bgcolor=\"transparent\">\n<tbody>\n<tr>\n<td style=\"border-bottom: 1px dashed gray;\">&nbsp;<\/td>\n<\/tr>\n<\/tbody>\n<\/table>\n<p><\/p>","protected":false},"excerpt":{"rendered":"<p>Say\u0131 1, Yaz 2014 ISSN:&nbsp;2148-7537 Makaleler Articles &nbsp; H. Emre Ba\u011fce Halkla \u0130li\u015fkiler ve Vatanda\u015f Odakl\u0131 Kat\u0131l\u0131mc\u0131 Yerel Y\u00f6netim Public Relations and Citizen Oriented Participatory Local Government 4 Fatih Demir Kamu Y\u00f6netiminde Etik: Tart\u0131\u015fma ve Birka\u00e7 \u00d6rnek Ethics in Public Administration: Discussion and Some Examples 14 Bu\u015fra Erimli Gazetecilik Meslek \u0130lkelerinin Uygulanmas\u0131n\u0131 Engelleyen Unsurlar ve &hellip; <a href=\"https:\/\/www.insanveinsan.org\/en\/sayi-1-yaz-2014\/\" class=\"more-link\">Continue reading <span class=\"screen-reader-text\">Issue 1, Summer 2014<\/span><\/a><\/p>\n","protected":false},"author":1,"featured_media":0,"parent":0,"menu_order":0,"comment_status":"closed","ping_status":"closed","template":"","meta":{"footnotes":""},"class_list":["post-5","page","type-page","status-publish","hentry"],"_links":{"self":[{"href":"https:\/\/www.insanveinsan.org\/en\/wp-json\/wp\/v2\/pages\/5","targetHints":{"allow":["GET"]}}],"collection":[{"href":"https:\/\/www.insanveinsan.org\/en\/wp-json\/wp\/v2\/pages"}],"about":[{"href":"https:\/\/www.insanveinsan.org\/en\/wp-json\/wp\/v2\/types\/page"}],"author":[{"embeddable":true,"href":"https:\/\/www.insanveinsan.org\/en\/wp-json\/wp\/v2\/users\/1"}],"replies":[{"embeddable":true,"href":"https:\/\/www.insanveinsan.org\/en\/wp-json\/wp\/v2\/comments?post=5"}],"version-history":[{"count":0,"href":"https:\/\/www.insanveinsan.org\/en\/wp-json\/wp\/v2\/pages\/5\/revisions"}],"wp:attachment":[{"href":"https:\/\/www.insanveinsan.org\/en\/wp-json\/wp\/v2\/media?parent=5"}],"curies":[{"name":"wp","href":"https:\/\/api.w.org\/{rel}","templated":true}]}}