{"id":5007,"date":"2022-04-01T21:44:38","date_gmt":"2022-04-01T18:44:38","guid":{"rendered":"https:\/\/www.insanveinsan.org\/?page_id=5007"},"modified":"2022-04-01T22:31:24","modified_gmt":"2022-04-01T19:31:24","slug":"sayi-32-bahar-2022","status":"publish","type":"page","link":"https:\/\/www.insanveinsan.org\/en\/sayi-32-bahar-2022\/","title":{"rendered":"Issue 32, Spring 2022"},"content":{"rendered":"<p><\/p>\n<table bgcolor=\"transparent\">\n<tbody>\n<tr>\n<td style=\"border-bottom: 1px dashed gray;\"><span style=\"color: default; font: 15px Trajan pro,arial,sans-serift;\">Y\u0131l 9, Say\u0131 32, Bahar 2022<\/span><\/td>\n<td style=\"text-align: right; border-bottom: 1px dashed gray; margin-top: -4%; margin-bottom: -0.8%;\">ISSN: 2148-7537<\/td>\n<\/tr>\n<\/tbody>\n<\/table>\n<blockquote><p><span style=\"color: #008080;\"><em>THEME OF THE ISSUE: ARTS, SOCIETY, AND POLITICS<\/em><\/span><\/p><\/blockquote>\n<table style=\"height: 549px;\" width=\"659\" cellspacing=\"1\" bgcolor=\"transparent\">\n<tbody>\n<tbody>\n<tr>\n<td bgcolor=\"transparent\" width=\"85%\"><span style=\"color: default; font: 15px Trajan pro,arial,sans-serift;\">Makaleler<br \/>\nArticles<\/span><\/td>\n<td width=\"15%\"><\/td>\n<\/tr>\n<tr>\n<td bgcolor=\"transparent\" width=\"85%\"><span style=\"color: default; font: 17px Trajan pro,arial,sans-serift;\"> Salih Akkanat <\/span><br \/>\n<a title=\"Sokak \u00c7ocu\u011funun \u015eafa\u011f\u0131 ve Ayla\u011f\u0131n S\u0131k\u0131nt\u0131s\u0131: Walter Benjamin\u2019de Estetik Deneyimin \u00c7\u0131kmaz\u0131\" href=\"\/sokak-cocugunun-safagi-ve-aylagin-sikintisi-walter-benjaminde-estetik-deneyimin-cikmazi\/\"><span style=\"text-decoration: none; font: italic 17px minion pro,arial,sans-serif;\">Sokak \u00c7ocu\u011funun \u015eafa\u011f\u0131 ve Ayla\u011f\u0131n S\u0131k\u0131nt\u0131s\u0131: Walter Benjamin\u2019de Estetik Deneyimin \u00c7\u0131kmaz\u0131<\/span><\/a><br \/>\n<a title=\"Dawn of the Street Child and the Boredom of the Fl\u00e2neur: The Aporia of Aesthetic Experience in Walter Benjamin\" href=\"\/en\/sokak-cocugunun-safagi-ve-aylagin-sikintisi-walter-benjaminde-estetik-deneyimin-cikmazi\/\"> <span style=\"text-decoration: none; font-variant: normal; font-weight: normal; font-stretch: normal; font-size: 17px; line-height: normal; font-family: 'minion pro', arial, sans-serif;\">Dawn of the Street Child and the Boredom of the Fl\u00e2neur: The Aporia of Aesthetic Experience in Walter Benjamin<\/span><\/a><\/td>\n<td style=\"text-align: right; vertical-align: middle;\" bgcolor=\"transparent\"><a title=\" Dawn of the Street Child and the Boredom of the Fl\u00e2neur: The Aporia of Aesthetic Experience in Walter Benjamin\" href=\"\/en\/sokak-cocugunun-safagi-ve-aylagin-sikintisi-walter-benjaminde-estetik-deneyimin-cikmazi\/\"><span style=\"color: default; font: 38px Trajan pro,arial,sans-serift;\">13<\/span><\/a><\/td>\n<\/tr>\n<tr>\n<td bgcolor=\"transparent\" width=\"85%\"><span style=\"color: default; font: 17px Trajan pro,arial,sans-serift;\"> U\u011fur Y\u0131lmaz \/ Ece Nur Demir Y\u0131lmaz <\/span><br \/>\n<a title=\"\u00c7a\u011fda\u015f G\u00f6rsel K\u00fclt\u00fcrde Estetik ve Sosyolojik \u0130mgelem\" href=\"\/cagdas-gorsel-kulturde-estetik-ve-sosyolojik-imgelem\/\"><span style=\"text-decoration: none; font: italic 17px minion pro,arial,sans-serif;\">\u00c7a\u011fda\u015f G\u00f6rsel K\u00fclt\u00fcrde Estetik ve Sosyolojik \u0130mgelem<\/span><\/a><br \/>\n<a title=\"Aesthetic and Sociological Imagination in Contemporary Visual Culture\" href=\"\/en\/cagdas-gorsel-kulturde-estetik-ve-sosyolojik-imgelem\/\"> <span style=\"text-decoration: none; font-variant: normal; font-weight: normal; font-stretch: normal; font-size: 17px; line-height: normal; font-family: 'minion pro', arial, sans-serif;\">Aesthetic and Sociological Imagination in Contemporary Visual Culture<\/span><\/a><\/td>\n<td style=\"text-align: right; vertical-align: middle;\" bgcolor=\"transparent\"><a title=\"Aesthetic and Sociological Imagination in Contemporary Visual Culture\" href=\"\/en\/cagdas-gorsel-kulturde-estetik-ve-sosyolojik-imgelem\/\"><span style=\"color: default; font: 38px Trajan pro,arial,sans-serift;\">29<\/span><\/a><\/td>\n<\/tr>\n<tr>\n<td bgcolor=\"transparent\" width=\"85%\"><span style=\"color: default; font: 17px Trajan pro,arial,sans-serift;\">Eren Deniz \u00d6z\u00e7in<\/span><br \/>\n<a title=\"Weltpolitik ve Dostlu\u011fun \u201c\u00d6teki\u201d Y\u00fcz\u00fc: Alman Siyasal Karikat\u00fcrlerinde Osmanl\u0131 \u0130mgesi\" href=\"\/weltpolitik-ve-dostlugun-oteki-yuzu-alman-siyasal-karikaturlerinde-osmanli-imgesi\/\"><span style=\"text-decoration: none; font: italic 17px minion pro,arial,sans-serif;\">Weltpolitik ve Dostlu\u011fun \u201c\u00d6teki\u201d Y\u00fcz\u00fc: Alman Siyasal Karikat\u00fcrlerinde Osmanl\u0131 \u0130mgesi<\/span><\/a><br \/>\n<a title=\"The Weltpolitik and \u201cOther\u201d Side of Friendship: The Ottoman Image in German Political Cartoons\" href=\"\/en\/weltpolitik-ve-dostlugun-oteki-yuzu-alman-siyasal-karikaturlerinde-osmanli-imgesi\/\"> <span style=\"text-decoration: none; font-variant: normal; font-weight: normal; font-stretch: normal; font-size: 17px; line-height: normal; font-family: 'minion pro', arial, sans-serif;\">The Weltpolitik and \u201cOther\u201d Side of Friendship: The Ottoman Image in German Political Cartoons<\/span><\/a><\/td>\n<td style=\"text-align: right; vertical-align: middle;\" bgcolor=\"transparent\"><a title=\"The Weltpolitik and \u201cOther\u201d Side of Friendship: The Ottoman Image in German Political Cartoons\" href=\"\/en\/weltpolitik-ve-dostlugun-oteki-yuzu-alman-siyasal-karikaturlerinde-osmanli-imgesi\/\"><span style=\"color: default; font: 38px Trajan pro,arial,sans-serift;\">45<\/span><\/a><\/td>\n<\/tr>\n<tr>\n<td bgcolor=\"transparent\" width=\"85%\"><span style=\"color: default; font: 17px Trajan pro,arial,sans-serift;\">Hatice Selen Ak\u00e7al\u0131 Uzunhasan<\/span><br \/>\n<a title=\"G\u00f6r\u00fcnt\u00fclerin Sava\u015f\u0131: Alman ve \u0130ngiliz H\u00fck\u00fcmetlerinin \u0130kinci D\u00fcnya Sava\u015f\u0131\u2019nda T\u00fcrkiye\u2019deki G\u00f6rsel Propaganda Giri\u015fimleri\" href=\"\/goruntulerin-savasi-alman-ve-ingiliz-hukumetlerinin-ikinci-dunya-savasinda-turkiyedeki-gorsel-propaganda-girisimleri\/\"><span style=\"text-decoration: none; font: italic 17px minion pro,arial,sans-serif;\">G\u00f6r\u00fcnt\u00fclerin Sava\u015f\u0131: Alman ve \u0130ngiliz H\u00fck\u00fcmetlerinin \u0130kinci D\u00fcnya Sava\u015f\u0131\u2019nda T\u00fcrkiye\u2019deki G\u00f6rsel Propaganda Giri\u015fimleri<\/span><\/a><br \/>\n<a title=\"War of Images: Visual Propaganda Efforts of German and British Governments in Turkey during the Second World War\" href=\"\/en\/goruntulerin-savasi-alman-ve-ingiliz-hukumetlerinin-ikinci-dunya-savasinda-turkiyedeki-gorsel-propaganda-girisimleri\/\"> <span style=\"text-decoration: none; font-variant: normal; font-weight: normal; font-stretch: normal; font-size: 17px; line-height: normal; font-family: 'minion pro', arial, sans-serif;\">War of Images: Visual Propaganda Efforts of German and British Governments in Turkey during the Second World War<\/span><\/a><\/td>\n<td style=\"text-align: right; vertical-align: middle;\" bgcolor=\"transparent\"><a title=\"War of Images: Visual Propaganda Efforts of German and British Governments in Turkey during the Second World War\" href=\"\/en\/goruntulerin-savasi-alman-ve-ingiliz-hukumetlerinin-ikinci-dunya-savasinda-turkiyedeki-gorsel-propaganda-girisimleri\/\"><span style=\"color: default; font: 38px Trajan pro,arial,sans-serift;\">67<\/span><\/a><\/td>\n<\/tr>\n<tr>\n<td bgcolor=\"transparent\" width=\"85%\"><span style=\"color: default; font: 17px Trajan pro,arial,sans-serift;\"> Bet\u00fcl Mutlu <\/span><br \/>\n<a title=\"Edebiyat, D\u00f6nem ve Siyaset \u0130li\u015fkisi Ba\u011flam\u0131nda Kuyucakl\u0131 Yusuf\u2019a Y\u00f6neltilen Ele\u015ftirel Bak\u0131\u015flar\" href=\"\/edebiyat-donem-ve-siyaset-iliskisi-baglaminda-kuyucakli-yusufa-yoneltilen-elestirel-bakislar\/\"><span style=\"text-decoration: none; font: italic 17px minion pro,arial,sans-serif;\">Edebiyat, D\u00f6nem ve Siyaset \u0130li\u015fkisi Ba\u011flam\u0131nda Kuyucakl\u0131 Yusuf\u2019a Y\u00f6neltilen Ele\u015ftirel Bak\u0131\u015flar<\/span><\/a><br \/>\n<a title=\"Critical Approaches on Kuyucakl\u0131 Yusuf in the Context of Relationship Between Literature, Period and Politics\" href=\"\/en\/edebiyat-donem-ve-siyaset-iliskisi-baglaminda-kuyucakli-yusufa-yoneltilen-elestirel-bakislar\/\"> <span style=\"text-decoration: none; font-variant: normal; font-weight: normal; font-stretch: normal; font-size: 17px; line-height: normal; font-family: 'minion pro', arial, sans-serif;\">Critical Approaches on Kuyucakl\u0131 Yusuf in the Context of Relationship Between Literature, Period and Politics<\/span><\/a><\/td>\n<td style=\"text-align: right; vertical-align: middle;\" bgcolor=\"transparent\"><a title=\" Critical Approaches on Kuyucakl\u0131 Yusuf in the Context of Relationship Between Literature, Period and Politics\" href=\"\/en\/edebiyat-donem-ve-siyaset-iliskisi-baglaminda-kuyucakli-yusufa-yoneltilen-elestirel-bakislar\/\"><span style=\"color: default; font: 38px Trajan pro,arial,sans-serift;\">83<\/span><\/a><\/td>\n<\/tr>\n<tr>\n<td bgcolor=\"transparent\" width=\"85%\"><span style=\"color: default; font: 17px Trajan pro,arial,sans-serift;\"> Derya \u00c7etin \/ \u0130kbal Bozkurt Avc\u0131 <\/span><br \/>\n<a title=\"Etkin Bir Min\u00f6r Sinema Olarak Modern Politik Sinema: \u201cBereketli Topraklar \u00dczerinde\u201d\" href=\"\/etkin-bir-minor-sinema-olarak-modern-politik-sinema-bereketli-topraklar-uzerinde\/\"><span style=\"text-decoration: none; font: italic 17px minion pro,arial,sans-serif;\">Etkin Bir Min\u00f6r Sinema Olarak Modern Politik Sinema: \u201cBereketli Topraklar \u00dczerinde\u201d<\/span><\/a><br \/>\n<a title=\" Modern Political Cinema as an Active Minor Cinema: \u201cOn Fertile Lands\u201d\" href=\"\/en\/etkin-bir-minor-sinema-olarak-modern-politik-sinema-bereketli-topraklar-uzerinde\/\"> <span style=\"text-decoration: none; font-variant: normal; font-weight: normal; font-stretch: normal; font-size: 17px; line-height: normal; font-family: 'minion pro', arial, sans-serif;\"> Modern Political Cinema as an Active Minor Cinema: \u201cOn Fertile Lands\u201d <\/span><\/a><\/td>\n<td style=\"text-align: right; vertical-align: middle;\" bgcolor=\"transparent\"><a title=\" Modern Political Cinema as an Active Minor Cinema: \u201cOn Fertile Lands\u201d\" href=\"\/en\/etkin-bir-minor-sinema-olarak-modern-politik-sinema-bereketli-topraklar-uzerinde\/\"><span style=\"color: default; font: 38px Trajan pro,arial,sans-serift;\">99<\/span><\/a><\/td>\n<\/tr>\n<tr>\n<td bgcolor=\"transparent\" width=\"85%\"><span style=\"color: default; font: 17px Trajan pro,arial,sans-serift;\">Yusuf Ziya G\u00f6k\u00e7ek<\/span><br \/>\n<a title=\"Ay\u2019a Seyahat\u2019ten D\u00fcnya Sava\u015f\u0131 Z\u2019ye: Bilim Kurgu Filmlerinde Vah\u015fi\u2019nin Y\u00fczy\u0131ll\u0131k \u0130n\u015fas\u0131\" href=\"\/aya-seyahatten-dunya-savasi-Zye-bilim-kurgu-filmlerinde-vahsinin-yuzyillik-insasi\/\"><span style=\"text-decoration: none; font: italic 17px minion pro,arial,sans-serif;\">Ay\u2019a Seyahat\u2019ten D\u00fcnya Sava\u015f\u0131 Z\u2019ye: Bilim Kurgu Filmlerinde Vah\u015fi\u2019nin Y\u00fczy\u0131ll\u0131k \u0130n\u015fas\u0131<\/span><\/a><br \/>\n<a title=\"A Trip to the Moon to World War Z: A Hundred Years of Construction of the Savage in Science Fiction Movies\" href=\"\/en\/aya-seyahatten-dunya-savasi-Zye-bilim-kurgu-filmlerinde-vahsinin-yuzyillik-insasi\/\"> <span style=\"text-decoration: none; font-variant: normal; font-weight: normal; font-stretch: normal; font-size: 17px; line-height: normal; font-family: 'minion pro', arial, sans-serif;\">A Trip to the Moon to World War Z: A Hundred Years of Construction of the Savage in Science Fiction Movies<\/span><\/a><\/td>\n<td style=\"text-align: right; vertical-align: middle;\" bgcolor=\"transparent\"><a title=\"A Trip to the Moon to World War Z: A Hundred Years of Construction of the Savage in Science Fiction Movies\" href=\"\/en\/aya-seyahatten-dunya-savasi-Zye-bilim-kurgu-filmlerinde-vahsinin-yuzyillik-insasi\/\"><span style=\"color: default; font: 38px Trajan pro,arial,sans-serift;\">111<\/span><\/a><\/td>\n<\/tr>\n<\/tbody>\n<\/table>\n<table bgcolor=\"transparent\">\n<tbody>\n<tr>\n<td style=\"border-bottom: 1px dashed gray;\"><\/td>\n<\/tr>\n<\/tbody>\n<\/table>\n<p><img loading=\"lazy\" decoding=\"async\" class=\"alignnone wp-image-119 size-full\" src=\"\/wp-content\/uploads\/pdf-e1407190133528.png\" alt=\"\" width=\"50\" height=\"50\"><br \/>\n<span style=\"text-decoration: none; font-variant: normal; font-weight: normal; font-stretch: normal; font-size: 15px; line-height: normal; font-family: 'minion pro', arial, sans-serif;\">Year 9, Issue 32, Spring 2022<br \/>\nTam metin \/ Full text<\/span><\/p>\n<div style=\"width: 240px;\">\n<span style=\"text-decoration: none; font-variant: normal; font-weight: normal; font-stretch: normal; font-size: 15px; line-height: normal; font-family: 'minion pro', arial, sans-serif;\"><\/p>\n<div style=\"float: left; width: 20px;\"><img decoding=\"async\" style=\"border-width:0\" src=\"\/wp-content\/uploads\/izleme-icon.png\"><\/div>\n<p><span style=\"text-decoration: none; font-variant: normal; font-weight: normal; font-stretch: normal; font-size: 15px; line-height: normal; font-family: 'minion pro', arial, sans-serif;\"><\/span><\/p>\n<div style=\"float: left; width: 50px;\">[post-views]<\/div>\n<div style=\"float: left; width: 20px;\"><img decoding=\"async\" style=\"border-width:0\" src=\"\/wp-content\/uploads\/indirme-icon.png\"><\/div>\n<div style=\"float: left; width: 150px;\"><span style=\"text-decoration: none; font-variant: normal; font-weight: normal; font-stretch: normal; font-size: 15px; line-height: normal; font-family: 'minion pro', arial, sans-serif;\"><div class=\"sdm_download_count\"><span class=\"sdm_count_number\">3056<\/span><span class=\"sdm_count_string\"> Downloads<\/span><\/div><\/span><\/div>\n<p><br style=\"clear: left;\"><\/p>\n<p><\/span><\/div>\n<div class=\"sdm_download_button_box_default\"><div class=\"sdm_download_link\"><a href=\"https:\/\/www.insanveinsan.org\/?sdm_process_download=1&download_id=4998\" class=\"sdm_download grey\" title=\"(Turkish) 32\" target=&quot;_blank&quot;>Download Now!<\/a><\/div><\/div>\n<table bgcolor=\"transparent\">\n<tbody>\n<tr>\n<td style=\"border-bottom: 1px dashed gray;\"><\/td>\n<\/tr>\n<\/tbody>\n<\/table>\n<p><span style=\"text-decoration: none; font-variant: normal; font-weight: normal; font-stretch: normal; font-size: 15px; line-height: normal; font-family: 'minion pro', arial, sans-serif;\"><a rel=\"license\" href=\"http:\/\/creativecommons.org\/licenses\/by-nc\/4.0\/\"><img decoding=\"async\" alt=\"Creative Commons License\" style=\"border-width:0\" src=\"https:\/\/i.creativecommons.org\/l\/by-nc\/4.0\/80x15.png\"><\/a><br \/>\nThis work is licensed under a <a rel=\"license\" href=\"http:\/\/creativecommons.org\/licenses\/by-nc\/4.0\/\">Creative Commons Attribution-NonCommercial 4.0 International License<\/a>.<\/span><\/p>","protected":false},"excerpt":{"rendered":"<p>Y\u0131l 9, Say\u0131 32, Bahar 2022 ISSN: 2148-7537 THEME OF THE ISSUE: ARTS, SOCIETY, AND POLITICS Makaleler Articles Salih Akkanat Sokak \u00c7ocu\u011funun \u015eafa\u011f\u0131 ve Ayla\u011f\u0131n S\u0131k\u0131nt\u0131s\u0131: Walter Benjamin\u2019de Estetik Deneyimin \u00c7\u0131kmaz\u0131 Dawn of the Street Child and the Boredom of the Fl\u00e2neur: The Aporia of Aesthetic Experience in Walter Benjamin 13 U\u011fur Y\u0131lmaz \/ Ece &hellip; <a href=\"https:\/\/www.insanveinsan.org\/en\/sayi-32-bahar-2022\/\" class=\"more-link\">Continue reading <span class=\"screen-reader-text\">Issue 32, Spring 2022<\/span><\/a><\/p>\n","protected":false},"author":5,"featured_media":0,"parent":0,"menu_order":0,"comment_status":"closed","ping_status":"closed","template":"","meta":{"footnotes":""},"class_list":["post-5007","page","type-page","status-publish","hentry"],"_links":{"self":[{"href":"https:\/\/www.insanveinsan.org\/en\/wp-json\/wp\/v2\/pages\/5007","targetHints":{"allow":["GET"]}}],"collection":[{"href":"https:\/\/www.insanveinsan.org\/en\/wp-json\/wp\/v2\/pages"}],"about":[{"href":"https:\/\/www.insanveinsan.org\/en\/wp-json\/wp\/v2\/types\/page"}],"author":[{"embeddable":true,"href":"https:\/\/www.insanveinsan.org\/en\/wp-json\/wp\/v2\/users\/5"}],"replies":[{"embeddable":true,"href":"https:\/\/www.insanveinsan.org\/en\/wp-json\/wp\/v2\/comments?post=5007"}],"version-history":[{"count":7,"href":"https:\/\/www.insanveinsan.org\/en\/wp-json\/wp\/v2\/pages\/5007\/revisions"}],"predecessor-version":[{"id":5031,"href":"https:\/\/www.insanveinsan.org\/en\/wp-json\/wp\/v2\/pages\/5007\/revisions\/5031"}],"wp:attachment":[{"href":"https:\/\/www.insanveinsan.org\/en\/wp-json\/wp\/v2\/media?parent=5007"}],"curies":[{"name":"wp","href":"https:\/\/api.w.org\/{rel}","templated":true}]}}