{"id":5072,"date":"2022-07-02T20:15:46","date_gmt":"2022-07-02T17:15:46","guid":{"rendered":"https:\/\/www.insanveinsan.org\/?page_id=5072"},"modified":"2022-07-02T20:15:46","modified_gmt":"2022-07-02T17:15:46","slug":"sayi-33-yaz-2022","status":"publish","type":"page","link":"https:\/\/www.insanveinsan.org\/en\/sayi-33-yaz-2022\/","title":{"rendered":"Issue 33, Summer 2022"},"content":{"rendered":"<p><\/p>\n<table bgcolor=\"transparent\">\n<tbody>\n<tr>\n<td style=\"border-bottom: 1px dashed gray;\"><span style=\"color: default; font: 15px Trajan pro,arial,sans-serift;\">Y\u0131l 9, Say\u0131 33, Yaz 2022<\/span><\/td>\n<td style=\"text-align: right; border-bottom: 1px dashed gray; margin-top: -4%; margin-bottom: -0.8%;\">ISSN: 2148-7537<\/td>\n<\/tr>\n<\/tbody>\n<\/table>\n<blockquote><p><span style=\"color: #008080;\"><em>THEME OF THE ISSUE: COMBATING GLOBAL CLIMATE CHANGE<\/em><\/span><\/p><\/blockquote>\n<table style=\"height: 549px;\" width=\"659\" cellspacing=\"1\" bgcolor=\"transparent\">\n<tbody>\n<tbody>\n<tr>\n<td bgcolor=\"transparent\" width=\"85%\"><span style=\"color: default; font: 15px Trajan pro,arial,sans-serift;\">Makaleler<br \/>\nArticles<\/span><\/td>\n<td width=\"15%\"><\/td>\n<\/tr>\n<tr>\n<td bgcolor=\"transparent\" width=\"85%\"><span style=\"color: default; font: 17px Trajan pro,arial,sans-serift;\"> Aslan Tolga \u00d6cal \/ Tu\u011fba Ba\u015farslan Arslan <\/span><br \/>\n<a title=\"D\u00fcnyada Enerji Yoksullu\u011funa Odaklanmak: Sorunlar ve Politikalar\" href=\"\/dunyada-enerji-yoksulluguna-odaklanmak-sorunlar-ve-politikalar\/\"><span style=\"text-decoration: none; font: italic 17px minion pro,arial,sans-serif;\">D\u00fcnyada Enerji Yoksullu\u011funa Odaklanmak: Sorunlar ve Politikalar<\/span><\/a><br \/>\n<a title=\"Focusing on Energy Poverty in the World: Issues and Policies\" href=\"\/en\/dunyada-enerji-yoksulluguna-odaklanmak-sorunlar-ve-politikalar\/\"> <span style=\"text-decoration: none; font-variant: normal; font-weight: normal; font-stretch: normal; font-size: 17px; line-height: normal; font-family: 'minion pro', arial, sans-serif;\">Focusing on Energy Poverty in the World: Issues and Policies<\/span><\/a><\/td>\n<td style=\"text-align: right; vertical-align: middle;\" bgcolor=\"transparent\"><a title=\" Focusing on Energy Poverty in the World: Issues and Policies\" href=\"\/en\/dunyada-enerji-yoksulluguna-odaklanmak-sorunlar-ve-politikalar\/\"><span style=\"color: default; font: 38px Trajan pro,arial,sans-serift;\">15<\/span><\/a><\/td>\n<\/tr>\n<tr>\n<td bgcolor=\"transparent\" width=\"85%\"><span style=\"color: default; font: 17px Trajan pro,arial,sans-serift;\"> Hakan G\u00f6khan G\u00fcndo\u011fdu \/ Ahmet Aytekin <\/span><br \/>\n<a title=\"\u0130klim De\u011fi\u015fikli\u011fi, S\u00fcrd\u00fcr\u00fclebilir \u015eehirler ve Topluluklar Ba\u011flam\u0131nda \u00c7ok Kriterli Bir De\u011ferlendirme\" href=\"\/iklim-degisikligi-surdurulebilir-sehirler-ve-topluluklar-baglaminda-cok-kriterli-bir-degerlendirme\/\"><span style=\"text-decoration: none; font: italic 17px minion pro,arial,sans-serif;\">\u0130klim De\u011fi\u015fikli\u011fi, S\u00fcrd\u00fcr\u00fclebilir \u015eehirler ve Topluluklar Ba\u011flam\u0131nda \u00c7ok Kriterli Bir De\u011ferlendirme<\/span><\/a><br \/>\n<a title=\"Climate Change, Sustainable Cities, and Communities: A Multi-Criteria Assessment\" href=\"\/en\/iklim-degisikligi-surdurulebilir-sehirler-ve-topluluklar-baglaminda-cok-kriterli-bir-degerlendirme\/\"> <span style=\"text-decoration: none; font-variant: normal; font-weight: normal; font-stretch: normal; font-size: 17px; line-height: normal; font-family: 'minion pro', arial, sans-serif;\">Climate Change, Sustainable Cities, and Communities: A Multi-Criteria Assessment<\/span><\/a><\/td>\n<td style=\"text-align: right; vertical-align: middle;\" bgcolor=\"transparent\"><a title=\"Climate Change, Sustainable Cities, and Communities: A Multi-Criteria Assessment\" href=\"\/en\/iklim-degisikligi-surdurulebilir-sehirler-ve-topluluklar-baglaminda-cok-kriterli-bir-degerlendirme\/\"><span style=\"color: default; font: 38px Trajan pro,arial,sans-serift;\">33<\/span><\/a><\/td>\n<\/tr>\n<tr>\n<td bgcolor=\"transparent\" width=\"85%\"><span style=\"color: default; font: 17px Trajan pro,arial,sans-serift;\">\u00d6zg\u00fcr Kamer Aksoy \/ E. Seda Arslan<\/span><br \/>\n<a title=\"Kentlerde \u0130klim De\u011fi\u015fikli\u011finin Olas\u0131 Etkilerinin Azalt\u0131lmas\u0131nda Ye\u015fil Altyap\u0131 ve Ekosistem Hizmetlerinin Rol\u00fc\" href=\"\/kentlerde-iklim-degisikliginin-olasi-etkilerinin-azaltilmasinda-yesil-altyapi-ve-ekosistem-hizmetlerinin-rolu\/\"><span style=\"text-decoration: none; font: italic 17px minion pro,arial,sans-serif;\">Kentlerde \u0130klim De\u011fi\u015fikli\u011finin Olas\u0131 Etkilerinin Azalt\u0131lmas\u0131nda Ye\u015fil Altyap\u0131 ve Ekosistem Hizmetlerinin Rol\u00fc<\/span><\/a><br \/>\n<a title=\"The Role of Green Infrastructure and Ecosystem Services Reducing Potential Effects of Climate Change in Cities\" href=\"\/en\/kentlerde-iklim-degisikliginin-olasi-etkilerinin-azaltilmasinda-yesil-altyapi-ve-ekosistem-hizmetlerinin-rolu\/\"> <span style=\"text-decoration: none; font-variant: normal; font-weight: normal; font-stretch: normal; font-size: 17px; line-height: normal; font-family: 'minion pro', arial, sans-serif;\">The Role of Green Infrastructure and Ecosystem Services Reducing Potential Effects of Climate Change in Cities<\/span><\/a><\/td>\n<td style=\"text-align: right; vertical-align: middle;\" bgcolor=\"transparent\"><a title=\"The Role of Green Infrastructure and Ecosystem Services Reducing Potential Effects of Climate Change in Cities\" href=\"\/en\/kentlerde-iklim-degisikliginin-olasi-etkilerinin-azaltilmasinda-yesil-altyapi-ve-ekosistem-hizmetlerinin-rolu\/\"><span style=\"color: default; font: 38px Trajan pro,arial,sans-serift;\">53<\/span><\/a><\/td>\n<\/tr>\n<tr>\n<td bgcolor=\"transparent\" width=\"85%\"><span style=\"color: default; font: 17px Trajan pro,arial,sans-serift;\">Aysel Demir<\/span><br \/>\n<a title=\"\u0130klim Adaletine Kant ve Rawls\u2019un Etik Temelli Adalet Teorileri \u00c7er\u00e7evesinde Felsefi Bir Yakla\u015f\u0131m\" href=\"\/iklim-adaletine-kant-ve-rawlsun-etik-temelli-adalet-teorileri-cercevesinde-felsefi-bir-yaklasim\/\"><span style=\"text-decoration: none; font: italic 17px minion pro,arial,sans-serif;\">\u0130klim Adaletine Kant ve Rawls\u2019un Etik Temelli Adalet Teorileri \u00c7er\u00e7evesinde Felsefi Bir Yakla\u015f\u0131m<\/span><\/a><br \/>\n<a title=\"A Philosophical Approach to Climate Justice in the Framework of Kant and Rawls\u2019s Ethical-Based Theories of Justice\" href=\"\/en\/iklim-adaletine-kant-ve-rawlsun-etik-temelli-adalet-teorileri-cercevesinde-felsefi-bir-yaklasim\/\"> <span style=\"text-decoration: none; font-variant: normal; font-weight: normal; font-stretch: normal; font-size: 17px; line-height: normal; font-family: 'minion pro', arial, sans-serif;\">A Philosophical Approach to Climate Justice in the Framework of Kant and Rawls\u2019s Ethical-Based Theories of Justice<\/span><\/a><\/td>\n<td style=\"text-align: right; vertical-align: middle;\" bgcolor=\"transparent\"><a title=\"A Philosophical Approach to Climate Justice in the Framework of Kant and Rawls\u2019s Ethical-Based Theories of Justice\" href=\"\/en\/iklim-adaletine-kant-ve-rawlsun-etik-temelli-adalet-teorileri-cercevesinde-felsefi-bir-yaklasim\/\"><span style=\"color: default; font: 38px Trajan pro,arial,sans-serift;\">63<\/span><\/a><\/td>\n<\/tr>\n<tr>\n<td bgcolor=\"transparent\" width=\"85%\"><span style=\"color: default; font: 17px Trajan pro,arial,sans-serift;\"> Veysel Karag\u00f6l <\/span><br \/>\n<a title=\"\u0130klim De\u011fi\u015fikli\u011fi ve Para Politikas\u0131: T\u00fcrkiye i\u00e7in bir De\u011ferlendirme\" href=\"\/iklim-degisikligi-ve-para-politikasi-turkiye-icin-bir-degerlendirme\/\"><span style=\"text-decoration: none; font: italic 17px minion pro,arial,sans-serif;\">\u0130klim De\u011fi\u015fikli\u011fi ve Para Politikas\u0131: T\u00fcrkiye i\u00e7in bir De\u011ferlendirme<\/span><\/a><br \/>\n<a title=\"Climate Change and Monetary Policy: An Evaluation for Turkey\" href=\"\/en\/iklim-degisikligi-ve-para-politikasi-turkiye-icin-bir-degerlendirme\/\"> <span style=\"text-decoration: none; font-variant: normal; font-weight: normal; font-stretch: normal; font-size: 17px; line-height: normal; font-family: 'minion pro', arial, sans-serif;\">Climate Change and Monetary Policy: An Evaluation for Turkey<\/span><\/a><\/td>\n<td style=\"text-align: right; vertical-align: middle;\" bgcolor=\"transparent\"><a title=\" Climate Change and Monetary Policy: An Evaluation for Turkey\" href=\"\/en\/iklim-degisikligi-ve-para-politikasi-turkiye-icin-bir-degerlendirme\/\"><span style=\"color: default; font: 38px Trajan pro,arial,sans-serift;\">77<\/span><\/a><\/td>\n<\/tr>\n<tr>\n<td bgcolor=\"transparent\" width=\"85%\"><span style=\"color: default; font: 17px Trajan pro,arial,sans-serift;\"> Se\u00e7il \u00d6zay \/ S\u00fcheyla Nil Mustafa <\/span><br \/>\n<a title=\"\u0130klim Krizine T\u00fcrk Medyas\u0131 \u00c7er\u00e7evesinden Bakmak\" href=\"\/iklim-krizine-turk-medyasi-cercevesinden-bakmak\/\"><span style=\"text-decoration: none; font: italic 17px minion pro,arial,sans-serif;\">\u0130klim Krizine T\u00fcrk Medyas\u0131 \u00c7er\u00e7evesinden Bakmak<\/span><\/a><br \/>\n<a title=\"Considering the Climate Crisis from the Turkish Media Framework\" href=\"\/en\/iklim-krizine-turk-medyasi-cercevesinden-bakmak\/\"> <span style=\"text-decoration: none; font-variant: normal; font-weight: normal; font-stretch: normal; font-size: 17px; line-height: normal; font-family: 'minion pro', arial, sans-serif;\">Considering the Climate Crisis from the Turkish Media Framework <\/span><\/a><\/td>\n<td style=\"text-align: right; vertical-align: middle;\" bgcolor=\"transparent\"><a title=\"Considering the Climate Crisis from the Turkish Media Framework\" href=\"\/en\/iklim-krizine-turk-medyasi-cercevesinden-bakmak\/\"><span style=\"color: default; font: 38px Trajan pro,arial,sans-serift;\">97<\/span><\/a><\/td>\n<\/tr>\n<\/tbody>\n<\/table>\n<table bgcolor=\"transparent\">\n<tbody>\n<tr>\n<td style=\"border-bottom: 1px dashed gray;\"><\/td>\n<\/tr>\n<\/tbody>\n<\/table>\n<p><img loading=\"lazy\" decoding=\"async\" class=\"alignnone wp-image-119 size-full\" src=\"\/wp-content\/uploads\/pdf-e1407190133528.png\" alt=\"\" width=\"50\" height=\"50\"><br \/>\n<span style=\"text-decoration: none; font-variant: normal; font-weight: normal; font-stretch: normal; font-size: 15px; line-height: normal; font-family: 'minion pro', arial, sans-serif;\">Year 9, Issue 33, Summer 2022<br \/>\nTam metin \/ Full text<\/span><\/p>\n<div style=\"width: 240px;\">\n<span style=\"text-decoration: none; font-variant: normal; font-weight: normal; font-stretch: normal; font-size: 15px; line-height: normal; font-family: 'minion pro', arial, sans-serif;\"><\/p>\n<div style=\"float: left; width: 20px;\"><img decoding=\"async\" style=\"border-width:0\" src=\"\/wp-content\/uploads\/izleme-icon.png\"><\/div>\n<p><span style=\"text-decoration: none; font-variant: normal; font-weight: normal; font-stretch: normal; font-size: 15px; line-height: normal; font-family: 'minion pro', arial, sans-serif;\"><\/span><\/p>\n<div style=\"float: left; width: 50px;\">[post-views]<\/div>\n<div style=\"float: left; width: 20px;\"><img decoding=\"async\" style=\"border-width:0\" src=\"\/wp-content\/uploads\/indirme-icon.png\"><\/div>\n<div style=\"float: left; width: 150px;\"><span style=\"text-decoration: none; font-variant: normal; font-weight: normal; font-stretch: normal; font-size: 15px; line-height: normal; font-family: 'minion pro', arial, sans-serif;\"><div class=\"sdm_download_count\"><span class=\"sdm_count_number\">357<\/span><span class=\"sdm_count_string\"> Downloads<\/span><\/div><\/span><\/div>\n<p><br style=\"clear: left;\"><\/p>\n<p><\/span><\/div>\n<div class=\"sdm_download_button_box_default\"><div class=\"sdm_download_link\"><a href=\"https:\/\/www.insanveinsan.org\/?sdm_process_download=1&download_id=5064\" class=\"sdm_download grey\" title=\"33\" target=&quot;_blank&quot;>Download Now!<\/a><\/div><\/div>\n<table bgcolor=\"transparent\">\n<tbody>\n<tr>\n<td style=\"border-bottom: 1px dashed gray;\"><\/td>\n<\/tr>\n<\/tbody>\n<\/table>\n<p><span style=\"text-decoration: none; font-variant: normal; font-weight: normal; font-stretch: normal; font-size: 15px; line-height: normal; font-family: 'minion pro', arial, sans-serif;\"><a rel=\"license\" href=\"http:\/\/creativecommons.org\/licenses\/by-nc\/4.0\/\"><img decoding=\"async\" alt=\"Creative Commons License\" style=\"border-width:0\" src=\"https:\/\/i.creativecommons.org\/l\/by-nc\/4.0\/80x15.png\"><\/a><br \/>\nThis work is licensed under a <a rel=\"license\" href=\"http:\/\/creativecommons.org\/licenses\/by-nc\/4.0\/\">Creative Commons Attribution-NonCommercial 4.0 International License<\/a>.<\/span><br \/>\n<\/p>","protected":false},"excerpt":{"rendered":"<p>Y\u0131l 9, Say\u0131 33, Yaz 2022 ISSN: 2148-7537 THEME OF THE ISSUE: COMBATING GLOBAL CLIMATE CHANGE Makaleler Articles Aslan Tolga \u00d6cal \/ Tu\u011fba Ba\u015farslan Arslan D\u00fcnyada Enerji Yoksullu\u011funa Odaklanmak: Sorunlar ve Politikalar Focusing on Energy Poverty in the World: Issues and Policies 15 Hakan G\u00f6khan G\u00fcndo\u011fdu \/ Ahmet Aytekin \u0130klim De\u011fi\u015fikli\u011fi, S\u00fcrd\u00fcr\u00fclebilir \u015eehirler ve Topluluklar &hellip; <a href=\"https:\/\/www.insanveinsan.org\/en\/sayi-33-yaz-2022\/\" class=\"more-link\">Continue reading <span class=\"screen-reader-text\">Issue 33, Summer 2022<\/span><\/a><\/p>\n","protected":false},"author":5,"featured_media":0,"parent":0,"menu_order":0,"comment_status":"closed","ping_status":"closed","template":"","meta":{"footnotes":""},"class_list":["post-5072","page","type-page","status-publish","hentry"],"_links":{"self":[{"href":"https:\/\/www.insanveinsan.org\/en\/wp-json\/wp\/v2\/pages\/5072","targetHints":{"allow":["GET"]}}],"collection":[{"href":"https:\/\/www.insanveinsan.org\/en\/wp-json\/wp\/v2\/pages"}],"about":[{"href":"https:\/\/www.insanveinsan.org\/en\/wp-json\/wp\/v2\/types\/page"}],"author":[{"embeddable":true,"href":"https:\/\/www.insanveinsan.org\/en\/wp-json\/wp\/v2\/users\/5"}],"replies":[{"embeddable":true,"href":"https:\/\/www.insanveinsan.org\/en\/wp-json\/wp\/v2\/comments?post=5072"}],"version-history":[{"count":1,"href":"https:\/\/www.insanveinsan.org\/en\/wp-json\/wp\/v2\/pages\/5072\/revisions"}],"predecessor-version":[{"id":5073,"href":"https:\/\/www.insanveinsan.org\/en\/wp-json\/wp\/v2\/pages\/5072\/revisions\/5073"}],"wp:attachment":[{"href":"https:\/\/www.insanveinsan.org\/en\/wp-json\/wp\/v2\/media?parent=5072"}],"curies":[{"name":"wp","href":"https:\/\/api.w.org\/{rel}","templated":true}]}}