{"id":5143,"date":"2022-10-01T14:35:55","date_gmt":"2022-10-01T11:35:55","guid":{"rendered":"https:\/\/www.insanveinsan.org\/?page_id=5143"},"modified":"2022-10-01T16:04:12","modified_gmt":"2022-10-01T13:04:12","slug":"sayi-34-guz-2022","status":"publish","type":"page","link":"https:\/\/www.insanveinsan.org\/en\/sayi-34-guz-2022\/","title":{"rendered":"Issue 34, Fall 2022"},"content":{"rendered":"<p><\/p>\n<table bgcolor=\"transparent\">\n<tbody>\n<tr>\n<td style=\"border-bottom: 1px dashed gray;\"><span style=\"color: default; font: 15px Trajan pro,arial,sans-serift;\">Y\u0131l 9, Say\u0131 34, G\u00fcz 2022<\/span><\/td>\n<td style=\"text-align: right; border-bottom: 1px dashed gray; margin-top: -4%; margin-bottom: -0.8%;\">ISSN: 2148-7537<\/td>\n<\/tr>\n<\/tbody>\n<\/table>\n<blockquote><p><span style=\"color: #008080;\"><em>THEME OF THE ISSUE: POLITICAL PARTIES AND ELECTIONS IN TURKEY <\/em><\/span><\/p><\/blockquote>\n<table style=\"height: 549px;\" width=\"659\" cellspacing=\"1\" bgcolor=\"transparent\">\n<tbody>\n<tbody>\n<tr>\n<td bgcolor=\"transparent\" width=\"85%\"><a title=\"Edit\u00f6r\u2019den\" href=\"https:\/\/insanveinsan.org\/sayilar\/insanveinsan_v09_i34_editorial_p11.pdf\" target=\"_blank\" rel=\"noopener\"><span style=\"text-decoration: none; font: 15px Trajan pro,arial,sans-serift;\">Edit\u00f6rden \/ Ed\u0131tor&#8217;s Preface<\/span><\/a><br \/>\n<span style=\"text-decoration: none; font-variant: normal; font-weight: normal; font-stretch: normal; font-size: 17px; line-height: normal; font-family: 'minion pro', arial, sans-serif;\">H. Emre Ba\u011fce <\/span><\/td>\n<td style=\"text-align: right; vertical-align: middle;\" bgcolor=\"transparent\"><a title=\"Edit\u00f6rden\" href=\"https:\/\/insanveinsan.org\/sayilar\/insanveinsan_v09_i34_editorial_p11.pdf\" target=\"_blank\" rel=\"noopener\"><span style=\"color: default; font: 38px Trajan pro,arial,sans-serift;\">11<\/span><\/a><\/td>\n<tr>\n<td bgcolor=\"transparent\" width=\"85%\"> <\/td>\n<td style=\"text-align: right; vertical-align: middle;\" bgcolor=\"transparent\"><\/td>\n<\/tr>\n<tr>\n<td bgcolor=\"transparent\" width=\"85%\"><span style=\"color: default; font: 15px Trajan pro,arial,sans-serift;\">Makaleler \/ Articles<\/span><\/td>\n<td width=\"15%\"><\/td>\n<\/tr>\n<tr>\n<td bgcolor=\"transparent\" width=\"85%\"> <\/td>\n<td style=\"text-align: right; vertical-align: middle;\" bgcolor=\"transparent\"><\/td>\n<\/tr>\n<tr>\n<td bgcolor=\"transparent\" width=\"85%\"><span style=\"color: default; font: 17px Trajan pro,arial,sans-serift;\"> Bu\u015fra Erimli <\/span><br \/>\n<a title=\"\u0130lk Meclis\u2019te Gruplar Aras\u0131 Rekabet ve Partile\u015fme Meselesi\" href=\"\/ilk-mecliste-gruplar-arasi-rekabet-ve-partilesme-meselesi\/\"><span style=\"text-decoration: none; font: italic 17px minion pro,arial,sans-serif;\">\u0130lk Meclis\u2019te Gruplar Aras\u0131 Rekabet ve Partile\u015fme Meselesi<\/span><\/a><br \/>\n<a title=\"Competition among Political Groups and Political Party Formation Issue in the First Assembly \" href=\"\/en\/ilk-mecliste-gruplar-arasi-rekabet-ve-partilesme-meselesi\/\"> <span style=\"text-decoration: none; font-variant: normal; font-weight: normal; font-stretch: normal; font-size: 17px; line-height: normal; font-family: 'minion pro', arial, sans-serif;\">Competition among Political Groups and Political Party Formation Issue in the First Assembly <\/span><\/a><\/td>\n<td style=\"text-align: right; vertical-align: middle;\" bgcolor=\"transparent\"><a title=\" Competition among Political Groups and Political Party Formation Issue in the First Assembly \" href=\"\/en\/ilk-mecliste-gruplar-arasi-rekabet-ve-partilesme-meselesi\/\"><span style=\"color: default; font: 38px Trajan pro,arial,sans-serift;\">13<\/span><\/a><\/td>\n<\/tr>\n<tr>\n<td bgcolor=\"transparent\" width=\"85%\"><span style=\"color: default; font: 17px Trajan pro,arial,sans-serift;\"> Abidin \u00c7evik <\/span><br \/>\n<a title=\"T\u00fcrkiye\u2019de Siyasi Partiler Aras\u0131 Rekabette Din-Devlet \u0130li\u015fkilerine Dair Tart\u0131\u015fmalar: Millet Partisi \u00d6rne\u011fi\" href=\"\/turkiyede-siyasi-partiler-arasi-rekabette-din-devlet-iliskilerine-dair-tartismalar-millet-partisi-ornegi\/\"><span style=\"text-decoration: none; font: italic 17px minion pro,arial,sans-serif;\">T\u00fcrkiye\u2019de Siyasi Partiler Aras\u0131 Rekabette Din-Devlet \u0130li\u015fkilerine Dair Tart\u0131\u015fmalar: Millet Partisi \u00d6rne\u011fi<\/span><\/a><br \/>\n<a title=\"Debates on Religion-State Relations in Competition between Political Parties in Turkey: The Case of the Nation Party\" href=\"\/en\/turkiyede-siyasi-partiler-arasi-rekabette-din-devlet-iliskilerine-dair-tartismalar-millet-partisi-ornegi\/\"> <span style=\"text-decoration: none; font-variant: normal; font-weight: normal; font-stretch: normal; font-size: 17px; line-height: normal; font-family: 'minion pro', arial, sans-serif;\">Debates on Religion-State Relations in Competition between Political Parties in Turkey: The Case of the Nation Party<\/span><\/a><\/td>\n<td style=\"text-align: right; vertical-align: middle;\" bgcolor=\"transparent\"><a title=\"Debates on Religion-State Relations in Competition between Political Parties in Turkey: The Case of the Nation Party\" href=\"\/en\/turkiyede-siyasi-partiler-arasi-rekabette-din-devlet-iliskilerine-dair-tartismalar-millet-partisi-ornegi\/\"><span style=\"color: default; font: 38px Trajan pro,arial,sans-serift;\">29<\/span><\/a><\/td>\n<\/tr>\n<tr>\n<td bgcolor=\"transparent\" width=\"85%\"><span style=\"color: default; font: 17px Trajan pro,arial,sans-serift;\">\u00d6mer Faruk K\u0131rm\u0131t<\/span><br \/>\n<a title=\"1965 Se\u00e7imlerinde Siyasi Partiler Aras\u0131 \u00c7eki\u015fmelerin Akis Dergisi\u2019ne Yans\u0131mas\u0131\" href=\"\/1965-secimlerinde-siyasi-partiler-arasi-cekismelerin-akis-dergisine-yansimasi\/\"><span style=\"text-decoration: none; font: italic 17px minion pro,arial,sans-serif;\">1965 Se\u00e7imlerinde Siyasi Partiler Aras\u0131 \u00c7eki\u015fmelerin Akis Dergisi\u2019ne Yans\u0131mas\u0131<\/span><\/a><br \/>\n<a title=\"Reflection of Conflicts between Political Parties in 1965 Elections to Akis Magazine\" href=\"\/en\/1965-secimlerinde-siyasi-partiler-arasi-cekismelerin-akis-dergisine-yansimasi\/\"> <span style=\"text-decoration: none; font-variant: normal; font-weight: normal; font-stretch: normal; font-size: 17px; line-height: normal; font-family: 'minion pro', arial, sans-serif;\">Reflection of Conflicts between Political Parties in 1965 Elections to Akis Magazine<\/span><\/a><\/td>\n<td style=\"text-align: right; vertical-align: middle;\" bgcolor=\"transparent\"><a title=\"Reflection of Conflicts between Political Parties in 1965 Elections to Akis Magazine\" href=\"\/en\/1965-secimlerinde-siyasi-partiler-arasi-cekismelerin-akis-dergisine-yansimasi\/\"><span style=\"color: default; font: 38px Trajan pro,arial,sans-serift;\">45<\/span><\/a><\/td>\n<\/tr>\n<tr>\n<td bgcolor=\"transparent\" width=\"85%\"><span style=\"color: default; font: 17px Trajan pro,arial,sans-serift;\">Ali \u00c7i\u00e7ek<\/span><br \/>\n<a title=\"T\u00fcrkiye\u2019de Se\u00e7im Hileleri: Gerrymandering\" href=\"\/turkiyede-secim-hileleri-gerrymandering\/\"><span style=\"text-decoration: none; font: italic 17px minion pro,arial,sans-serif;\">T\u00fcrkiye\u2019de Se\u00e7im Hileleri: Gerrymandering<\/span><\/a><br \/>\n<a title=\"The Election Cheatings in Turkey: Gerrymandering\" href=\"\/en\/turkiyede-secim-hileleri-gerrymandering\/\"> <span style=\"text-decoration: none; font-variant: normal; font-weight: normal; font-stretch: normal; font-size: 17px; line-height: normal; font-family: 'minion pro', arial, sans-serif;\">The Election Cheatings in Turkey: Gerrymandering<\/span><\/a><\/td>\n<td style=\"text-align: right; vertical-align: middle;\" bgcolor=\"transparent\"><a title=\"The Election Cheatings in Turkey: Gerrymandering\" href=\"\/en\/turkiyede-secim-hileleri-gerrymandering\/\"><span style=\"color: default; font: 38px Trajan pro,arial,sans-serift;\">61<\/span><\/a><\/td>\n<\/tr>\n<\/tbody>\n<\/table>\n<table bgcolor=\"transparent\">\n<tbody>\n<tr>\n<td style=\"border-bottom: 1px dashed gray;\"><\/td>\n<\/tr>\n<\/tbody>\n<\/table>\n<p><img loading=\"lazy\" decoding=\"async\" class=\"alignnone wp-image-119 size-full\" src=\"\/wp-content\/uploads\/pdf-e1407190133528.png\" alt=\"\" width=\"50\" height=\"50\"><br \/>\n<span style=\"text-decoration: none; font-variant: normal; font-weight: normal; font-stretch: normal; font-size: 15px; line-height: normal; font-family: 'minion pro', arial, sans-serif;\">Year 9, Issue 34, Fall 2022<br \/>\nTam metin \/ Full text<\/span><\/p>\n<div style=\"width: 240px;\">\n<span style=\"text-decoration: none; font-variant: normal; font-weight: normal; font-stretch: normal; font-size: 15px; line-height: normal; font-family: 'minion pro', arial, sans-serif;\"><\/p>\n<div style=\"float: left; width: 20px;\"><img decoding=\"async\" style=\"border-width:0\" src=\"\/wp-content\/uploads\/izleme-icon.png\"><\/div>\n<p><span style=\"text-decoration: none; font-variant: normal; font-weight: normal; font-stretch: normal; font-size: 15px; line-height: normal; font-family: 'minion pro', arial, sans-serif;\"><\/span><\/p>\n<div style=\"float: left; width: 50px;\">[post-views]<\/div>\n<div style=\"float: left; width: 20px;\"><img decoding=\"async\" style=\"border-width:0\" src=\"\/wp-content\/uploads\/indirme-icon.png\"><\/div>\n<div style=\"float: left; width: 150px;\"><span style=\"text-decoration: none; font-variant: normal; font-weight: normal; font-stretch: normal; font-size: 15px; line-height: normal; font-family: 'minion pro', arial, sans-serif;\"><div class=\"sdm_download_count\"><span class=\"sdm_count_number\">363<\/span><span class=\"sdm_count_string\"> Downloads<\/span><\/div><\/span><\/div>\n<p><br style=\"clear: left;\"><\/p>\n<p><\/span><\/div>\n<div class=\"sdm_download_button_box_default\"><div class=\"sdm_download_link\"><a href=\"https:\/\/www.insanveinsan.org\/?sdm_process_download=1&download_id=5137\" class=\"sdm_download grey\" title=\"(Turkish) 34\" target=&quot;_blank&quot;>Download Now!<\/a><\/div><\/div>\n<table bgcolor=\"transparent\">\n<tbody>\n<tr>\n<td style=\"border-bottom: 1px dashed gray;\"><\/td>\n<\/tr>\n<\/tbody>\n<\/table>\n<p><span style=\"text-decoration: none; font-variant: normal; font-weight: normal; font-stretch: normal; font-size: 15px; line-height: normal; font-family: 'minion pro', arial, sans-serif;\"><a rel=\"license\" href=\"http:\/\/creativecommons.org\/licenses\/by-nc\/4.0\/\"><img decoding=\"async\" alt=\"Creative Commons License\" style=\"border-width:0\" src=\"https:\/\/i.creativecommons.org\/l\/by-nc\/4.0\/80x15.png\"><\/a><br \/>\nThis work is licensed under a <a rel=\"license\" href=\"http:\/\/creativecommons.org\/licenses\/by-nc\/4.0\/\">Creative Commons Attribution-NonCommercial 4.0 International License<\/a>.<\/span><\/p>","protected":false},"excerpt":{"rendered":"<p>Y\u0131l 9, Say\u0131 34, G\u00fcz 2022 ISSN: 2148-7537 THEME OF THE ISSUE: POLITICAL PARTIES AND ELECTIONS IN TURKEY Edit\u00f6rden \/ Ed\u0131tor&#8217;s Preface H. Emre Ba\u011fce 11 Makaleler \/ Articles Bu\u015fra Erimli \u0130lk Meclis\u2019te Gruplar Aras\u0131 Rekabet ve Partile\u015fme Meselesi Competition among Political Groups and Political Party Formation Issue in the First Assembly 13 Abidin \u00c7evik &hellip; <a href=\"https:\/\/www.insanveinsan.org\/en\/sayi-34-guz-2022\/\" class=\"more-link\">Continue reading <span class=\"screen-reader-text\">Issue 34, Fall 2022<\/span><\/a><\/p>\n","protected":false},"author":5,"featured_media":0,"parent":0,"menu_order":0,"comment_status":"closed","ping_status":"closed","template":"","meta":{"footnotes":""},"class_list":["post-5143","page","type-page","status-publish","hentry"],"_links":{"self":[{"href":"https:\/\/www.insanveinsan.org\/en\/wp-json\/wp\/v2\/pages\/5143","targetHints":{"allow":["GET"]}}],"collection":[{"href":"https:\/\/www.insanveinsan.org\/en\/wp-json\/wp\/v2\/pages"}],"about":[{"href":"https:\/\/www.insanveinsan.org\/en\/wp-json\/wp\/v2\/types\/page"}],"author":[{"embeddable":true,"href":"https:\/\/www.insanveinsan.org\/en\/wp-json\/wp\/v2\/users\/5"}],"replies":[{"embeddable":true,"href":"https:\/\/www.insanveinsan.org\/en\/wp-json\/wp\/v2\/comments?post=5143"}],"version-history":[{"count":25,"href":"https:\/\/www.insanveinsan.org\/en\/wp-json\/wp\/v2\/pages\/5143\/revisions"}],"predecessor-version":[{"id":5346,"href":"https:\/\/www.insanveinsan.org\/en\/wp-json\/wp\/v2\/pages\/5143\/revisions\/5346"}],"wp:attachment":[{"href":"https:\/\/www.insanveinsan.org\/en\/wp-json\/wp\/v2\/media?parent=5143"}],"curies":[{"name":"wp","href":"https:\/\/api.w.org\/{rel}","templated":true}]}}