{"id":5201,"date":"2023-01-11T19:37:54","date_gmt":"2023-01-11T16:37:54","guid":{"rendered":"https:\/\/www.insanveinsan.org\/?page_id=5201"},"modified":"2023-01-11T20:26:13","modified_gmt":"2023-01-11T17:26:13","slug":"sayi-35-kis-2023","status":"publish","type":"page","link":"https:\/\/www.insanveinsan.org\/en\/sayi-35-kis-2023\/","title":{"rendered":"Issue 35, Winter 2023"},"content":{"rendered":"<p><\/p>\n<table bgcolor=\"transparent\">\n<tbody>\n<tr>\n<td style=\"border-bottom: 1px dashed gray;\"><span style=\"color: default; font: 15px Trajan pro,arial,sans-serift;\">Y\u0131l 10, Say\u0131 35, K\u0131\u015f 2023<\/span><\/td>\n<td style=\"text-align: right; border-bottom: 1px dashed gray; margin-top: -4%; margin-bottom: -0.8%;\">ISSN: 2148-7537<\/td>\n<\/tr>\n<\/tbody>\n<\/table>\n<blockquote><p><span style=\"color: #008080;\"><em>THEME OF THE ISSUE: POST-PANDEMIC SOCIETY <\/em><\/span><\/p><\/blockquote>\n<table style=\"height: 549px;\" width=\"659\" cellspacing=\"1\" bgcolor=\"transparent\">\n<tbody>\n<tbody>\n<tr>\n<td bgcolor=\"transparent\" width=\"85%\"><span style=\"color: default; font: 15px Trajan pro,arial,sans-serift;\">Makaleler<br \/>\nArticles<\/span><\/td>\n<td width=\"15%\"><\/td>\n<\/tr>\n<tr>\n<td bgcolor=\"transparent\" width=\"85%\"><span style=\"color: default; font: 17px Trajan pro,arial,sans-serift;\"> Do\u011fa Ba\u015far Sar\u0131ipek \/ G\u00f6k\u00e7e Cerev \/ Emine Elif Ayhan <\/span><br \/>\n<a title=\"\u0130\u015fg\u00fcc\u00fc Piyasas\u0131nda Pandemi Sonras\u0131 \u201cYeni Normal\u201d: Hibrit \u00c7al\u0131\u015fma ve \u0130\u015f-Ya\u015fam Dengesi\" href=\"\/isgucu-piyasasinda-pandemi-sonrasi-yeni-normal-hibrit-calisma-ve-is-yasam-dengesi\/\"><span style=\"text-decoration: none; font: italic 17px minion pro,arial,sans-serif;\">\u0130\u015fg\u00fcc\u00fc Piyasas\u0131nda Pandemi Sonras\u0131 \u201cYeni Normal\u201d: Hibrit \u00c7al\u0131\u015fma ve \u0130\u015f-Ya\u015fam Dengesi<\/span><\/a><br \/>\n<a title=\"The Post-Pandemic \u201cNew Normal\u201d in the Labor Market; Hybrid Work and Work-Life Balance\" href=\"\/en\/isgucu-piyasasinda-pandemi-sonrasi-yeni-normal-hibrit-calisma-ve-is-yasam-dengesi\/\"> <span style=\"text-decoration: none; font-variant: normal; font-weight: normal; font-stretch: normal; font-size: 17px; line-height: normal; font-family: 'minion pro', arial, sans-serif;\">The Post-Pandemic \u201cNew Normal\u201d in the Labor Market; Hybrid Work and Work-Life Balance<\/span><\/a><\/td>\n<td style=\"text-align: right; vertical-align: middle;\" bgcolor=\"transparent\"><a title=\" The Post-Pandemic \u201cNew Normal\u201d in the Labor Market; Hybrid Work and Work-Life Balance\" href=\"\/en\/isgucu-piyasasinda-pandemi-sonrasi-yeni-normal-hibrit-calisma-ve-is-yasam-dengesi\/\"><span style=\"color: default; font: 38px Trajan pro,arial,sans-serift;\">11<\/span><\/a><\/td>\n<\/tr>\n<tr>\n<td bgcolor=\"transparent\" width=\"85%\"><span style=\"color: default; font: 17px Trajan pro,arial,sans-serift;\"> Melike Atay Polat \/ Suzan Erg\u00fcn <\/span><br \/>\n<a title=\"COVID-19 Pandemisi T\u00fcrkiye\u2019nin Ye\u015fil B\u00fcy\u00fcme G\u00f6stergeleri Bak\u0131m\u0131ndan OECD Kar\u015f\u0131s\u0131ndaki Performans\u0131n\u0131 De\u011fi\u015ftirdi mi?\" href=\"\/covid-19-pandemisi-turkiyenin-yesil-buyume-gostergeleri-bakimindan-oecd-karsisindaki-performansini-degistirdi-mi\/\"><span style=\"text-decoration: none; font: italic 17px minion pro,arial,sans-serif;\">COVID-19 Pandemisi T\u00fcrkiye\u2019nin Ye\u015fil B\u00fcy\u00fcme G\u00f6stergeleri Bak\u0131m\u0131ndan OECD Kar\u015f\u0131s\u0131ndaki Performans\u0131n\u0131 De\u011fi\u015ftirdi mi?<\/span><\/a><br \/>\n<a title=\"Has the COVID-19 Pandemic Changed Turkey\u2019s Performance Against The OECD in Regards to Green Growth Indicators?\" href=\"\/en\/covid-19-pandemisi-turkiyenin-yesil-buyume-gostergeleri-bakimindan-oecd-karsisindaki-performansini-degistirdi-mi\/\"> <span style=\"text-decoration: none; font-variant: normal; font-weight: normal; font-stretch: normal; font-size: 17px; line-height: normal; font-family: 'minion pro', arial, sans-serif;\">Has the COVID-19 Pandemic Changed Turkey\u2019s Performance Against The OECD in Regards to Green Growth Indicators?<\/span><\/a><\/td>\n<td style=\"text-align: right; vertical-align: middle;\" bgcolor=\"transparent\"><a title=\"Has the COVID-19 Pandemic Changed Turkey\u2019s Performance Against The OECD in Regards to Green Growth Indicators?\" href=\"\/en\/covid-19-pandemisi-turkiyenin-yesil-buyume-gostergeleri-bakimindan-oecd-karsisindaki-performansini-degistirdi-mi\/\"><span style=\"color: default; font: 38px Trajan pro,arial,sans-serift;\">29<\/span><\/a><\/td>\n<\/tr>\n<tr>\n<td bgcolor=\"transparent\" width=\"85%\"><span style=\"color: default; font: 17px Trajan pro,arial,sans-serift;\">Banu Say\u0131ner<\/span><br \/>\n<a title=\"Pandemi Sonras\u0131 Toplumda Belirsizli\u011fe Tahamm\u00fcls\u00fczl\u00fc\u011f\u00fcn Psikolojik Etkileri\" href=\"\/pandemi-sonrasi-toplumda-belirsizlige-tahammulsuzlugun-psikolojik-etkileri\/\"><span style=\"text-decoration: none; font: italic 17px minion pro,arial,sans-serif;\">Pandemi Sonras\u0131 Toplumda Belirsizli\u011fe Tahamm\u00fcls\u00fczl\u00fc\u011f\u00fcn Psikolojik Etkileri<\/span><\/a><br \/>\n<a title=\"Psychological Effects of Intolerance of Uncertainty in the Post-pandemic Society\" href=\"\/en\/pandemi-sonrasi-toplumda-belirsizlige-tahammulsuzlugun-psikolojik-etkileri\/\"> <span style=\"text-decoration: none; font-variant: normal; font-weight: normal; font-stretch: normal; font-size: 17px; line-height: normal; font-family: 'minion pro', arial, sans-serif;\">Psychological Effects of Intolerance of Uncertainty in the Post-pandemic Society<\/span><\/a><\/td>\n<td style=\"text-align: right; vertical-align: middle;\" bgcolor=\"transparent\"><a title=\"Psychological Effects of Intolerance of Uncertainty in the Post-pandemic Society\" href=\"\/en\/pandemi-sonrasi-toplumda-belirsizlige-tahammulsuzlugun-psikolojik-etkileri\/\"><span style=\"color: default; font: 38px Trajan pro,arial,sans-serift;\">47<\/span><\/a><\/td>\n<\/tr>\n<\/tbody>\n<\/table>\n<table bgcolor=\"transparent\">\n<tbody>\n<tr>\n<td style=\"border-bottom: 1px dashed gray;\"><\/td>\n<\/tr>\n<\/tbody>\n<\/table>\n<p><img loading=\"lazy\" decoding=\"async\" class=\"alignnone wp-image-119 size-full\" src=\"\/wp-content\/uploads\/pdf-e1407190133528.png\" alt=\"\" width=\"50\" height=\"50\"><br \/>\n<span style=\"text-decoration: none; font-variant: normal; font-weight: normal; font-stretch: normal; font-size: 15px; line-height: normal; font-family: 'minion pro', arial, sans-serif;\">Year 10, Issue 35, Winter 2023<br \/>\nTam metin \/ Full text<\/span><\/p>\n<div style=\"width: 240px;\">\n<span style=\"text-decoration: none; font-variant: normal; font-weight: normal; font-stretch: normal; font-size: 15px; line-height: normal; font-family: 'minion pro', arial, sans-serif;\"><\/p>\n<div style=\"float: left; width: 20px;\"><img decoding=\"async\" style=\"border-width:0\" src=\"\/wp-content\/uploads\/izleme-icon.png\"><\/div>\n<p><span style=\"text-decoration: none; font-variant: normal; font-weight: normal; font-stretch: normal; font-size: 15px; line-height: normal; font-family: 'minion pro', arial, sans-serif;\"><\/span><\/p>\n<div style=\"float: left; width: 50px;\">[post-views]<\/div>\n<div style=\"float: left; width: 20px;\"><img decoding=\"async\" style=\"border-width:0\" src=\"\/wp-content\/uploads\/indirme-icon.png\"><\/div>\n<div style=\"float: left; width: 150px;\"><span style=\"text-decoration: none; font-variant: normal; font-weight: normal; font-stretch: normal; font-size: 15px; line-height: normal; font-family: 'minion pro', arial, sans-serif;\"><div class=\"sdm_download_count\"><span class=\"sdm_count_number\">284<\/span><span class=\"sdm_count_string\"> Downloads<\/span><\/div><\/span><\/div>\n<p><br style=\"clear: left;\"><\/p>\n<p><\/span><\/div>\n<div class=\"sdm_download_button_box_default\"><div class=\"sdm_download_link\"><a href=\"https:\/\/www.insanveinsan.org\/?sdm_process_download=1&download_id=5197\" class=\"sdm_download grey\" title=\"(Turkish) 35\" target=&quot;_blank&quot;>Download Now!<\/a><\/div><\/div>\n<table bgcolor=\"transparent\">\n<tbody>\n<tr>\n<td style=\"border-bottom: 1px dashed gray;\"><\/td>\n<\/tr>\n<\/tbody>\n<\/table>\n<p><span style=\"text-decoration: none; font-variant: normal; font-weight: normal; font-stretch: normal; font-size: 15px; line-height: normal; font-family: 'minion pro', arial, sans-serif;\"><a rel=\"license\" href=\"http:\/\/creativecommons.org\/licenses\/by-nc\/4.0\/\"><img decoding=\"async\" alt=\"Creative Commons License\" style=\"border-width:0\" src=\"https:\/\/i.creativecommons.org\/l\/by-nc\/4.0\/80x15.png\"><\/a><br \/>\nThis work is licensed under a <a rel=\"license\" href=\"http:\/\/creativecommons.org\/licenses\/by-nc\/4.0\/\">Creative Commons Attribution-NonCommercial 4.0 International License<\/a>.<\/span><br \/>\n<\/p>","protected":false},"excerpt":{"rendered":"<p>Y\u0131l 10, Say\u0131 35, K\u0131\u015f 2023 ISSN: 2148-7537 THEME OF THE ISSUE: POST-PANDEMIC SOCIETY Makaleler Articles Do\u011fa Ba\u015far Sar\u0131ipek \/ G\u00f6k\u00e7e Cerev \/ Emine Elif Ayhan \u0130\u015fg\u00fcc\u00fc Piyasas\u0131nda Pandemi Sonras\u0131 \u201cYeni Normal\u201d: Hibrit \u00c7al\u0131\u015fma ve \u0130\u015f-Ya\u015fam Dengesi The Post-Pandemic \u201cNew Normal\u201d in the Labor Market; Hybrid Work and Work-Life Balance 11 Melike Atay Polat \/ &hellip; <a href=\"https:\/\/www.insanveinsan.org\/en\/sayi-35-kis-2023\/\" class=\"more-link\">Continue reading <span class=\"screen-reader-text\">Issue 35, Winter 2023<\/span><\/a><\/p>\n","protected":false},"author":5,"featured_media":0,"parent":0,"menu_order":0,"comment_status":"closed","ping_status":"closed","template":"","meta":{"footnotes":""},"class_list":["post-5201","page","type-page","status-publish","hentry"],"_links":{"self":[{"href":"https:\/\/www.insanveinsan.org\/en\/wp-json\/wp\/v2\/pages\/5201","targetHints":{"allow":["GET"]}}],"collection":[{"href":"https:\/\/www.insanveinsan.org\/en\/wp-json\/wp\/v2\/pages"}],"about":[{"href":"https:\/\/www.insanveinsan.org\/en\/wp-json\/wp\/v2\/types\/page"}],"author":[{"embeddable":true,"href":"https:\/\/www.insanveinsan.org\/en\/wp-json\/wp\/v2\/users\/5"}],"replies":[{"embeddable":true,"href":"https:\/\/www.insanveinsan.org\/en\/wp-json\/wp\/v2\/comments?post=5201"}],"version-history":[{"count":2,"href":"https:\/\/www.insanveinsan.org\/en\/wp-json\/wp\/v2\/pages\/5201\/revisions"}],"predecessor-version":[{"id":5209,"href":"https:\/\/www.insanveinsan.org\/en\/wp-json\/wp\/v2\/pages\/5201\/revisions\/5209"}],"wp:attachment":[{"href":"https:\/\/www.insanveinsan.org\/en\/wp-json\/wp\/v2\/media?parent=5201"}],"curies":[{"name":"wp","href":"https:\/\/api.w.org\/{rel}","templated":true}]}}