{"id":5269,"date":"2023-07-08T16:20:41","date_gmt":"2023-07-08T13:20:41","guid":{"rendered":"https:\/\/www.insanveinsan.org\/?page_id=5269"},"modified":"2023-07-08T17:45:35","modified_gmt":"2023-07-08T14:45:35","slug":"sayi-36-yaz-2023","status":"publish","type":"page","link":"https:\/\/www.insanveinsan.org\/en\/sayi-36-yaz-2023\/","title":{"rendered":"Issue 36, Summer 2023"},"content":{"rendered":"<p><\/p>\n<table bgcolor=\"transparent\">\n<tbody>\n<tr>\n<td style=\"border-bottom: 1px dashed gray;\"><span style=\"color: default; font: 15px Trajan pro,arial,sans-serift;\">Y\u0131l 10, Say\u0131 36, Yaz 2023<\/span><\/td>\n<td style=\"text-align: right; border-bottom: 1px dashed gray; margin-top: -4%; margin-bottom: -0.8%;\">ISSN: 2148-7537<\/td>\n<\/tr>\n<\/tbody>\n<\/table>\n<blockquote><p><span style=\"color: #008080;\"><em>THEME OF THE ISSUE: METAVERSE \u2013 UTOP\u0130AN OR DYSTOP\u0130AN FUTURE?<\/em><\/span><\/p><\/blockquote>\n<table style=\"height: 549px;\" width=\"659\" cellspacing=\"1\" bgcolor=\"transparent\">\n<tbody>\n<tbody>\n<tr>\n<td bgcolor=\"transparent\" width=\"85%\"><span style=\"color: default; font: 15px Trajan pro,arial,sans-serift;\">Makaleler<br \/>\nArticles<\/span><\/td>\n<td width=\"15%\"><\/td>\n<\/tr>\n<tr>\n<td bgcolor=\"transparent\" width=\"85%\"><span style=\"color: default; font: 17px Trajan pro,arial,sans-serift;\">Z\u00fcbeyde Demircio\u011flu<\/span><br \/>\n<a title=\"Pandemiden Metaverse\u2019e: Veri Odakl\u0131 Toplumun Y\u00fckseli\u015fi ve Riskleri\" href=\"\/pandemiden-metaversee-veri-odakli-toplumun-yukselisi-ve-riskleri\/\"><span style=\"text-decoration: none; font: italic 17px minion pro,arial,sans-serif;\">Pandemiden Metaverse\u2019e: Veri Odakl\u0131 Toplumun Y\u00fckseli\u015fi ve Riskleri<\/span><\/a><br \/>\n<a title=\"From Pandemic to Metaverse: The Rise and Risks of Data-Driven Society\" href=\"\/en\/pandemiden-metaversee-veri-odakli-toplumun-yukselisi-ve-riskleri\/\"> <span style=\"text-decoration: none; font-variant: normal; font-weight: normal; font-stretch: normal; font-size: 17px; line-height: normal; font-family: 'minion pro', arial, sans-serif;\">From Pandemic to Metaverse: The Rise and Risks of Data-Driven Society<\/span><\/a><\/td>\n<td style=\"text-align: right; vertical-align: middle;\" bgcolor=\"transparent\"><a title=\" From Pandemic to Metaverse: The Rise and Risks of Data-Driven Society\" href=\"\/en\/pandemiden-metaversee-veri-odakli-toplumun-yukselisi-ve-riskleri\/\"><span style=\"color: default; font: 38px Trajan pro,arial,sans-serift;\">11<\/span><\/a><\/td>\n<\/tr>\n<tr>\n<td bgcolor=\"transparent\" width=\"85%\"><span style=\"color: default; font: 17px Trajan pro,arial,sans-serift;\">Derya Nil Budak<\/span><br \/>\n<a title=\"S\u00fcrd\u00fcr\u00fclebilirli\u011fin End\u00fcstrile\u015fmesi, Kapitalizmin \u0130leri D\u00f6n\u00fc\u015f\u00fcm\u00fc ve Postdijital S\u00fcrd\u00fcr\u00fclebilirlik\" href=\"\/surdurulebilirligin-endustrilesmesi-kapitalizmin-ileri-donusumu-ve-postdijital-surdurulebilirlik\/\"><span style=\"text-decoration: none; font: italic 17px minion pro,arial,sans-serif;\">S\u00fcrd\u00fcr\u00fclebilirli\u011fin End\u00fcstrile\u015fmesi, Kapitalizmin \u0130leri D\u00f6n\u00fc\u015f\u00fcm\u00fc ve Postdijital S\u00fcrd\u00fcr\u00fclebilirlik<\/span><\/a><br \/>\n<a title=\"Industrialization of Sustainability, Upcycling of Capitalism and Postdigital Sustainability\" href=\"\/en\/surdurulebilirligin-endustrilesmesi-kapitalizmin-ileri-donusumu-ve-postdijital-surdurulebilirlik\/\"> <span style=\"text-decoration: none; font-variant: normal; font-weight: normal; font-stretch: normal; font-size: 17px; line-height: normal; font-family: 'minion pro', arial, sans-serif;\">Industrialization of Sustainability, Upcycling of Capitalism and Postdigital Sustainability<\/span><\/a><\/td>\n<td style=\"text-align: right; vertical-align: middle;\" bgcolor=\"transparent\"><a title=\"Industrialization of Sustainability, Upcycling of Capitalism and Postdigital Sustainability\" href=\"\/en\/surdurulebilirligin-endustrilesmesi-kapitalizmin-ileri-donusumu-ve-postdijital-surdurulebilirlik\/\"><span style=\"color: default; font: 38px Trajan pro,arial,sans-serift;\">25<\/span><\/a><\/td>\n<\/tr>\n<tr>\n<td bgcolor=\"transparent\" width=\"85%\"><span style=\"color: default; font: 17px Trajan pro,arial,sans-serift;\">Murat Bahad\u0131r<\/span><br \/>\n<a title=\"Metafizikten Metaverse: Sanal \u00c7a\u011f Yeni Bir Orta \u00c7a\u011f m\u0131?\" href=\"\/metafizikten-metaverse-sanal-cag-yeni-bir-orta-cag-mi\/\"><span style=\"text-decoration: none; font: italic 17px minion pro,arial,sans-serif;\">Metafizikten Metaverse: Sanal \u00c7a\u011f Yeni Bir Orta \u00c7a\u011f m\u0131?<\/span><\/a><br \/>\n<a title=\"From Metaphysics to Metaverse: Is the Virtual Age a New Middle Age?\" href=\"\/en\/metafizikten-metaverse-sanal-cag-yeni-bir-orta-cag-mi\/\"> <span style=\"text-decoration: none; font-variant: normal; font-weight: normal; font-stretch: normal; font-size: 17px; line-height: normal; font-family: 'minion pro', arial, sans-serif;\">From Metaphysics to Metaverse: Is the Virtual Age a New Middle Age?<\/span><\/a><\/td>\n<td style=\"text-align: right; vertical-align: middle;\" bgcolor=\"transparent\"><a title=\"From Metaphysics to Metaverse: Is the Virtual Age a New Middle Age?\" href=\"\/en\/metafizikten-metaverse-sanal-cag-yeni-bir-orta-cag-mi\/\"><span style=\"color: default; font: 38px Trajan pro,arial,sans-serift;\">39<\/span><\/a><\/td>\n<\/tr>\n<tr>\n<td bgcolor=\"transparent\" width=\"85%\"><span style=\"color: default; font: 17px Trajan pro,arial,sans-serift;\"> Zaliha \u0130nci Karabacak<\/span><br \/>\n<a title=\"Metaverse\u2019te Beyin-Bilgisayar Aray\u00fczleri Kullan\u0131m\u0131na Y\u00f6nelik Sa\u011fl\u0131k, Oyun, Pazarlama ve Reklam Sekt\u00f6rleri Ba\u011flam\u0131nda Bir De\u011ferlendirme\" href=\"\/metaversete-beyin-bilgisayar-arayuzleri-kullanimina-yonelik-saglik-oyun-pazarlama-ve-reklam-sektorleri-baglaminda-bir-degerlendirme\/\"><span style=\"text-decoration: none; font: italic 17px minion pro,arial,sans-serif;\">Metaverse\u2019te Beyin-Bilgisayar Aray\u00fczleri Kullan\u0131m\u0131na Y\u00f6nelik Sa\u011fl\u0131k, Oyun, Pazarlama ve Reklam Sekt\u00f6rleri Ba\u011flam\u0131nda Bir De\u011ferlendirme<\/span><\/a><br \/>\n<a title=\"An Evaluation of the Use of Brain-Computer Interfaces in the Metaverse in the Context of Health, Gaming, Marketing and Advertising Sectors\/\"> <span style=\"text-decoration: none; font-variant: normal; font-weight: normal; font-stretch: normal; font-size: 17px; line-height: normal; font-family: 'minion pro', arial, sans-serif;\">An Evaluation of the Use of Brain-Computer Interfaces in the Metaverse in the Context of Health, Gaming, Marketing and Advertising Sectors<\/span><\/a><\/td>\n<td style=\"text-align: right; vertical-align: middle;\" bgcolor=\"transparent\"><a title=\"An Evaluation of the Use of Brain-Computer Interfaces in the Metaverse in the Context of Health, Gaming, Marketing and Advertising Sectors\" href=\"\/en\/metaversete-beyin-bilgisayar-arayuzleri-kullanimina-yonelik-saglik-oyun-pazarlama-ve-reklam-sektorleri-baglaminda-bir-degerlendirme\/\"><span style=\"color: default; font: 38px Trajan pro,arial,sans-serift;\">56<\/span><\/a><\/td>\n<\/tr>\n<tr>\n<td bgcolor=\"transparent\" width=\"85%\"><span style=\"color: default; font: 17px Trajan pro,arial,sans-serift;\">\u0130brahim Sena Arvas \/ Rabia Zamur Tuncer<\/span><br \/>\n<a title=\"Kavram Karma\u015fas\u0131n\u0131n G\u00f6lgesinde Blokzincirinin Matru\u015fkas\u0131: Bitcoin, Blokzinciri, Web 3.0 ve Metaverse\" href=\"\/kavram-karmasasinin-golgesinde-blokzincirinin-matruskasi-bitcoin-blokzinciri-web-3.0-ve-metaverse\/\"><span style=\"text-decoration: none; font: italic 17px minion pro,arial,sans-serif;\">Kavram Karma\u015fas\u0131n\u0131n G\u00f6lgesinde Blokzincirinin Matru\u015fkas\u0131: Bitcoin, Blokzinciri, Web 3.0 ve Metaverse<\/span><\/a><br \/>\n<a title=\"The Matryoshka of Blockchain in the Shadow of Conceptual Confusion: Bitcoin, Blockchain, Web 3.0 and Metaverse\" href=\"\/en\/kavram-karmasasinin-golgesinde-blokzincirinin-matruskasi-bitcoin-blokzinciri-web-3.0-ve-metaverse\/\"> <span style=\"text-decoration: none; font-variant: normal; font-weight: normal; font-stretch: normal; font-size: 17px; line-height: normal; font-family: 'minion pro', arial, sans-serif;\">The Matryoshka of Blockchain in the Shadow of Conceptual Confusion: Bitcoin, Blockchain, Web 3.0 and Metaverse<\/span><\/a><\/td>\n<td style=\"text-align: right; vertical-align: middle;\" bgcolor=\"transparent\"><a title=\"Industrialization of Sustainability, Upcycling of Capitalism and Postdigital Sustainability\" href=\"\/en\/ kavram-karmasasinin-golgesinde-blokzincirinin-matruskasi-bitcoin-blokzinciri-web-3.0-ve-metaverse\/\"><span style=\"color: default; font: 38px Trajan pro,arial,sans-serift;\">71<\/span><\/a><\/td>\n<\/tr>\n<\/tbody>\n<\/table>\n<table bgcolor=\"transparent\">\n<tbody>\n<tr>\n<td style=\"border-bottom: 1px dashed gray;\"><\/td>\n<\/tr>\n<\/tbody>\n<\/table>\n<p><img loading=\"lazy\" decoding=\"async\" class=\"alignnone wp-image-119 size-full\" src=\"\/wp-content\/uploads\/pdf-e1407190133528.png\" alt=\"\" width=\"50\" height=\"50\"><br \/>\n<span style=\"text-decoration: none; font-variant: normal; font-weight: normal; font-stretch: normal; font-size: 15px; line-height: normal; font-family: 'minion pro', arial, sans-serif;\">Year 10, Issue 36, Summer 2023<br \/>\nTam metin \/ Full text<\/span><\/p>\n<div style=\"width: 240px;\">\n<span style=\"text-decoration: none; font-variant: normal; font-weight: normal; font-stretch: normal; font-size: 15px; line-height: normal; font-family: 'minion pro', arial, sans-serif;\"><\/p>\n<div style=\"float: left; width: 20px;\"><img decoding=\"async\" style=\"border-width:0\" src=\"\/wp-content\/uploads\/izleme-icon.png\"><\/div>\n<p><span style=\"text-decoration: none; font-variant: normal; font-weight: normal; font-stretch: normal; font-size: 15px; line-height: normal; font-family: 'minion pro', arial, sans-serif;\"><\/span><\/p>\n<div style=\"float: left; width: 50px;\">[post-views]<\/div>\n<div style=\"float: left; width: 20px;\"><img decoding=\"async\" style=\"border-width:0\" src=\"\/wp-content\/uploads\/indirme-icon.png\"><\/div>\n<div style=\"float: left; width: 150px;\"><span style=\"text-decoration: none; font-variant: normal; font-weight: normal; font-stretch: normal; font-size: 15px; line-height: normal; font-family: 'minion pro', arial, sans-serif;\"><div class=\"sdm_download_count\"><span class=\"sdm_count_number\">468<\/span><span class=\"sdm_count_string\"> Downloads<\/span><\/div><\/span><\/div>\n<p><br style=\"clear: left;\"><\/p>\n<p><\/span><\/div>\n<div class=\"sdm_download_button_box_default\"><div class=\"sdm_download_link\"><a href=\"https:\/\/www.insanveinsan.org\/?sdm_process_download=1&download_id=5285\" class=\"sdm_download grey\" title=\"(Turkish) 36\" target=&quot;_blank&quot;>Download Now!<\/a><\/div><\/div>\n<table bgcolor=\"transparent\">\n<tbody>\n<tr>\n<td style=\"border-bottom: 1px dashed gray;\"><\/td>\n<\/tr>\n<\/tbody>\n<\/table>\n<p><span style=\"text-decoration: none; font-variant: normal; font-weight: normal; font-stretch: normal; font-size: 15px; line-height: normal; font-family: 'minion pro', arial, sans-serif;\"><a rel=\"license\" href=\"http:\/\/creativecommons.org\/licenses\/by-nc\/4.0\/\"><img decoding=\"async\" alt=\"Creative Commons License\" style=\"border-width:0\" src=\"https:\/\/i.creativecommons.org\/l\/by-nc\/4.0\/80x15.png\"><\/a><br \/>\nThis work is licensed under a <a rel=\"license\" href=\"http:\/\/creativecommons.org\/licenses\/by-nc\/4.0\/\">Creative Commons Attribution-NonCommercial 4.0 International License<\/a>.<\/span><\/p>","protected":false},"excerpt":{"rendered":"<p>Y\u0131l 10, Say\u0131 36, Yaz 2023 ISSN: 2148-7537 THEME OF THE ISSUE: METAVERSE \u2013 UTOP\u0130AN OR DYSTOP\u0130AN FUTURE? Makaleler Articles Z\u00fcbeyde Demircio\u011flu Pandemiden Metaverse\u2019e: Veri Odakl\u0131 Toplumun Y\u00fckseli\u015fi ve Riskleri From Pandemic to Metaverse: The Rise and Risks of Data-Driven Society 11 Derya Nil Budak S\u00fcrd\u00fcr\u00fclebilirli\u011fin End\u00fcstrile\u015fmesi, Kapitalizmin \u0130leri D\u00f6n\u00fc\u015f\u00fcm\u00fc ve Postdijital S\u00fcrd\u00fcr\u00fclebilirlik Industrialization of &hellip; <a href=\"https:\/\/www.insanveinsan.org\/en\/sayi-36-yaz-2023\/\" class=\"more-link\">Continue reading <span class=\"screen-reader-text\">Issue 36, Summer 2023<\/span><\/a><\/p>\n","protected":false},"author":5,"featured_media":0,"parent":0,"menu_order":0,"comment_status":"closed","ping_status":"closed","template":"","meta":{"footnotes":""},"class_list":["post-5269","page","type-page","status-publish","hentry"],"_links":{"self":[{"href":"https:\/\/www.insanveinsan.org\/en\/wp-json\/wp\/v2\/pages\/5269","targetHints":{"allow":["GET"]}}],"collection":[{"href":"https:\/\/www.insanveinsan.org\/en\/wp-json\/wp\/v2\/pages"}],"about":[{"href":"https:\/\/www.insanveinsan.org\/en\/wp-json\/wp\/v2\/types\/page"}],"author":[{"embeddable":true,"href":"https:\/\/www.insanveinsan.org\/en\/wp-json\/wp\/v2\/users\/5"}],"replies":[{"embeddable":true,"href":"https:\/\/www.insanveinsan.org\/en\/wp-json\/wp\/v2\/comments?post=5269"}],"version-history":[{"count":5,"href":"https:\/\/www.insanveinsan.org\/en\/wp-json\/wp\/v2\/pages\/5269\/revisions"}],"predecessor-version":[{"id":5301,"href":"https:\/\/www.insanveinsan.org\/en\/wp-json\/wp\/v2\/pages\/5269\/revisions\/5301"}],"wp:attachment":[{"href":"https:\/\/www.insanveinsan.org\/en\/wp-json\/wp\/v2\/media?parent=5269"}],"curies":[{"name":"wp","href":"https:\/\/api.w.org\/{rel}","templated":true}]}}