{"id":5343,"date":"2024-01-09T12:39:46","date_gmt":"2024-01-09T09:39:46","guid":{"rendered":"https:\/\/www.insanveinsan.org\/?page_id=5343"},"modified":"2024-01-09T12:49:04","modified_gmt":"2024-01-09T09:49:04","slug":"sayi-37-kis-2024","status":"publish","type":"page","link":"https:\/\/www.insanveinsan.org\/en\/sayi-37-kis-2024\/","title":{"rendered":"Issue 37, Winter 2024"},"content":{"rendered":"<p><\/p>\n<table bgcolor=\"transparent\">\n<tbody>\n<tr>\n<td style=\"border-bottom: 1px dashed gray;\"><span style=\"color: default; font: 15px Trajan pro,arial,sans-serift;\">Y\u0131l 11, Say\u0131 37, K\u0131\u015f 2024<\/span><\/td>\n<td style=\"text-align: right; border-bottom: 1px dashed gray; margin-top: -4%; margin-bottom: -0.8%;\">ISSN: 2148-7537<\/td>\n<\/tr>\n<\/tbody>\n<\/table>\n<blockquote><p><span style=\"color: #008080;\"><em>THEME OF THE ISSUE: TURKEY\u2019S ECONOMIC UNDEVELOPMENT PROBLEM <\/em><\/span><\/p><\/blockquote>\n<table style=\"height: 549px;\" width=\"659\" cellspacing=\"1\" bgcolor=\"transparent\">\n<tbody>\n<tbody>\n<tr>\n<td bgcolor=\"transparent\" width=\"85%\"><span style=\"color: default; font: 15px Trajan pro,arial,sans-serift;\">Makaleler<br \/>\nArticles<\/span><\/td>\n<td width=\"15%\"><\/td>\n<\/tr>\n<tr>\n<td bgcolor=\"transparent\" width=\"85%\"><span style=\"color: default; font: 17px Trajan pro,arial,sans-serift;\"> Tunahan Hac\u0131\u0130mamo\u011flu \/ O\u011fuzhan Sungur <\/span><br \/>\n<a title=\"T\u00fcrkiye'de Be\u015fer\u00ee Sermaye, Fiziki Sermaye, Ekonomik Karma\u015f\u0131kl\u0131k ve Ekonomik B\u00fcy\u00fcme Ba\u011flant\u0131s\u0131: Kantil Bootstrap Fourier Granger Nedensellik Yakla\u015f\u0131m\u0131ndan Yeni Kan\u0131tlar\" href=\"\/turkiyede-beseri-sermaye-fiziki-sermaye-ekonomik-karmasiklik-ve-ekonomik-buyume-baglantisi-kantil-bootstrap-fourier-granger-nedensellik-yaklasimindan-yeni-kanitlar\/\"><span style=\"text-decoration: none; font: italic 17px minion pro,arial,sans-serif;\">T\u00fcrkiye&#8217;de Be\u015fer\u00ee Sermaye, Fiziki Sermaye, Ekonomik Karma\u015f\u0131kl\u0131k ve Ekonomik B\u00fcy\u00fcme Ba\u011flant\u0131s\u0131: Kantil Bootstrap Fourier Granger Nedensellik Yakla\u015f\u0131m\u0131ndan Yeni Kan\u0131tlar<\/span><\/a><br \/>\n<a title=\"Human Capital, Physical Capital, Economic Complexity, and Economic Growth Nexus in T\u00fcrkiye: New Evidence from Bootstrap Fourier Granger Causality in Quantiles Approach\" href=\"\/en\/turkiyede-beseri-sermaye-fiziki-sermaye-ekonomik-karmasiklik-ve-ekonomik-buyume-baglantisi-kantil-bootstrap-fourier-granger-nedensellik-yaklasimindan-yeni-kanitlar\/\"> <span style=\"text-decoration: none; font-variant: normal; font-weight: normal; font-stretch: normal; font-size: 17px; line-height: normal; font-family: 'minion pro', arial, sans-serif;\">Human Capital, Physical Capital, Economic Complexity, and Economic Growth Nexus in T\u00fcrkiye: New Evidence from Bootstrap Fourier Granger Causality in Quantiles Approach<\/span><\/a><\/td>\n<td style=\"text-align: right; vertical-align: middle;\" bgcolor=\"transparent\"><a title=\"Human Capital, Physical Capital, Economic Complexity, and Economic Growth Nexus in T\u00fcrkiye: New Evidence from Bootstrap Fourier Granger Causality in Quantiles Approach\" href=\"\/en\/turkiyede-beseri-sermaye-fiziki-sermaye-ekonomik-karmasiklik-ve-ekonomik-buyume-baglantisi-kantil-bootstrap-fourier-granger-nedensellik-yaklasimindan-yeni-kanitlar\/\"><span style=\"color: default; font: 38px Trajan pro,arial,sans-serift;\">11<\/span><\/a><\/td>\n<\/tr>\n<tr>\n<td bgcolor=\"transparent\" width=\"85%\"><span style=\"color: default; font: 17px Trajan pro,arial,sans-serift;\"> \u00c7a\u011flar Ozan G\u00f6n\u00fcll\u00fc<\/span><br \/>\n<a title=\"Ekonomik Kalk\u0131nma ve \u0130nsani Kalk\u0131nma \u0130li\u015fkisi: K\u0131r\u0131lgan Be\u015fli \u00dclkeleri \u00dczerine Ampirik Bir Analiz\" href=\"\/ekonomik-kalkinma-ve-insani-kalkinma-iliskisi-kirilgan-besli-ulkeleri-uzerine-ampirik-bir-analiz\/\"><span style=\"text-decoration: none; font: italic 17px minion pro,arial,sans-serif;\">Ekonomik Kalk\u0131nma ve \u0130nsani Kalk\u0131nma \u0130li\u015fkisi: K\u0131r\u0131lgan Be\u015fli \u00dclkeleri \u00dczerine Ampirik Bir Analiz<\/span><\/a><br \/>\n<a title=\"The Relationship between Economic Development and Human Development: An Empirical Analysis on Fragile Five Countries\" href=\"\/en\/ekonomik-kalkinma-ve-insani-kalkinma-ilikisi-kirilgan-besli-ulkeleri-uzerine-ampirik-bir-analiz\/\"> <span style=\"text-decoration: none; font-variant: normal; font-weight: normal; font-stretch: normal; font-size: 17px; line-height: normal; font-family: 'minion pro', arial, sans-serif;\">The Relationship between Economic Development and Human Development: An Empirical Analysis on Fragile Five Countries<\/span><\/a><\/td>\n<td style=\"text-align: right; vertical-align: middle;\" bgcolor=\"transparent\"><a title=\"The Relationship between Economic Development and Human Development: An Empirical Analysis on Fragile Five Countries\" href=\"\/en\/ekonomik-kalkinma-ve-insani-kalkinma-iliskisi-kirilgan-besli-ulkeleri-uzerine-ampirik-bir-analiz\/\"><span style=\"color: default; font: 38px Trajan pro,arial,sans-serift;\">27<\/span><\/a><\/td>\n<\/tr>\n<tr>\n<td bgcolor=\"transparent\" width=\"85%\"><span style=\"color: default; font: 17px Trajan pro,arial,sans-serift;\">Muhs\u0130n Hal\u0130s \/ Ayhan H\u0130ra \/ Ahmet Faruk G\u00f6ks\u00fcn<\/span><br \/>\n<a title=\"Ba\u015fl\u0131ca D\u00fcnya Dinlerinin Ekonomi ve Kalk\u0131nmaya Yakla\u015f\u0131m\u0131\" href=\"\/baslica-dunya-dinlerinin-ekonomi-ve-kalkinmaya-yaklasimi\/\"><span style=\"text-decoration: none; font: italic 17px minion pro,arial,sans-serif;\">Ba\u015fl\u0131ca D\u00fcnya Dinlerinin Ekonomi ve Kalk\u0131nmaya Yakla\u015f\u0131m\u0131<\/span><\/a><br \/>\n<a title=\"The Approach of the Major World Religions to Economics and Development\" href=\"\/en\/baslica-dunya-dinlerinin-ekonomi-ve-kalkinmaya-yaklasimi\/\"> <span style=\"text-decoration: none; font-variant: normal; font-weight: normal; font-stretch: normal; font-size: 17px; line-height: normal; font-family: 'minion pro', arial, sans-serif;\"> The Approach of the Major World Religions to Economics and Development<\/span><\/a><\/td>\n<td style=\"text-align: right; vertical-align: middle;\" bgcolor=\"transparent\"><a title=\" The Approach of the Major World Religions to Economics and Development\" href=\"\/en\/baslica-dunya-dinlerinin-ekonomi-ve-kalkinmaya-yaklasimi\/\"><span style=\"color: default; font: 38px Trajan pro,arial,sans-serift;\">41<\/span><\/a><\/td>\n<\/tr>\n<tr>\n<\/tbody>\n<\/table>\n<table bgcolor=\"transparent\">\n<tbody>\n<tr>\n<td style=\"border-bottom: 1px dashed gray;\"><\/td>\n<\/tr>\n<\/tbody>\n<\/table>\n<p><img loading=\"lazy\" decoding=\"async\" class=\"alignnone wp-image-119 size-full\" src=\"\/wp-content\/uploads\/pdf-e1407190133528.png\" alt=\"\" width=\"50\" height=\"50\"><br \/>\n<span style=\"text-decoration: none; font-variant: normal; font-weight: normal; font-stretch: normal; font-size: 15px; line-height: normal; font-family: 'minion pro', arial, sans-serif;\"> Year 11, Issue 37, Winter 2024<br \/>\nTam metin \/ Full text<\/span><\/p>\n<div style=\"width: 240px;\">\n<span style=\"text-decoration: none; font-variant: normal; font-weight: normal; font-stretch: normal; font-size: 15px; line-height: normal; font-family: 'minion pro', arial, sans-serif;\"><\/p>\n<div style=\"float: left; width: 20px;\"><img decoding=\"async\" style=\"border-width:0\" src=\"\/wp-content\/uploads\/izleme-icon.png\"><\/div>\n<p><span style=\"text-decoration: none; font-variant: normal; font-weight: normal; font-stretch: normal; font-size: 15px; line-height: normal; font-family: 'minion pro', arial, sans-serif;\"><\/span><\/p>\n<div style=\"float: left; width: 50px;\">[post-views]<\/div>\n<div style=\"float: left; width: 20px;\"><img decoding=\"async\" style=\"border-width:0\" src=\"\/wp-content\/uploads\/indirme-icon.png\"><\/div>\n<div style=\"float: left; width: 150px;\"><span style=\"text-decoration: none; font-variant: normal; font-weight: normal; font-stretch: normal; font-size: 15px; line-height: normal; font-family: 'minion pro', arial, sans-serif;\"><div class=\"sdm_download_count\"><span class=\"sdm_count_number\">316<\/span><span class=\"sdm_count_string\"> Downloads<\/span><\/div><\/span><\/div>\n<p><br style=\"clear: left;\"><\/p>\n<p><\/span><\/div>\n<div class=\"sdm_download_button_box_default\"><div class=\"sdm_download_link\"><a href=\"https:\/\/www.insanveinsan.org\/?sdm_process_download=1&download_id=5353\" class=\"sdm_download grey\" title=\"36\" target=&quot;_blank&quot;>Download Now!<\/a><\/div><\/div>\n<table bgcolor=\"transparent\">\n<tbody>\n<tr>\n<td style=\"border-bottom: 1px dashed gray;\"><\/td>\n<\/tr>\n<\/tbody>\n<\/table>\n<p><span style=\"text-decoration: none; font-variant: normal; font-weight: normal; font-stretch: normal; font-size: 15px; line-height: normal; font-family: 'minion pro', arial, sans-serif;\"><a rel=\"license\" href=\"http:\/\/creativecommons.org\/licenses\/by-nc\/4.0\/\"><img decoding=\"async\" alt=\"Creative Commons License\" style=\"border-width:0\" src=\"https:\/\/i.creativecommons.org\/l\/by-nc\/4.0\/80x15.png\"><\/a><br \/>\nThis work is licensed under a <a rel=\"license\" href=\"http:\/\/creativecommons.org\/licenses\/by-nc\/4.0\/\">Creative Commons Attribution-NonCommercial 4.0 International License<\/a>.<\/span><\/p>","protected":false},"excerpt":{"rendered":"<p>Y\u0131l 11, Say\u0131 37, K\u0131\u015f 2024 ISSN: 2148-7537 THEME OF THE ISSUE: TURKEY\u2019S ECONOMIC UNDEVELOPMENT PROBLEM Makaleler Articles Tunahan Hac\u0131\u0130mamo\u011flu \/ O\u011fuzhan Sungur T\u00fcrkiye&#8217;de Be\u015fer\u00ee Sermaye, Fiziki Sermaye, Ekonomik Karma\u015f\u0131kl\u0131k ve Ekonomik B\u00fcy\u00fcme Ba\u011flant\u0131s\u0131: Kantil Bootstrap Fourier Granger Nedensellik Yakla\u015f\u0131m\u0131ndan Yeni Kan\u0131tlar Human Capital, Physical Capital, Economic Complexity, and Economic Growth Nexus in T\u00fcrkiye: New &hellip; <a href=\"https:\/\/www.insanveinsan.org\/en\/sayi-37-kis-2024\/\" class=\"more-link\">Continue reading <span class=\"screen-reader-text\">Issue 37, Winter 2024<\/span><\/a><\/p>\n","protected":false},"author":5,"featured_media":0,"parent":0,"menu_order":0,"comment_status":"closed","ping_status":"closed","template":"","meta":{"footnotes":""},"class_list":["post-5343","page","type-page","status-publish","hentry"],"_links":{"self":[{"href":"https:\/\/www.insanveinsan.org\/en\/wp-json\/wp\/v2\/pages\/5343","targetHints":{"allow":["GET"]}}],"collection":[{"href":"https:\/\/www.insanveinsan.org\/en\/wp-json\/wp\/v2\/pages"}],"about":[{"href":"https:\/\/www.insanveinsan.org\/en\/wp-json\/wp\/v2\/types\/page"}],"author":[{"embeddable":true,"href":"https:\/\/www.insanveinsan.org\/en\/wp-json\/wp\/v2\/users\/5"}],"replies":[{"embeddable":true,"href":"https:\/\/www.insanveinsan.org\/en\/wp-json\/wp\/v2\/comments?post=5343"}],"version-history":[{"count":10,"href":"https:\/\/www.insanveinsan.org\/en\/wp-json\/wp\/v2\/pages\/5343\/revisions"}],"predecessor-version":[{"id":5373,"href":"https:\/\/www.insanveinsan.org\/en\/wp-json\/wp\/v2\/pages\/5343\/revisions\/5373"}],"wp:attachment":[{"href":"https:\/\/www.insanveinsan.org\/en\/wp-json\/wp\/v2\/media?parent=5343"}],"curies":[{"name":"wp","href":"https:\/\/api.w.org\/{rel}","templated":true}]}}