{"id":5406,"date":"2024-07-03T02:01:27","date_gmt":"2024-07-02T23:01:27","guid":{"rendered":"https:\/\/www.insanveinsan.org\/?page_id=5406"},"modified":"2024-08-12T13:16:11","modified_gmt":"2024-08-12T10:16:11","slug":"sayi-38-yaz-2024","status":"publish","type":"page","link":"https:\/\/www.insanveinsan.org\/en\/sayi-38-yaz-2024\/","title":{"rendered":"Issue 38, Summer 2024"},"content":{"rendered":"<p><\/p>\n<table bgcolor=\"transparent\">\n<tbody>\n<tr>\n<td style=\"border-bottom: 1px dashed gray;\"><span style=\"color: default; font: 15px Trajan pro,arial,sans-serift;\">Y\u0131l 11, Say\u0131 38, Yaz 2024<\/span><\/td>\n<td style=\"text-align: right; border-bottom: 1px dashed gray; margin-top: -4%; margin-bottom: -0.8%;\">ISSN: 2148-7537<\/td>\n<\/tr>\n<\/tbody>\n<\/table>\n<blockquote><p><span style=\"color: #008080;\"><em>THEME OF THE ISSUE: CULTURE PROBLEM OF T\u00dcRK\u0130YE<\/em><\/span><\/p><\/blockquote>\n<table style=\"height: 549px;\" width=\"659\" cellspacing=\"1\" bgcolor=\"transparent\">\n<tbody>\n<tr>\n<td bgcolor=\"transparent\" width=\"85%\"><span style=\"color: default; font: 15px Trajan pro,arial,sans-serift;\">Makaleler<br \/>\nArticles<\/span><\/td>\n<td width=\"15%\"><\/td>\n<\/tr>\n<tr>\n<td bgcolor=\"transparent\" width=\"85%\"><span style=\"color: default; font: 17px Trajan pro,arial,sans-serift;\"> G\u00f6ksel Aymaz <\/span><br \/>\n<a title=\"K\u00fclt\u00fcr\u00fcn \u0130ktidar\u0131: Dindar Muhafazak\u00e2rl\u0131k ve K\u00fclt\u00fcrel Egemenlik \" href=\"\/kulturun-iktidari-dindar-muhafazakarlik-ve-kulturel-egemenlik\/\"><span style=\"text-decoration: none; font: italic 17px minion pro,arial,sans-serif;\">K\u00fclt\u00fcr\u00fcn \u0130ktidar\u0131: Dindar Muhafazak\u00e2rl\u0131k ve K\u00fclt\u00fcrel Egemenlik <\/span><\/a><br \/>\n<a title=\" The Power of Culture: Religious Conservatism and Cultural Sovereignty\" href=\"\/en\/kultur-iktidari-dindar-muhafazakarlik-ve-kulturel-egemenlik\/\"> <span style=\"text-decoration: none; font-variant: normal; font-weight: normal; font-stretch: normal; font-size: 17px; line-height: normal; font-family: 'minion pro', arial, sans-serif;\">Culture Problem of Turkey\u2019s<\/span><\/a><\/td>\n<td style=\"text-align: right; vertical-align: middle;\" bgcolor=\"transparent\"><a title=\" The Power of Culture: Religious Conservatism and Cultural Sovereignty\" href=\"\/en\/kulturun-iktidari-dindar-muhafazakarlik-ve-kulturel-egemenlik\/\"><span style=\"color: default; font: 38px Trajan pro,arial,sans-serift;\">11<\/span><\/a><\/td>\n<\/tr>\n<tr>\n<td bgcolor=\"transparent\" width=\"85%\"><span style=\"color: default; font: 17px Trajan pro,arial,sans-serift;\"> Cengiz Sunay <\/span><br \/>\n<a title=\"27 May\u0131s\u00e7\u0131 Subaylar Ekseninde T\u00fcrkiye\u2019de Askeri Darbelerin \u201cSiyasal K\u00fclt\u00fcr\u201d Boyutu\" href=\"\/27-mayisci-subaylar-ekseninde-turkiyede-askeri-darbelerin-siyasal-kultur-boyutu\/\"><span style=\"text-decoration: none; font: italic 17px minion pro,arial,sans-serif;\">27 May\u0131s\u00e7\u0131 Subaylar Ekseninde T\u00fcrkiye\u2019de Askeri Darbelerin \u201cSiyasal K\u00fclt\u00fcr\u201d Boyutu<\/span><\/a><br \/>\n<a title=\"The \u201cPolitical Culture\u201d Dimension of the Military Coups in Turkey on the Axis of May 27 Officers\" href=\"\/en\/27-mayisci-subaylar-ekseninde-turkiyede-askeri-darbelerin-siyasal-kultur-boyutu\/\"> <span style=\"text-decoration: none; font-variant: normal; font-weight: normal; font-stretch: normal; font-size: 17px; line-height: normal; font-family: 'minion pro', arial, sans-serif;\">The \u201cPolitical Culture\u201d Dimension of the Military Coups in Turkey on the Axis of May 27 Officers<\/span><\/a><\/td>\n<td style=\"text-align: right; vertical-align: middle;\" bgcolor=\"transparent\"><a title=\"The \u201cPolitical Culture\u201d Dimension of the Military Coups in Turkey on the Axis of May 27 Officers\" href=\"\/en\/27-mayisci-subaylar-ekseninde-turkiyede-askeri-darbelerin-siyasal-kultur-boyutu\/\"><span style=\"color: default; font: 38px Trajan pro,arial,sans-serift;\">29<\/span><\/a><\/td>\n<\/tr>\n<tr>\n<td bgcolor=\"transparent\" width=\"85%\"><span style=\"color: default; font: 17px Trajan pro,arial,sans-serift;\">Sedat Gencer<\/span><br \/>\n<a title=\"Erol G\u00fcng\u00f6r D\u00fc\u015f\u00fcncesinde Sahih Bir Modernle\u015fmeyi M\u00fcmk\u00fcn K\u0131lacak Bir Unsur Olarak Milli K\u00fclt\u00fcr\" href=\"\/erol-gungor-dusuncesinde-sahih-bir-modernlesmeyi-mumkun-kilacak-bir-unsur-olarak-milli-kultur\/\"><span style=\"text-decoration: none; font: italic 17px minion pro,arial,sans-serif;\">Erol G\u00fcng\u00f6r D\u00fc\u015f\u00fcncesinde Sahih Bir Modernle\u015fmeyi M\u00fcmk\u00fcn K\u0131lacak Bir Unsur Olarak Milli K\u00fclt\u00fcr<\/span><\/a><br \/>\n<a title=\"In Erol G\u00fcng\u00f6r\u2019s Thought, National Culture as the Element That Makes Real Modernization Possible\" href=\"\/en\/erol-gungor-dusuncesinde-sahih-bir-modernlesmeyi-mumkun-kilacak-bir-unsur-olarak-milli-kultur\/\"> <span style=\"text-decoration: none; font-variant: normal; font-weight: normal; font-stretch: normal; font-size: 17px; line-height: normal; font-family: 'minion pro', arial, sans-serif;\">In Erol G\u00fcng\u00f6r\u2019s Thought, National Culture as the Element That Makes Real Modernization Possible<\/span><\/a><\/td>\n<td style=\"text-align: right; vertical-align: middle;\" bgcolor=\"transparent\"><a title=\"In Erol G\u00fcng\u00f6r\u2019s Thought, National Culture as the Element That Makes Real Modernization Possible\" href=\"\/en\/erol-gungor-dusuncesinde-sahih-bir-modernlesmeyi-mumkun-kilacak-bir-unsur-olarak-milli-kultur\/\"><span style=\"color: default; font: 38px Trajan pro,arial,sans-serift;\">47<\/span><\/a><\/td>\n<\/tr>\n<\/tbody>\n<\/table>\n<table bgcolor=\"transparent\">\n<tbody>\n<tr>\n<td style=\"border-bottom: 1px dashed gray;\"><\/td>\n<\/tr>\n<\/tbody>\n<\/table>\n<p><img loading=\"lazy\" decoding=\"async\" class=\"alignnone wp-image-119 size-full\" src=\"\/wp-content\/uploads\/pdf-e1407190133528.png\" alt=\"\" width=\"50\" height=\"50\" \/><br \/>\n<span style=\"text-decoration: none; font-variant: normal; font-weight: normal; font-stretch: normal; font-size: 15px; line-height: normal; font-family: 'minion pro', arial, sans-serif;\">Year 11, Issue 38, Summer 2024<br \/>\nTam metin \/ Full text<\/span><\/p>\n<div style=\"width: 240px;\">\n<div style=\"float: left; width: 20px;\"><img decoding=\"async\" style=\"border-width: 0;\" src=\"\/wp-content\/uploads\/izleme-icon.png\" \/><\/div>\n<p>&nbsp;<\/p>\n<div style=\"float: left; width: 50px;\">[post-views]<\/div>\n<div style=\"float: left; width: 20px;\"><img decoding=\"async\" style=\"border-width: 0;\" src=\"\/wp-content\/uploads\/indirme-icon.png\" \/><\/div>\n<div style=\"float: left; width: 150px;\"><span style=\"text-decoration: none; font-variant: normal; font-weight: normal; font-stretch: normal; font-size: 15px; line-height: normal; font-family: 'minion pro', arial, sans-serif;\"><div class=\"sdm_download_count\"><span class=\"sdm_count_number\">432<\/span><span class=\"sdm_count_string\"> Downloads<\/span><\/div><\/span><\/div>\n<p>&nbsp;<\/p>\n<p>&nbsp;<\/p>\n<\/div>\n<div class=\"sdm_download_button_box_default\"><div class=\"sdm_download_link\"><a href=\"https:\/\/www.insanveinsan.org\/?sdm_process_download=1&download_id=5411\" class=\"sdm_download grey\" title=\"(Turkish) 37\" target=&quot;_blank&quot;>Download Now!<\/a><\/div><\/div>\n<table bgcolor=\"transparent\">\n<tbody>\n<tr>\n<td style=\"border-bottom: 1px dashed gray;\"><\/td>\n<\/tr>\n<\/tbody>\n<\/table>\n<p><span style=\"text-decoration: none; font-variant: normal; font-weight: normal; font-stretch: normal; font-size: 15px; line-height: normal; font-family: 'minion pro', arial, sans-serif;\"><a href=\"http:\/\/creativecommons.org\/licenses\/by-nc\/4.0\/\" rel=\"license\"><img decoding=\"async\" style=\"border-width: 0;\" src=\"https:\/\/i.creativecommons.org\/l\/by-nc\/4.0\/80x15.png\" alt=\"Creative Commons License\" \/><\/a><br \/>\nThis work is licensed under a <a href=\"http:\/\/creativecommons.org\/licenses\/by-nc\/4.0\/\" rel=\"license\">Creative Commons Attribution-NonCommercial 4.0 International License<\/a>.<\/span><\/p>","protected":false},"excerpt":{"rendered":"<p>Y\u0131l 11, Say\u0131 38, Yaz 2024 ISSN: 2148-7537 THEME OF THE ISSUE: CULTURE PROBLEM OF T\u00dcRK\u0130YE Makaleler Articles G\u00f6ksel Aymaz K\u00fclt\u00fcr\u00fcn \u0130ktidar\u0131: Dindar Muhafazak\u00e2rl\u0131k ve K\u00fclt\u00fcrel Egemenlik Culture Problem of Turkey\u2019s 11 Cengiz Sunay 27 May\u0131s\u00e7\u0131 Subaylar Ekseninde T\u00fcrkiye\u2019de Askeri Darbelerin \u201cSiyasal K\u00fclt\u00fcr\u201d Boyutu The \u201cPolitical Culture\u201d Dimension of the Military Coups in Turkey on &hellip; <a href=\"https:\/\/www.insanveinsan.org\/en\/sayi-38-yaz-2024\/\" class=\"more-link\">Continue reading <span class=\"screen-reader-text\">Issue 38, Summer 2024<\/span><\/a><\/p>\n","protected":false},"author":5,"featured_media":0,"parent":0,"menu_order":0,"comment_status":"closed","ping_status":"closed","template":"","meta":{"footnotes":""},"class_list":["post-5406","page","type-page","status-publish","hentry"],"_links":{"self":[{"href":"https:\/\/www.insanveinsan.org\/en\/wp-json\/wp\/v2\/pages\/5406","targetHints":{"allow":["GET"]}}],"collection":[{"href":"https:\/\/www.insanveinsan.org\/en\/wp-json\/wp\/v2\/pages"}],"about":[{"href":"https:\/\/www.insanveinsan.org\/en\/wp-json\/wp\/v2\/types\/page"}],"author":[{"embeddable":true,"href":"https:\/\/www.insanveinsan.org\/en\/wp-json\/wp\/v2\/users\/5"}],"replies":[{"embeddable":true,"href":"https:\/\/www.insanveinsan.org\/en\/wp-json\/wp\/v2\/comments?post=5406"}],"version-history":[{"count":17,"href":"https:\/\/www.insanveinsan.org\/en\/wp-json\/wp\/v2\/pages\/5406\/revisions"}],"predecessor-version":[{"id":5515,"href":"https:\/\/www.insanveinsan.org\/en\/wp-json\/wp\/v2\/pages\/5406\/revisions\/5515"}],"wp:attachment":[{"href":"https:\/\/www.insanveinsan.org\/en\/wp-json\/wp\/v2\/media?parent=5406"}],"curies":[{"name":"wp","href":"https:\/\/api.w.org\/{rel}","templated":true}]}}