{"id":5597,"date":"2025-07-04T22:15:05","date_gmt":"2025-07-04T19:15:05","guid":{"rendered":"https:\/\/www.insanveinsan.org\/?page_id=5597"},"modified":"2025-07-05T21:40:29","modified_gmt":"2025-07-05T18:40:29","slug":"sayi-40-yaz-2025","status":"publish","type":"page","link":"https:\/\/www.insanveinsan.org\/en\/sayi-40-yaz-2025\/","title":{"rendered":"Issue 40, Summer 2025"},"content":{"rendered":"<p><\/p>\n<table bgcolor=\"transparent\">\n<tbody>\n<tr>\n<td style=\"border-bottom: 1px dashed gray;\"><span style=\"color: default; font: 15px Trajan pro,arial,sans-serift;\">Y\u0131l 12, Say\u0131 40, Yaz 2025<\/span><\/td>\n<td style=\"text-align: right; border-bottom: 1px dashed gray; margin-top: -4%; margin-bottom: -0.8%;\">ISSN: 2148-7537<\/td>\n<\/tr>\n<\/tbody>\n<\/table>\n<blockquote><p><span style=\"color: #008080;\"><em>THEME OF THE ISSUE: TURKISH CINEMA <\/em><\/span><\/p><\/blockquote>\n<p>IN MEMORY OF ASSOC. PROF. YAL\u00c7IN L\u00dcLEC\u0130<\/p>\n<table style=\"height: 549px;\" width=\"659\" cellspacing=\"1\" bgcolor=\"transparent\">\n<tbody>\n<tbody>\n<tr>\n<td bgcolor=\"transparent\" width=\"85%\"><span style=\"color: default; font: 15px Trajan pro,arial,sans-serift;\">Makaleler<br \/>\nArticles<\/span><\/td>\n<td width=\"15%\"><\/td>\n<\/tr>\n<tr>\n<td bgcolor=\"transparent\" width=\"85%\"><span style=\"color: default; font: 17px Trajan pro,arial,sans-serift;\"> G\u00f6ksel Aymaz <\/span><br \/>\n<a title=\"Y\u0131lmaz G\u00fcney ve Nuri Bilge Ceylan Sinemas\u0131nda Modernizm\" href=\"\/yilmaz-guney-ve-nuri-bilge-ceylan-sinemasinda-modernizm\/\"><span style=\"text-decoration: none; font: italic 17px minion pro,arial,sans-serif;\">Y\u0131lmaz G\u00fcney ve Nuri Bilge Ceylan Sinemas\u0131nda Modernizm<\/span><\/a><br \/>\n<a title=\"Modernism in the Cinema of Y\u0131lmaz G\u00fcney and Nuri Bilge Ceylan\" href=\"\/en\/yilmaz-guney-ve-nuri-bilge-ceylan-sinemasinda-modernizm\/\"> <span style=\"text-decoration: none; font-variant: normal; font-weight: normal; font-stretch: normal; font-size: 17px; line-height: normal; font-family: 'minion pro', arial, sans-serif;\">Modernism in the Cinema of Y\u0131lmaz G\u00fcney and Nuri Bilge Ceylan<\/span><\/a><\/td>\n<td style=\"text-align: right; vertical-align: middle;\" bgcolor=\"transparent\"><a title=\" Modernism in the Cinema of Y\u0131lmaz G\u00fcney and Nuri Bilge Ceylan\" href=\"\/en\/yilmaz-guney-ve-nuri-bilge-ceylan-sinemasinda-modernizm\/\"><span style=\"color: default; font: 38px Trajan pro,arial,sans-serift;\">11<\/span><\/a><\/td>\n<\/tr>\n<tr>\n<td bgcolor=\"transparent\" width=\"85%\"><span style=\"color: default; font: 17px Trajan pro,arial,sans-serift;\"> Mahmut Hakk\u0131 Ak\u0131n <\/span><br \/>\n<a title=\"A\u015fk Filmlerinin Unutulmaz Y\u00f6netmeni ya da Ye\u015fil\u00e7am\u2019da Sembolik \u0130ktidar\u0131n Sosyolojik Analizi\" href=\"\/ask-filmlerinin-unutulmaz-yonetmeni-ya-da-yesilcamda-sembolik-iktidarin-sosyolojik-analizi\/\"><span style=\"text-decoration: none; font: italic 17px minion pro,arial,sans-serif;\">A\u015fk Filmlerinin Unutulmaz Y\u00f6netmeni ya da Ye\u015fil\u00e7am\u2019da Sembolik \u0130ktidar\u0131n Sosyolojik Analizi<\/span><\/a><br \/>\n<a title=\"The Unforgettable Director of Love Films or the Sociological Analysis of Symbolic Power in Ye\u015fil\u00e7am\" href=\"\/en\/ask-filmlerinin-unutulmaz-yonetmeni-ya-da-yesilcamda-sembolik-iktidarin-sosyolojik-analizi\/\"> <span style=\"text-decoration: none; font-variant: normal; font-weight: normal; font-stretch: normal; font-size: 17px; line-height: normal; font-family: 'minion pro', arial, sans-serif;\">The Unforgettable Director of Love Films or the Sociological Analysis of Symbolic Power in Ye\u015fil\u00e7am<\/span><\/a><\/td>\n<td style=\"text-align: right; vertical-align: middle;\" bgcolor=\"transparent\"><a title=\"The Unforgettable Director of Love Films or the Sociological Analysis of Symbolic Power in Ye\u015fil\u00e7am\" href=\"\/en\/ask-filmlerinin-unutulmaz-yonetmeni-ya-da-yesilcamda-sembolik-iktidarin-sosyolojik-analizi\/\"><span style=\"color: default; font: 38px Trajan pro,arial,sans-serift;\">25<\/span><\/a><\/td>\n<\/tr>\n<tr>\n<td bgcolor=\"transparent\" width=\"85%\"><span style=\"color: default; font: 17px Trajan pro,arial,sans-serift;\">Z\u00fchre Canay G\u00fcven<\/span><br \/>\n<a title=\"Yeni T\u00fcrk Sinemas\u0131nda Yava\u015fl\u0131k ve Ayr\u0131\u015fan Estetik: Nuri Bilge Ceylan ve Zeki Demirkubuz\" href=\"\/yeni-turk-sinemasinda-yavaslik-ve-ayrisan-estetik-nuri-bilge-ceylan-ve-zeki-demirkubuz\/\"><span style=\"text-decoration: none; font: italic 17px minion pro,arial,sans-serif;\">Yeni T\u00fcrk Sinemas\u0131nda Yava\u015fl\u0131k ve Ayr\u0131\u015fan Estetik: Nuri Bilge Ceylan ve Zeki Demirkubuz<\/span><\/a><br \/>\n<a title=\"Slowness and Diverging Aesthetics: Nuri Bilge Ceylan and Zeki Demirkubuz in New Turkish Cinema\" href=\"\/en\/yeni-turk-sinemasinda-yavaslik-ve-ayrisan-estetik-nuri-bilge-ceylan-ve-zeki-demirkubuz\/\"> <span style=\"text-decoration: none; font-variant: normal; font-weight: normal; font-stretch: normal; font-size: 17px; line-height: normal; font-family: 'minion pro', arial, sans-serif;\">Slowness and Diverging Aesthetics: Nuri Bilge Ceylan and Zeki Demirkubuz in New Turkish Cinema<\/span><\/a><\/td>\n<td style=\"text-align: right; vertical-align: middle;\" bgcolor=\"transparent\"><a title=\"Slowness and Diverging Aesthetics: Nuri Bilge Ceylan and Zeki Demirkubuz in New Turkish Cinema\" href=\"\/en\/yeni-turk-sinemasinda-yavaslik-ve-ayrisan-estetik-nuri-bilge-ceylan-ve-zeki-demirkubuz\/\"><span style=\"color: default; font: 38px Trajan pro,arial,sans-serift;\">37<\/span><\/a><\/td>\n<\/tr>\n<tr>\n<td bgcolor=\"transparent\" width=\"85%\"><span style=\"color: default; font: 17px Trajan pro,arial,sans-serift;\"> Ferhat Zengin \/ Bahad\u0131r Kap\u0131r <\/span><br \/>\n<a title=\"Perdenin Arkas\u0131ndaki Makas: Ye\u015fil\u00e7am Sinemas\u0131nda Gayri Resmi Sans\u00fcr\" href=\"\/perdenin-arkasindaki-makas-yesilcam-sinemasinda-gayri-resmi-sansur\/\"><span style=\"text-decoration: none; font: italic 17px minion pro,arial,sans-serif;\">Perdenin Arkas\u0131ndaki Makas: Ye\u015fil\u00e7am Sinemas\u0131nda Gayri Resmi Sans\u00fcr<\/span><\/a><br \/>\n<a title=\"The Scissors Behind the Screen: Unofficial Censorship in Ye\u015fil\u00e7am Cinema\" href=\"\/en\/perdenin-arkasindaki-makas-yesilcam-sinemasinda-gayri-resmi-sansur\/\"> <span style=\"text-decoration: none; font-variant: normal; font-weight: normal; font-stretch: normal; font-size: 17px; line-height: normal; font-family: 'minion pro', arial, sans-serif;\">The Scissors Behind the Screen: Unofficial Censorship in Ye\u015fil\u00e7am Cinema<\/span><\/a><\/td>\n<td style=\"text-align: right; vertical-align: middle;\" bgcolor=\"transparent\"><a title=\" The Scissors Behind the Screen: Unofficial Censorship in Ye\u015fil\u00e7am Cinema\" href=\"\/en\/perdenin-arkasindaki-makas-yesilcam-sinemasinda-gayri-resmi-sansu\u00fcr\/\"><span style=\"color: default; font: 38px Trajan pro,arial,sans-serift;\">51<\/span><\/a><\/td>\n<\/tr>\n<tr>\n<td bgcolor=\"transparent\" width=\"85%\"><span style=\"color: default; font: 17px Trajan pro,arial,sans-serift;\"> Kemal \u00c7elik \/ \u0130hsan Eken <\/span><br \/>\n<a title=\"T\u00fcrkiye'de Dizi ve Film Senaryolar\u0131ndan \u0130ntihal: Kavramlar, S\u0131n\u0131rlar ve Senarist Deneyimleri\" href=\"\/turkiyede-dizi-ve-film-senaryolarindan-intihal-kavramlar-sinirlar-ve-senarist-deneyimleri\/\"><span style=\"text-decoration: none; font: italic 17px minion pro,arial,sans-serif;\">T\u00fcrkiye&#8217;de Dizi ve Film Senaryolar\u0131ndan \u0130ntihal: Kavramlar, S\u0131n\u0131rlar ve Senarist Deneyimleri<\/span><\/a><br \/>\n<a title=\"Plagiarism in TV and Film Screenplays in Turkey: Concepts, Boundaries, and Screenwriter Experiences\" href=\"\/en\/turkiyede-dizi-ve-film-senaryolarindan-intihal-kavramlar-sinirlar-ve-senarist-deneyimleri\/\"> <span style=\"text-decoration: none; font-variant: normal; font-weight: normal; font-stretch: normal; font-size: 17px; line-height: normal; font-family: 'minion pro', arial, sans-serif;\">Plagiarism in TV and Film Screenplays in Turkey: Concepts, Boundaries, and Screenwriter Experiences<\/span><\/a><\/td>\n<td style=\"text-align: right; vertical-align: middle;\" bgcolor=\"transparent\"><a title=\"Plagiarism in TV and Film Screenplays in Turkey: Concepts, Boundaries, and Screenwriter Experiences\" href=\"\/en\/turkiyede-dizi-ve-film-senaryolarindan-intihal-kavramlar-sinirlar-ve-senarist-deneyimleri\/\"><span style=\"color: default; font: 38px Trajan pro,arial,sans-serift;\">69<\/span><\/a><\/td>\n<\/tr>\n<tr>\n<td bgcolor=\"transparent\" width=\"85%\"><span style=\"color: default; font: 17px Trajan pro,arial,sans-serift;\"> Mehmet Emin Balc\u0131 <\/span><br \/>\n<a title=\"Yeni Bir \"Janr\u0131n\" Sosyolojik Olu\u015fumu: Ta\u015fra Komedisi\" href=\"\/yeni-bir-janrin-sosyolojik-olusumu-tasra-komedisi\/\"><span style=\"text-decoration: none; font: italic 17px minion pro,arial,sans-serif;\">Yeni Bir &#8220;Janr\u0131n&#8221; Sosyolojik Olu\u015fumu: Ta\u015fra Komedisi<\/span><\/a><br \/>\n<a title=\"The Sociological Formation of a New \"Genre\": Country Comedy\" href=\"\/en\/yeni-bir-janrin-sosyolojik-olusumu-tasra-komedisi\/\"> <span style=\"text-decoration: none; font-variant: normal; font-weight: normal; font-stretch: normal; font-size: 17px; line-height: normal; font-family: 'minion pro', arial, sans-serif;\">The Sociological Formation of a New &#8220;Genre&#8221;: Country Comedy<\/span><\/a><\/td>\n<td style=\"text-align: right; vertical-align: middle;\" bgcolor=\"transparent\"><a title=\" The Sociological Formation of a New \"Genre\": Country Comedy\" href=\"\/en\/yeni-bir-janrin-sosyolojik-olusumu-tasra-komedisi\/\"><span style=\"color: default; font: 38px Trajan pro,arial,sans-serift;\">87<\/span><\/a><\/td>\n<\/tr>\n<tr>\n<td bgcolor=\"transparent\" width=\"85%\"><span style=\"color: default; font: 17px Trajan pro,arial,sans-serift;\"> \u00d6zge Kesici \/ G\u00f6khan G\u00fcltekin <\/span><br \/>\n<a title=\"Toplumsal De\u011fi\u015fimin T\u00fcrk Komedi Filmlerine Yans\u0131mas\u0131: 1960'tan G\u00fcn\u00fcm\u00fcze \u00d6rnek Filmler \u00dczerinden Komedinin D\u00f6n\u00fc\u015f\u00fcm\u00fc\" href=\"\/toplumsal-degisimin-turk-komedi-filmlerine-yansimasi-1960tan-gunumuze-ornek-filmler-uzerinden-komedinin-donusumu\/\"><span style=\"text-decoration: none; font: italic 17px minion pro,arial,sans-serif;\">Toplumsal De\u011fi\u015fimin T\u00fcrk Komedi Filmlerine Yans\u0131mas\u0131: 1960&#8217;tan G\u00fcn\u00fcm\u00fcze \u00d6rnek Filmler \u00dczerinden Komedinin D\u00f6n\u00fc\u015f\u00fcm\u00fc<\/span><\/a><br \/>\n<a title=\"The Reflection of Social Change on Turkish Comedy Films: The Transformation of the Ridiculous through Sample Films from 1960 to the Present\" href=\"\/en\/toplumsal-degisimin-turk-komedi-filmlerine-yansimasi-1960tan-gunumuze-ornek-filmler-uzerinden-komedinin-donusumu\/\"> <span style=\"text-decoration: none; font-variant: normal; font-weight: normal; font-stretch: normal; font-size: 17px; line-height: normal; font-family: 'minion pro', arial, sans-serif;\">The Reflection of Social Change on Turkish Comedy Films: The Transformation of the Ridiculous through Sample Films from 1960 to the Present<\/span><\/a><\/td>\n<td style=\"text-align: right; vertical-align: middle;\" bgcolor=\"transparent\"><a title=\"The Reflection of Social Change on Turkish Comedy Films: The Transformation of the Ridiculous through Sample Films from 1960 to the Present\" href=\"\/en\/toplumsal-degisimin-turk-komedi-filmlerine-yansimasi-1960tan-gunumuze-ornek-filmler-uzerinden-komedinin-donusumu\/\"><span style=\"color: default; font: 38px Trajan pro,arial,sans-serift;\">105<\/span><\/a><\/td>\n<\/tr>\n<tr>\n<td bgcolor=\"transparent\" width=\"85%\"><span style=\"color: default; font: 17px Trajan pro,arial,sans-serift;\">Meltem \u0130\u015fler Sevindi \/ Koray Sevindi<\/span><br \/>\n<a title=\"Maneviyat\u0131n \u0130zinde Bir Sinema: Murat Pay\u2019\u0131n Filmlerinde K\u00fclt\u00fcrel Miras ve Kimlik \u0130n\u015fas\u0131\" href=\"\/maneviyatin-izinde-bir-sinema-murat-payin-filmlerinde-kulturel-miras-ve-kimlik-insasi\/\"><span style=\"text-decoration: none; font: italic 17px minion pro,arial,sans-serif;\">Maneviyat\u0131n \u0130zinde Bir Sinema: Murat Pay\u2019\u0131n Filmlerinde K\u00fclt\u00fcrel Miras ve Kimlik \u0130n\u015fas\u0131<\/span><\/a><br \/>\n<a title=\"In Pursuit of Spirituality: Cultural Heritage and Identity Construction in the Films of Murat Pay\" href=\"\/en\/maneviyatin-izinde-bir-sinema-murat-payin-filmlerinde-kulturel-miras-ve-kimlik-insasi\/\"> <span style=\"text-decoration: none; font-variant: normal; font-weight: normal; font-stretch: normal; font-size: 17px; line-height: normal; font-family: 'minion pro', arial, sans-serif;\">In Pursuit of Spirituality: Cultural Heritage and Identity Construction in the Films of Murat Pay<\/span><\/a><\/td>\n<td style=\"text-align: right; vertical-align: middle;\" bgcolor=\"transparent\"><a title=\"In Pursuit of Spirituality: Cultural Heritage and Identity Construction in the Films of Murat Pay\" href=\"\/en\/maneviyatin-izinde-bir-sinema-murat-payin-filmlerinde-kulturel-miras-ve-kimlik-insasi\/\"><span style=\"color: default; font: 38px Trajan pro,arial,sans-serift;\">123<\/span><\/a><\/td>\n<\/tr>\n<tr>\n<td bgcolor=\"transparent\" width=\"85%\"><span style=\"color: default; font: 17px Trajan pro,arial,sans-serift;\"> Ayd\u0131n \u00c7am <\/span><br \/>\n<a title=\"Sava\u015f\u0131n G\u00f6lgesinde Sinema: \u0130kinci D\u00fcnya Sava\u015f\u0131 S\u0131ras\u0131nda Adana'da Film G\u00f6sterimleri\" href=\"\/savasin-golgesinde-sinema-ikinci-dunya-savasi-sirasinda-adanada-film-gosterimleri\/\"><span style=\"text-decoration: none; font: italic 17px minion pro,arial,sans-serif;\">Sava\u015f\u0131n G\u00f6lgesinde Sinema: \u0130kinci D\u00fcnya Sava\u015f\u0131 S\u0131ras\u0131nda Adana&#8217;da Film G\u00f6sterimleri<\/span><\/a><br \/>\n<a title=\"Cinema in the Shadow of the War: Film Exhibitions in Adana during the Second World War \" href=\"\/en\/savasin-golgesinde-sinema-ikinci-dunya-savasi-sirasinda-adanada-film-gosterimleri\/\"> <span style=\"text-decoration: none; font-variant: normal; font-weight: normal; font-stretch: normal; font-size: 17px; line-height: normal; font-family: 'minion pro', arial, sans-serif;\">Cinema in the Shadow of the War: Film Exhibitions in Adana during the Second World War <\/span><\/a><\/td>\n<td style=\"text-align: right; vertical-align: middle;\" bgcolor=\"transparent\"><a title=\" Cinema in the Shadow of the War: Film Exhibitions in Adana during the Second World War \" href=\"\/en\/savasin-golgesinde-sinema-ikinci-dunya-savasi-sirasinda-adanada-film-gosterimleri\/\"><span style=\"color: default; font: 38px Trajan pro,arial,sans-serift;\">137<\/span><\/a><\/td>\n<\/tr>\n<tr>\n<td bgcolor=\"transparent\" width=\"85%\"><span style=\"color: default; font: 17px Trajan pro,arial,sans-serift;\"> Ay\u015feg\u00fcl \u00c7ilingir <\/span><br \/>\n<a title=\"Ye\u015fil\u00e7am'\u0131n Masallara Bak\u0131\u015f A\u00e7\u0131s\u0131na Dair S\u00fcreyya Duru'nun Kelo\u011flan (1971) Filmi \u00dczerine Bir Anlat\u0131 \u0130ncelemesi\" href=\"\/yesilcamin-masallara-bakis-acisina-dair-sureyya-durunun-keloglan-1971-filmi-uzerine-bir-anlati-incelemesi\/\"><span style=\"text-decoration: none; font: italic 17px minion pro,arial,sans-serif;\">Ye\u015fil\u00e7am&#8217;\u0131n Masallara Bak\u0131\u015f A\u00e7\u0131s\u0131na Dair S\u00fcreyya Duru&#8217;nun Kelo\u011flan (1971) Filmi \u00dczerine Bir Anlat\u0131 \u0130ncelemesi<\/span><\/a><br \/>\n<a title=\"A Narrative Analysis of Ye\u015fil\u00e7am's Perspective on Fairy Tales on S\u00fcreyya Duru's Kelo\u011flan (1971) Movie\" href=\"\/en\/yesilcamin-masallara-bakis-acisina-dair-sureyya-durunun-keloglan-1971-filmi-uzerine-bir-anlati-incelemesi\/\"> <span style=\"text-decoration: none; font-variant: normal; font-weight: normal; font-stretch: normal; font-size: 17px; line-height: normal; font-family: 'minion pro', arial, sans-serif;\">A Narrative Analysis of Ye\u015fil\u00e7am&#8217;s Perspective on Fairy Tales on S\u00fcreyya Duru&#8217;s Kelo\u011flan (1971) Movie<\/span><\/a><\/td>\n<td style=\"text-align: right; vertical-align: middle;\" bgcolor=\"transparent\"><a title=\"A Narrative Analysis of Ye\u015fil\u00e7am's Perspective on Fairy Tales on S\u00fcreyya Duru's Kelo\u011flan (1971) Movie\" href=\"\/en\/yesilcamin-masallara-bakis-acisina-dair-sureyya-durunun-keloglan-1971-filmi-uzerine-bir-anlati-incelemesi\/\"><span style=\"color: default; font: 38px Trajan pro,arial,sans-serift;\">155<\/span><\/a><\/td>\n<\/tr>\n<\/tbody>\n<\/table>\n<table bgcolor=\"transparent\">\n<tbody>\n<tr>\n<td style=\"border-bottom: 1px dashed gray;\"><\/td>\n<\/tr>\n<\/tbody>\n<\/table>\n<p><img loading=\"lazy\" decoding=\"async\" class=\"alignnone wp-image-119 size-full\" src=\"\/wp-content\/uploads\/pdf-e1407190133528.png\" alt=\"\" width=\"50\" height=\"50\"><br \/>\n<span style=\"text-decoration: none; font-variant: normal; font-weight: normal; font-stretch: normal; font-size: 15px; line-height: normal; font-family: 'minion pro', arial, sans-serif;\">Year 12, Issue 40, Summer 2025<br \/>\nTam metin \/ Full text<\/span><\/p>\n<div style=\"width: 240px;\">\n<span style=\"text-decoration: none; font-variant: normal; font-weight: normal; font-stretch: normal; font-size: 15px; line-height: normal; font-family: 'minion pro', arial, sans-serif;\"><\/p>\n<div style=\"float: left; width: 20px;\"><img decoding=\"async\" style=\"border-width:0\" src=\"\/wp-content\/uploads\/izleme-icon.png\"><\/div>\n<p><span style=\"text-decoration: none; font-variant: normal; font-weight: normal; font-stretch: normal; font-size: 15px; line-height: normal; font-family: 'minion pro', arial, sans-serif;\"><\/span><\/p>\n<div style=\"float: left; width: 50px;\">[post-views]<\/div>\n<div style=\"float: left; width: 20px;\"><img decoding=\"async\" style=\"border-width:0\" src=\"\/wp-content\/uploads\/indirme-icon.png\"><\/div>\n<div style=\"float: left; width: 150px;\"><span style=\"text-decoration: none; font-variant: normal; font-weight: normal; font-stretch: normal; font-size: 15px; line-height: normal; font-family: 'minion pro', arial, sans-serif;\"><div class=\"sdm_download_count\"><span class=\"sdm_count_number\">2729<\/span><span class=\"sdm_count_string\"> Downloads<\/span><\/div><\/span><\/div>\n<p><br style=\"clear: left;\"><\/p>\n<p><\/span><\/div>\n<div class=\"sdm_download_button_box_default\"><div class=\"sdm_download_link\"><a href=\"https:\/\/www.insanveinsan.org\/?sdm_process_download=1&download_id=5586\" class=\"sdm_download grey\" title=\"(Turkish) say\u0131 40\" target=&quot;_blank&quot;>Download Now!<\/a><\/div><\/div>\n<table bgcolor=\"transparent\">\n<tbody>\n<tr>\n<td style=\"border-bottom: 1px dashed gray;\"><\/td>\n<\/tr>\n<\/tbody>\n<\/table>\n<p><span style=\"text-decoration: none; font-variant: normal; font-weight: normal; font-stretch: normal; font-size: 15px; line-height: normal; font-family: 'minion pro', arial, sans-serif;\"><a rel=\"license\" href=\"http:\/\/creativecommons.org\/licenses\/by-nc\/4.0\/\"><img decoding=\"async\" alt=\"Creative Commons License\" style=\"border-width:0\" src=\"https:\/\/i.creativecommons.org\/l\/by-nc\/4.0\/80x15.png\"><\/a><br \/>\nThis work is licensed under a <a rel=\"license\" href=\"http:\/\/creativecommons.org\/licenses\/by-nc\/4.0\/\">Creative Commons Attribution-NonCommercial 4.0 International License<\/a>.<\/span><\/p>","protected":false},"excerpt":{"rendered":"<p>Y\u0131l 12, Say\u0131 40, Yaz 2025 ISSN: 2148-7537 THEME OF THE ISSUE: TURKISH CINEMA IN MEMORY OF ASSOC. PROF. YAL\u00c7IN L\u00dcLEC\u0130 Makaleler Articles G\u00f6ksel Aymaz Y\u0131lmaz G\u00fcney ve Nuri Bilge Ceylan Sinemas\u0131nda Modernizm Modernism in the Cinema of Y\u0131lmaz G\u00fcney and Nuri Bilge Ceylan 11 Mahmut Hakk\u0131 Ak\u0131n A\u015fk Filmlerinin Unutulmaz Y\u00f6netmeni ya da Ye\u015fil\u00e7am\u2019da &hellip; <a href=\"https:\/\/www.insanveinsan.org\/en\/sayi-40-yaz-2025\/\" class=\"more-link\">Continue reading <span class=\"screen-reader-text\">Issue 40, Summer 2025<\/span><\/a><\/p>\n","protected":false},"author":5,"featured_media":0,"parent":0,"menu_order":0,"comment_status":"closed","ping_status":"closed","template":"","meta":{"footnotes":""},"class_list":["post-5597","page","type-page","status-publish","hentry"],"_links":{"self":[{"href":"https:\/\/www.insanveinsan.org\/en\/wp-json\/wp\/v2\/pages\/5597","targetHints":{"allow":["GET"]}}],"collection":[{"href":"https:\/\/www.insanveinsan.org\/en\/wp-json\/wp\/v2\/pages"}],"about":[{"href":"https:\/\/www.insanveinsan.org\/en\/wp-json\/wp\/v2\/types\/page"}],"author":[{"embeddable":true,"href":"https:\/\/www.insanveinsan.org\/en\/wp-json\/wp\/v2\/users\/5"}],"replies":[{"embeddable":true,"href":"https:\/\/www.insanveinsan.org\/en\/wp-json\/wp\/v2\/comments?post=5597"}],"version-history":[{"count":7,"href":"https:\/\/www.insanveinsan.org\/en\/wp-json\/wp\/v2\/pages\/5597\/revisions"}],"predecessor-version":[{"id":5636,"href":"https:\/\/www.insanveinsan.org\/en\/wp-json\/wp\/v2\/pages\/5597\/revisions\/5636"}],"wp:attachment":[{"href":"https:\/\/www.insanveinsan.org\/en\/wp-json\/wp\/v2\/media?parent=5597"}],"curies":[{"name":"wp","href":"https:\/\/api.w.org\/{rel}","templated":true}]}}