{"id":56,"date":"2014-08-03T16:47:42","date_gmt":"2014-08-03T13:47:42","guid":{"rendered":"http:\/\/insanveinsan.org\/?page_id=56"},"modified":"2024-08-02T13:03:40","modified_gmt":"2024-08-02T10:03:40","slug":"danisma-hakem-kurulu","status":"publish","type":"page","link":"https:\/\/www.insanveinsan.org\/en\/danisma-hakem-kurulu\/","title":{"rendered":"Advisory Board"},"content":{"rendered":"<p>Prof. Banu Akdenizli \/ Northwestern University in Qatar<br \/>\nProf. Salih Akkanat \/ G\u00fcm\u00fc\u015fhane University<br \/>\nProf. Emre Ate\u015f \/ \u0130stanbul University<br \/>\nProf. Artun Avc\u0131 \/ Marmara University<br \/>\nProf. Meryem Ayan \/ Celal Bayar University<br \/>\nProf. \u0130smail Ayta\u00e7 \/ F\u0131rat University<br \/>\nProf. B\u00fcnyamin Bacak \/ \u00c7anakkale Onsekiz Mart University<br \/>\nProf. Kaya Bayraktar \/ Yalova University<br \/>\nProf. Filiz Aydo\u011fan Boschele \/ Marmara University<br \/>\nProf. \u00dclk\u00fc Ay\u015fe O\u011fuzhan B\u00f6rekci \/ Ankara Hac\u0131 Bayram Veli University<br \/>\nProf. G\u00fcven B\u00fcy\u00fckbaykal \/ \u0130stanbul University<br \/>\nProf. Y\u00fcksel Dede \/ Gazi University<br \/>\nProf. Nesrin Kula Demir \/ Afyon Kocatepe University<br \/>\nProf. Adem Do\u011fan \/ Cumhuriyet University<br \/>\nProf. Bar\u0131\u015f Doster \/ Marmara University<br \/>\nProf. Volkan Ekin \/ Band\u0131rma Onyedi Eyl\u00fcl University<br \/>\nProf. Can Erbil \/ Boston College<br \/>\nProf. Ebru G\u00fclbu\u011f Erol \/ Alanya Hamdullah Emin Pa\u015fa University<br \/>\nProf. An\u0131l Ertok \/ Karab\u00fck University<br \/>\nProf. Kaz\u0131m \u00d6zkan Ert\u00fcrk \/ D\u00fczce University<br \/>\nProf. \u015eakir E\u015fitti \/ \u00c7anakkale Onsekiz Mart University<br \/>\nProf. Ayhan Gen\u00e7ler \/ Trakya University<br \/>\nProf. Filiz Erdemir G\u00f6ze \/ Ankara Hac\u0131 Bayram Veli University<br \/>\nProf. Ay\u015fen Akkor G\u00fcl \/ \u0130stanbul University<br \/>\nProf. Burcu K\u00fcmb\u00fcl G\u00fcler \/ Dokuz Eyl\u00fcl University<br \/>\nProf. U\u011fur G\u00fcnd\u00fcz \/ \u0130stanbul University<br \/>\nProf. Muhsin Halis \/ Kocaeli University<br \/>\nProf. Esra Hatipo\u011flu \/ Ni\u015fanta\u015f\u0131 University<br \/>\nProf. G\u00fclcan I\u015f\u0131k \/ Ankara Hac\u0131 Bayram Veli University<br \/>\nProf. Metin I\u015f\u0131k \/ Sakarya University<br \/>\nProf. O\u011fuz I\u015f\u0131k \/ Hacettepe University<br \/>\nProf. \u00d6zer Kanburo\u011flu \/ \u0130stanbul Ayd\u0131n University<br \/>\nProf. Tolga Kara \/ Marmara University<br \/>\nProf. Kutay Karaca \/ \u0130stanbul Ayd\u0131n University<br \/>\nProf. Naz\u0131m Kartal \/ Sinop University<br \/>\nProf. Bedrettin Kesgin \/ Yalova University<br \/>\nProf. Hikmet K\u0131r\u0131k \/ \u0130stanbul University<br \/>\nProf. Mustafa Kocao\u011flu \/ Necmettin Erbakan University<br \/>\nProf. Ay\u015fe Koncavar \/ Marmara University<br \/>\nProf. Oya Korkmaz \/ Mersin University<br \/>\nProf. Emine Koyuncu \/ Marmara University<br \/>\nProf. Mahmut Masca \/ Afyon Kocatepe University<br \/>\nProf. P\u0131nar Seden Meral \/ Beykoz University<br \/>\nProf. Sad\u0131k \u00d6nc\u00fcl \/ Cumhuriyet University<br \/>\nProf. Birsen \u00d6rs \/ \u0130stanbul University<br \/>\nProf. Bar\u0131\u015f \u00d6zdal \/ Uluda\u011f University<br \/>\nProf. Abdullah \u00d6zkan \/ \u0130stanbul University<br \/>\nProf. Mehmet Hilmi \u00d6zkaya \/ U\u015fak University<br \/>\nProf. Se\u00e7kin \u00d6zmen \/ \u0130stanbul University<br \/>\nProf. \u0130rfan Pa\u00e7ac\u0131 \/ Marmara University<br \/>\nProf. Burcu Pelvano\u011flu \/ Mimar Sinan G\u00fczel Sanatlar University<br \/>\nProf. Erkan Saka \/ \u0130stanbul Bilgi University<br \/>\nProf. Fikri Salman \/ \u0130zmir Katip \u00c7elebi University<br \/>\nProf. Kemalettin \u015eahin \/ Ondokuz May\u0131s University<br \/>\nProf. K\u00f6ksal \u015eahin \/ Sakarya University<br \/>\nProf. Yasin \u015eehito\u011flu \/ Y\u0131ld\u0131z Teknik University<br \/>\nProf. R\u0131dvan \u015eent\u00fcrk \/ \u0130stanbul Ticaret University<br \/>\nProf. Ahmet \u015eim\u015fek \/ \u0130stanbul University<br \/>\nProf. \u0130brahim \u015eirin \/ Kocaeli University<br \/>\nProf. Soyalp Tam\u00e7elik \/ Gazi University<br \/>\nProf. Hac\u0131 Yunus Ta\u015f \/ Yalova University<br \/>\nProf. Abdullah Ta\u015fkesen \/ D\u00fczce University<br \/>\nProf. Co\u015fkun Ta\u015ftan \/ Polis Akademisi<br \/>\nProf. Y\u0131ld\u0131r\u0131m Torun \/ Kocaeli University<br \/>\nProf. Mehmet Sezai T\u00fcrk \/ Ankara Hac\u0131 Bayram Veli University<br \/>\nProf. Nilsen G\u00f6k\u00e7en \/ Dokuz Eyl\u00fcl University<br \/>\nProf. Sefa Usta \/ Karamano\u011flu Mehmetbey University<br \/>\nProf. Turgay Uzun \/ Mu\u011fla S\u0131tk\u0131 Ko\u00e7man University<br \/>\nProf. \u0130nci Yakut \/ Kocaeli University<br \/>\nProf. Haldun Yal\u00e7\u0131nkaya \/ TOBB Ekonomi ve Teknoloji University<br \/>\nProf. Bahattin Yaman \/ S\u00fcleyman Demirel University<br \/>\nProf. Ali Murat Yel \/ Marmara University<br \/>\nProf. Sinem Y\u0131ld\u0131r\u0131malp \/ Sakarya University<br \/>\nProf. Mustafa Y\u0131lmaz \/ Kocaeli University<br \/>\nProf. Asl\u0131 Yurdig\u00fcl \/ Erzurum Atat\u00fcrk University<br \/>\nProf. Erg\u00fcn Yolcu \/ \u0130stanbul University<br \/>\nProf. Say\u0131m Yorgun \/ \u0130stanbul University<br \/>\nAssoc. Prof. Aysel Ay \/ Marmara University<br \/>\nAssoc. Prof. Ferda Alper Ay \/ Cumhuriyet University<br \/>\nAssoc. Prof. G\u00f6ksel Aymaz \/ Marmara University<br \/>\nAssoc. Prof. Z\u00fchal Fidan Baritci \/ Aksaray University<br \/>\nAssoc. Prof. Edip Asaf Bekaro\u011flu \/ \u0130stanbul University<br \/>\nAssoc. Prof. Abdurrahman \u00c7al\u0131k \/ Y\u00fcz\u00fcnc\u00fc Y\u0131l University<br \/>\nAssoc. Prof. Adem \u00c7elik \/ Kafkas University<br \/>\nAssoc. Prof. Fatih Demir \/ Celal Bayar University<br \/>\nAssoc. Prof. M. Elif Demo\u011flu \/ Marmara University<br \/>\nAssoc. Prof. Devrim Ert\u00fcrk \/ Dokuz Eyl\u00fcl University<br \/>\nAssoc. Prof. \u00d6zlem G\u00f6k \/ Erciyes University<br \/>\nAssoc. Prof. Yusuf Ziya G\u00f6k\u00e7ek \/ Marmara University<br \/>\nAssoc. Prof. Ay\u015fe Bilge G\u00fcrsoy \/ Marmara University<br \/>\nAssoc. Prof. Ahmet G\u00fcven \/ Band\u0131rma Onyedi Eyl\u00fcl University<br \/>\nAssoc. Prof. Zeynep Kaban Kad\u0131o\u011flu \/ Marmara University<br \/>\nAssoc. Prof. Berna Karag\u00f6zo\u011flu \/ A\u011fr\u0131 \u0130brahim \u00c7e\u00e7en University<br \/>\nAssoc. Prof. \u0130hsan Karl\u0131 \/ Kocaeli University<br \/>\nAssoc. Prof. Yasin Kele\u015f \/ Ondokuz May\u0131s University<br \/>\nAssoc. Prof. Yal\u00e7\u0131n L\u00fcleci \/ Marmara University<br \/>\nAssoc. Prof. Haldun Narmanl\u0131o\u011flu \/ Marmara University<br \/>\nAssoc. Prof. Alparslan Nas \/ Marmara University<br \/>\nAssoc. Prof. Mustafa Otrar \/ Marmara University<br \/>\nAssoc. Prof. Se\u00e7il \u00d6zay \/ Marmara University<br \/>\nAssoc. Prof. Ali \u00d6zcan \/ G\u00fcm\u00fc\u015fhane University<br \/>\nAssoc. Prof. Arma\u011fan \u00d6zt\u00fcrk \/ Artvin \u00c7oruh University<br \/>\nAssoc. Prof. Veli Polat \/ \u0130stanbul University<br \/>\nAssoc. Prof. Mert Sunar \/ \u0130stanbul Medeniyet University<br \/>\nAssoc. Prof. Cengiz Sunay \/ Yalova University<br \/>\nAssoc. Prof. Hasan Uzun \/ F\u0131rat University<br \/>\nAssoc. Prof. Esra Cizmeci \u00dcmit \/ Yalova University<br \/>\nAssoc. Prof. Bora Yenihan \/ Kocaeli University<br \/>\nAssoc. Prof. Nilg\u00fcn \u00c7elebi Y\u0131ld\u0131z \/ Marmara University<br \/>\nAsst. Prof \u015eevket Kamil Akar \/ \u0130stanbul University<br \/>\nAsst. Prof. Yusuf Budak \/ Kocaeli University<br \/>\nAsst. Prof. Oktay \u00c7etin \/ Piri Reis University<br \/>\nAsst. Prof. Hakk\u0131 Cenk Erkin \/ Kocaeli University<br \/>\nAsst. Prof. \u015eenel Ger\u00e7ek \/ Kocaeli University<br \/>\nAsst. Prof. B\u00fclent Kaba\u015f \/ Sakarya University<br \/>\nAsst. Prof. Atahan Birol Kartal \/ Beykent University<br \/>\nAsst. Prof. Abdullah K\u00f6kt\u00fcrk \/ Piri Reis University<br \/>\nAsst. Prof. Arzu \u00d6zsoy \u00d6zmen \/ Kocaeli University<br \/>\nAsst. Prof. Ekin Kadir Sel\u00e7uk \/ Bolu Abant \u0130zzet Baysal University<br \/>\nAsst. Prof. Lale \u00d6zdemir \u015eahin \/ Marmara University<br \/>\nAsst. Prof. Feryade Tokan \u015eenol \/ Yeditepe University<br \/>\nAsst. Prof. \u0130smet Bihter Karag\u00f6z Ta\u015fk\u0131n \/ Arel University<br \/>\nDr. Ahmet Tetik<\/p>","protected":false},"excerpt":{"rendered":"<p>Prof. Banu Akdenizli \/ Northwestern University in Qatar Prof. Salih Akkanat \/ G\u00fcm\u00fc\u015fhane University Prof. Emre Ate\u015f \/ \u0130stanbul University Prof. Artun Avc\u0131 \/ Marmara University Prof. Meryem Ayan \/ Celal Bayar University Prof. \u0130smail Ayta\u00e7 \/ F\u0131rat University Prof. B\u00fcnyamin Bacak \/ \u00c7anakkale Onsekiz Mart University Prof. Kaya Bayraktar \/ Yalova University Prof. Filiz &hellip; <a href=\"https:\/\/www.insanveinsan.org\/en\/danisma-hakem-kurulu\/\" class=\"more-link\">Continue reading <span class=\"screen-reader-text\">Advisory Board<\/span><\/a><\/p>\n","protected":false},"author":1,"featured_media":0,"parent":0,"menu_order":0,"comment_status":"closed","ping_status":"closed","template":"","meta":{"footnotes":""},"class_list":["post-56","page","type-page","status-publish","hentry"],"_links":{"self":[{"href":"https:\/\/www.insanveinsan.org\/en\/wp-json\/wp\/v2\/pages\/56","targetHints":{"allow":["GET"]}}],"collection":[{"href":"https:\/\/www.insanveinsan.org\/en\/wp-json\/wp\/v2\/pages"}],"about":[{"href":"https:\/\/www.insanveinsan.org\/en\/wp-json\/wp\/v2\/types\/page"}],"author":[{"embeddable":true,"href":"https:\/\/www.insanveinsan.org\/en\/wp-json\/wp\/v2\/users\/1"}],"replies":[{"embeddable":true,"href":"https:\/\/www.insanveinsan.org\/en\/wp-json\/wp\/v2\/comments?post=56"}],"version-history":[{"count":18,"href":"https:\/\/www.insanveinsan.org\/en\/wp-json\/wp\/v2\/pages\/56\/revisions"}],"predecessor-version":[{"id":5455,"href":"https:\/\/www.insanveinsan.org\/en\/wp-json\/wp\/v2\/pages\/56\/revisions\/5455"}],"wp:attachment":[{"href":"https:\/\/www.insanveinsan.org\/en\/wp-json\/wp\/v2\/media?parent=56"}],"curies":[{"name":"wp","href":"https:\/\/api.w.org\/{rel}","templated":true}]}}