{"id":5710,"date":"2026-01-08T09:50:00","date_gmt":"2026-01-08T06:50:00","guid":{"rendered":"https:\/\/www.insanveinsan.org\/?page_id=5710"},"modified":"2026-02-23T01:09:53","modified_gmt":"2026-02-22T22:09:53","slug":"sayi-41-kis-2026","status":"publish","type":"page","link":"https:\/\/www.insanveinsan.org\/en\/","title":{"rendered":"Issue 41, Winter"},"content":{"rendered":"<p><\/p>\n<table bgcolor=\"transparent\">\n<tbody>\n<tr>\n<td style=\"border-bottom: 1px dashed gray;\"><span style=\"color: default; font: 15px Trajan pro,arial,sans-serift;\">Y\u0131l 13, Say\u0131 41, K\u0131\u015f 2026<\/span><\/td>\n<td style=\"text-align: right; border-bottom: 1px dashed gray; margin-top: -4%; margin-bottom: -0.8%;\">ISSN: 2148-7537<\/td>\n<\/tr>\n<\/tbody>\n<\/table>\n<blockquote><p><span style=\"color: #008080;\"><em>THEME OF THE ISSUE: AGRICULTURE PROBLEM OF T\u00dcRK\u0130YE<\/em><\/span><\/p><\/blockquote>\n<table style=\"height: 549px;\" width=\"659\" cellspacing=\"1\" bgcolor=\"transparent\">\n<tbody>\n<tr>\n<td bgcolor=\"transparent\" width=\"85%\"><span style=\"color: default; font: 15px Trajan pro,arial,sans-serift;\">Makaleler<br \/>\nArticles<\/span><\/td>\n<td width=\"15%\"><\/td>\n<\/tr>\n<tr>\n<td bgcolor=\"transparent\" width=\"85%\"><span style=\"color: default; font: 17px Trajan pro,arial,sans-serift;\"> Evrim Y\u0131lmaz Polat <\/span><br \/>\n<a title=\"Limanlar, Planlar ve Platformlar: T\u00fcrk Tar\u0131m\u0131n\u0131n Yeniden D\u00fczenlenmesi\" href=\"\/limanlar-planlar-ve-platformlar-turk-tariminin-yeniden-duzenlenmesi\/\"><span style=\"text-decoration: none; font: italic 17px minion pro,arial,sans-serif;\">Limanlar, Planlar ve Platformlar: T\u00fcrk Tar\u0131m\u0131n\u0131n Yeniden D\u00fczenlenmesi<\/span><\/a><br \/>\n<a title=\"Ports, Plans, and Platforms: Reordering Turkish Agriculture\" href=\"\/en\/limanlar-planlar-ve-platformlar-turk-tariminin-yeniden-duzenlenmesi\/\"> <span style=\"text-decoration: none; font-variant: normal; font-weight: normal; font-stretch: normal; font-size: 17px; line-height: normal; font-family: 'minion pro', arial, sans-serif;\">Ports, Plans, and Platforms: Reordering Turkish Agriculture<\/span><\/a><\/td>\n<td style=\"text-align: right; vertical-align: middle;\" bgcolor=\"transparent\"><a title=\" Ports, Plans, and Platforms: Reordering Turkish Agriculture\" href=\"\/en\/limanlar-planlar-ve-platformlar-turk-tariminin-yeniden-duzenlenmesi\/\"><span style=\"color: default; font: 38px Trajan pro,arial,sans-serift;\">11<\/span><\/a><\/td>\n<\/tr>\n<tr>\n<td bgcolor=\"transparent\" width=\"85%\"><span style=\"color: default; font: 17px Trajan pro,arial,sans-serift;\"> Pelin \u015eat\u0131ro\u011flu-G\u00fcldal\u0131 \/ Reyhan Atas\u00fc-Topcuo\u011flu <\/span><br \/>\n<a title=\"Elveri\u015fli Konut \u0130lkeleri \u00c7er\u00e7evesinde Sosyal Yard\u0131m Alan Ailelerin Bar\u0131nma Ko\u015fullar\u0131 ve Psikolojik \u0130yi Olu\u015flar\u0131\" href=\"\/elverisli-konut-ilkeleri-cercevesinde-sosyal-yardim-alan-ailelerin-barinma-kosullari-ve-psikolojik-iyi-oluslari\/\"><span style=\"text-decoration: none; font: italic 17px minion pro,arial,sans-serif;\">Elveri\u015fli Konut \u0130lkeleri \u00c7er\u00e7evesinde Sosyal Yard\u0131m Alan Ailelerin Bar\u0131nma Ko\u015fullar\u0131 ve Psikolojik \u0130yi Olu\u015flar\u0131<\/span><\/a><br \/>\n<a title=\"Housing Conditions and Psychological Well-Being of Families Receiving Social Assistance within the Framework of Adequate Housing Principles\" href=\"\/en\/elverisli-konut-ilkeleri-cercevesinde-sosyal-yardim-alan-ailelerin-barinma-kosullari-ve-psikolojik-iyi-oluslari\/\"> <span style=\"text-decoration: none; font-variant: normal; font-weight: normal; font-stretch: normal; font-size: 17px; line-height: normal; font-family: 'minion pro', arial, sans-serif;\">Housing Conditions and Psychological Well-Being of Families Receiving Social Assistance within the Framework of Adequate Housing Principles<\/span><\/a><\/td>\n<td style=\"text-align: right; vertical-align: middle;\" bgcolor=\"transparent\"><a title=\"Housing Conditions and Psychological Well-Being of Families Receiving Social Assistance within the Framework of Adequate Housing Principles\" href=\"\/en\/elverisli-konut-ilkeleri-cercevesinde-sosyal-yardim-alan-ailelerin-barinma-kosullari-ve-psikolojik-iyi-oluslari\/\"><span style=\"color: default; font: 38px Trajan pro,arial,sans-serift;\">33<\/span><\/a><\/td>\n<\/tr>\n<tr>\n<td bgcolor=\"transparent\" width=\"85%\"><span style=\"color: default; font: 17px Trajan pro,arial,sans-serift;\">Esma Aksoy Khurami \/ Manolya Ald\u0131\u00e7o\u011flu<\/span><br \/>\n<a title=\"Bar\u0131nma Sorununda Yeni Bir Boyut: Enerji Yoksullu\u011fu ve \u00d6\u011frenci Hane Halklar\u0131\" href=\"\/barinma-sorununda-yeni-bir-boyut-enerji-yoksullugu-ve-ogrenci-hane-halklari\/\"><span style=\"text-decoration: none; font: italic 17px minion pro,arial,sans-serif;\">Bar\u0131nma Sorununda Yeni Bir Boyut: Enerji Yoksullu\u011fu ve \u00d6\u011frenci Hane Halklar\u0131<\/span><\/a><br \/>\n<a title=\"New Dimension of Housing Problem: Energy Poverty and Student Households\" href=\"\/en\/barinma-sorununda-yeni-bir-boyut-enerji-yoksullugu-ve-ogrenci-hane-halklari\/\"> <span style=\"text-decoration: none; font-variant: normal; font-weight: normal; font-stretch: normal; font-size: 17px; line-height: normal; font-family: 'minion pro', arial, sans-serif;\">New Dimension of Housing Problem: Energy Poverty and Student Households<\/span><\/a><\/td>\n<td style=\"text-align: right; vertical-align: middle;\" bgcolor=\"transparent\"><a title=\"New Dimension of Housing Problem: Energy Poverty and Student Households\" href=\"\/en\/barinma-sorununda-yeni-bir-boyut-enerji-yoksullugu-ve-ogrenci-hane-halklari\/\"><span style=\"color: default; font: 38px Trajan pro,arial,sans-serift;\">51<\/span><\/a><\/td>\n<\/tr>\n<tr>\n<td bgcolor=\"transparent\" width=\"85%\"><span style=\"color: default; font: 17px Trajan pro,arial,sans-serift;\"> Siyret Ayas \u015earman \/ Mehtap Demir <\/span><br \/>\n<a title=\"Deprem Sonras\u0131 Zorunlu G\u00f6\u00e7 ve Konut Sorunu: Kahramanmara\u015f Depreminin Ard\u0131ndan K\u0131rklareli\u2019nde Yeni Bir Hayat Aray\u0131\u015f\u0131\" href=\"\/deprem-sonrasi-zorunlu-goc-ve-konut-sorunu-kahramanmaras-depreminin-ardindan-kirklarelinde-yeni-bir-hayat-arayisi\/\"><span style=\"text-decoration: none; font: italic 17px minion pro,arial,sans-serif;\">Deprem Sonras\u0131 Zorunlu G\u00f6\u00e7 ve Konut Sorunu: Kahramanmara\u015f Depreminin Ard\u0131ndan K\u0131rklareli\u2019nde Yeni Bir Hayat Aray\u0131\u015f\u0131<\/span><\/a><br \/>\n<a title=\"Forced Migration and Housing Problems After the Earthquake: The Seeking for a New Life in K\u0131rklareli after the Kahramanmara\u015f Earthquake\" href=\"\/en\/deprem-sonrasi-zorunlu-goc-ve-konut-sorunu-kahramanmaras-depreminin-ardindan-kirklarelinde-yeni-bir-hayat-arayisi\/\"> <span style=\"text-decoration: none; font-variant: normal; font-weight: normal; font-stretch: normal; font-size: 17px; line-height: normal; font-family: 'minion pro', arial, sans-serif;\">Forced Migration and Housing Problems After the Earthquake: The Seeking for a New Life in K\u0131rklareli after the Kahramanmara\u015f Earthquake<\/span><\/a><\/td>\n<td style=\"text-align: right; vertical-align: middle;\" bgcolor=\"transparent\"><a title=\" Forced Migration and Housing Problems After the Earthquake: The Seeking for a New Life in K\u0131rklareli after the Kahramanmara\u015f Earthquake\" href=\"\/en\/deprem-sonrasi-zorunlu-goc-ve-konut-sorunu-kahramanmaras-depreminin-ardindan-kirklarelinde-yeni-bir-hayat-arayisi\/\"><span style=\"color: default; font: 38px Trajan pro,arial,sans-serift;\">69<\/span><\/a><\/td>\n<\/tr>\n<tr>\n<td bgcolor=\"transparent\" width=\"85%\"><span style=\"color: default; font: 17px Trajan pro,arial,sans-serift;\"> \u00c7i\u011fdem Tu\u011fa\u00e7 <\/span><br \/>\n<a title=\"T\u00fcrkiye\u2019de Konut Hakk\u0131n\u0131n Ger\u00e7ekle\u015ftirilmesinde Yenilik\u00e7i Bir \u00c7\u00f6z\u00fcm: Ye\u015fil Konutlar\" href=\"\/turkiyede-konut-hakkinin-gerceklestirilmesinde-yenilikci-bir-cozum-yesil-konutlar\/\"><span style=\"text-decoration: none; font: italic 17px minion pro,arial,sans-serif;\">T\u00fcrkiye\u2019de Konut Hakk\u0131n\u0131n Ger\u00e7ekle\u015ftirilmesinde Yenilik\u00e7i Bir \u00c7\u00f6z\u00fcm: Ye\u015fil Konutlar<\/span><\/a><br \/>\n<a title=\"An Innovative Solution for the Realization of the Right to Housing in T\u00fcrkiye: Green Housing\" href=\"\/en\/turkiyede-konut-hakkinin-gerceklestirilmesinde-yenilikci-bir-cozum-yesil-konutlar\/\"> <span style=\"text-decoration: none; font-variant: normal; font-weight: normal; font-stretch: normal; font-size: 17px; line-height: normal; font-family: 'minion pro', arial, sans-serif;\">An Innovative Solution for the Realization of the Right to Housing in T\u00fcrkiye: Green Housing<\/span><\/a><\/td>\n<td style=\"text-align: right; vertical-align: middle;\" bgcolor=\"transparent\"><a title=\"An Innovative Solution for the Realization of the Right to Housing in T\u00fcrkiye: Green Housing\" href=\"\/en\/turkiyede-konut-hakkinin-gerceklestirilmesinde-yenilikci-bir-cozum-yesil-konutlar\/\"><span style=\"color: default; font: 38px Trajan pro,arial,sans-serift;\">91<\/span><\/a><\/td>\n<\/tr>\n<\/tbody>\n<\/table>\n<table bgcolor=\"transparent\">\n<tbody>\n<tr>\n<td style=\"border-bottom: 1px dashed gray;\"><\/td>\n<\/tr>\n<\/tbody>\n<\/table>\n<p><img loading=\"lazy\" decoding=\"async\" class=\"alignnone wp-image-119 size-full\" src=\"\/wp-content\/uploads\/pdf-e1407190133528.png\" alt=\"\" width=\"50\" height=\"50\" \/><br \/>\n<span style=\"text-decoration: none; font-variant: normal; font-weight: normal; font-stretch: normal; font-size: 15px; line-height: normal; font-family: 'minion pro', arial, sans-serif;\">Year 13, Issue 41, Winter 2026<br \/>\nTam metin \/ Full text<\/span><\/p>\n<div style=\"width: 240px;\">\n<div style=\"float: left; width: 20px;\"><img decoding=\"async\" style=\"border-width: 0;\" src=\"\/wp-content\/uploads\/izleme-icon.png\" \/><\/div>\n<p>&nbsp;<\/p>\n<div style=\"float: left; width: 50px;\">[post-views]<\/div>\n<div style=\"float: left; width: 20px;\"><img decoding=\"async\" style=\"border-width: 0;\" src=\"\/wp-content\/uploads\/indirme-icon.png\" \/><\/div>\n<div style=\"float: left; width: 150px;\"><span style=\"text-decoration: none; font-variant: normal; font-weight: normal; font-stretch: normal; font-size: 15px; line-height: normal; font-family: 'minion pro', arial, sans-serif;\"><div class=\"sdm_download_count\"><span class=\"sdm_count_number\">398<\/span><span class=\"sdm_count_string\"> Downloads<\/span><\/div><\/span><\/div>\n<p>&nbsp;<\/p>\n<p>&nbsp;<\/p>\n<\/div>\n<div class=\"sdm_download_button_box_default\"><div class=\"sdm_download_link\"><a href=\"https:\/\/www.insanveinsan.org\/?sdm_process_download=1&download_id=5762\" class=\"sdm_download grey\" title=\"(Turkish) say\u0131 41\" target=&quot;_blank&quot;>Download Now!<\/a><\/div><\/div>\n<table bgcolor=\"transparent\">\n<tbody>\n<tr>\n<td style=\"border-bottom: 1px dashed gray;\"><\/td>\n<\/tr>\n<\/tbody>\n<\/table>\n<p><span style=\"text-decoration: none; font-variant: normal; font-weight: normal; font-stretch: normal; font-size: 15px; line-height: normal; font-family: 'minion pro', arial, sans-serif;\"><a href=\"http:\/\/creativecommons.org\/licenses\/by-nc\/4.0\/\" rel=\"license\"><img decoding=\"async\" style=\"border-width: 0;\" src=\"https:\/\/i.creativecommons.org\/l\/by-nc\/4.0\/80x15.png\" alt=\"Creative Commons License\" \/><\/a><br \/>\nThis work is licensed under a <a href=\"http:\/\/creativecommons.org\/licenses\/by-nc\/4.0\/\" rel=\"license\">Creative Commons Attribution-NonCommercial 4.0 International License<\/a>.<\/span><\/p>","protected":false},"excerpt":{"rendered":"<p>Y\u0131l 13, Say\u0131 41, K\u0131\u015f 2026 ISSN: 2148-7537 THEME OF THE ISSUE: AGRICULTURE PROBLEM OF T\u00dcRK\u0130YE Makaleler Articles Evrim Y\u0131lmaz Polat Limanlar, Planlar ve Platformlar: T\u00fcrk Tar\u0131m\u0131n\u0131n Yeniden D\u00fczenlenmesi Ports, Plans, and Platforms: Reordering Turkish Agriculture 11 Pelin \u015eat\u0131ro\u011flu-G\u00fcldal\u0131 \/ Reyhan Atas\u00fc-Topcuo\u011flu Elveri\u015fli Konut \u0130lkeleri \u00c7er\u00e7evesinde Sosyal Yard\u0131m Alan Ailelerin Bar\u0131nma Ko\u015fullar\u0131 ve Psikolojik \u0130yi &hellip; <a href=\"https:\/\/www.insanveinsan.org\/en\/\" class=\"more-link\">Continue reading <span class=\"screen-reader-text\">Issue 41, Winter<\/span><\/a><\/p>\n","protected":false},"author":5,"featured_media":0,"parent":0,"menu_order":0,"comment_status":"closed","ping_status":"closed","template":"","meta":{"footnotes":""},"class_list":["post-5710","page","type-page","status-publish","hentry"],"_links":{"self":[{"href":"https:\/\/www.insanveinsan.org\/en\/wp-json\/wp\/v2\/pages\/5710","targetHints":{"allow":["GET"]}}],"collection":[{"href":"https:\/\/www.insanveinsan.org\/en\/wp-json\/wp\/v2\/pages"}],"about":[{"href":"https:\/\/www.insanveinsan.org\/en\/wp-json\/wp\/v2\/types\/page"}],"author":[{"embeddable":true,"href":"https:\/\/www.insanveinsan.org\/en\/wp-json\/wp\/v2\/users\/5"}],"replies":[{"embeddable":true,"href":"https:\/\/www.insanveinsan.org\/en\/wp-json\/wp\/v2\/comments?post=5710"}],"version-history":[{"count":15,"href":"https:\/\/www.insanveinsan.org\/en\/wp-json\/wp\/v2\/pages\/5710\/revisions"}],"predecessor-version":[{"id":5789,"href":"https:\/\/www.insanveinsan.org\/en\/wp-json\/wp\/v2\/pages\/5710\/revisions\/5789"}],"wp:attachment":[{"href":"https:\/\/www.insanveinsan.org\/en\/wp-json\/wp\/v2\/media?parent=5710"}],"curies":[{"name":"wp","href":"https:\/\/api.w.org\/{rel}","templated":true}]}}