{"id":657,"date":"2015-02-09T01:37:13","date_gmt":"2015-02-08T23:37:13","guid":{"rendered":"http:\/\/insanveinsan.org\/?page_id=657"},"modified":"2019-01-30T13:49:10","modified_gmt":"2019-01-30T11:49:10","slug":"sayi-3-kis-2015","status":"publish","type":"page","link":"https:\/\/www.insanveinsan.org\/en\/sayi-3-kis-2015\/","title":{"rendered":"Issue 3, Winter 2015"},"content":{"rendered":"<p><\/p>\n<table bgcolor=\"transparent\">\n<tbody>\n<tr>\n<td style=\"border-bottom: 1px dashed gray;\"><span style=\"color: default; font: 15px Trajan pro,arial,sans-serift;\">Say\u0131 3, K\u0131\u015f 2015<\/span><\/td>\n<td style=\"text-align: right; border-bottom: 1px dashed gray; margin-top: -4%; margin-bottom: -0.8%;\">ISSN:\u00a02148-7537<\/td>\n<\/tr>\n<\/tbody>\n<\/table>\n<table bgcolor=\"transparent\">\n<tbody>\n<tr>\n<td width=\"85%\"><span style=\"color: default; font: 15px Trajan pro,arial,sans-serift;\">Makaleler<br \/>\nArticles<\/span><\/td>\n<td width=\"15%\"><\/td>\n<\/tr>\n<tr>\n<td bgcolor=\"transparent\" width=\"85%\"><span style=\"color: default; font: 17px Trajan pro,arial,sans-serift;\">H. Emre Ba\u011fce<\/span><br \/>\n<a title=\"Dilemmas of Democratization in Turkey with Special Reference to \u201cModernization From Above\u201d\" href=\"http:\/\/insanveinsan.org\/en\/dilemmas-of-democratization-in-turkey-with-special-reference-to-modernization-from-above\/\"><span style=\"text-decoration: none; font: italic 17px minion pro,arial,sans-serif;\">Dilemmas of Democratization in Turkey with Special Reference to \u201cModernization From Above\u201d<\/span><\/a><br \/>\n<a title=\"Yukar\u0131dan Modernle\u015fme Ba\u011flam\u0131nda T\u00fcrkiye\u2019de Demokratikle\u015fme \u00c7\u0131kmaz\u0131\" href=\"http:\/\/insanveinsan.org\/en\/dilemmas-of-democratization-in-turkey-with-special-reference-to-modernization-from-above\/\"> <span style=\"text-decoration: none; font-variant: normal; font-weight: normal; font-stretch: normal; font-size: 17px; line-height: normal; font-family: 'minion pro', arial, sans-serif;\">Yukar\u0131dan Modernle\u015fme Ba\u011flam\u0131nda T\u00fcrkiye\u2019de Demokratikle\u015fme \u00c7\u0131kmaz\u0131<\/span><\/a><\/td>\n<td style=\"text-align: right; vertical-align: middle;\" bgcolor=\"transparent\"><a title=\"Dilemmas of Democratization in Turkey with Special Reference to \u201cModernization From Above\u201d\" href=\"http:\/\/insanveinsan.org\/en\/dilemmas-of-democratization-in-turkey-with-special-reference-to-modernization-from-above\/\"><span style=\"color: default; font: 38px Trajan pro,arial,sans-serift;\">4<\/span><\/a><\/td>\n<\/tr>\n<tr>\n<td bgcolor=\"transparent\" width=\"85%\"><span style=\"color: default; font: 17px Trajan pro,arial,sans-serift;\">\u0130lknur Karaaslan<\/span><br \/>\n<a title=\"Avrupa Birli\u011fi Uygulamalar\u0131 \u00c7er\u00e7evesinde T\u00fcrkiye i\u00e7in \u0130stihdam Odakl\u0131 Asgari Gelir Deste\u011fi Aray\u0131\u015flar\u0131\" href=\"http:\/\/insanveinsan.org\/en\/avrupa-birligi-uygulamalari-cercevesinde-turkiye-icin-istihdam-odakli-asgari-gelir-destegi-arayislari\"><span style=\"text-decoration: none; font: italic 17px minion pro,arial,sans-serif;\">Avrupa Birli\u011fi Uygulamalar\u0131 \u00c7er\u00e7evesinde T\u00fcrkiye i\u00e7in \u0130stihdam Odakl\u0131 Asgari Gelir Deste\u011fi Aray\u0131\u015flar\u0131<\/span><\/a><br \/>\n<a title=\"Seeking the Employment Focused Minimum Income Support for Turkey in the Framework of European Union Applications\" href=\"http:\/\/insanveinsan.org\/en\/avrupa-birligi-uygulamalari-cercevesinde-turkiye-icin-istihdam-odakli-asgari-gelir-destegi-arayislari\"> <span style=\"text-decoration: none; font-variant: normal; font-weight: normal; font-stretch: normal; font-size: 17px; line-height: normal; font-family: 'minion pro', arial, sans-serif;\">Seeking the Employment Focused Minimum Income Support for Turkey in the Framework of European Union Applications<\/span><\/a><\/td>\n<td style=\"text-align: right; vertical-align: middle;\" bgcolor=\"transparent\"><a title=\"Avrupa Birli\u011fi Uygulamalar\u0131 \u00c7er\u00e7evesinde T\u00fcrkiye i\u00e7in \u0130stihdam Odakl\u0131 Asgari Gelir Deste\u011fi Aray\u0131\u015flar\u0131\" href=\"http:\/\/insanveinsan.org\/en\/avrupa-birligi-uygulamalari-cercevesinde-turkiye-icin-istihdam-odakli-asgari-gelir-destegi-arayislari\"><span style=\"color: default; font: 38px Trajan pro,arial,sans-serift;\">18<\/span><\/a><\/td>\n<\/tr>\n<tr>\n<td bgcolor=\"transparent\" width=\"85%\"><span style=\"color: default; font: 17px Trajan pro,arial,sans-serift;\">Mustafa Ali Minarl\u0131 \/ Burak Y\u0131lmaz<\/span><br \/>\n<a title=\"Asya Politik Sinemas\u0131 \u00dczerine Notlar\" href=\"http:\/\/insanveinsan.org\/en\/asya-politik-sinemasi-uzerine-notlar\/\"><span style=\"text-decoration: none; font: italic 17px minion pro,arial,sans-serif;\">Asya Politik Sinemas\u0131 \u00dczerine Notlar<\/span><\/a><br \/>\n<a title=\"Notes on Asian Political Cinema\" href=\"http:\/\/insanveinsan.org\/en\/asya-politik-sinemasi-uzerine-notlar\/\"> <span style=\"text-decoration: none; font-variant: normal; font-weight: normal; font-stretch: normal; font-size: 17px; line-height: normal; font-family: 'minion pro', arial, sans-serif;\">Notes on Asian Political Cinema<\/span><\/a><\/td>\n<td style=\"text-align: right; vertical-align: middle;\" bgcolor=\"transparent\"><a title=\"Asya Politik Sinemas\u0131 \u00dczerine Notlar\" href=\"http:\/\/insanveinsan.org\/en\/asya-politik-sinemasi-uzerine-notlar\/\"><span style=\"color: default; font: 38px Trajan pro,arial,sans-serift;\">37<\/span><\/a><\/td>\n<\/tr>\n<tr>\n<td bgcolor=\"transparent\" width=\"85%\"><span style=\"color: default; font: 17px Trajan pro,arial,sans-serift;\">Se\u00e7il \u00d6zay<\/span><br \/>\n<a title=\"\u00d6l\u00fcm\u00fcn\u00fcn 100. Y\u0131l\u0131nda Bir Dava Gazetecisi: Gasp\u0131ral\u0131 \u0130smail\" href=\"http:\/\/insanveinsan.org\/en\/olumunun-100-yilinda-bir-dava-gazetecisi-gaspirali-ismail\/\"><span style=\"text-decoration: none; font: italic 17px minion pro,arial,sans-serif;\">\u00d6l\u00fcm\u00fcn\u00fcn 100. Y\u0131l\u0131nda Bir Dava Gazetecisi: Gasp\u0131ral\u0131 \u0130smail<\/span><\/a><br \/>\n<a title=\"Gasp\u0131ral\u0131 \u0130smail: An Advocacy Journalist on the 100th Anniversary of His Death\" href=\"http:\/\/insanveinsan.org\/en\/olumunun-100-yilinda-bir-dava-gazetecisi-gaspirali-ismail\/\"> <span style=\"text-decoration: none; font-variant: normal; font-weight: normal; font-stretch: normal; font-size: 17px; line-height: normal; font-family: 'minion pro', arial, sans-serif;\">Gasp\u0131ral\u0131 \u0130smail: An Advocacy Journalist on the 100th Anniversary of His Death<\/span><\/a><\/td>\n<td style=\"text-align: right; vertical-align: middle;\" bgcolor=\"transparent\"><a title=\"\u00d6l\u00fcm\u00fcn\u00fcn 100. Y\u0131l\u0131nda Bir Dava Gazetecisi: Gasp\u0131ral\u0131 \u0130smail\" href=\"http:\/\/insanveinsan.org\/en\/olumunun-100-yilinda-bir-dava-gazetecisi-gaspirali-ismail\/\"><span style=\"color: default; font: 38px Trajan pro,arial,sans-serift;\">51<\/span><\/a><\/td>\n<\/tr>\n<tr>\n<td bgcolor=\"transparent\" width=\"85%\"><span style=\"color: default; font: 15px Trajan pro,arial,sans-serift;\">\u0130nsan Haklar\u0131 Kitapl\u0131\u011f\u0131<br \/>\nHuman Rights Library<\/span><\/td>\n<td style=\"text-align: center; vertical-align: middle;\" bgcolor=\"transparent\"><\/td>\n<\/tr>\n<tr>\n<td bgcolor=\"transparent\" width=\"85%\"><a title=\"\u0130nsan Haklar\u0131 Evrensel Beyannamesi Bildirgesi\" href=\"http:\/\/insanveinsan.org\/en\/insan-haklari-evrensel-beyannamesi\"><span style=\"text-decoration: none; font: italic 17px minion pro,arial,sans-serif;\">\u0130nsan Haklar\u0131 Evrensel Beyannamesi<\/span><\/a><\/td>\n<td style=\"text-align: right; vertical-align: middle;\" bgcolor=\"transparent\"><a title=\"\u0130nsan Haklar\u0131 Evrensel Beyannamesi Bildirgesi\" href=\"http:\/\/insanveinsan.org\/en\/insan-haklari-evrensel-beyannamesi\"><span style=\"color: default; font: 38px Trajan pro,arial,sans-serift;\">61<\/span><\/a><\/td>\n<\/tr>\n<tr>\n<td bgcolor=\"transparent\" width=\"85%\"><a title=\"The Universal Declaration of Human Rights\" href=\"http:\/\/insanveinsan.org\/en\/the-universal-declaration-of-human-rights\"><span style=\"text-decoration: none; font: italic 17px minion pro,arial,sans-serif;\">The Universal Declaration of Human Rights<\/span><\/a><\/td>\n<td style=\"text-align: right; vertical-align: middle;\" bgcolor=\"transparent\"><a title=\"The Universal Declaration of Human Rights\" href=\"http:\/\/insanveinsan.org\/en\/the-universal-declaration-of-human-rights\"><span style=\"color: default; font: 38px Trajan pro,arial,sans-serift;\">66<\/span><\/a><\/td>\n<\/tr>\n<\/tbody>\n<\/table>\n<table bgcolor=\"transparent\">\n<tbody>\n<tr>\n<td style=\"border-bottom: 1px dashed gray;\"><\/td>\n<\/tr>\n<\/tbody>\n<\/table>\n<p><img loading=\"lazy\" decoding=\"async\" class=\"alignnone wp-image-119 size-full\" src=\"..\/wp-content\/uploads\/pdf-e1407190133528.png\" alt=\"\" width=\"50\" height=\"50\" \/><br \/>\n<span style=\"text-decoration: none; font-variant: normal; font-weight: normal; font-stretch: normal; font-size: 15px; line-height: normal; font-family: 'minion pro', arial, sans-serif;\">Year 2, Issue 3, Winter 2015<br \/>\nTam metin \/ Full text<\/span><\/p>\n<p><span style=\"text-decoration: none; font-variant: normal; font-weight: normal; font-stretch: normal; font-size: 15px; line-height: normal; font-family: 'minion pro', arial, sans-serif;\"><a rel=\"license\" href=\"http:\/\/creativecommons.org\/licenses\/by-nc\/4.0\/\"><img decoding=\"async\" alt=\"Creative Commons License\" style=\"border-width:0\" src=\"https:\/\/i.creativecommons.org\/l\/by-nc\/4.0\/80x15.png\" \/><\/a><br \/>This work is licensed under a <a rel=\"license\" href=\"http:\/\/creativecommons.org\/licenses\/by-nc\/4.0\/\">Creative Commons Attribution-NonCommercial 4.0 International License<\/a>.<\/span><\/p>\n<div style=\"width: 240px;\">\n <span style=\"text-decoration: none; font-variant: normal; font-weight: normal; font-stretch: normal; font-size: 15px; line-height: normal; font-family: 'minion pro', arial, sans-serif;\"><\/p>\n<div style=\"float: left; width: 20px;\"><i class=\"fa fa-eye\" aria-hidden=\"true\"><\/i><\/span><\/div>\n<p> <span style=\"text-decoration: none; font-variant: normal; font-weight: normal; font-stretch: normal; font-size: 15px; line-height: normal; font-family: 'minion pro', arial, sans-serif;\"><\/p>\n<div style=\"float: left; width: 50px;\">[post-views]<\/div>\n<p><\/span><\/p>\n<div style=\"float: left; width: 20px;\"><i class=\"fa fa-download\" aria-hidden=\"true\"><\/i><\/div>\n<div style=\"float: left; width: 150px;\"><span style=\"text-decoration: none; font-variant: normal; font-weight: normal; font-stretch: normal; font-size: 15px; line-height: normal; font-family: 'minion pro', arial, sans-serif;\"><div class=\"sdm_download_count\"><span class=\"sdm_count_number\">1625<\/span><span class=\"sdm_count_string\"> Downloads<\/span><\/div><\/span><\/div>\n<p> <br style=\"clear: left;\" \/>\n<\/div>\n<div class=\"sdm_download_button_box_default\"><div class=\"sdm_download_link\"><a href=\"https:\/\/www.insanveinsan.org\/?sdm_process_download=1&download_id=2051\" class=\"sdm_download grey\" title=\"Issue 3Say\u0131 3\" target=&quot;_blank&quot;>Download Now!<\/a><\/div><\/div>\n<table bgcolor=\"transparent\">\n<tbody>\n<tr>\n<td style=\"border-bottom: 1px dashed gray;\"><\/td>\n<\/tr>\n<\/tbody>\n<\/table>\n<p><\/p>","protected":false},"excerpt":{"rendered":"<p>Say\u0131 3, K\u0131\u015f 2015 ISSN:\u00a02148-7537 Makaleler Articles H. Emre Ba\u011fce Dilemmas of Democratization in Turkey with Special Reference to \u201cModernization From Above\u201d Yukar\u0131dan Modernle\u015fme Ba\u011flam\u0131nda T\u00fcrkiye\u2019de Demokratikle\u015fme \u00c7\u0131kmaz\u0131 4 \u0130lknur Karaaslan Avrupa Birli\u011fi Uygulamalar\u0131 \u00c7er\u00e7evesinde T\u00fcrkiye i\u00e7in \u0130stihdam Odakl\u0131 Asgari Gelir Deste\u011fi Aray\u0131\u015flar\u0131 Seeking the Employment Focused Minimum Income Support for Turkey in the Framework &hellip; <a href=\"https:\/\/www.insanveinsan.org\/en\/sayi-3-kis-2015\/\" class=\"more-link\">Continue reading <span class=\"screen-reader-text\">Issue 3, Winter 2015<\/span><\/a><\/p>\n","protected":false},"author":1,"featured_media":0,"parent":0,"menu_order":0,"comment_status":"closed","ping_status":"closed","template":"","meta":{"footnotes":""},"class_list":["post-657","page","type-page","status-publish","hentry"],"_links":{"self":[{"href":"https:\/\/www.insanveinsan.org\/en\/wp-json\/wp\/v2\/pages\/657","targetHints":{"allow":["GET"]}}],"collection":[{"href":"https:\/\/www.insanveinsan.org\/en\/wp-json\/wp\/v2\/pages"}],"about":[{"href":"https:\/\/www.insanveinsan.org\/en\/wp-json\/wp\/v2\/types\/page"}],"author":[{"embeddable":true,"href":"https:\/\/www.insanveinsan.org\/en\/wp-json\/wp\/v2\/users\/1"}],"replies":[{"embeddable":true,"href":"https:\/\/www.insanveinsan.org\/en\/wp-json\/wp\/v2\/comments?post=657"}],"version-history":[{"count":0,"href":"https:\/\/www.insanveinsan.org\/en\/wp-json\/wp\/v2\/pages\/657\/revisions"}],"wp:attachment":[{"href":"https:\/\/www.insanveinsan.org\/en\/wp-json\/wp\/v2\/media?parent=657"}],"curies":[{"name":"wp","href":"https:\/\/api.w.org\/{rel}","templated":true}]}}